{"id":4501,"date":"2026-01-14T09:22:46","date_gmt":"2026-01-14T08:22:46","guid":{"rendered":"https:\/\/jeliebt.de\/elisa\/"},"modified":"2026-02-27T13:59:58","modified_gmt":"2026-02-27T12:59:58","slug":"elisa","status":"publish","type":"page","link":"https:\/\/jeliebt.de\/vi\/elisa\/","title":{"rendered":"Elisa"},"content":{"rendered":"\t\t<div data-elementor-type=\"wp-page\" data-elementor-id=\"4501\" class=\"elementor elementor-4501 elementor-3774\" data-elementor-post-type=\"page\">\n\t\t\t\t<div class=\"elementor-element elementor-element-939132d e-flex e-con-boxed e-con e-parent\" data-id=\"939132d\" data-element_type=\"container\" data-e-type=\"container\" data-settings=\"{&quot;background_background&quot;:&quot;classic&quot;}\">\n\t\t\t\t\t<div class=\"e-con-inner\">\n\t\t<div class=\"elementor-element elementor-element-6fb122b e-con-full e-flex e-con e-child\" data-id=\"6fb122b\" data-element_type=\"container\" data-e-type=\"container\">\n\t\t\t\t<div class=\"elementor-element elementor-element-7c87e26 elementor-widget elementor-widget-heading\" data-id=\"7c87e26\" data-element_type=\"widget\" data-e-type=\"widget\" data-widget_type=\"heading.default\">\n\t\t\t\t<div class=\"elementor-widget-container\">\n\t\t\t\t\t<p class=\"elementor-heading-title elementor-size-default\">T\u00ecm th\u1ea5y <span style=\"color:#e8358a\">s\u1ef1 b\u00ecnh an<\/span> n\u1ed9i t\u00e2m<\/p>\t\t\t\t<\/div>\n\t\t\t\t<\/div>\n\t\t\t\t<div class=\"elementor-element elementor-element-aa003ba elementor-widget elementor-widget-heading\" data-id=\"aa003ba\" data-element_type=\"widget\" data-e-type=\"widget\" data-widget_type=\"heading.default\">\n\t\t\t\t<div class=\"elementor-widget-container\">\n\t\t\t\t\t<h1 class=\"elementor-heading-title elementor-size-default\">C\u00e2u chuy\u1ec7n c\u1ee7a Elisa<\/h1>\t\t\t\t<\/div>\n\t\t\t\t<\/div>\n\t\t\t\t<\/div>\n\t\t<div class=\"elementor-element elementor-element-7546624 e-con-full e-flex e-con e-child\" data-id=\"7546624\" data-element_type=\"container\" data-e-type=\"container\" data-settings=\"{&quot;background_background&quot;:&quot;classic&quot;}\">\n\t\t<div class=\"elementor-element elementor-element-b1762b9 e-con-full e-grid e-con e-child\" data-id=\"b1762b9\" data-element_type=\"container\" data-e-type=\"container\">\n\t\t<div class=\"elementor-element elementor-element-d22310f e-con-full e-flex e-con e-child\" data-id=\"d22310f\" data-element_type=\"container\" data-e-type=\"container\" data-settings=\"{&quot;background_background&quot;:&quot;classic&quot;}\">\n\t\t\t\t<div class=\"elementor-element elementor-element-b954d30 elementor-widget elementor-widget-heading\" data-id=\"b954d30\" data-element_type=\"widget\" data-e-type=\"widget\" data-widget_type=\"heading.default\">\n\t\t\t\t<div class=\"elementor-widget-container\">\n\t\t\t\t\t<h2 class=\"elementor-heading-title elementor-size-default\">Tr\u01b0\u1edbc \u0111\u00e2y<\/h2>\t\t\t\t<\/div>\n\t\t\t\t<\/div>\n\t\t\t\t<div class=\"elementor-element elementor-element-a3c7759 elementor-widget elementor-widget-text-editor\" data-id=\"a3c7759\" data-element_type=\"widget\" data-e-type=\"widget\" data-widget_type=\"text-editor.default\">\n\t\t\t\t<div class=\"elementor-widget-container\">\n\t\t\t\t\t\t\t\t\t<p>\u0110\u01b0\u1ee3c th\u00fac \u0111\u1ea9y b\u1edfi kh\u00e1t v\u1ecdng t\u00ecm ki\u1ebfm \u00fd ngh\u0129a cu\u1ed9c s\u1ed1ng, Eli\u00adsa \u0111\u1ebfn \u1ea4n \u0110\u1ed9 sau khi t\u1ed1t nghi\u1ec7p trung h\u1ecdc. \u1ede \u0111\u00f3, c\u00f4 kh\u00e1m ph\u00e1 ra con \u0111\u01b0\u1eddng t\u00e2m linh h\u1ee9a h\u1eb9n mang l\u1ea1i s\u1ef1 gi\u00e1c ng\u1ed9. Trong m\u01b0\u1eddi n\u0103m, c\u00f4 c\u1ed1 g\u1eafng t\u00ecm ki\u1ebfm s\u1ef1 b\u00ecnh an v\u0129nh c\u1eedu v\u00e0 l\u1ea5p \u0111\u1ea7y kho\u1ea3ng tr\u1ed1ng trong tr\u00e1i tim m\u00ecnh th\u00f4ng qua yoga, thi\u1ec1n \u0111\u1ecbnh, c\u00e1c nghi l\u1ec5 v\u00e0 li\u1ec7u ph\u00e1p t\u00e2m l\u00fd. Nh\u01b0ng c\u00f4 li\u00ean t\u1ee5c r\u01a1i v\u00e0o nh\u1eefng c\u01a1n kh\u1ee7ng ho\u1ea3ng tinh th\u1ea7n nghi\u00eam tr\u1ecdng, su\u00fdt ch\u00fat n\u1eefa \u0111\u00e3 c\u01b0\u1edbp \u0111i m\u1ea1ng s\u1ed1ng c\u1ee7a c\u00f4.   <\/p>\t\t\t\t\t\t\t\t<\/div>\n\t\t\t\t<\/div>\n\t\t\t\t<\/div>\n\t\t<div class=\"elementor-element elementor-element-2cb7868 e-con-full e-flex e-con e-child\" data-id=\"2cb7868\" data-element_type=\"container\" data-e-type=\"container\" data-settings=\"{&quot;background_background&quot;:&quot;classic&quot;}\">\n\t\t\t\t<div class=\"elementor-element elementor-element-22c08e9 elementor-widget elementor-widget-shortcode\" data-id=\"22c08e9\" data-element_type=\"widget\" data-e-type=\"widget\" data-widget_type=\"shortcode.default\">\n\t\t\t\t<div class=\"elementor-widget-container\">\n\t\t\t\t\t\t\t<div class=\"elementor-shortcode\">\n\t\t\t\n\t<style type=\"text\/css\">\n\t\t.slider-info-4006.bafg-slider-info .bafg-slider-title {\n\t\t\t\t\t\t\tfont-size:\n\t\t\t\t\t22px\t\t\t\t;\n\t\t\t\n\t\t\t\n\t\t\t\t\t}\n\n\t\t.slider-info-4006.bafg-slider-info .bafg-slider-description {\n\t\t\t\n\t\t\t\n\t\t\t\t\t}\n\t\t\n\t\t\n\t\t.slider-info-4006.bafg-slider-info .bafg_slider_readmore_button {\n\t\t\t\n\t\t\t\n\t\t\t\n\t\t\t\n\t\t\t\n\t\t\ttext-align: center;\n\n\t\t\t\n\t\t\t\n\t\t\t\n\t\t\t\n\t\t\t\t\t}\n\n\t\t.slider-info-4006.bafg-slider-info .bafg_slider_readmore_button:hover {\n\n\t\t\t\n\t\t\t\n\t\t\t\t\t}\n\t<\/style>\n\t\n\t\t\t<div class=\"bafg-twentytwenty-container slider-4006  \" bafg-orientation=\"horizontal\" bafg-default-offset=\"0.5\" bafg-before-label=\"Vorher\" bafg-after-label=\"Nachher\" bafg-overlay=\"1\" bafg-move-slider-on-hover bafg-click-to-move>\n\n\t\t\t\t\t\t\t\t<img class=\"skip-lazy\" data-skip-lazy src=\"https:\/\/jeliebt.de\/wp-content\/uploads\/jeliebt-jesus-liebt-elisa-vorher-1.webp\" alt>\n\t\t\t\t<img class=\"skip-lazy\" data-skip-lazy src=\"https:\/\/jeliebt.de\/wp-content\/uploads\/jeliebt-jesus-liebt-elisa-nachher-1.webp\" alt>\n\n\t\t\t<\/div>\n\n\t\t\t\t<div class=\"bafg-slider-info-wraper\">\n\t\t<div style class=\"slider-info-4006 bafg-slider-info\">\n\t\t\t\t\t<\/div>\n\t<\/div>\n\t\n\t\t\t<style type=\"text\/css\">\n\t\t\t\t\t\t\t\t\t\t\t<\/style>\n\t\t\t<\/div>\n\t\t\t\t\t\t<\/div>\n\t\t\t\t<\/div>\n\t\t\t\t<\/div>\n\t\t<div class=\"elementor-element elementor-element-858647c e-con-full e-flex e-con e-child\" data-id=\"858647c\" data-element_type=\"container\" data-e-type=\"container\" data-settings=\"{&quot;background_background&quot;:&quot;classic&quot;}\">\n\t\t\t\t<div class=\"elementor-element elementor-element-15943b9 elementor-widget elementor-widget-heading\" data-id=\"15943b9\" data-element_type=\"widget\" data-e-type=\"widget\" data-widget_type=\"heading.default\">\n\t\t\t\t<div class=\"elementor-widget-container\">\n\t\t\t\t\t<h2 class=\"elementor-heading-title elementor-size-default\">Sau \u0111\u00f3<\/h2>\t\t\t\t<\/div>\n\t\t\t\t<\/div>\n\t\t\t\t<div class=\"elementor-element elementor-element-7c241de elementor-widget elementor-widget-text-editor\" data-id=\"7c241de\" data-element_type=\"widget\" data-e-type=\"widget\" data-widget_type=\"text-editor.default\">\n\t\t\t\t<div class=\"elementor-widget-container\">\n\t\t\t\t\t\t\t\t\t<p>V\u00e0o th\u1eddi \u0111i\u1ec3m t\u1ed3i t\u1ec7 nh\u1ea5t, b\u00e0 b\u1eaft \u0111\u1ea7u h\u1ecfi Ch\u00faa r\u1eb1ng Ng\u00e0i \u1edf \u0111\u00e2u v\u00e0 li\u1ec7u Ng\u00e0i c\u00f3 nghe th\u1ea5y l\u1eddi c\u1ea7u nguy\u1ec7n c\u1ee7a b\u00e0 kh\u00f4ng. Ch\u00faa Gi\u00ea-su \u0111\u00e3 tr\u1ea3 l\u1eddi b\u00e0, v\u00e0 trong m\u1ed9t chuy\u1ebfn h\u00e0nh h\u01b0\u01a1ng, b\u00e0 \u0111\u00e3 c\u1ea3m nh\u1eadn \u0111\u01b0\u1ee3c t\u00ecnh y\u00eau th\u01b0\u01a1ng v\u00e0 s\u1ef1 tha th\u1ee9 c\u1ee7a Ng\u00e0i, \u0111i\u1ec1u \u0111\u00e3 thay \u0111\u1ed5i cu\u1ed9c \u0111\u1eddi b\u00e0 m\u00e3i m\u00e3i. B\u00e0 \u0111\u01b0\u1ee3c ch\u1eefa l\u00e0nh kh\u1ecfi b\u1ec7nh t\u00e2m th\u1ea7n, t\u00ecm th\u1ea5y s\u1ef1 b\u00ecnh an n\u1ed9i t\u00e2m s\u00e2u s\u1eafc, v\u00e0 cu\u1ed1i c\u00f9ng bi\u1ebft \u0111\u01b0\u1ee3c m\u00ecnh l\u00e0 ai: m\u1ed9t ng\u01b0\u1eddi con g\u00e1i y\u00eau d\u1ea5u c\u1ee7a Ch\u00faa.  <\/p>\t\t\t\t\t\t\t\t<\/div>\n\t\t\t\t<\/div>\n\t\t\t\t<\/div>\n\t\t\t\t<\/div>\n\t\t\t\t<\/div>\n\t\t<div class=\"elementor-element elementor-element-4670c52 e-con-full e-grid e-con e-child\" data-id=\"4670c52\" data-element_type=\"container\" data-e-type=\"container\">\n\t\t\t\t<div class=\"elementor-element elementor-element-097cf99 elementor-widget elementor-widget-video\" data-id=\"097cf99\" data-element_type=\"widget\" data-e-type=\"widget\" data-settings=\"{&quot;youtube_url&quot;:&quot;https:\\\/\\\/www.youtube.com\\\/watch?v=KY-J4M8BsOI&quot;,&quot;video_type&quot;:&quot;youtube&quot;,&quot;controls&quot;:&quot;yes&quot;}\" data-widget_type=\"video.default\">\n\t\t\t\t<div class=\"elementor-widget-container\">\n\t\t\t\t\t\t\t<div class=\"elementor-wrapper elementor-open-inline\">\n\t\t\t<div class=\"elementor-video\"><\/div>\t\t<\/div>\n\t\t\t\t\t\t<\/div>\n\t\t\t\t<\/div>\n\t\t<div class=\"elementor-element elementor-element-58277af e-con-full e-flex e-con e-child\" data-id=\"58277af\" data-element_type=\"container\" data-e-type=\"container\" data-settings=\"{&quot;background_background&quot;:&quot;classic&quot;}\">\n\t\t\t\t<div class=\"elementor-element elementor-element-11efc06 elementor-widget elementor-widget-heading\" data-id=\"11efc06\" data-element_type=\"widget\" data-e-type=\"widget\" data-widget_type=\"heading.default\">\n\t\t\t\t<div class=\"elementor-widget-container\">\n\t\t\t\t\t<h2 class=\"elementor-heading-title elementor-size-default\">Video c\u1ee7a Elisa<\/h2>\t\t\t\t<\/div>\n\t\t\t\t<\/div>\n\t\t\t\t<div class=\"elementor-element elementor-element-401a706 elementor-widget elementor-widget-text-editor\" data-id=\"401a706\" data-element_type=\"widget\" data-e-type=\"widget\" data-widget_type=\"text-editor.default\">\n\t\t\t\t<div class=\"elementor-widget-container\">\n\t\t\t\t\t\t\t\t\t<p>T\u1ea1i sao t\u00f4i l\u1ea1i \u1edf \u0111\u00e2y? \u00dd ngh\u0129a cu\u1ed9c \u0111\u1eddi t\u00f4i l\u00e0 g\u00ec? Nh\u1eefng c\u00e2u h\u1ecfi n\u00e0y \u00e1m \u1ea3nh Eli\u00adsa Rie\u00adse. \u0110\u1ec3 t\u00ecm ki\u1ebfm \u201cch\u00e2n l\u00fd\u201d, c\u00f4 \u0111\u00e3 du h\u00e0nh kh\u1eafp \u1ea4n \u0110\u1ed9 trong nhi\u1ec1u th\u00e1ng. C\u00f4 s\u1ed1ng v\u1edbi m\u1ed9t v\u1ecb \u0111\u1ea1o s\u01b0, \u0111\u1eafm m\u00ecnh trong c\u00e1c nghi l\u1ec5 t\u00e2m linh v\u00e0 ph\u00e1p thu\u1eadt, v\u00e0 thi\u1ec1n \u0111\u1ecbnh h\u00e0ng gi\u1edd li\u1ec1n. Gi\u00e1c ng\u1ed9 tr\u1edf th\u00e0nh m\u1ee5c ti\u00eau cu\u1ed9c \u0111\u1eddi c\u00f4. Nh\u01b0ng c\u00f4 \u0111\u00e3 ph\u1ea3i v\u00e0o b\u1ec7nh vi\u1ec7n t\u00e2m th\u1ea7n n\u0103m l\u1ea7n, c\u00f3 l\u1ea7n tin r\u1eb1ng m\u00ecnh l\u00e0 Ch\u00faa Gi\u00ea-su, v\u00e0 su\u00fdt m\u1ea5t m\u1ea1ng. Tuy nhi\u00ean, s\u1ef1 g\u1eafn b\u00f3 c\u1ee7a c\u00f4 v\u1edbi \u201cb\u1eadc th\u1ea7y\u201d Gi\u00ea-su b\u1eaft \u0111\u1ea7u thay \u0111\u1ed5i c\u00f4.      <\/p>\t\t\t\t\t\t\t\t<\/div>\n\t\t\t\t<\/div>\n\t\t\t\t<\/div>\n\t\t\t\t<\/div>\n\t\t<div class=\"elementor-element elementor-element-7a82d3a e-con-full e-flex e-con e-child\" data-id=\"7a82d3a\" data-element_type=\"container\" data-e-type=\"container\">\n\t\t\t\t<div class=\"elementor-element elementor-element-853ec86 elementor-align-center elementor-widget elementor-widget-button\" data-id=\"853ec86\" data-element_type=\"widget\" data-e-type=\"widget\" data-widget_type=\"button.default\">\n\t\t\t\t<div class=\"elementor-widget-container\">\n\t\t\t\t\t\t\t\t\t<div class=\"elementor-button-wrapper\">\n\t\t\t\t\t<a class=\"elementor-button elementor-button-link elementor-size-sm\" href=\"https:\/\/jeliebt.de\/vi\/lam-quen-voi-chua-gie-su\/\">\n\t\t\t\t\t\t<span class=\"elementor-button-content-wrapper\">\n\t\t\t\t\t\t<span class=\"elementor-button-icon\">\n\t\t\t\t<svg aria-hidden=\"true\" class=\"e-font-icon-svg e-fas-crown\" viewBox=\"0 0 640 512\"><path d=\"M528 448H112c-8.8 0-16 7.2-16 16v32c0 8.8 7.2 16 16 16h416c8.8 0 16-7.2 16-16v-32c0-8.8-7.2-16-16-16zm64-320c-26.5 0-48 21.5-48 48 0 7.1 1.6 13.7 4.4 19.8L476 239.2c-15.4 9.2-35.3 4-44.2-11.6L350.3 85C361 76.2 368 63 368 48c0-26.5-21.5-48-48-48s-48 21.5-48 48c0 15 7 28.2 17.7 37l-81.5 142.6c-8.9 15.6-28.9 20.8-44.2 11.6l-72.3-43.4c2.7-6 4.4-12.7 4.4-19.8 0-26.5-21.5-48-48-48S0 149.5 0 176s21.5 48 48 48c2.6 0 5.2-.4 7.7-.8L128 416h384l72.3-192.8c2.5.4 5.1.8 7.7.8 26.5 0 48-21.5 48-48s-21.5-48-48-48z\" \/><\/svg>\t\t\t<\/span>\n\t\t\t\t\t\t\t\t\t<span class=\"elementor-button-text\">H\u00e3y t\u00ecm hi\u1ec3u v\u1ec1 Ch\u00faa Gi\u00ea-su<\/span>\n\t\t\t\t\t<\/span>\n\t\t\t\t\t<\/a>\n\t\t\t\t<\/div>\n\t\t\t\t\t\t\t\t<\/div>\n\t\t\t\t<\/div>\n\t\t\t\t<div class=\"elementor-element elementor-element-b614b08 elementor-align-center elementor-widget elementor-widget-button\" data-id=\"b614b08\" data-element_type=\"widget\" data-e-type=\"widget\" data-widget_type=\"button.default\">\n\t\t\t\t<div class=\"elementor-widget-container\">\n\t\t\t\t\t\t\t\t\t<div class=\"elementor-button-wrapper\">\n\t\t\t\t\t<a class=\"elementor-button elementor-button-link elementor-size-sm\" href=\"#elementor-action%3Aaction%3Dpopup%3Aopen%26settings%3DeyJpZCI6MzQ1MCwidG9nZ2xlIjpmYWxzZX0%3D\">\n\t\t\t\t\t\t<span class=\"elementor-button-content-wrapper\">\n\t\t\t\t\t\t<span class=\"elementor-button-icon\">\n\t\t\t\t<svg aria-hidden=\"true\" class=\"e-font-icon-svg e-fas-users\" viewBox=\"0 0 640 512\"><path d=\"M96 224c35.3 0 64-28.7 64-64s-28.7-64-64-64-64 28.7-64 64 28.7 64 64 64zm448 0c35.3 0 64-28.7 64-64s-28.7-64-64-64-64 28.7-64 64 28.7 64 64 64zm32 32h-64c-17.6 0-33.5 7.1-45.1 18.6 40.3 22.1 68.9 62 75.1 109.4h66c17.7 0 32-14.3 32-32v-32c0-35.3-28.7-64-64-64zm-256 0c61.9 0 112-50.1 112-112S381.9 32 320 32 208 82.1 208 144s50.1 112 112 112zm76.8 32h-8.3c-20.8 10-43.9 16-68.5 16s-47.6-6-68.5-16h-8.3C179.6 288 128 339.6 128 403.2V432c0 26.5 21.5 48 48 48h288c26.5 0 48-21.5 48-48v-28.8c0-63.6-51.6-115.2-115.2-115.2zm-223.7-13.4C161.5 263.1 145.6 256 128 256H64c-35.3 0-64 28.7-64 64v32c0 17.7 14.3 32 32 32h65.9c6.3-47.4 34.9-87.3 75.2-109.4z\" \/><\/svg>\t\t\t<\/span>\n\t\t\t\t\t\t\t\t\t<span class=\"elementor-button-text\">Li\u00ean h\u1ec7 v\u1edbi ch\u00fang t\u00f4i<\/span>\n\t\t\t\t\t<\/span>\n\t\t\t\t\t<\/a>\n\t\t\t\t<\/div>\n\t\t\t\t\t\t\t\t<\/div>\n\t\t\t\t<\/div>\n\t\t\t\t<\/div>\n\t\t\t\t\t<\/div>\n\t\t\t\t<\/div>\n\t\t\t\t<\/div>\n\t\t","protected":false},"excerpt":{"rendered":"<p>T\u00ecm th\u1ea5y s\u1ef1 b\u00ecnh an n\u1ed9i t\u00e2m C\u00e2u chuy\u1ec7n c\u1ee7a Eli\u00adsa Tr\u01b0\u1edbc \u0111\u00e2y \u0110\u01b0\u1ee3c th\u00fac \u0111\u1ea9y b\u1edfi kh\u00e1t v\u1ecdng t\u00ecm ki\u1ebfm \u00fd ngh\u0129a cu\u1ed9c s\u1ed1ng, Eli\u00adsa \u0111\u1ebfn \u1ea4n \u0110\u1ed9 sau khi t\u1ed1t nghi\u1ec7p trung h\u1ecdc. \u1ede \u0111\u00f3, c\u00f4 kh\u00e1m ph\u00e1 ra con \u0111\u01b0\u1eddng t\u00e2m linh h\u1ee9a h\u1eb9n mang l\u1ea1i s\u1ef1 gi\u00e1c ng\u1ed9. Trong m\u01b0\u1eddi n\u0103m, [\u2026]<\/p>\n","protected":false},"author":1,"featured_media":0,"parent":0,"menu_order":0,"comment_status":"closed","ping_status":"closed","template":"","meta":{"_acf_changed":false,"wp_typography_post_enhancements_disabled":false,"footnotes":""},"class_list":["post-4501","page","type-page","status-publish","hentry"],"acf":[],"_links":{"self":[{"href":"https:\/\/jeliebt.de\/vi\/wp-json\/wp\/v2\/pages\/4501","targetHints":{"allow":["GET"]}}],"collection":[{"href":"https:\/\/jeliebt.de\/vi\/wp-json\/wp\/v2\/pages"}],"about":[{"href":"https:\/\/jeliebt.de\/vi\/wp-json\/wp\/v2\/types\/page"}],"author":[{"embeddable":true,"href":"https:\/\/jeliebt.de\/vi\/wp-json\/wp\/v2\/users\/1"}],"replies":[{"embeddable":true,"href":"https:\/\/jeliebt.de\/vi\/wp-json\/wp\/v2\/comments?post=4501"}],"version-history":[{"count":1,"href":"https:\/\/jeliebt.de\/vi\/wp-json\/wp\/v2\/pages\/4501\/revisions"}],"predecessor-version":[{"id":4502,"href":"https:\/\/jeliebt.de\/vi\/wp-json\/wp\/v2\/pages\/4501\/revisions\/4502"}],"wp:attachment":[{"href":"https:\/\/jeliebt.de\/vi\/wp-json\/wp\/v2\/media?parent=4501"}],"curies":[{"name":"wp","href":"https:\/\/api.w.org\/{rel}","templated":true}]}}