{"id":3439,"date":"2025-01-08T09:34:40","date_gmt":"2025-01-08T08:34:40","guid":{"rendered":"https:\/\/jeliebt.de\/dau-an\/"},"modified":"2025-09-21T16:57:50","modified_gmt":"2025-09-21T14:57:50","slug":"dau-an","status":"publish","type":"page","link":"https:\/\/jeliebt.de\/vi\/dau-an\/","title":{"rendered":"d\u1ea5u \u1ea5n"},"content":{"rendered":"\t\t<div data-elementor-type=\"wp-page\" data-elementor-id=\"3439\" class=\"elementor elementor-3439 elementor-1621\" data-elementor-post-type=\"page\">\n\t\t\t\t<div class=\"elementor-element elementor-element-0d50561 e-flex e-con-boxed e-con e-parent\" data-id=\"0d50561\" data-element_type=\"container\" data-e-type=\"container\" data-settings=\"{&quot;background_background&quot;:&quot;classic&quot;}\">\n\t\t\t\t\t<div class=\"e-con-inner\">\n\t\t<div class=\"elementor-element elementor-element-3c8b469 e-con-full e-flex e-con e-child\" data-id=\"3c8b469\" data-element_type=\"container\" data-e-type=\"container\">\n\t\t\t\t<div class=\"elementor-element elementor-element-eb21984 elementor-widget elementor-widget-heading\" data-id=\"eb21984\" data-element_type=\"widget\" data-e-type=\"widget\" data-widget_type=\"heading.default\">\n\t\t\t\t<div class=\"elementor-widget-container\">\n\t\t\t\t\t<p class=\"elementor-heading-title elementor-size-default\">C\u1ee7a ch\u00fang t\u00f4i<\/p>\t\t\t\t<\/div>\n\t\t\t\t<\/div>\n\t\t\t\t<div class=\"elementor-element elementor-element-7b35817 elementor-widget elementor-widget-heading\" data-id=\"7b35817\" data-element_type=\"widget\" data-e-type=\"widget\" data-widget_type=\"heading.default\">\n\t\t\t\t<div class=\"elementor-widget-container\">\n\t\t\t\t\t<h1 class=\"elementor-heading-title elementor-size-default\">d\u1ea5u \u1ea5n<\/h1>\t\t\t\t<\/div>\n\t\t\t\t<\/div>\n\t\t\t\t<\/div>\n\t\t<div class=\"elementor-element elementor-element-4fcafbc e-con-full e-flex e-con e-child\" data-id=\"4fcafbc\" data-element_type=\"container\" data-e-type=\"container\">\n\t\t\t\t<div class=\"elementor-element elementor-element-e5429b1 elementor-widget__width-initial elementor-widget elementor-widget-text-editor\" data-id=\"e5429b1\" data-element_type=\"widget\" data-e-type=\"widget\" data-widget_type=\"text-editor.default\">\n\t\t\t\t<div class=\"elementor-widget-container\">\n\t\t\t\t\t\t\t\t\t<h2>Ng\u01b0\u1eddi v\u1eadn h\u00e0nh trang web<\/h2><p>Chia s\u1ebb \u0111\u1ee9c tin eV<br> Sch\u00f6\u00adna\u00adgel\u00adstra\u00ad\u00dfe 14<br> 12685 Ber\u00adlin<\/p><h2>ng\u01b0\u1eddi li\u00ean h\u1ec7<br> &amp; ch\u1ecbu tr\u00e1ch nhi\u1ec7m v\u1ec1 n\u1ed9i dung<\/h2><p>Jona\u00adthan Borau ( <em>Th\u00e0nh vi\u00ean H\u1ed9i \u0111\u1ed3ng qu\u1ea3n tr\u1ecb<\/em> )<\/p><h2>li\u00ean h\u1ec7<\/h2><p><strong>\u0110i\u1ec7n tho\u1ea1i:<\/strong> +49 176 96237767<br> <strong>S\u1ed1 fax:<\/strong> +49 30 22185619<br> <strong>Email:<\/strong> kontakt@lauben-teile.com<\/p><h2>\u0110\u0103ng k\u00fd m\u1ee5c nh\u1eadp<\/h2><p>\u0110\u0103ng k\u00fd v\u00e0o s\u1ed5 \u0111\u0103ng k\u00fd hi\u1ec7p h\u1ed9i<br> T\u00f2a \u00e1n \u0111\u0103ng k\u00fd: T\u00f2a \u00e1n qu\u1eadn Char\u00adlot\u00adten\u00adburg<br> S\u1ed1 \u0111\u0103ng k\u00fd: VR 39302<\/p><h2>Gi\u1ea3i quy\u1ebft tranh ch\u1ea5p<\/h2><p>\u1ee6y ban Ch\u00e2u \u00c2u cung c\u1ea5p n\u1ec1n t\u1ea3ng gi\u1ea3i quy\u1ebft tranh ch\u1ea5p tr\u1ef1c tuy\u1ebfn (ODR):<\/p><p>https:\/\/ec.europa.eu\/consumers\/odr<\/p><p>B\u1ea1n c\u00f3 th\u1ec3 t\u00ecm th\u1ea5y \u0111\u1ecba ch\u1ec9 email c\u1ee7a ch\u00fang t\u00f4i \u1edf tr\u00ean trong ph\u1ea7n th\u00f4ng tin chi ti\u1ebft.<br> Ch\u00fang t\u00f4i kh\u00f4ng s\u1eb5n l\u00f2ng ho\u1eb7c kh\u00f4ng c\u00f3 ngh\u0129a v\u1ee5 tham gia v\u00e0o qu\u00e1 tr\u00ecnh gi\u1ea3i quy\u1ebft tranh ch\u1ea5p tr\u01b0\u1edbc h\u1ed9i \u0111\u1ed3ng tr\u1ecdng t\u00e0i ng\u01b0\u1eddi ti\u00eau d\u00f9ng.<\/p><h2>Tr\u00e1ch nhi\u1ec7m v\u1ec1 n\u1ed9i dung<\/h2><p>L\u00e0 nh\u00e0 cung c\u1ea5p d\u1ecbch v\u1ee5, ch\u00fang t\u00f4i ch\u1ecbu tr\u00e1ch nhi\u1ec7m v\u1ec1 n\u1ed9i dung c\u1ee7a m\u00ecnh tr\u00ean c\u00e1c trang web n\u00e0y theo \u0110i\u1ec1u 7 (1) c\u1ee7a \u0110\u1ea1o lu\u1eadt Truy\u1ec1n th\u00f4ng Vi\u1ec5n th\u00f4ng \u0110\u1ee9c <span class=\"caps\">(TMG)<\/span> . Tuy nhi\u00ean, theo \u0110i\u1ec1u 8 \u0111\u1ebfn \u0110i\u1ec1u 10 <span class=\"caps\">c\u1ee7a \u0110\u1ea1o lu\u1eadt Truy\u1ec1n th\u00f4ng Vi\u1ec5n th\u00f4ng \u0110\u1ee9c (TMG)<\/span> , v\u1edbi t\u01b0 c\u00e1ch l\u00e0 nh\u00e0 cung c\u1ea5p d\u1ecbch v\u1ee5, ch\u00fang t\u00f4i kh\u00f4ng c\u00f3 ngh\u0129a v\u1ee5 ph\u1ea3i gi\u00e1m s\u00e1t th\u00f4ng tin c\u1ee7a b\u00ean th\u1ee9 ba \u0111\u01b0\u1ee3c g\u1eedi ho\u1eb7c l\u01b0u tr\u1eef ho\u1eb7c \u0111i\u1ec1u tra c\u00e1c tr\u01b0\u1eddng h\u1ee3p cho th\u1ea5y ho\u1ea1t \u0111\u1ed9ng b\u1ea5t h\u1ee3p ph\u00e1p.<br> Ngh\u0129a v\u1ee5 x\u00f3a ho\u1eb7c ch\u1eb7n vi\u1ec7c s\u1eed d\u1ee5ng th\u00f4ng tin theo lu\u1eadt chung v\u1eabn kh\u00f4ng b\u1ecb \u1ea3nh h\u01b0\u1edfng. Tuy nhi\u00ean, tr\u00e1ch nhi\u1ec7m ph\u00e1p l\u00fd li\u00ean quan \u0111\u1ebfn vi\u1ec7c n\u00e0y ch\u1ec9 c\u00f3 th\u1ec3 ph\u00e1t sinh khi bi\u1ebft \u0111\u01b0\u1ee3c h\u00e0nh vi vi ph\u1ea1m ph\u00e1p lu\u1eadt c\u1ee5 th\u1ec3. Khi ph\u00e1t hi\u1ec7n ra nh\u1eefng h\u00e0nh vi vi ph\u1ea1m \u0111\u00f3, ch\u00fang t\u00f4i s\u1ebd x\u00f3a n\u1ed9i dung \u0111\u00f3 ngay l\u1eadp t\u1ee9c.   <\/p><h2>Tr\u00e1ch nhi\u1ec7m \u0111\u1ed1i v\u1edbi c\u00e1c li\u00ean k\u1ebft<\/h2><p>\u01afu \u0111\u00e3i c\u1ee7a ch\u00fang t\u00f4i ch\u1ee9a c\u00e1c li\u00ean k\u1ebft \u0111\u1ebfn c\u00e1c trang web b\u00ean th\u1ee9 ba b\u00ean ngo\u00e0i m\u00e0 ch\u00fang t\u00f4i kh\u00f4ng th\u1ec3 t\u00e1c \u0111\u1ed9ng \u0111\u1ebfn n\u1ed9i dung c\u1ee7a ch\u00fang. Do \u0111\u00f3, ch\u00fang t\u00f4i kh\u00f4ng ch\u1ecbu b\u1ea5t k\u1ef3 tr\u00e1ch nhi\u1ec7m ph\u00e1p l\u00fd n\u00e0o \u0111\u1ed1i v\u1edbi n\u1ed9i dung b\u00ean ngo\u00e0i n\u00e0y. Nh\u00e0 cung c\u1ea5p ho\u1eb7c nh\u00e0 \u0111i\u1ec1u h\u00e0nh t\u01b0\u01a1ng \u1ee9ng c\u1ee7a c\u00e1c trang \u0111\u01b0\u1ee3c li\u00ean k\u1ebft lu\u00f4n ch\u1ecbu tr\u00e1ch nhi\u1ec7m v\u1ec1 n\u1ed9i dung c\u1ee7a c\u00e1c trang \u0111\u01b0\u1ee3c li\u00ean k\u1ebft. C\u00e1c trang \u0111\u01b0\u1ee3c li\u00ean k\u1ebft \u0111\u00e3 \u0111\u01b0\u1ee3c xem x\u00e9t v\u1ec1 kh\u1ea3 n\u0103ng vi ph\u1ea1m ph\u00e1p lu\u1eadt t\u1ea1i th\u1eddi \u0111i\u1ec3m li\u00ean k\u1ebft. N\u1ed9i dung b\u1ea5t h\u1ee3p ph\u00e1p kh\u00f4ng \u0111\u01b0\u1ee3c ph\u00e1t hi\u1ec7n t\u1ea1i th\u1eddi \u0111i\u1ec3m li\u00ean k\u1ebft. Tuy nhi\u00ean, vi\u1ec7c gi\u00e1m s\u00e1t li\u00ean t\u1ee5c n\u1ed9i dung c\u1ee7a c\u00e1c trang \u0111\u01b0\u1ee3c li\u00ean k\u1ebft l\u00e0 kh\u00f4ng h\u1ee3p l\u00fd n\u1ebfu kh\u00f4ng c\u00f3 b\u1eb1ng ch\u1ee9ng c\u1ee5 th\u1ec3 v\u1ec1 h\u00e0nh vi vi ph\u1ea1m ph\u00e1p lu\u1eadt. Khi nh\u1eadn \u0111\u01b0\u1ee3c th\u00f4ng b\u00e1o v\u1ec1 b\u1ea5t k\u1ef3 h\u00e0nh vi vi ph\u1ea1m ph\u00e1p lu\u1eadt n\u00e0o, ch\u00fang t\u00f4i s\u1ebd x\u00f3a c\u00e1c li\u00ean k\u1ebft \u0111\u00f3 ngay l\u1eadp t\u1ee9c.      <\/p><h2>b\u1ea3n quy\u1ec1n<\/h2><p>N\u1ed9i dung v\u00e0 c\u00e1c t\u00e1c ph\u1ea9m tr\u00ean c\u00e1c trang n\u00e0y do ng\u01b0\u1eddi v\u1eadn h\u00e0nh trang web t\u1ea1o ra ph\u1ea3i tu\u00e2n theo lu\u1eadt b\u1ea3n quy\u1ec1n c\u1ee7a \u0110\u1ee9c. Vi\u1ec7c sao ch\u00e9p, x\u1eed l\u00fd, ph\u00e2n ph\u1ed1i v\u00e0 b\u1ea5t k\u1ef3 h\u00ecnh th\u1ee9c khai th\u00e1c n\u00e0o v\u01b0\u1ee3t qu\u00e1 gi\u1edbi h\u1ea1n c\u1ee7a lu\u1eadt b\u1ea3n quy\u1ec1n \u0111\u1ec1u c\u1ea7n c\u00f3 s\u1ef1 \u0111\u1ed3ng \u00fd b\u1eb1ng v\u0103n b\u1ea3n c\u1ee7a t\u00e1c gi\u1ea3 ho\u1eb7c ng\u01b0\u1eddi s\u00e1ng t\u1ea1o t\u01b0\u01a1ng \u1ee9ng. Vi\u1ec7c t\u1ea3i xu\u1ed1ng v\u00e0 sao ch\u00e9p trang web n\u00e0y ch\u1ec9 \u0111\u01b0\u1ee3c ph\u00e9p s\u1eed d\u1ee5ng cho m\u1ee5c \u0111\u00edch c\u00e1 nh\u00e2n, phi th\u01b0\u01a1ng m\u1ea1i. Trong ph\u1ea1m vi n\u1ed9i dung tr\u00ean trang web n\u00e0y kh\u00f4ng ph\u1ea3i do ng\u01b0\u1eddi v\u1eadn h\u00e0nh t\u1ea1o ra, b\u1ea3n quy\u1ec1n c\u1ee7a b\u00ean th\u1ee9 ba \u0111\u01b0\u1ee3c t\u00f4n tr\u1ecdng. C\u1ee5 th\u1ec3, n\u1ed9i dung c\u1ee7a b\u00ean th\u1ee9 ba \u0111\u01b0\u1ee3c \u0111\u00e1nh d\u1ea5u l\u00e0 nh\u01b0 v\u1eady. Tuy nhi\u00ean, n\u1ebfu b\u1ea1n ph\u00e1t hi\u1ec7n ra h\u00e0nh vi vi ph\u1ea1m b\u1ea3n quy\u1ec1n, ch\u00fang t\u00f4i y\u00eau c\u1ea7u b\u1ea1n th\u00f4ng b\u00e1o cho ch\u00fang t\u00f4i. Khi nh\u1eadn \u0111\u01b0\u1ee3c th\u00f4ng b\u00e1o v\u1ec1 b\u1ea5t k\u1ef3 vi ph\u1ea1m n\u00e0o, ch\u00fang t\u00f4i s\u1ebd x\u00f3a n\u1ed9i dung \u0111\u00f3 ngay l\u1eadp t\u1ee9c.      <\/p><h2>Ch\u00ednh s\u00e1ch b\u1ea3o m\u1eadt<\/h2><p>B\u1ea1n c\u00f3 th\u1ec3 t\u00ecm th\u1ea5y ch\u00ednh s\u00e1ch b\u1ea3o m\u1eadt c\u1ee7a ch\u00fang t\u00f4i <a href=\"https:\/\/jeliebt.de\/datenschutz\/\">t\u1ea1i \u0111\u00e2y<\/a> .<\/p>\t\t\t\t\t\t\t\t<\/div>\n\t\t\t\t<\/div>\n\t\t\t\t<\/div>\n\t\t\t\t\t<\/div>\n\t\t\t\t<\/div>\n\t\t\t\t<\/div>\n\t\t","protected":false},"excerpt":{"rendered":"<p>C\u1ee7a ch\u00fang t\u00f4i d\u1ea5u \u1ea5n Ng\u01b0\u1eddi v\u1eadn h\u00e0nh trang web Chia s\u1ebb \u0111\u1ee9c tin eV Sch\u00f6\u00adna\u00adgel\u00adstra\u00ad\u00dfe 14 12685 Ber\u00adlin ng\u01b0\u1eddi li\u00ean h\u1ec7 &amp; ch\u1ecbu tr\u00e1ch nhi\u1ec7m v\u1ec1 n\u1ed9i dung Jona\u00adthan Borau ( Th\u00e0nh vi\u00ean H\u1ed9i \u0111\u1ed3ng qu\u1ea3n tr\u1ecb ) li\u00ean h\u1ec7 \u0110i\u1ec7n tho\u1ea1i: +49 176 96237767 S\u1ed1 fax: +49 30 22185619 Email: kontakt@lauben-teile.com \u0110\u0103ng k\u00fd [\u2026]<\/p>\n","protected":false},"author":1,"featured_media":0,"parent":0,"menu_order":0,"comment_status":"closed","ping_status":"closed","template":"","meta":{"_acf_changed":false,"wp_typography_post_enhancements_disabled":false,"footnotes":""},"class_list":["post-3439","page","type-page","status-publish","hentry"],"acf":[],"_links":{"self":[{"href":"https:\/\/jeliebt.de\/vi\/wp-json\/wp\/v2\/pages\/3439","targetHints":{"allow":["GET"]}}],"collection":[{"href":"https:\/\/jeliebt.de\/vi\/wp-json\/wp\/v2\/pages"}],"about":[{"href":"https:\/\/jeliebt.de\/vi\/wp-json\/wp\/v2\/types\/page"}],"author":[{"embeddable":true,"href":"https:\/\/jeliebt.de\/vi\/wp-json\/wp\/v2\/users\/1"}],"replies":[{"embeddable":true,"href":"https:\/\/jeliebt.de\/vi\/wp-json\/wp\/v2\/comments?post=3439"}],"version-history":[{"count":1,"href":"https:\/\/jeliebt.de\/vi\/wp-json\/wp\/v2\/pages\/3439\/revisions"}],"predecessor-version":[{"id":3440,"href":"https:\/\/jeliebt.de\/vi\/wp-json\/wp\/v2\/pages\/3439\/revisions\/3440"}],"wp:attachment":[{"href":"https:\/\/jeliebt.de\/vi\/wp-json\/wp\/v2\/media?parent=3439"}],"curies":[{"name":"wp","href":"https:\/\/api.w.org\/{rel}","templated":true}]}}