{"id":3428,"date":"2025-01-13T07:38:15","date_gmt":"2025-01-13T06:38:15","guid":{"rendered":"https:\/\/jeliebt.de\/lam-quen-voi-chua-gie-su\/"},"modified":"2025-09-21T19:25:45","modified_gmt":"2025-09-21T17:25:45","slug":"lam-quen-voi-chua-gie-su","status":"publish","type":"page","link":"https:\/\/jeliebt.de\/vi\/lam-quen-voi-chua-gie-su\/","title":{"rendered":"L\u00e0m quen v\u1edbi Ch\u00faa Gi\u00ea-su"},"content":{"rendered":"\t\t<div data-elementor-type=\"wp-page\" data-elementor-id=\"3428\" class=\"elementor elementor-3428 elementor-1922\" data-elementor-post-type=\"page\">\n\t\t\t\t<div class=\"elementor-element elementor-element-5985425 e-flex e-con-boxed e-con e-parent\" data-id=\"5985425\" data-element_type=\"container\" data-e-type=\"container\" data-settings=\"{&quot;background_background&quot;:&quot;classic&quot;}\">\n\t\t\t\t\t<div class=\"e-con-inner\">\n\t\t\t\t\t<\/div>\n\t\t\t\t<\/div>\n\t\t<div class=\"elementor-element elementor-element-a7ad047 e-flex e-con-boxed e-con e-parent\" data-id=\"a7ad047\" data-element_type=\"container\" data-e-type=\"container\" data-settings=\"{&quot;background_background&quot;:&quot;classic&quot;}\">\n\t\t\t\t\t<div class=\"e-con-inner\">\n\t\t<div class=\"elementor-element elementor-element-db92f2c e-con-full e-flex e-con e-child\" data-id=\"db92f2c\" data-element_type=\"container\" data-e-type=\"container\">\n\t\t\t\t<div class=\"elementor-element elementor-element-fd9ae1d elementor-widget elementor-widget-heading\" data-id=\"fd9ae1d\" data-element_type=\"widget\" data-e-type=\"widget\" data-widget_type=\"heading.default\">\n\t\t\t\t<div class=\"elementor-widget-container\">\n\t\t\t\t\t<h1 class=\"elementor-heading-title elementor-size-default\">\nN\u00f3i chuy\u1ec7n v\u1edbi anh \u1ea5y\n<\/h1>\t\t\t\t<\/div>\n\t\t\t\t<\/div>\n\t\t\t\t<div class=\"elementor-element elementor-element-b8f3d8a elementor-widget elementor-widget-text-editor\" data-id=\"b8f3d8a\" data-element_type=\"widget\" data-e-type=\"widget\" data-widget_type=\"text-editor.default\">\n\t\t\t\t<div class=\"elementor-widget-container\">\n\t\t\t\t\t\t\t\t\t<p>N\u1ebfu b\u1ea1n mu\u1ed1n ki\u1ec3m tra xem Ch\u00faa Jesus c\u00f3 t\u1ed3n t\u1ea1i hay kh\u00f4ng, b\u1ea1n ch\u1ec9 c\u1ea7n h\u1ecfi Ng\u00e0i:<\/p><p><strong>\u201cCh\u00faa Gi\u00ea\u00adsu, n\u1ebfu Ng\u00e0i th\u1ef1c s\u1ef1 hi\u1ec7n h\u1eefu, xin h\u00e3y cho con th\u1ea5y Ng\u00e0i \u0111ang \u1edf \u0111\u00e2y v\u00e0 Ng\u00e0i y\u00eau th\u01b0\u01a1ng con nhi\u1ec1u \u0111\u1ebfn th\u1ebf n\u00e0o.\u201d  <\/strong><\/p><p>L\u1eddi h\u1ee9a c\u1ee7a Ch\u00faa \u0111\u01b0\u1ee3c l\u1eb7p l\u1ea1i nhi\u1ec1u l\u1ea7n trong Kinh Th\u00e1nh: \u201cN\u1ebfu con h\u1ebft l\u00f2ng t\u00ecm ki\u1ebfm Ta, con s\u1ebd g\u1eb7p Ta\u201d (Gi\u00ea-r\u00ea-mi 29:13). Ch\u00fang t\u00f4i v\u00e0 nhi\u1ec1u ng\u01b0\u1eddi kh\u00e1c tr\u00ean kh\u1eafp th\u1ebf gi\u1edbi \u0111\u00e3 tr\u1ea3i nghi\u1ec7m \u0111i\u1ec1u n\u00e0y. B\u1ea1n c\u0169ng c\u00f3 th\u1ec3 tr\u1ea3i nghi\u1ec7m l\u1eddi h\u1ee9a n\u00e0y v\u00e0 tin ch\u1eafc r\u1eb1ng Ch\u00faa Gi\u00ea-su th\u1ef1c s\u1ef1 \u0111ang s\u1ed1ng v\u00e0 c\u0169ng mu\u1ed1n g\u1eb7p b\u1ea1n.  <\/p>\t\t\t\t\t\t\t\t<\/div>\n\t\t\t\t<\/div>\n\t\t\t\t<\/div>\n\t\t<div class=\"elementor-element elementor-element-d084acb e-con-full e-flex e-con e-child\" data-id=\"d084acb\" data-element_type=\"container\" data-e-type=\"container\" data-settings=\"{&quot;background_background&quot;:&quot;classic&quot;}\">\n\t\t\t\t<\/div>\n\t\t\t\t\t<\/div>\n\t\t\t\t<\/div>\n\t\t<div class=\"elementor-element elementor-element-dfd28e3 e-flex e-con-boxed e-con e-parent\" data-id=\"dfd28e3\" data-element_type=\"container\" data-e-type=\"container\" data-settings=\"{&quot;background_background&quot;:&quot;classic&quot;}\">\n\t\t\t\t\t<div class=\"e-con-inner\">\n\t\t<div class=\"elementor-element elementor-element-c896b03 e-con-full e-flex e-con e-child\" data-id=\"c896b03\" data-element_type=\"container\" data-e-type=\"container\" data-settings=\"{&quot;background_background&quot;:&quot;classic&quot;}\">\n\t\t\t\t<\/div>\n\t\t<div class=\"elementor-element elementor-element-e23735b e-con-full e-flex e-con e-child\" data-id=\"e23735b\" data-element_type=\"container\" data-e-type=\"container\">\n\t\t\t\t<div class=\"elementor-element elementor-element-9bcd0be elementor-widget elementor-widget-heading\" data-id=\"9bcd0be\" data-element_type=\"widget\" data-e-type=\"widget\" data-widget_type=\"heading.default\">\n\t\t\t\t<div class=\"elementor-widget-container\">\n\t\t\t\t\t<h1 class=\"elementor-heading-title elementor-size-default\">Ch\u00faa Gi\u00easu bi\u1ebfn \u0111\u1ed5i b\u1ea1n<\/h1>\t\t\t\t<\/div>\n\t\t\t\t<\/div>\n\t\t\t\t<div class=\"elementor-element elementor-element-965ba12 elementor-widget elementor-widget-text-editor\" data-id=\"965ba12\" data-element_type=\"widget\" data-e-type=\"widget\" data-widget_type=\"text-editor.default\">\n\t\t\t\t<div class=\"elementor-widget-container\">\n\t\t\t\t\t\t\t\t\t<p>Tuy nhi\u00ean, n\u1ebfu b\u1ea1n \u0111\u00e3 tr\u1ea3i nghi\u1ec7m Ng\u00e0i, b\u1ea1n kh\u00f4ng t\u1ef1 \u0111\u1ed9ng k\u1ebft n\u1ed1i v\u1edbi Ng\u00e0i. \u0110\u01a1n gi\u1ea3n l\u00e0 v\u00ec Ng\u00e0i \u0111ang ch\u1edd \u0111\u1ee3i b\u1ea1n ch\u1ee7 \u0111\u1ed9ng m\u1eddi Ng\u00e0i v\u00e0o cu\u1ed9c \u0111\u1eddi m\u00ecnh. N\u1ebfu b\u1ea1n d\u00e1m th\u1ef1c hi\u1ec7n b\u01b0\u1edbc n\u00e0y, b\u1ea1n \u0111ang quy\u1ebft \u0111\u1ecbnh r\u1eb1ng t\u1eeb gi\u1edd ph\u00fat n\u00e0y tr\u1edf \u0111i, Ch\u00faa Gi\u00ea-su s\u1ebd cai tr\u1ecb v\u00e0 d\u1eabn d\u1eaft b\u1ea1n trong cu\u1ed9c \u0111\u1eddi.  <\/p><p>C\u00f3 l\u1ebd, trong t\u00ecnh y\u00eau th\u01b0\u01a1ng c\u1ee7a Ng\u00e0i, Ng\u00e0i s\u1ebd cho b\u1ea1n th\u1ea5y, t\u1eebng ch\u00fat m\u1ed9t, nh\u1eefng \u0111i\u1ec1u trong cu\u1ed9c s\u1ed1ng m\u00e0 Ng\u00e0i mu\u1ed1n thay \u0111\u1ed5i b\u1ea1n. Nh\u01b0ng b\u1ea1n kh\u00f4ng c\u1ea7n ph\u1ea3i lo l\u1eafng, v\u00ec b\u1ea1n kh\u00f4ng c\u1ea7n ph\u1ea3i t\u1ef1 m\u00ecnh l\u00e0m \u0111i\u1ec1u \u0111\u00f3; Ch\u00faa Gi\u00ea-su \u0111ang h\u00e0nh \u0111\u1ed9ng trong b\u1ea1n, v\u00e0 l\u00e0 \u0110\u1ea5ng T\u1ea1o H\u00f3a c\u1ee7a b\u1ea1n, Ng\u00e0i c\u0169ng bi\u1ebft \u0111i\u1ec1u g\u00ec l\u00e0 t\u1ed1t cho b\u1ea1n. <\/p><p>Ng\u00e0i l\u00e0 s\u1ef1 s\u1ed1ng thu\u1ea7n khi\u1ebft v\u00e0 \u1edf Ng\u00e0i, b\u1ea1n s\u1ebd t\u00ecm th\u1ea5y m\u1ecdi th\u1ee9 b\u1ea1n th\u1ef1c s\u1ef1 c\u1ea7n \u0111\u1ec3 \u0111\u01b0\u1ee3c h\u1ea1nh ph\u00fac v\u00e0 c\u00f3 m\u1ed9t cu\u1ed9c s\u1ed1ng vi\u00ean m\u00e3n.<\/p>\t\t\t\t\t\t\t\t<\/div>\n\t\t\t\t<\/div>\n\t\t\t\t<\/div>\n\t\t\t\t\t<\/div>\n\t\t\t\t<\/div>\n\t\t<div class=\"elementor-element elementor-element-c2d7e74 e-flex e-con-boxed e-con e-parent\" data-id=\"c2d7e74\" data-element_type=\"container\" data-e-type=\"container\" data-settings=\"{&quot;background_background&quot;:&quot;classic&quot;}\">\n\t\t\t\t\t<div class=\"e-con-inner\">\n\t\t<div class=\"elementor-element elementor-element-0e57596 e-con-full e-flex e-con e-child\" data-id=\"0e57596\" data-element_type=\"container\" data-e-type=\"container\">\n\t\t\t\t<div class=\"elementor-element elementor-element-0207468 elementor-widget elementor-widget-heading\" data-id=\"0207468\" data-element_type=\"widget\" data-e-type=\"widget\" data-widget_type=\"heading.default\">\n\t\t\t\t<div class=\"elementor-widget-container\">\n\t\t\t\t\t<h1 class=\"elementor-heading-title elementor-size-default\">M\u1eddi Ch\u00faa Gi\u00easu<\/h1>\t\t\t\t<\/div>\n\t\t\t\t<\/div>\n\t\t\t\t<div class=\"elementor-element elementor-element-3b35f4d elementor-widget elementor-widget-text-editor\" data-id=\"3b35f4d\" data-element_type=\"widget\" data-e-type=\"widget\" data-widget_type=\"text-editor.default\">\n\t\t\t\t<div class=\"elementor-widget-container\">\n\t\t\t\t\t\t\t\t\t<p>B\u1ea1n c\u00f3 th\u1ec3 m\u1eddi Ch\u00faa Gi\u00ea\u00adsu b\u1eb1ng nh\u1eefng l\u1eddi n\u00e0y ho\u1eb7c nh\u1eefng l\u1eddi t\u01b0\u01a1ng t\u1ef1:<\/p><p><strong>\u201cL\u1ea1y Ch\u00faa Gi\u00ea-su, con c\u1ea3m t\u1ea1 Ch\u00faa v\u00ec con c\u00f3 th\u1ec3 \u0111\u1ebfn v\u1edbi Ch\u00faa nh\u01b0 con v\u1ed1n c\u00f3. C\u1ea3m t\u1ea1 Ch\u00faa v\u00ec Ch\u00faa y\u00eau th\u01b0\u01a1ng con nhi\u1ec1u \u0111\u1ebfn th\u1ebf v\u00e0 \u0111\u00e3 tr\u1ea3 gi\u00e1 cho t\u1ed9i l\u1ed7i c\u1ee7a con tr\u00ean th\u1eadp t\u1ef1 gi\u00e1. Xin Ch\u00faa tha th\u1ee9 t\u1ed9i l\u1ed7i con.\u201d  <\/strong><\/p><p>B\u00e2y gi\u1edd b\u1ea1n c\u00f3 th\u1ec3 li\u1ec7t k\u00ea v\u1edbi Ng\u00e0i nh\u1eefng \u0111i\u1ec1u b\u1ea1n \u0111\u00e3 ph\u1ea1m t\u1ed9i tr\u01b0\u1edbc m\u1eb7t \u0110\u1ee9c Ch\u00faa Tr\u1eddi v\u00e0 lo\u00e0i ng\u01b0\u1eddi. \u0110i\u1ec1u n\u00e0y l\u00e0 c\u1ea7n thi\u1ebft v\u00ec b\u1ea1n ch\u1ec9 c\u00f3 th\u1ec3 k\u1ebft n\u1ed1i v\u1edbi \u0110\u1ee9c Ch\u00faa Tr\u1eddi n\u1ebfu Ch\u00faa Gi\u00ea-su \u0111\u00e3 tha th\u1ee9 t\u1ed9i l\u1ed7i cho b\u1ea1n. <\/p><p><strong>\u201cCon m\u1eddi Ch\u00faa: Xin h\u00e3y \u0111\u1ebfn trong cu\u1ed9c \u0111\u1eddi con. T\u1eeb nay, cu\u1ed9c \u0111\u1eddi con s\u1ebd thu\u1ed9c v\u1ec1 Ch\u00faa, v\u00e0 con mu\u1ed1n theo Ch\u00faa trong m\u1ecdi s\u1ef1. Xin \u0111\u1ed5 \u0111\u1ea7y Th\u00e1nh Linh Ch\u00faa trong con. Amen.\u201d   <\/strong><\/p>\t\t\t\t\t\t\t\t<\/div>\n\t\t\t\t<\/div>\n\t\t\t\t<\/div>\n\t\t<div class=\"elementor-element elementor-element-7f4790a e-con-full e-flex e-con e-child\" data-id=\"7f4790a\" data-element_type=\"container\" data-e-type=\"container\" data-settings=\"{&quot;background_background&quot;:&quot;classic&quot;}\">\n\t\t\t\t<\/div>\n\t\t\t\t\t<\/div>\n\t\t\t\t<\/div>\n\t\t<div class=\"elementor-element elementor-element-beeb142 e-flex e-con-boxed e-con e-parent\" data-id=\"beeb142\" data-element_type=\"container\" data-e-type=\"container\" data-settings=\"{&quot;background_background&quot;:&quot;classic&quot;}\">\n\t\t\t\t\t<div class=\"e-con-inner\">\n\t\t<div class=\"elementor-element elementor-element-a2e7c07 e-con-full e-flex e-con e-child\" data-id=\"a2e7c07\" data-element_type=\"container\" data-e-type=\"container\" data-settings=\"{&quot;background_background&quot;:&quot;classic&quot;}\">\n\t\t\t\t<\/div>\n\t\t<div class=\"elementor-element elementor-element-0da362c e-con-full e-flex e-con e-child\" data-id=\"0da362c\" data-element_type=\"container\" data-e-type=\"container\">\n\t\t\t\t<div class=\"elementor-element elementor-element-5d8983f elementor-widget elementor-widget-heading\" data-id=\"5d8983f\" data-element_type=\"widget\" data-e-type=\"widget\" data-widget_type=\"heading.default\">\n\t\t\t\t<div class=\"elementor-widget-container\">\n\t\t\t\t\t<h1 class=\"elementor-heading-title elementor-size-default\">Th\u1ef1c hi\u1ec7n c\u00e1c b\u01b0\u1edbc ti\u1ebfp theo<\/h1>\t\t\t\t<\/div>\n\t\t\t\t<\/div>\n\t\t\t\t<div class=\"elementor-element elementor-element-a9fadd0 elementor-widget elementor-widget-text-editor\" data-id=\"a9fadd0\" data-element_type=\"widget\" data-e-type=\"widget\" data-widget_type=\"text-editor.default\">\n\t\t\t\t<div class=\"elementor-widget-container\">\n\t\t\t\t\t\t\t\t\t<p>\u0110\u1ec3 \u0111\u1ee9c tin c\u1ee7a b\u1ea1n \u0111\u01b0\u1ee3c x\u00e2y d\u1ef1ng v\u1eefng ch\u1eafc tr\u00ean n\u1ec1n t\u1ea3ng v\u1eefng ch\u1eafc, \u0111i\u1ec1u quan tr\u1ecdng l\u00e0 b\u1ea1n ph\u1ea3i hi\u1ec3u bi\u1ebft Ch\u00faa h\u01a1n th\u00f4ng qua vi\u1ec7c \u0111\u1ecdc Kinh Th\u00e1nh (ch\u00fang t\u00f4i r\u1ea5t vui l\u00f2ng g\u1eedi cho b\u1ea1n m\u1ed9t cu\u1ed1n Kinh Th\u00e1nh mi\u1ec5n ph\u00ed) v\u00e0 c\u00f3 nh\u1eefng C\u01a1 \u0110\u1ed1c nh\u00e2n \u0111\u1ecba ph\u01b0\u01a1ng c\u00f3 th\u1ec3 h\u1ed7 tr\u1ee3 b\u1ea1n trong \u0111\u1ee9c tin. B\u1ea1n c\u00f3 th\u1ec3 t\u00ecm th\u1ea5y m\u1ed9t H\u1ed9i Th\u00e1nh S\u1ed1ng g\u1ea7n b\u1ea1n t\u1ea1i \u0111\u00e2y: <\/p>\t\t\t\t\t\t\t\t<\/div>\n\t\t\t\t<\/div>\n\t\t\t\t<div class=\"elementor-element elementor-element-70ef0f3 elementor-align-left elementor-widget elementor-widget-button\" data-id=\"70ef0f3\" data-element_type=\"widget\" data-e-type=\"widget\" data-settings=\"{&quot;motion_fx_motion_fx_scrolling&quot;:&quot;yes&quot;,&quot;motion_fx_devices&quot;:[&quot;desktop&quot;,&quot;tablet&quot;,&quot;mobile&quot;]}\" data-widget_type=\"button.default\">\n\t\t\t\t<div class=\"elementor-widget-container\">\n\t\t\t\t\t\t\t\t\t<div class=\"elementor-button-wrapper\">\n\t\t\t\t\t<a class=\"elementor-button elementor-button-link elementor-size-sm\" href=\"#elementor-action%3Aaction%3Dpopup%3Aopen%26settings%3DeyJpZCI6MzQ1MCwidG9nZ2xlIjp0cnVlfQ%3D%3D\">\n\t\t\t\t\t\t<span class=\"elementor-button-content-wrapper\">\n\t\t\t\t\t\t<span class=\"elementor-button-icon\">\n\t\t\t\t<svg aria-hidden=\"true\" class=\"e-font-icon-svg e-fas-users\" viewBox=\"0 0 640 512\"><path d=\"M96 224c35.3 0 64-28.7 64-64s-28.7-64-64-64-64 28.7-64 64 28.7 64 64 64zm448 0c35.3 0 64-28.7 64-64s-28.7-64-64-64-64 28.7-64 64 28.7 64 64 64zm32 32h-64c-17.6 0-33.5 7.1-45.1 18.6 40.3 22.1 68.9 62 75.1 109.4h66c17.7 0 32-14.3 32-32v-32c0-35.3-28.7-64-64-64zm-256 0c61.9 0 112-50.1 112-112S381.9 32 320 32 208 82.1 208 144s50.1 112 112 112zm76.8 32h-8.3c-20.8 10-43.9 16-68.5 16s-47.6-6-68.5-16h-8.3C179.6 288 128 339.6 128 403.2V432c0 26.5 21.5 48 48 48h288c26.5 0 48-21.5 48-48v-28.8c0-63.6-51.6-115.2-115.2-115.2zm-223.7-13.4C161.5 263.1 145.6 256 128 256H64c-35.3 0-64 28.7-64 64v32c0 17.7 14.3 32 32 32h65.9c6.3-47.4 34.9-87.3 75.2-109.4z\" \/><\/svg>\t\t\t<\/span>\n\t\t\t\t\t\t\t\t\t<span class=\"elementor-button-text\">Li\u00ean h\u1ec7<\/span>\n\t\t\t\t\t<\/span>\n\t\t\t\t\t<\/a>\n\t\t\t\t<\/div>\n\t\t\t\t\t\t\t\t<\/div>\n\t\t\t\t<\/div>\n\t\t\t\t<\/div>\n\t\t\t\t\t<\/div>\n\t\t\t\t<\/div>\n\t\t<div class=\"elementor-element elementor-element-9f71084 e-flex e-con-boxed e-con e-parent\" data-id=\"9f71084\" data-element_type=\"container\" data-e-type=\"container\">\n\t\t\t\t\t<div class=\"e-con-inner\">\n\t\t\t\t\t<\/div>\n\t\t\t\t<\/div>\n\t\t\t\t<\/div>\n\t\t","protected":false},"excerpt":{"rendered":"<p>N\u00f3i chuy\u1ec7n v\u1edbi anh \u1ea5y N\u1ebfu b\u1ea1n mu\u1ed1n ki\u1ec3m tra xem Ch\u00faa Jesus c\u00f3 t\u1ed3n t\u1ea1i hay kh\u00f4ng, b\u1ea1n ch\u1ec9 c\u1ea7n h\u1ecfi Ng\u00e0i: \u201cCh\u00faa Gi\u00ea\u00adsu, n\u1ebfu Ng\u00e0i th\u1ef1c s\u1ef1 hi\u1ec7n h\u1eefu, xin h\u00e3y cho con th\u1ea5y Ng\u00e0i \u0111ang \u1edf \u0111\u00e2y v\u00e0 Ng\u00e0i y\u00eau th\u01b0\u01a1ng con nhi\u1ec1u \u0111\u1ebfn th\u1ebf n\u00e0o.\u201d L\u1eddi h\u1ee9a c\u1ee7a Ch\u00faa \u0111\u01b0\u1ee3c l\u1eb7p [\u2026]<\/p>\n","protected":false},"author":1,"featured_media":0,"parent":0,"menu_order":0,"comment_status":"closed","ping_status":"closed","template":"","meta":{"_acf_changed":false,"wp_typography_post_enhancements_disabled":false,"footnotes":""},"class_list":["post-3428","page","type-page","status-publish","hentry"],"acf":[],"_links":{"self":[{"href":"https:\/\/jeliebt.de\/vi\/wp-json\/wp\/v2\/pages\/3428","targetHints":{"allow":["GET"]}}],"collection":[{"href":"https:\/\/jeliebt.de\/vi\/wp-json\/wp\/v2\/pages"}],"about":[{"href":"https:\/\/jeliebt.de\/vi\/wp-json\/wp\/v2\/types\/page"}],"author":[{"embeddable":true,"href":"https:\/\/jeliebt.de\/vi\/wp-json\/wp\/v2\/users\/1"}],"replies":[{"embeddable":true,"href":"https:\/\/jeliebt.de\/vi\/wp-json\/wp\/v2\/comments?post=3428"}],"version-history":[{"count":3,"href":"https:\/\/jeliebt.de\/vi\/wp-json\/wp\/v2\/pages\/3428\/revisions"}],"predecessor-version":[{"id":3477,"href":"https:\/\/jeliebt.de\/vi\/wp-json\/wp\/v2\/pages\/3428\/revisions\/3477"}],"wp:attachment":[{"href":"https:\/\/jeliebt.de\/vi\/wp-json\/wp\/v2\/media?parent=3428"}],"curies":[{"name":"wp","href":"https:\/\/api.w.org\/{rel}","templated":true}]}}