{"id":3417,"date":"2025-02-21T09:05:31","date_gmt":"2025-02-21T08:05:31","guid":{"rendered":"https:\/\/jeliebt.de\/chia-se-cau-chuyen\/"},"modified":"2026-02-27T13:59:58","modified_gmt":"2026-02-27T12:59:58","slug":"chia-se-cau-chuyen","status":"publish","type":"page","link":"https:\/\/jeliebt.de\/vi\/chia-se-cau-chuyen\/","title":{"rendered":"Chia s\u1ebb c\u00e2u chuy\u1ec7n"},"content":{"rendered":"\t\t<div data-elementor-type=\"wp-page\" data-elementor-id=\"3417\" class=\"elementor elementor-3417 elementor-2492\" data-elementor-post-type=\"page\">\n\t\t\t\t<div class=\"elementor-element elementor-element-64811e2 e-grid e-con-boxed e-con e-parent\" data-id=\"64811e2\" data-element_type=\"container\" data-e-type=\"container\">\n\t\t\t\t\t<div class=\"e-con-inner\">\n\t\t<div class=\"elementor-element elementor-element-887841a e-con-full e-flex e-con e-child\" data-id=\"887841a\" data-element_type=\"container\" data-e-type=\"container\">\n\t\t\t\t<div class=\"elementor-element elementor-element-267b052 elementor-widget elementor-widget-image\" data-id=\"267b052\" data-element_type=\"widget\" data-e-type=\"widget\" data-widget_type=\"image.default\">\n\t\t\t\t<div class=\"elementor-widget-container\">\n\t\t\t\t\t\t\t\t\t\t\t\t\t\t\t\t<a href=\"#elementor-action%3Aaction%3Dlightbox%26settings%3DeyJ0eXBlIjoidmlkZW8iLCJ2aWRlb1R5cGUiOiJ5b3V0dWJlIiwidXJsIjoiaHR0cHM6XC9cL3d3dy55b3V0dWJlLmNvbVwvZW1iZWRcL1JuNDBzelNUeUljP2ZlYXR1cmU9b2VtYmVkIn0%3D\">\n\t\t\t\t\t\t\t<img fetchpriority=\"high\" decoding=\"async\" width=\"714\" height=\"715\" src=\"https:\/\/jeliebt.de\/wp-content\/uploads\/jeliebt-jesus-leibt-story-teilen-anleitung-thumb-1.webp\" class=\"attachment-large size-large wp-image-3419\" alt>\t\t\t\t\t\t\t\t<\/a>\n\t\t\t\t\t\t\t\t\t\t\t\t\t\t\t<\/div>\n\t\t\t\t<\/div>\n\t\t\t\t<\/div>\n\t\t<div class=\"elementor-element elementor-element-383936a e-con-full e-flex e-con e-child\" data-id=\"383936a\" data-element_type=\"container\" data-e-type=\"container\">\n\t\t\t\t<div class=\"elementor-element elementor-element-3d8719e elementor-widget__width-initial elementor-widget elementor-widget-text-editor\" data-id=\"3d8719e\" data-element_type=\"widget\" data-e-type=\"widget\" data-widget_type=\"text-editor.default\">\n\t\t\t\t<div class=\"elementor-widget-container\">\n\t\t\t\t\t\t\t\t\t<p>C\u1ea3m \u01a1n b\u1ea1n \u0111\u00e3 chia s\u1ebb <strong>c\u00e2u chuy\u1ec7n JELIEBT<\/strong> c\u1ee7a m\u00ecnh v\u1edbi th\u1ebf gi\u1edbi. Video n\u00e0y s\u1ebd gi\u1ea3i th\u00edch m\u1ecdi th\u1ee9. <\/p><p>Vui l\u00f2ng ch\u1ecdn lo\u1ea1i c\u00e2u chuy\u1ec7n b\u1ea1n mu\u1ed1n chia s\u1ebb:<\/p>\t\t\t\t\t\t\t\t<\/div>\n\t\t\t\t<\/div>\n\t\t\t\t<div class=\"elementor-element elementor-element-e9db5c4 elementor-widget elementor-widget-n-accordion\" data-id=\"e9db5c4\" data-element_type=\"widget\" data-e-type=\"widget\" data-settings=\"{&quot;default_state&quot;:&quot;all_collapsed&quot;,&quot;max_items_expended&quot;:&quot;one&quot;,&quot;n_accordion_animation_duration&quot;:{&quot;unit&quot;:&quot;ms&quot;,&quot;size&quot;:400,&quot;sizes&quot;:[]}}\" data-widget_type=\"nested-accordion.default\">\n\t\t\t\t<div class=\"elementor-widget-container\">\n\t\t\t\t\t\t\t<div class=\"e-n-accordion\" aria-label=\"Accordion. Open links with Enter or Space, close with Escape, and navigate with Arrow Keys\">\n\t\t\t\t\t\t<details id=\"e-n-accordion-item-2450\" class=\"e-n-accordion-item\">\n\t\t\t\t<summary class=\"e-n-accordion-item-title\" data-accordion-index=\"1\" tabindex=\"0\" aria-expanded=\"false\" aria-controls=\"e-n-accordion-item-2450\">\n\t\t\t\t\t<span class=\"e-n-accordion-item-title-header\"><div class=\"e-n-accordion-item-title-text\"> L\u1ef1a ch\u1ecdn 1: C\u00e2u chuy\u1ec7n JELIEBT <\/div><\/span>\n\t\t\t\t\t\t\t\t\t<\/summary>\n\t\t\t\t<div role=\"region\" aria-labelledby=\"e-n-accordion-item-2450\" class=\"elementor-element elementor-element-b87dea5 e-con-full e-flex e-con e-child\" data-id=\"b87dea5\" data-element_type=\"container\" data-e-type=\"container\">\n\t\t\t\t<div class=\"elementor-element elementor-element-8809c0a elementor-widget__width-initial elementor-widget elementor-widget-text-editor\" data-id=\"8809c0a\" data-element_type=\"widget\" data-e-type=\"widget\" data-widget_type=\"text-editor.default\">\n\t\t\t\t<div class=\"elementor-widget-container\">\n\t\t\t\t\t\t\t\t\t<p><strong>H\u00c3Y K\u1ec2 CHO CH\u00daNG T\u00d4I BI\u1ebeT TRONG 3 B\u01af\u1edaC B\u1ea0N \u0110\u00c3 KH\u00c1M PH\u00c1 T\u00ccNH Y\u00caU C\u1ee6A CH\u00daA GI\u00caSU NH\u01af TH\u1ebe N\u00c0O:<\/strong><\/p><ol><li>Cu\u1ed9c s\u1ed1ng c\u1ee7a b\u1ea1n nh\u01b0 th\u1ebf n\u00e0o <strong>tr\u01b0\u1edbc khi<\/strong> b\u1ea1n tr\u1ea3i nghi\u1ec7m t\u00ecnh y\u00eau c\u1ee7a Ch\u00faa?  <\/li><li>B\u1ea1n <strong>bi\u1ebft \u0111\u1ebfn<\/strong> t\u00ecnh y\u00eau c\u1ee7a Ch\u00faa Jesus nh\u01b0 th\u1ebf n\u00e0o?  <\/li><li>Cu\u1ed9c s\u1ed1ng c\u1ee7a b\u1ea1n \u0111\u00e3 thay \u0111\u1ed5i nh\u01b0 th\u1ebf n\u00e0o <strong>sau khi<\/strong> tr\u1ea3i nghi\u1ec7m t\u00ecnh y\u00eau c\u1ee7a Ch\u00faa?<\/li><\/ol>\t\t\t\t\t\t\t\t<\/div>\n\t\t\t\t<\/div>\n\t\t\t\t<\/div>\n\t\t\t\t\t<\/details>\n\t\t\t\t\t\t<details id=\"e-n-accordion-item-2451\" class=\"e-n-accordion-item\">\n\t\t\t\t<summary class=\"e-n-accordion-item-title\" data-accordion-index=\"2\" tabindex=\"-1\" aria-expanded=\"false\" aria-controls=\"e-n-accordion-item-2451\">\n\t\t\t\t\t<span class=\"e-n-accordion-item-title-header\"><div class=\"e-n-accordion-item-title-text\"> L\u1ef1a ch\u1ecdn 2: C\u00e2u chuy\u1ec7n TR\u1ea2I NGHI\u1ec6M <\/div><\/span>\n\t\t\t\t\t\t\t\t\t<\/summary>\n\t\t\t\t<div role=\"region\" aria-labelledby=\"e-n-accordion-item-2451\" class=\"elementor-element elementor-element-99c0d23 e-con-full e-flex e-con e-child\" data-id=\"99c0d23\" data-element_type=\"container\" data-e-type=\"container\">\n\t\t\t\t<div class=\"elementor-element elementor-element-a5c4c66 elementor-widget__width-initial elementor-widget elementor-widget-text-editor\" data-id=\"a5c4c66\" data-element_type=\"widget\" data-e-type=\"widget\" data-widget_type=\"text-editor.default\">\n\t\t\t\t<div class=\"elementor-widget-container\">\n\t\t\t\t\t\t\t\t\t<p><strong>K\u1ec2 L\u1ea0I TR\u1ea2I NGHI\u1ec6M C\u1ee6A B\u1ea0N V\u1edaI CH\u00daA TRONG 3 B\u01af\u1edaC:<\/strong><\/p><ol><li>T\u00ecnh h\u00ecnh th\u1ebf n\u00e0o <strong>tr\u01b0\u1edbc khi<\/strong> Ch\u00faa can thi\u1ec7p?  <\/li><li>B\u1ea1n \u0111\u00e3 <strong>c\u1ea7u xin Ch\u00faa gi\u00fap \u0111\u1ee1<\/strong> nh\u01b0 th\u1ebf n\u00e0o?  <\/li><li>Ch\u00faa \u0111\u00e3 <strong>thay \u0111\u1ed5i<\/strong> t\u00ecnh h\u00ecnh nh\u01b0 th\u1ebf n\u00e0o?<\/li><\/ol>\t\t\t\t\t\t\t\t<\/div>\n\t\t\t\t<\/div>\n\t\t\t\t<\/div>\n\t\t\t\t\t<\/details>\n\t\t\t\t\t<\/div>\n\t\t\t\t\t\t<\/div>\n\t\t\t\t<\/div>\n\t\t\t\t<\/div>\n\t\t\t\t\t<\/div>\n\t\t\t\t<\/div>\n\t\t<div class=\"elementor-element elementor-element-4fffbcb e-flex e-con-boxed e-con e-parent\" data-id=\"4fffbcb\" data-element_type=\"container\" data-e-type=\"container\">\n\t\t\t\t\t<div class=\"e-con-inner\">\n\t\t\t\t<div class=\"elementor-element elementor-element-4534c2f elementor-button-align-stretch elementor-widget elementor-widget-form\" data-id=\"4534c2f\" data-element_type=\"widget\" data-e-type=\"widget\" data-settings=\"{&quot;step_next_label&quot;:&quot;Ti\\u1ebfp theo&quot;,&quot;step_previous_label&quot;:&quot;Tr\\u01b0\\u1edbc \\u0111\\u00f3&quot;,&quot;button_width&quot;:&quot;100&quot;,&quot;step_type&quot;:&quot;number_text&quot;,&quot;step_icon_shape&quot;:&quot;circle&quot;}\" data-widget_type=\"form.default\">\n\t\t\t\t<div class=\"elementor-widget-container\">\n\t\t\t\t\t<template id=\"cfef_logic_data_4534c2f\" class=\"cfef_logic_data_js\" data-form-id=\"4534c2f\">{\u201cmessage\u201d:{\u201cdisplay_mode\u201d:\u201chide\u201d,\u201cfire_action\u201d:\u201cAll\u201d,\u201cfile_types\u201d:\u201cpng\u201d,\u201clogic_data\u201d:[{\u201ccfef_logic_field_id\u201d:\u201cwieteilen\u201d,\u201ccfef_logic_field_is\u201d:\u201d==\u201d,\u201ccfef_logic_compare_value\u201d:\u201cVideo\u201d,\u201c_id\u201d:\u201c5b58432\u201d}]},\u201cfield_86389b4\u201d:{\u201cdisplay_mode\u201d:\u201cshow\u201d,\u201cfire_action\u201d:\u201cAll\u201d,\u201cfile_types\u201d:\u201cpng\u201d,\u201clogic_data\u201d:[{\u201ccfef_logic_field_id\u201d:\u201cwieteilen\u201d,\u201ccfef_logic_field_is\u201d:\u201d!=\u201d,\u201ccfef_logic_compare_value\u201d:\u201c1\u201d,\u201c_id\u201d:\u201c011eed9\u201d}]}}<\/template>\t\t<form class=\"elementor-form\" method=\"post\" name=\"Chia s\u1ebb bi\u1ec3u m\u1eabu c\u00e2u chuy\u1ec7n\" aria-label=\"Chia s\u1ebb bi\u1ec3u m\u1eabu c\u00e2u chuy\u1ec7n\">\n\t\t\t<input type=\"hidden\" name=\"post_id\" value=\"3417\">\n\t\t\t<input type=\"hidden\" name=\"form_id\" value=\"4534c2f\">\n\t\t\t<input type=\"hidden\" name=\"referer_title\" value=\"Chia s\u1ebb c\u00e2u chuy\u1ec7n\">\n\n\t\t\t\t\t\t\t<input type=\"hidden\" name=\"queried_id\" value=\"3417\">\n\t\t\t\n\t\t\t<div class=\"elementor-form-fields-wrapper elementor-labels-above\">\n\t\t\t\t\t\t\t\t<div class=\"elementor-field-type-step elementor-field-group elementor-column elementor-field-group-field_48de5fa elementor-col-100\">\n\t\t\t\t\t\t\t<div class=\"e-field-step elementor-hidden\" data-label=\"truy v\u1ea5n\" data-previousbutton data-nextbutton data-iconurl data-iconlibrary=\"fas fa-star\" data-icon=\"<svg class=&quot;e-font-icon-svg e-fas-star&quot; viewBox=&quot;0 0 576 512&quot; xmlns=&quot;http:\/\/www.w3.org\/2000\/svg&quot;><path d=&quot;M259.3 17.8L194 150.2 47.9 171.5c-26.2 3.8-36.7 36.1-17.7 54.6l105.7 103-25 145.5c-4.5 26.3 23.2 46 46.4 33.7L288 439.6l130.7 68.7c23.2 12.2 50.9-7.4 46.4-33.7l-25-145.5 105.7-103c19-18.5 8.5-50.8-17.7-54.6L382 150.2 316.7 17.8c-11.7-23.6-45.6-23.9-57.4 0z&quot;><\/path><\/svg>\"><\/div>\n\n\t\t\t\t\t\t<\/div>\n\t\t\t\t\t\t\t\t<div class=\"elementor-field-type-radio elementor-field-group elementor-column elementor-field-group-wieteilen elementor-col-100 elementor-field-required elementor-mark-required\">\n\t\t\t\t\t\t\t\t\t\t\t\t<label for=\"form-field-wieteilen\" class=\"elementor-field-label\">\n\t\t\t\t\t\t\t\tB\u1ea1n mu\u1ed1n chia s\u1ebb c\u00e2u chuy\u1ec7n JELIEBT c\u1ee7a m\u00ecnh nh\u01b0 th\u1ebf n\u00e0o?\t\t\t\t\t\t\t<\/label>\n\t\t\t\t\t\t<div class=\"elementor-field-subgroup  \"><span class=\"elementor-field-option\"><input type=\"radio\" value=\"b\u0103ng h\u00ecnh\" id=\"form-field-wieteilen-0\" name=\"form_fields[wieteilen]\" required=\"required\"> <label for=\"form-field-wieteilen-0\">b\u0103ng h\u00ecnh<\/label><\/span><span class=\"elementor-field-option\"><input type=\"radio\" value=\" ch\u1eef\" id=\"form-field-wieteilen-1\" name=\"form_fields[wieteilen]\" required=\"required\"> <label for=\"form-field-wieteilen-1\"> ch\u1eef<\/label><\/span><span class=\"elementor-field-option\"><input type=\"radio\" value=\" Video v\u00e0 v\u0103n b\u1ea3n\" id=\"form-field-wieteilen-2\" name=\"form_fields[wieteilen]\" required=\"required\"> <label for=\"form-field-wieteilen-2\"> Video v\u00e0 v\u0103n b\u1ea3n<\/label><\/span><\/div>\t\t\t\t<\/div>\n\t\t\t\t\t\t\t\t<div class=\"elementor-field-type-text elementor-field-group elementor-column elementor-field-group-field_2017167 elementor-col-50 elementor-field-required elementor-mark-required\">\n\t\t\t\t\t\t\t\t\t\t\t\t<label for=\"form-field-field_2017167\" class=\"elementor-field-label\">\n\t\t\t\t\t\t\t\tT\u00ean hi\u1ec3n th\u1ecb\t\t\t\t\t\t\t<\/label>\n\t\t\t\t\t\t\t\t\t\t\t\t\t\t<input size=\"1\" type=\"text\" name=\"form_fields[field_2017167]\" id=\"form-field-field_2017167\" class=\"elementor-field elementor-size-sm  elementor-field-textual\" required=\"required\">\n\t\t\t\t\t\t\t\t\t\t\t<\/div>\n\t\t\t\t\t\t\t\t<div class=\"elementor-field-type-upload elementor-field-group elementor-column elementor-field-group-field_ebf7d86 elementor-col-50 elementor-field-required elementor-mark-required\">\n\t\t\t\t\t\t\t\t\t\t\t\t<label for=\"form-field-field_ebf7d86\" class=\"elementor-field-label\">\n\t\t\t\t\t\t\t\t\u1ea2nh ch\u00e2n dung c\u1ee7a b\u1ea1n\t\t\t\t\t\t\t<\/label>\n\t\t\t\t\t\t\t\t<input type=\"file\" name=\"form_fields[field_ebf7d86]\" id=\"form-field-field_ebf7d86\" class=\"elementor-field elementor-size-sm  elementor-upload-field\" required=\"required\">\n\n\t\t\t\t\t\t<\/div>\n\t\t\t\t\t\t\t\t<div class=\"elementor-field-type-step elementor-field-group elementor-column elementor-field-group-field_decf92c elementor-col-100\">\n\t\t\t\t\t\t\t<div class=\"e-field-step elementor-hidden\" data-label=\"T\u1ea3i l\u00ean ph\u01b0\u01a1ng ti\u1ec7n\" data-previousbutton data-nextbutton data-iconurl data-iconlibrary=\"fas fa-star\" data-icon=\"<svg class=&quot;e-font-icon-svg e-fas-star&quot; viewBox=&quot;0 0 576 512&quot; xmlns=&quot;http:\/\/www.w3.org\/2000\/svg&quot;><path d=&quot;M259.3 17.8L194 150.2 47.9 171.5c-26.2 3.8-36.7 36.1-17.7 54.6l105.7 103-25 145.5c-4.5 26.3 23.2 46 46.4 33.7L288 439.6l130.7 68.7c23.2 12.2 50.9-7.4 46.4-33.7l-25-145.5 105.7-103c19-18.5 8.5-50.8-17.7-54.6L382 150.2 316.7 17.8c-11.7-23.6-45.6-23.9-57.4 0z&quot;><\/path><\/svg>\"><\/div>\n\n\t\t\t\t\t\t<\/div>\n\t\t\t\t\t\t\t\t<div class=\"elementor-field-type-textarea elementor-field-group elementor-column elementor-field-group-message elementor-col-100\">\n\t\t\t\t\t\t\t\t\t\t\t\t<label for=\"form-field-message\" class=\"elementor-field-label\">\n\t\t\t\t\t\t\t\tC\u00e2u chuy\u1ec7n JELIEBT c\u1ee7a b\u1ea1n d\u01b0\u1edbi d\u1ea1ng v\u0103n b\u1ea3n\t\t\t\t\t\t\t<\/label>\n\t\t\t\t\t\t<textarea class=\"elementor-field-textual elementor-field  elementor-size-sm\" name=\"form_fields[message]\" id=\"form-field-message\" rows=\"8\" placeholder=\"N\u1ebfu b\u1ea1n mu\u1ed1n chia s\u1ebb c\u00e2u chuy\u1ec7n c\u1ee7a m\u00ecnh d\u01b0\u1edbi d\u1ea1ng v\u0103n b\u1ea3n, vui l\u00f2ng ch\u00e8n v\u00e0o \u0111\u00e2y (t\u1ed1i \u0111a 800 t\u1eeb).\"><\/textarea>\t\t\t\t<\/div>\n\t\t\t\t\t\t\t\t<div class=\"elementor-field-type-html elementor-field-group elementor-column elementor-field-group-field_86389b4 elementor-col-100\">\n\t\t\t\t\t<p>B\u1ea1n s\u1ebd nh\u1eadn \u0111\u01b0\u1ee3c li\u00ean k\u1ebft \u0111\u1ec3 t\u1ea3i video l\u00ean qua email sau khi b\u1ea1n \u0111\u00e3 g\u1eedi bi\u1ec3u m\u1eabu.<\/p>\t\t\t\t<\/div>\n\t\t\t\t\t\t\t\t<div class=\"elementor-field-type-step elementor-field-group elementor-column elementor-field-group-field_35356f7 elementor-col-100\">\n\t\t\t\t\t\t\t<div class=\"e-field-step elementor-hidden\" data-label=\"Th\u00f4ng tin n\u1ed9i b\u1ed9\" data-previousbutton data-nextbutton data-iconurl data-iconlibrary=\"fas fa-star\" data-icon=\"<svg class=&quot;e-font-icon-svg e-fas-star&quot; viewBox=&quot;0 0 576 512&quot; xmlns=&quot;http:\/\/www.w3.org\/2000\/svg&quot;><path d=&quot;M259.3 17.8L194 150.2 47.9 171.5c-26.2 3.8-36.7 36.1-17.7 54.6l105.7 103-25 145.5c-4.5 26.3 23.2 46 46.4 33.7L288 439.6l130.7 68.7c23.2 12.2 50.9-7.4 46.4-33.7l-25-145.5 105.7-103c19-18.5 8.5-50.8-17.7-54.6L382 150.2 316.7 17.8c-11.7-23.6-45.6-23.9-57.4 0z&quot;><\/path><\/svg>\"><\/div>\n\n\t\t\t\t\t\t<\/div>\n\t\t\t\t\t\t\t\t<div class=\"elementor-field-type-html elementor-field-group elementor-column elementor-field-group-field_16f337e elementor-col-100\">\n\t\t\t\t\t<h4>Th\u00f4ng tin n\u00e0y ch\u1ec9 \u0111\u01b0\u1ee3c nh\u00f3m JELIEBT hi\u1ec3n th\u1ecb. Ch\u00fang t\u00f4i c\u1ea7n th\u00f4ng tin n\u00e0y ph\u00f2ng tr\u01b0\u1eddng h\u1ee3p c\u00f3 b\u1ea5t k\u1ef3 c\u00e2u h\u1ecfi n\u00e0o kh\u00e1c. <\/h4>\t\t\t\t<\/div>\n\t\t\t\t\t\t\t\t<div class=\"elementor-field-type-text elementor-field-group elementor-column elementor-field-group-name elementor-col-50 elementor-field-required elementor-mark-required\">\n\t\t\t\t\t\t\t\t\t\t\t\t<label for=\"form-field-name\" class=\"elementor-field-label\">\n\t\t\t\t\t\t\t\tT\u00ean c\u1ee7a b\u1ea1n\t\t\t\t\t\t\t<\/label>\n\t\t\t\t\t\t\t\t\t\t\t\t\t\t<input size=\"1\" type=\"text\" name=\"form_fields[name]\" id=\"form-field-name\" class=\"elementor-field elementor-size-sm  elementor-field-textual\" required=\"required\">\n\t\t\t\t\t\t\t\t\t\t\t<\/div>\n\t\t\t\t\t\t\t\t<div class=\"elementor-field-type-text elementor-field-group elementor-column elementor-field-group-field_45fada3 elementor-col-50\">\n\t\t\t\t\t\t\t\t\t\t\t\t<label for=\"form-field-field_45fada3\" class=\"elementor-field-label\">\n\t\t\t\t\t\t\t\tH\u1ecd c\u1ee7a b\u1ea1n\t\t\t\t\t\t\t<\/label>\n\t\t\t\t\t\t\t\t\t\t\t\t\t\t<input size=\"1\" type=\"text\" name=\"form_fields[field_45fada3]\" id=\"form-field-field_45fada3\" class=\"elementor-field elementor-size-sm  elementor-field-textual\">\n\t\t\t\t\t\t\t\t\t\t\t<\/div>\n\t\t\t\t\t\t\t\t<div class=\"elementor-field-type-email elementor-field-group elementor-column elementor-field-group-email elementor-col-50 elementor-field-required elementor-mark-required\">\n\t\t\t\t\t\t\t\t\t\t\t\t<label for=\"form-field-email\" class=\"elementor-field-label\">\n\t\t\t\t\t\t\t\tEmail c\u1ee7a b\u1ea1n\t\t\t\t\t\t\t<\/label>\n\t\t\t\t\t\t\t\t\t\t\t\t\t\t<input size=\"1\" type=\"email\" name=\"form_fields[email]\" id=\"form-field-email\" class=\"elementor-field elementor-size-sm  elementor-field-textual\" required=\"required\">\n\t\t\t\t\t\t\t\t\t\t\t<\/div>\n\t\t\t\t\t\t\t\t<div class=\"elementor-field-type-tel elementor-field-group elementor-column elementor-field-group-field_ecbf5ff elementor-col-50\">\n\t\t\t\t\t\t\t\t\t\t\t\t<label for=\"form-field-field_ecbf5ff\" class=\"elementor-field-label\">\n\t\t\t\t\t\t\t\tS\u1ed1 \u0111i\u1ec7n tho\u1ea1i di \u0111\u1ed9ng c\u1ee7a b\u1ea1n\t\t\t\t\t\t\t<\/label>\n\t\t\t\t\t\t\t\t<input size=\"1\" type=\"tel\" name=\"form_fields[field_ecbf5ff]\" id=\"form-field-field_ecbf5ff\" class=\"elementor-field elementor-size-sm  elementor-field-textual\" pattern=\"[0-9()#&amp;+*-=.]+\" title=\"Only numbers and phone characters (#, -, *, etc) are accepted.\">\n\n\t\t\t\t\t\t<\/div>\n\t\t\t\t\t\t\t\t<div class=\"elementor-field-type-step elementor-field-group elementor-column elementor-field-group-field_8a77fc7 elementor-col-100\">\n\t\t\t\t\t\t\t<div class=\"e-field-step elementor-hidden\" data-label=\"xu\u1ea5t b\u1ea3n\" data-previousbutton data-nextbutton data-iconurl data-iconlibrary=\"fas fa-star\" data-icon=\"<svg class=&quot;e-font-icon-svg e-fas-star&quot; viewBox=&quot;0 0 576 512&quot; xmlns=&quot;http:\/\/www.w3.org\/2000\/svg&quot;><path d=&quot;M259.3 17.8L194 150.2 47.9 171.5c-26.2 3.8-36.7 36.1-17.7 54.6l105.7 103-25 145.5c-4.5 26.3 23.2 46 46.4 33.7L288 439.6l130.7 68.7c23.2 12.2 50.9-7.4 46.4-33.7l-25-145.5 105.7-103c19-18.5 8.5-50.8-17.7-54.6L382 150.2 316.7 17.8c-11.7-23.6-45.6-23.9-57.4 0z&quot;><\/path><\/svg>\"><\/div>\n\n\t\t\t\t\t\t<\/div>\n\t\t\t\t\t\t\t\t<div class=\"elementor-field-type-html elementor-field-group elementor-column elementor-field-group-field_16f337e elementor-col-100\">\n\t\t\t\t\t<h4>Ch\u00fang t\u00f4i c\u00f3 th\u1ec3 \u0111\u0103ng c\u00e2u chuy\u1ec7n JELIEBT c\u1ee7a b\u1ea1n \u1edf \u0111\u00e2u?<\/h4>\t\t\t\t<\/div>\n\t\t\t\t\t\t\t\t<div class=\"elementor-field-type-radio elementor-field-group elementor-column elementor-field-group-field_bccc4d7 elementor-col-100 elementor-field-required elementor-mark-required\">\n\t\t\t\t\t\t\t\t\t\t\t\t<label for=\"form-field-field_bccc4d7\" class=\"elementor-field-label\">\n\t\t\t\t\t\t\t\tXu\u1ea5t b\u1ea3n tr\u00ean\t\t\t\t\t\t\t<\/label>\n\t\t\t\t\t\t<div class=\"elementor-field-subgroup  \"><span class=\"elementor-field-option\"><input type=\"radio\" value=\"JELIEBT.de v\u00e0 m\u1ea1ng x\u00e3 h\u1ed9i\" id=\"form-field-field_bccc4d7-0\" name=\"form_fields[field_bccc4d7]\" required=\"required\"> <label for=\"form-field-field_bccc4d7-0\">JELIEBT.de v\u00e0 m\u1ea1ng x\u00e3 h\u1ed9i<\/label><\/span><span class=\"elementor-field-option\"><input type=\"radio\" value=\" JELIEBT.de\" id=\"form-field-field_bccc4d7-1\" name=\"form_fields[field_bccc4d7]\" required=\"required\"> <label for=\"form-field-field_bccc4d7-1\"> JELIEBT.de<\/label><\/span><\/div>\t\t\t\t<\/div>\n\t\t\t\t\t\t\t\t<div class=\"elementor-field-type-acceptance elementor-field-group elementor-column elementor-field-group-field_3b97667 elementor-col-100 elementor-field-required elementor-mark-required\">\n\t\t\t\t\t\t\t<div class=\"elementor-field-subgroup\">\n\t\t\t<span class=\"elementor-field-option\">\n\t\t\t\t<input type=\"checkbox\" name=\"form_fields[field_3b97667]\" id=\"form-field-field_3b97667\" class=\"elementor-field elementor-size-sm  elementor-acceptance-field\" required=\"required\">\n\t\t\t\t<label for=\"form-field-field_3b97667\">T\u00f4i \u0111\u1ed3ng \u00fd x\u1eed l\u00fd d\u1eef li\u1ec7u c\u1ee7a t\u00f4i theo <a href=\"https:\/\/jeliebt.de\/vi\/bao-ve-du-lieu\/\">ch\u00ednh s\u00e1ch b\u1ea3o m\u1eadt.<\/a><\/label>\t\t\t<\/span>\n\t\t<\/div>\n\t\t\t\t\t\t<\/div>\n\t\t\t\t\t\t\t\t<div class=\"elementor-field-group elementor-column elementor-field-type-submit elementor-col-100 e-form__buttons\">\n\t\t\t\t\t<button class=\"elementor-button elementor-size-sm\" type=\"submit\">\n\t\t\t\t\t\t<span class=\"elementor-button-content-wrapper\">\n\t\t\t\t\t\t\t\t\t\t\t\t\t\t\t\t\t\t\t\t\t\t<span class=\"elementor-button-text\">Chia s\u1ebb c\u00e2u chuy\u1ec7n<\/span>\n\t\t\t\t\t\t\t\t\t\t\t\t\t<\/span>\n\t\t\t\t\t<\/button>\n\t\t\t\t<\/div>\n\t\t\t<\/div>\n\t\t<\/form>\n\t\t\t\t\t\t<\/div>\n\t\t\t\t<\/div>\n\t\t\t\t\t<\/div>\n\t\t\t\t<\/div>\n\t\t\t\t<\/div>\n\t\t","protected":false},"excerpt":{"rendered":"<p>C\u1ea3m \u01a1n b\u1ea1n \u0111\u00e3 chia s\u1ebb c\u00e2u chuy\u1ec7n JELIEBT c\u1ee7a m\u00ecnh v\u1edbi th\u1ebf gi\u1edbi. Video n\u00e0y s\u1ebd gi\u1ea3i th\u00edch m\u1ecdi th\u1ee9. Vui l\u00f2ng ch\u1ecdn lo\u1ea1i c\u00e2u chuy\u1ec7n b\u1ea1n mu\u1ed1n chia s\u1ebb: L\u1ef1a ch\u1ecdn 1: C\u00e2u chuy\u1ec7n JELIEBT H\u00c3Y K\u1ec2 CHO CH\u00daNG T\u00d4I BI\u1ebeT TRONG 3 B\u01af\u1edaC B\u1ea0N \u0110\u00c3 KH\u00c1M PH\u00c1 T\u00ccNH Y\u00caU C\u1ee6A CH\u00daA GI\u00caSU [\u2026]<\/p>\n","protected":false},"author":1,"featured_media":0,"parent":0,"menu_order":0,"comment_status":"closed","ping_status":"closed","template":"","meta":{"_acf_changed":false,"wp_typography_post_enhancements_disabled":false,"footnotes":""},"class_list":["post-3417","page","type-page","status-publish","hentry"],"acf":[],"_links":{"self":[{"href":"https:\/\/jeliebt.de\/vi\/wp-json\/wp\/v2\/pages\/3417","targetHints":{"allow":["GET"]}}],"collection":[{"href":"https:\/\/jeliebt.de\/vi\/wp-json\/wp\/v2\/pages"}],"about":[{"href":"https:\/\/jeliebt.de\/vi\/wp-json\/wp\/v2\/types\/page"}],"author":[{"embeddable":true,"href":"https:\/\/jeliebt.de\/vi\/wp-json\/wp\/v2\/users\/1"}],"replies":[{"embeddable":true,"href":"https:\/\/jeliebt.de\/vi\/wp-json\/wp\/v2\/comments?post=3417"}],"version-history":[{"count":7,"href":"https:\/\/jeliebt.de\/vi\/wp-json\/wp\/v2\/pages\/3417\/revisions"}],"predecessor-version":[{"id":3729,"href":"https:\/\/jeliebt.de\/vi\/wp-json\/wp\/v2\/pages\/3417\/revisions\/3729"}],"wp:attachment":[{"href":"https:\/\/jeliebt.de\/vi\/wp-json\/wp\/v2\/media?parent=3417"}],"curies":[{"name":"wp","href":"https:\/\/api.w.org\/{rel}","templated":true}]}}