{"id":4662,"date":"2026-01-21T10:13:48","date_gmt":"2026-01-21T09:13:48","guid":{"rendered":"https:\/\/jeliebt.de\/luke\/"},"modified":"2026-02-27T14:00:33","modified_gmt":"2026-02-27T13:00:33","slug":"luke","status":"publish","type":"page","link":"https:\/\/jeliebt.de\/tr\/luke\/","title":{"rendered":"Luke"},"content":{"rendered":"\t\t<div data-elementor-type=\"wp-page\" data-elementor-id=\"4662\" class=\"elementor elementor-4662 elementor-4004\" data-elementor-post-type=\"page\">\n\t\t\t\t<div class=\"elementor-element elementor-element-939132d e-flex e-con-boxed e-con e-parent\" data-id=\"939132d\" data-element_type=\"container\" data-e-type=\"container\" data-settings=\"{&quot;background_background&quot;:&quot;classic&quot;}\">\n\t\t\t\t\t<div class=\"e-con-inner\">\n\t\t<div class=\"elementor-element elementor-element-6fb122b e-con-full e-flex e-con e-child\" data-id=\"6fb122b\" data-element_type=\"container\" data-e-type=\"container\">\n\t\t\t\t<div class=\"elementor-element elementor-element-7c87e26 elementor-widget elementor-widget-heading\" data-id=\"7c87e26\" data-element_type=\"widget\" data-e-type=\"widget\" data-widget_type=\"heading.default\">\n\t\t\t\t<div class=\"elementor-widget-container\">\n\t\t\t\t\t<p class=\"elementor-heading-title elementor-size-default\"><span style=\"color:#e8358a\">Yeni<\/span> bir <span style=\"color:#e8358a\">ba\u015flan\u00adg\u0131\u00e7<\/span> m\u00fcm\u00adk\u00fcn<\/p>\t\t\t\t<\/div>\n\t\t\t\t<\/div>\n\t\t\t\t<div class=\"elementor-element elementor-element-aa003ba elementor-widget elementor-widget-heading\" data-id=\"aa003ba\" data-element_type=\"widget\" data-e-type=\"widget\" data-widget_type=\"heading.default\">\n\t\t\t\t<div class=\"elementor-widget-container\">\n\t\t\t\t\t<h1 class=\"elementor-heading-title elementor-size-default\">Lukas\u2019\u0131n hikayesi<\/h1>\t\t\t\t<\/div>\n\t\t\t\t<\/div>\n\t\t\t\t<\/div>\n\t\t<div class=\"elementor-element elementor-element-6c968a4 e-con-full e-flex e-con e-child\" data-id=\"6c968a4\" data-element_type=\"container\" data-e-type=\"container\" data-settings=\"{&quot;background_background&quot;:&quot;classic&quot;}\">\n\t\t<div class=\"elementor-element elementor-element-e07362b e-con-full e-grid e-con e-child\" data-id=\"e07362b\" data-element_type=\"container\" data-e-type=\"container\">\n\t\t<div class=\"elementor-element elementor-element-115e36b e-con-full e-flex e-con e-child\" data-id=\"115e36b\" data-element_type=\"container\" data-e-type=\"container\" data-settings=\"{&quot;background_background&quot;:&quot;classic&quot;}\">\n\t\t\t\t<div class=\"elementor-element elementor-element-787f97e elementor-widget elementor-widget-heading\" data-id=\"787f97e\" data-element_type=\"widget\" data-e-type=\"widget\" data-widget_type=\"heading.default\">\n\t\t\t\t<div class=\"elementor-widget-container\">\n\t\t\t\t\t<h2 class=\"elementor-heading-title elementor-size-default\">\u00d6nce<\/h2>\t\t\t\t<\/div>\n\t\t\t\t<\/div>\n\t\t\t\t<div class=\"elementor-element elementor-element-1e800ec elementor-widget elementor-widget-text-editor\" data-id=\"1e800ec\" data-element_type=\"widget\" data-e-type=\"widget\" data-widget_type=\"text-editor.default\">\n\t\t\t\t<div class=\"elementor-widget-container\">\n\t\t\t\t\t\t\t\t\t<p>Lukas 18 ya\u015f\u0131n\u00adday\u00adken uyu\u015f\u00adturucu ve alkol haya\u00adt\u0131\u00adna h\u00fck\u00adme\u00addi\u00adyor\u00addu. Ken\u00addi\u00adni bo\u015fluk\u00adta hisse\u00addi\u00adyor\u00addu. K\u0131sa s\u00fcr\u00adeli mut\u00adlu\u00adluk anlar\u0131\u00adna ra\u011f\u00admen, geri\u00adye sade\u00adce kor\u00adku kal\u00adm\u0131\u015f\u00adt\u0131. Anlam, \u00f6zg\u00fcr\u00adl\u00fck ve ger\u00ad\u00e7ek bir yeni ba\u015flan\u00adg\u0131\u00e7 \u00f6zle\u00admi i\u00e7in\u00adde b\u00fcy\u00fc\u00add\u00fc.   <\/p>\t\t\t\t\t\t\t\t<\/div>\n\t\t\t\t<\/div>\n\t\t\t\t<\/div>\n\t\t<div class=\"elementor-element elementor-element-6ea3543 e-con-full e-flex e-con e-child\" data-id=\"6ea3543\" data-element_type=\"container\" data-e-type=\"container\" data-settings=\"{&quot;background_background&quot;:&quot;classic&quot;}\">\n\t\t\t\t<div class=\"elementor-element elementor-element-ebaee4b elementor-widget elementor-widget-shortcode\" data-id=\"ebaee4b\" data-element_type=\"widget\" data-e-type=\"widget\" data-widget_type=\"shortcode.default\">\n\t\t\t\t<div class=\"elementor-widget-container\">\n\t\t\t\t\t\t\t<div class=\"elementor-shortcode\">\n\t\t\t\n\t<style type=\"text\/css\">\n\t\t.slider-info-3788.bafg-slider-info .bafg-slider-title {\n\t\t\t\t\t\t\tfont-size:\n\t\t\t\t\t22px\t\t\t\t;\n\t\t\t\n\t\t\t\n\t\t\t\t\t}\n\n\t\t.slider-info-3788.bafg-slider-info .bafg-slider-description {\n\t\t\t\n\t\t\t\n\t\t\t\t\t}\n\t\t\n\t\t\n\t\t.slider-info-3788.bafg-slider-info .bafg_slider_readmore_button {\n\t\t\t\n\t\t\t\n\t\t\t\n\t\t\t\n\t\t\t\n\t\t\ttext-align: center;\n\n\t\t\t\n\t\t\t\n\t\t\t\n\t\t\t\n\t\t\t\t\t}\n\n\t\t.slider-info-3788.bafg-slider-info .bafg_slider_readmore_button:hover {\n\n\t\t\t\n\t\t\t\n\t\t\t\t\t}\n\t<\/style>\n\t\n\t\t\t<div class=\"bafg-twentytwenty-container slider-3788  \" bafg-orientation=\"horizontal\" bafg-default-offset=\"0.5\" bafg-before-label=\"Vorher\" bafg-after-label=\"Nachher\" bafg-overlay=\"1\" bafg-move-slider-on-hover bafg-click-to-move>\n\n\t\t\t\t\t\t\t\t<img class=\"skip-lazy\" data-skip-lazy src=\"https:\/\/jeliebt.de\/wp-content\/uploads\/jeliebt-jesus-liebt-lukas-repert-drogenfrei-vorher-1.webp\" alt=\"Drogenfrei Vorher\">\n\t\t\t\t<img class=\"skip-lazy\" data-skip-lazy src=\"https:\/\/jeliebt.de\/wp-content\/uploads\/jeliebt-jesus-liebt-lukas-repert-drogenfrei-nachher-1.webp\" alt=\"Drogenfrei Nachher\">\n\n\t\t\t<\/div>\n\n\t\t\t\t<div class=\"bafg-slider-info-wraper\">\n\t\t<div style class=\"slider-info-3788 bafg-slider-info\">\n\t\t\t\t\t<\/div>\n\t<\/div>\n\t\n\t\t\t<style type=\"text\/css\">\n\t\t\t\t\t\t\t\t\t\t\t<\/style>\n\t\t\t<\/div>\n\t\t\t\t\t\t<\/div>\n\t\t\t\t<\/div>\n\t\t\t\t<\/div>\n\t\t<div class=\"elementor-element elementor-element-6933b3f e-con-full e-flex e-con e-child\" data-id=\"6933b3f\" data-element_type=\"container\" data-e-type=\"container\" data-settings=\"{&quot;background_background&quot;:&quot;classic&quot;}\">\n\t\t\t\t<div class=\"elementor-element elementor-element-dc4ebc3 elementor-widget elementor-widget-heading\" data-id=\"dc4ebc3\" data-element_type=\"widget\" data-e-type=\"widget\" data-widget_type=\"heading.default\">\n\t\t\t\t<div class=\"elementor-widget-container\">\n\t\t\t\t\t<h2 class=\"elementor-heading-title elementor-size-default\">Daha sonra<\/h2>\t\t\t\t<\/div>\n\t\t\t\t<\/div>\n\t\t\t\t<div class=\"elementor-element elementor-element-69e1bce elementor-widget elementor-widget-text-editor\" data-id=\"69e1bce\" data-element_type=\"widget\" data-e-type=\"widget\" data-widget_type=\"text-editor.default\">\n\t\t\t\t<div class=\"elementor-widget-container\">\n\t\t\t\t\t\t\t\t\t<p>\u0130sa ile kar\u015f\u0131la\u015f\u00admas\u0131n\u00addan son\u00adra Luke i\u00e7in yeni bir hayat ba\u015fla\u00add\u0131. Uyu\u015f\u00adturucu ba\u011f\u0131m\u00adl\u0131l\u0131\u011f\u0131 g\u00fcc\u00fc\u00adn\u00fc kay\u00adbet\u00adti ve umut geri gel\u00addi. Huzur, ba\u011f\u0131\u015flan\u00adma ve yeni bir g\u00fc\u00e7 bul\u00addu. Eski\u00adden bo\u015flu\u011fun oldu\u011fu yer\u00adde g\u00fcven b\u00fcy\u00fc\u00add\u00fc. Kal\u00adbi \u00f6zg\u00fcr\u00adle\u015f\u00adti, yolu daha net\u00adle\u015f\u00adti, sev\u00adgi, inan\u00e7 ve derin bir i\u00e7 huz\u00adur\u00adla des\u00adte\u00adklen\u00addi.    <\/p>\t\t\t\t\t\t\t\t<\/div>\n\t\t\t\t<\/div>\n\t\t\t\t<\/div>\n\t\t\t\t<\/div>\n\t\t\t\t<\/div>\n\t\t<div class=\"elementor-element elementor-element-4670c52 e-con-full e-grid e-con e-child\" data-id=\"4670c52\" data-element_type=\"container\" data-e-type=\"container\">\n\t\t\t\t<div class=\"elementor-element elementor-element-097cf99 elementor-widget elementor-widget-video\" data-id=\"097cf99\" data-element_type=\"widget\" data-e-type=\"widget\" data-settings=\"{&quot;youtube_url&quot;:&quot;https:\\\/\\\/www.youtube.com\\\/watch?v=3zs4-5dmeFU&quot;,&quot;video_type&quot;:&quot;youtube&quot;,&quot;controls&quot;:&quot;yes&quot;}\" data-widget_type=\"video.default\">\n\t\t\t\t<div class=\"elementor-widget-container\">\n\t\t\t\t\t\t\t<div class=\"elementor-wrapper elementor-open-inline\">\n\t\t\t<div class=\"elementor-video\"><\/div>\t\t<\/div>\n\t\t\t\t\t\t<\/div>\n\t\t\t\t<\/div>\n\t\t<div class=\"elementor-element elementor-element-58277af e-con-full e-flex e-con e-child\" data-id=\"58277af\" data-element_type=\"container\" data-e-type=\"container\" data-settings=\"{&quot;background_background&quot;:&quot;classic&quot;}\">\n\t\t\t\t<div class=\"elementor-element elementor-element-11efc06 elementor-widget elementor-widget-heading\" data-id=\"11efc06\" data-element_type=\"widget\" data-e-type=\"widget\" data-widget_type=\"heading.default\">\n\t\t\t\t<div class=\"elementor-widget-container\">\n\t\t\t\t\t<h2 class=\"elementor-heading-title elementor-size-default\">Lukas\u2019\u0131n videosu<\/h2>\t\t\t\t<\/div>\n\t\t\t\t<\/div>\n\t\t\t\t<div class=\"elementor-element elementor-element-401a706 elementor-widget elementor-widget-text-editor\" data-id=\"401a706\" data-element_type=\"widget\" data-e-type=\"widget\" data-widget_type=\"text-editor.default\">\n\t\t\t\t<div class=\"elementor-widget-container\">\n\t\t\t\t\t\t\t\t\t<p>Video\u00adda Lukas, haya\u00adt\u0131nda\u00adki her \u015feyi daha iyiye do\u011fru de\u011fi\u015f\u00adti\u00adren kar\u015f\u0131la\u015f\u00adma\u00addan bah\u00adse\u00addi\u00adyor.<\/p>\t\t\t\t\t\t\t\t<\/div>\n\t\t\t\t<\/div>\n\t\t\t\t<\/div>\n\t\t\t\t<\/div>\n\t\t<div class=\"elementor-element elementor-element-7a82d3a e-con-full e-flex e-con e-child\" data-id=\"7a82d3a\" data-element_type=\"container\" data-e-type=\"container\">\n\t\t\t\t<div class=\"elementor-element elementor-element-853ec86 elementor-align-center elementor-widget elementor-widget-button\" data-id=\"853ec86\" data-element_type=\"widget\" data-e-type=\"widget\" data-widget_type=\"button.default\">\n\t\t\t\t<div class=\"elementor-widget-container\">\n\t\t\t\t\t\t\t\t\t<div class=\"elementor-button-wrapper\">\n\t\t\t\t\t<a class=\"elementor-button elementor-button-link elementor-size-sm\" href=\"https:\/\/jeliebt.de\/tr\/?page_id=1926\">\n\t\t\t\t\t\t<span class=\"elementor-button-content-wrapper\">\n\t\t\t\t\t\t<span class=\"elementor-button-icon\">\n\t\t\t\t<svg aria-hidden=\"true\" class=\"e-font-icon-svg e-fas-crown\" viewBox=\"0 0 640 512\"><path d=\"M528 448H112c-8.8 0-16 7.2-16 16v32c0 8.8 7.2 16 16 16h416c8.8 0 16-7.2 16-16v-32c0-8.8-7.2-16-16-16zm64-320c-26.5 0-48 21.5-48 48 0 7.1 1.6 13.7 4.4 19.8L476 239.2c-15.4 9.2-35.3 4-44.2-11.6L350.3 85C361 76.2 368 63 368 48c0-26.5-21.5-48-48-48s-48 21.5-48 48c0 15 7 28.2 17.7 37l-81.5 142.6c-8.9 15.6-28.9 20.8-44.2 11.6l-72.3-43.4c2.7-6 4.4-12.7 4.4-19.8 0-26.5-21.5-48-48-48S0 149.5 0 176s21.5 48 48 48c2.6 0 5.2-.4 7.7-.8L128 416h384l72.3-192.8c2.5.4 5.1.8 7.7.8 26.5 0 48-21.5 48-48s-21.5-48-48-48z\" \/><\/svg>\t\t\t<\/span>\n\t\t\t\t\t\t\t\t\t<span class=\"elementor-button-text\">\u0130sa\u2019y\u0131 tan\u0131y\u0131n<\/span>\n\t\t\t\t\t<\/span>\n\t\t\t\t\t<\/a>\n\t\t\t\t<\/div>\n\t\t\t\t\t\t\t\t<\/div>\n\t\t\t\t<\/div>\n\t\t\t\t<div class=\"elementor-element elementor-element-b614b08 elementor-align-center elementor-widget elementor-widget-button\" data-id=\"b614b08\" data-element_type=\"widget\" data-e-type=\"widget\" data-widget_type=\"button.default\">\n\t\t\t\t<div class=\"elementor-widget-container\">\n\t\t\t\t\t\t\t\t\t<div class=\"elementor-button-wrapper\">\n\t\t\t\t\t<a class=\"elementor-button elementor-button-link elementor-size-sm\" href=\"#elementor-action%3Aaction%3Dpopup%3Aopen%26settings%3DeyJpZCI6MTg1MSwidG9nZ2xlIjpmYWxzZX0%3D\">\n\t\t\t\t\t\t<span class=\"elementor-button-content-wrapper\">\n\t\t\t\t\t\t<span class=\"elementor-button-icon\">\n\t\t\t\t<svg aria-hidden=\"true\" class=\"e-font-icon-svg e-fas-users\" viewBox=\"0 0 640 512\"><path d=\"M96 224c35.3 0 64-28.7 64-64s-28.7-64-64-64-64 28.7-64 64 28.7 64 64 64zm448 0c35.3 0 64-28.7 64-64s-28.7-64-64-64-64 28.7-64 64 28.7 64 64 64zm32 32h-64c-17.6 0-33.5 7.1-45.1 18.6 40.3 22.1 68.9 62 75.1 109.4h66c17.7 0 32-14.3 32-32v-32c0-35.3-28.7-64-64-64zm-256 0c61.9 0 112-50.1 112-112S381.9 32 320 32 208 82.1 208 144s50.1 112 112 112zm76.8 32h-8.3c-20.8 10-43.9 16-68.5 16s-47.6-6-68.5-16h-8.3C179.6 288 128 339.6 128 403.2V432c0 26.5 21.5 48 48 48h288c26.5 0 48-21.5 48-48v-28.8c0-63.6-51.6-115.2-115.2-115.2zm-223.7-13.4C161.5 263.1 145.6 256 128 256H64c-35.3 0-64 28.7-64 64v32c0 17.7 14.3 32 32 32h65.9c6.3-47.4 34.9-87.3 75.2-109.4z\" \/><\/svg>\t\t\t<\/span>\n\t\t\t\t\t\t\t\t\t<span class=\"elementor-button-text\">Bize ula\u015f\u0131n<\/span>\n\t\t\t\t\t<\/span>\n\t\t\t\t\t<\/a>\n\t\t\t\t<\/div>\n\t\t\t\t\t\t\t\t<\/div>\n\t\t\t\t<\/div>\n\t\t\t\t<\/div>\n\t\t\t\t\t<\/div>\n\t\t\t\t<\/div>\n\t\t\t\t<\/div>\n\t\t","protected":false},"excerpt":{"rendered":"<p>Yeni bir ba\u015flan\u00adg\u0131\u00e7 m\u00fcm\u00adk\u00fcn Lukas\u2019\u0131n hikaye\u00adsi \u00d6nce Lukas 18 ya\u015f\u0131n\u00adday\u00adken uyu\u015f\u00adturucu ve alkol haya\u00adt\u0131\u00adna h\u00fck\u00adme\u00addi\u00adyor\u00addu. Ken\u00addi\u00adni bo\u015fluk\u00adta hisse\u00addi\u00adyor\u00addu. K\u0131sa s\u00fcr\u00adeli mut\u00adlu\u00adluk anlar\u0131\u00adna ra\u011f\u00admen, geri\u00adye sade\u00adce kor\u00adku kal\u00adm\u0131\u015f\u00adt\u0131. Anlam, \u00f6zg\u00fcr\u00adl\u00fck ve ger\u00ad\u00e7ek bir yeni ba\u015flan\u00adg\u0131\u00e7 \u00f6zle\u00admi i\u00e7in\u00adde b\u00fcy\u00fc\u00add\u00fc. Daha son\u00adra \u0130sa ile kar\u015f\u0131la\u015f\u00admas\u0131n\u00addan son\u00adra Luke i\u00e7in yeni bir hayat ba\u015fla\u00add\u0131. Uyu\u015f\u00adturucu ba\u011f\u0131m\u00adl\u0131l\u0131\u011f\u0131 g\u00fcc\u00fc\u00adn\u00fc kay\u00adbet\u00adti ve umut [\u2026]<\/p>\n","protected":false},"author":1,"featured_media":0,"parent":0,"menu_order":0,"comment_status":"closed","ping_status":"closed","template":"","meta":{"_acf_changed":false,"wp_typography_post_enhancements_disabled":false,"footnotes":""},"class_list":["post-4662","page","type-page","status-publish","hentry"],"acf":[],"_links":{"self":[{"href":"https:\/\/jeliebt.de\/tr\/wp-json\/wp\/v2\/pages\/4662","targetHints":{"allow":["GET"]}}],"collection":[{"href":"https:\/\/jeliebt.de\/tr\/wp-json\/wp\/v2\/pages"}],"about":[{"href":"https:\/\/jeliebt.de\/tr\/wp-json\/wp\/v2\/types\/page"}],"author":[{"embeddable":true,"href":"https:\/\/jeliebt.de\/tr\/wp-json\/wp\/v2\/users\/1"}],"replies":[{"embeddable":true,"href":"https:\/\/jeliebt.de\/tr\/wp-json\/wp\/v2\/comments?post=4662"}],"version-history":[{"count":1,"href":"https:\/\/jeliebt.de\/tr\/wp-json\/wp\/v2\/pages\/4662\/revisions"}],"predecessor-version":[{"id":4663,"href":"https:\/\/jeliebt.de\/tr\/wp-json\/wp\/v2\/pages\/4662\/revisions\/4663"}],"wp:attachment":[{"href":"https:\/\/jeliebt.de\/tr\/wp-json\/wp\/v2\/media?parent=4662"}],"curies":[{"name":"wp","href":"https:\/\/api.w.org\/{rel}","templated":true}]}}