{"id":4656,"date":"2026-01-14T09:22:46","date_gmt":"2026-01-14T08:22:46","guid":{"rendered":"https:\/\/jeliebt.de\/elisa\/"},"modified":"2026-02-27T14:00:32","modified_gmt":"2026-02-27T13:00:32","slug":"elisa","status":"publish","type":"page","link":"https:\/\/jeliebt.de\/tr\/elisa\/","title":{"rendered":"Elisa"},"content":{"rendered":"\t\t<div data-elementor-type=\"wp-page\" data-elementor-id=\"4656\" class=\"elementor elementor-4656 elementor-3774\" data-elementor-post-type=\"page\">\n\t\t\t\t<div class=\"elementor-element elementor-element-939132d e-flex e-con-boxed e-con e-parent\" data-id=\"939132d\" data-element_type=\"container\" data-e-type=\"container\" data-settings=\"{&quot;background_background&quot;:&quot;classic&quot;}\">\n\t\t\t\t\t<div class=\"e-con-inner\">\n\t\t<div class=\"elementor-element elementor-element-6fb122b e-con-full e-flex e-con e-child\" data-id=\"6fb122b\" data-element_type=\"container\" data-e-type=\"container\">\n\t\t\t\t<div class=\"elementor-element elementor-element-7c87e26 elementor-widget elementor-widget-heading\" data-id=\"7c87e26\" data-element_type=\"widget\" data-e-type=\"widget\" data-widget_type=\"heading.default\">\n\t\t\t\t<div class=\"elementor-widget-container\">\n\t\t\t\t\t<p class=\"elementor-heading-title elementor-size-default\">\u0130\u00e7 <span style=\"color:#e8358a\">huzu\u00adru<\/span> buld\u00adum<\/p>\t\t\t\t<\/div>\n\t\t\t\t<\/div>\n\t\t\t\t<div class=\"elementor-element elementor-element-aa003ba elementor-widget elementor-widget-heading\" data-id=\"aa003ba\" data-element_type=\"widget\" data-e-type=\"widget\" data-widget_type=\"heading.default\">\n\t\t\t\t<div class=\"elementor-widget-container\">\n\t\t\t\t\t<h1 class=\"elementor-heading-title elementor-size-default\">Elisa\u2019n\u0131n hikayesi<\/h1>\t\t\t\t<\/div>\n\t\t\t\t<\/div>\n\t\t\t\t<\/div>\n\t\t<div class=\"elementor-element elementor-element-7546624 e-con-full e-flex e-con e-child\" data-id=\"7546624\" data-element_type=\"container\" data-e-type=\"container\" data-settings=\"{&quot;background_background&quot;:&quot;classic&quot;}\">\n\t\t<div class=\"elementor-element elementor-element-b1762b9 e-con-full e-grid e-con e-child\" data-id=\"b1762b9\" data-element_type=\"container\" data-e-type=\"container\">\n\t\t<div class=\"elementor-element elementor-element-d22310f e-con-full e-flex e-con e-child\" data-id=\"d22310f\" data-element_type=\"container\" data-e-type=\"container\" data-settings=\"{&quot;background_background&quot;:&quot;classic&quot;}\">\n\t\t\t\t<div class=\"elementor-element elementor-element-b954d30 elementor-widget elementor-widget-heading\" data-id=\"b954d30\" data-element_type=\"widget\" data-e-type=\"widget\" data-widget_type=\"heading.default\">\n\t\t\t\t<div class=\"elementor-widget-container\">\n\t\t\t\t\t<h2 class=\"elementor-heading-title elementor-size-default\">\u00d6nce<\/h2>\t\t\t\t<\/div>\n\t\t\t\t<\/div>\n\t\t\t\t<div class=\"elementor-element elementor-element-a3c7759 elementor-widget elementor-widget-text-editor\" data-id=\"a3c7759\" data-element_type=\"widget\" data-e-type=\"widget\" data-widget_type=\"text-editor.default\">\n\t\t\t\t<div class=\"elementor-widget-container\">\n\t\t\t\t\t\t\t\t\t<p>Haya\u00adt\u0131n anlam\u0131\u00adna duy\u00addu\u011fu \u00f6zlem\u00adle hare\u00adket eden Eli\u00adsa, lise\u00adden mezun olduktan son\u00adra Hin\u00addi\u00adstan\u2019a gider. Ora\u00adda ken\u00addi\u00adsi\u00adne ayd\u0131n\u00adlan\u00adma vaat eden ruha\u00adni yolu \u00f6\u011fre\u00adnir. On y\u0131l boy\u00adun\u00adca yoga, medi\u00adtasyon, rit\u00fcel\u00adler ve ter\u00ada\u00adpi yoluy\u00adla kal\u0131c\u0131 huzu\u00adru bul\u00adma\u00adya ve kal\u00adbin\u00adde\u00adki bo\u015flu\u011fu dol\u00addur\u00adma\u00adya \u00e7al\u0131\u015f\u0131r. Ancak zaman zaman nere\u00addey\u00adse \u00f6l\u00fc\u00adm\u00fc\u00adne yol a\u00e7a\u00adcak cid\u00addi psi\u00adko\u00adlo\u00adjik kriz\u00adle\u00adre girer.   <\/p>\t\t\t\t\t\t\t\t<\/div>\n\t\t\t\t<\/div>\n\t\t\t\t<\/div>\n\t\t<div class=\"elementor-element elementor-element-2cb7868 e-con-full e-flex e-con e-child\" data-id=\"2cb7868\" data-element_type=\"container\" data-e-type=\"container\" data-settings=\"{&quot;background_background&quot;:&quot;classic&quot;}\">\n\t\t\t\t<div class=\"elementor-element elementor-element-22c08e9 elementor-widget elementor-widget-shortcode\" data-id=\"22c08e9\" data-element_type=\"widget\" data-e-type=\"widget\" data-widget_type=\"shortcode.default\">\n\t\t\t\t<div class=\"elementor-widget-container\">\n\t\t\t\t\t\t\t<div class=\"elementor-shortcode\">\n\t\t\t\n\t<style type=\"text\/css\">\n\t\t.slider-info-4006.bafg-slider-info .bafg-slider-title {\n\t\t\t\t\t\t\tfont-size:\n\t\t\t\t\t22px\t\t\t\t;\n\t\t\t\n\t\t\t\n\t\t\t\t\t}\n\n\t\t.slider-info-4006.bafg-slider-info .bafg-slider-description {\n\t\t\t\n\t\t\t\n\t\t\t\t\t}\n\t\t\n\t\t\n\t\t.slider-info-4006.bafg-slider-info .bafg_slider_readmore_button {\n\t\t\t\n\t\t\t\n\t\t\t\n\t\t\t\n\t\t\t\n\t\t\ttext-align: center;\n\n\t\t\t\n\t\t\t\n\t\t\t\n\t\t\t\n\t\t\t\t\t}\n\n\t\t.slider-info-4006.bafg-slider-info .bafg_slider_readmore_button:hover {\n\n\t\t\t\n\t\t\t\n\t\t\t\t\t}\n\t<\/style>\n\t\n\t\t\t<div class=\"bafg-twentytwenty-container slider-4006  \" bafg-orientation=\"horizontal\" bafg-default-offset=\"0.5\" bafg-before-label=\"Vorher\" bafg-after-label=\"Nachher\" bafg-overlay=\"1\" bafg-move-slider-on-hover bafg-click-to-move>\n\n\t\t\t\t\t\t\t\t<img class=\"skip-lazy\" data-skip-lazy src=\"https:\/\/jeliebt.de\/wp-content\/uploads\/jeliebt-jesus-liebt-elisa-vorher-1.webp\" alt>\n\t\t\t\t<img class=\"skip-lazy\" data-skip-lazy src=\"https:\/\/jeliebt.de\/wp-content\/uploads\/jeliebt-jesus-liebt-elisa-nachher-1.webp\" alt>\n\n\t\t\t<\/div>\n\n\t\t\t\t<div class=\"bafg-slider-info-wraper\">\n\t\t<div style class=\"slider-info-4006 bafg-slider-info\">\n\t\t\t\t\t<\/div>\n\t<\/div>\n\t\n\t\t\t<style type=\"text\/css\">\n\t\t\t\t\t\t\t\t\t\t\t<\/style>\n\t\t\t<\/div>\n\t\t\t\t\t\t<\/div>\n\t\t\t\t<\/div>\n\t\t\t\t<\/div>\n\t\t<div class=\"elementor-element elementor-element-858647c e-con-full e-flex e-con e-child\" data-id=\"858647c\" data-element_type=\"container\" data-e-type=\"container\" data-settings=\"{&quot;background_background&quot;:&quot;classic&quot;}\">\n\t\t\t\t<div class=\"elementor-element elementor-element-15943b9 elementor-widget elementor-widget-heading\" data-id=\"15943b9\" data-element_type=\"widget\" data-e-type=\"widget\" data-widget_type=\"heading.default\">\n\t\t\t\t<div class=\"elementor-widget-container\">\n\t\t\t\t\t<h2 class=\"elementor-heading-title elementor-size-default\">Daha sonra<\/h2>\t\t\t\t<\/div>\n\t\t\t\t<\/div>\n\t\t\t\t<div class=\"elementor-element elementor-element-7c241de elementor-widget elementor-widget-text-editor\" data-id=\"7c241de\" data-element_type=\"widget\" data-e-type=\"widget\" data-widget_type=\"text-editor.default\">\n\t\t\t\t<div class=\"elementor-widget-container\">\n\t\t\t\t\t\t\t\t\t<p>En dibe vur\u00addu\u011fu anda Tan\u00adr\u0131\u2019ya nere\u00adde oldu\u011funu ve onu duy\u00adup duy\u00adma\u00add\u0131\u011f\u0131n\u0131 sor\u00adma\u00adya ba\u015flar. \u0130sa ona cevap ver\u00adir ve bir hac yol\u00adcu\u00adlu\u011fun\u00adda O\u2019nun sev\u00adgi\u00adsi ve ba\u011f\u0131\u015fla\u00admas\u0131y\u00adla kar\u015f\u0131la\u015f\u0131r, bu da haya\u00adt\u0131n\u0131 son\u00adsu\u00adza dek de\u011fi\u015f\u00adtir\u00adir. Ak\u0131l hastal\u0131\u011f\u0131n\u00addan iyile\u015fir, derin bir i\u00e7 huzu\u00adru bul\u00adur ve son\u00adun\u00adda kim oldu\u011funu bilir: Tan\u00adr\u0131\u2019n\u0131n sev\u00adgi\u00adli k\u0131z\u0131.  <\/p>\t\t\t\t\t\t\t\t<\/div>\n\t\t\t\t<\/div>\n\t\t\t\t<\/div>\n\t\t\t\t<\/div>\n\t\t\t\t<\/div>\n\t\t<div class=\"elementor-element elementor-element-4670c52 e-con-full e-grid e-con e-child\" data-id=\"4670c52\" data-element_type=\"container\" data-e-type=\"container\">\n\t\t\t\t<div class=\"elementor-element elementor-element-097cf99 elementor-widget elementor-widget-video\" data-id=\"097cf99\" data-element_type=\"widget\" data-e-type=\"widget\" data-settings=\"{&quot;youtube_url&quot;:&quot;https:\\\/\\\/www.youtube.com\\\/watch?v=KY-J4M8BsOI&quot;,&quot;video_type&quot;:&quot;youtube&quot;,&quot;controls&quot;:&quot;yes&quot;}\" data-widget_type=\"video.default\">\n\t\t\t\t<div class=\"elementor-widget-container\">\n\t\t\t\t\t\t\t<div class=\"elementor-wrapper elementor-open-inline\">\n\t\t\t<div class=\"elementor-video\"><\/div>\t\t<\/div>\n\t\t\t\t\t\t<\/div>\n\t\t\t\t<\/div>\n\t\t<div class=\"elementor-element elementor-element-58277af e-con-full e-flex e-con e-child\" data-id=\"58277af\" data-element_type=\"container\" data-e-type=\"container\" data-settings=\"{&quot;background_background&quot;:&quot;classic&quot;}\">\n\t\t\t\t<div class=\"elementor-element elementor-element-11efc06 elementor-widget elementor-widget-heading\" data-id=\"11efc06\" data-element_type=\"widget\" data-e-type=\"widget\" data-widget_type=\"heading.default\">\n\t\t\t\t<div class=\"elementor-widget-container\">\n\t\t\t\t\t<h2 class=\"elementor-heading-title elementor-size-default\">Elisa\u2019n\u0131n videosu<\/h2>\t\t\t\t<\/div>\n\t\t\t\t<\/div>\n\t\t\t\t<div class=\"elementor-element elementor-element-401a706 elementor-widget elementor-widget-text-editor\" data-id=\"401a706\" data-element_type=\"widget\" data-e-type=\"widget\" data-widget_type=\"text-editor.default\">\n\t\t\t\t<div class=\"elementor-widget-container\">\n\t\t\t\t\t\t\t\t\t<p>Neden bura\u00adday\u0131m, haya\u00adt\u0131m\u0131n anlam\u0131 ne? Bu soru\u00adlar Eli\u00adsa Rie\u00adse\u2019ye huzur ver\u00admez. \u201cGer\u00ad\u00e7e\u011fi\u201d ara\u00admak i\u00e7in aylar\u0131n\u0131 Hin\u00addi\u00adstan\u2019\u00adda seyahat ede\u00adrek ge\u00e7ir\u00adir. Bir guru ile ya\u015far, ruha\u00adni rit\u00fcel\u00adle\u00adre ve \u015fama\u00adniz\u00adme kat\u0131l\u0131r ve saat\u00adler\u00adce medi\u00adtasyon yapar. Ayd\u0131n\u00adlan\u00adma onun hayat\u00adta\u00adki amac\u0131 hali\u00adne gelir. Ancak be\u015f kez psik\u00adiya\u00adtri ko\u011fu\u015fu\u00adna d\u00fc\u015fer, bir keresin\u00adde \u0130sa oldu\u011fu\u00adna inan\u0131r ve nere\u00addey\u00adse haya\u00adt\u0131n\u0131 kay\u00adbe\u00adder. Ancak \u201cEfen\u00addi\u201d \u0130sa ile olan ili\u015fki\u00adsi onu de\u011fi\u015f\u00adtir\u00admeye ba\u015flar.      <\/p>\t\t\t\t\t\t\t\t<\/div>\n\t\t\t\t<\/div>\n\t\t\t\t<\/div>\n\t\t\t\t<\/div>\n\t\t<div class=\"elementor-element elementor-element-7a82d3a e-con-full e-flex e-con e-child\" data-id=\"7a82d3a\" data-element_type=\"container\" data-e-type=\"container\">\n\t\t\t\t<div class=\"elementor-element elementor-element-853ec86 elementor-align-center elementor-widget elementor-widget-button\" data-id=\"853ec86\" data-element_type=\"widget\" data-e-type=\"widget\" data-widget_type=\"button.default\">\n\t\t\t\t<div class=\"elementor-widget-container\">\n\t\t\t\t\t\t\t\t\t<div class=\"elementor-button-wrapper\">\n\t\t\t\t\t<a class=\"elementor-button elementor-button-link elementor-size-sm\" href=\"https:\/\/jeliebt.de\/tr\/?page_id=1926\">\n\t\t\t\t\t\t<span class=\"elementor-button-content-wrapper\">\n\t\t\t\t\t\t<span class=\"elementor-button-icon\">\n\t\t\t\t<svg aria-hidden=\"true\" class=\"e-font-icon-svg e-fas-crown\" viewBox=\"0 0 640 512\"><path d=\"M528 448H112c-8.8 0-16 7.2-16 16v32c0 8.8 7.2 16 16 16h416c8.8 0 16-7.2 16-16v-32c0-8.8-7.2-16-16-16zm64-320c-26.5 0-48 21.5-48 48 0 7.1 1.6 13.7 4.4 19.8L476 239.2c-15.4 9.2-35.3 4-44.2-11.6L350.3 85C361 76.2 368 63 368 48c0-26.5-21.5-48-48-48s-48 21.5-48 48c0 15 7 28.2 17.7 37l-81.5 142.6c-8.9 15.6-28.9 20.8-44.2 11.6l-72.3-43.4c2.7-6 4.4-12.7 4.4-19.8 0-26.5-21.5-48-48-48S0 149.5 0 176s21.5 48 48 48c2.6 0 5.2-.4 7.7-.8L128 416h384l72.3-192.8c2.5.4 5.1.8 7.7.8 26.5 0 48-21.5 48-48s-21.5-48-48-48z\" \/><\/svg>\t\t\t<\/span>\n\t\t\t\t\t\t\t\t\t<span class=\"elementor-button-text\">\u0130sa\u2019y\u0131 tan\u0131y\u0131n<\/span>\n\t\t\t\t\t<\/span>\n\t\t\t\t\t<\/a>\n\t\t\t\t<\/div>\n\t\t\t\t\t\t\t\t<\/div>\n\t\t\t\t<\/div>\n\t\t\t\t<div class=\"elementor-element elementor-element-b614b08 elementor-align-center elementor-widget elementor-widget-button\" data-id=\"b614b08\" data-element_type=\"widget\" data-e-type=\"widget\" data-widget_type=\"button.default\">\n\t\t\t\t<div class=\"elementor-widget-container\">\n\t\t\t\t\t\t\t\t\t<div class=\"elementor-button-wrapper\">\n\t\t\t\t\t<a class=\"elementor-button elementor-button-link elementor-size-sm\" href=\"#elementor-action%3Aaction%3Dpopup%3Aopen%26settings%3DeyJpZCI6MTg1MSwidG9nZ2xlIjpmYWxzZX0%3D\">\n\t\t\t\t\t\t<span class=\"elementor-button-content-wrapper\">\n\t\t\t\t\t\t<span class=\"elementor-button-icon\">\n\t\t\t\t<svg aria-hidden=\"true\" class=\"e-font-icon-svg e-fas-users\" viewBox=\"0 0 640 512\"><path d=\"M96 224c35.3 0 64-28.7 64-64s-28.7-64-64-64-64 28.7-64 64 28.7 64 64 64zm448 0c35.3 0 64-28.7 64-64s-28.7-64-64-64-64 28.7-64 64 28.7 64 64 64zm32 32h-64c-17.6 0-33.5 7.1-45.1 18.6 40.3 22.1 68.9 62 75.1 109.4h66c17.7 0 32-14.3 32-32v-32c0-35.3-28.7-64-64-64zm-256 0c61.9 0 112-50.1 112-112S381.9 32 320 32 208 82.1 208 144s50.1 112 112 112zm76.8 32h-8.3c-20.8 10-43.9 16-68.5 16s-47.6-6-68.5-16h-8.3C179.6 288 128 339.6 128 403.2V432c0 26.5 21.5 48 48 48h288c26.5 0 48-21.5 48-48v-28.8c0-63.6-51.6-115.2-115.2-115.2zm-223.7-13.4C161.5 263.1 145.6 256 128 256H64c-35.3 0-64 28.7-64 64v32c0 17.7 14.3 32 32 32h65.9c6.3-47.4 34.9-87.3 75.2-109.4z\" \/><\/svg>\t\t\t<\/span>\n\t\t\t\t\t\t\t\t\t<span class=\"elementor-button-text\">Bize ula\u015f\u0131n<\/span>\n\t\t\t\t\t<\/span>\n\t\t\t\t\t<\/a>\n\t\t\t\t<\/div>\n\t\t\t\t\t\t\t\t<\/div>\n\t\t\t\t<\/div>\n\t\t\t\t<\/div>\n\t\t\t\t\t<\/div>\n\t\t\t\t<\/div>\n\t\t\t\t<\/div>\n\t\t","protected":false},"excerpt":{"rendered":"<p>\u0130\u00e7 huzu\u00adru buld\u00adum Elisa\u2019n\u0131n hikaye\u00adsi \u00d6nce Haya\u00adt\u0131n anlam\u0131\u00adna duy\u00addu\u011fu \u00f6zlem\u00adle hare\u00adket eden Eli\u00adsa, lise\u00adden mezun olduktan son\u00adra Hin\u00addi\u00adstan\u2019a gider. Ora\u00adda ken\u00addi\u00adsi\u00adne ayd\u0131n\u00adlan\u00adma vaat eden ruha\u00adni yolu \u00f6\u011fre\u00adnir. On y\u0131l boy\u00adun\u00adca yoga, medi\u00adtasyon, rit\u00fcel\u00adler ve ter\u00ada\u00adpi yoluy\u00adla kal\u0131c\u0131 huzu\u00adru bul\u00adma\u00adya ve kal\u00adbin\u00adde\u00adki bo\u015flu\u011fu dol\u00addur\u00adma\u00adya \u00e7al\u0131\u015f\u0131r. Ancak zaman zaman nere\u00addey\u00adse \u00f6l\u00fc\u00adm\u00fc\u00adne yol a\u00e7a\u00adcak cid\u00addi psi\u00adko\u00adlo\u00adjik kriz\u00adle\u00adre girer. [\u2026]<\/p>\n","protected":false},"author":1,"featured_media":0,"parent":0,"menu_order":0,"comment_status":"closed","ping_status":"closed","template":"","meta":{"_acf_changed":false,"wp_typography_post_enhancements_disabled":false,"footnotes":""},"class_list":["post-4656","page","type-page","status-publish","hentry"],"acf":[],"_links":{"self":[{"href":"https:\/\/jeliebt.de\/tr\/wp-json\/wp\/v2\/pages\/4656","targetHints":{"allow":["GET"]}}],"collection":[{"href":"https:\/\/jeliebt.de\/tr\/wp-json\/wp\/v2\/pages"}],"about":[{"href":"https:\/\/jeliebt.de\/tr\/wp-json\/wp\/v2\/types\/page"}],"author":[{"embeddable":true,"href":"https:\/\/jeliebt.de\/tr\/wp-json\/wp\/v2\/users\/1"}],"replies":[{"embeddable":true,"href":"https:\/\/jeliebt.de\/tr\/wp-json\/wp\/v2\/comments?post=4656"}],"version-history":[{"count":1,"href":"https:\/\/jeliebt.de\/tr\/wp-json\/wp\/v2\/pages\/4656\/revisions"}],"predecessor-version":[{"id":4657,"href":"https:\/\/jeliebt.de\/tr\/wp-json\/wp\/v2\/pages\/4656\/revisions\/4657"}],"wp:attachment":[{"href":"https:\/\/jeliebt.de\/tr\/wp-json\/wp\/v2\/media?parent=4656"}],"curies":[{"name":"wp","href":"https:\/\/api.w.org\/{rel}","templated":true}]}}