{"id":3421,"date":"2025-02-21T09:05:31","date_gmt":"2025-02-21T08:05:31","guid":{"rendered":"https:\/\/jeliebt.de\/hikayeyi-paylas\/"},"modified":"2026-02-27T13:59:58","modified_gmt":"2026-02-27T12:59:58","slug":"hikayeyi-paylas","status":"publish","type":"page","link":"https:\/\/jeliebt.de\/tr\/hikayeyi-paylas\/","title":{"rendered":"Hikayeyi payla\u015f"},"content":{"rendered":"\t\t<div data-elementor-type=\"wp-page\" data-elementor-id=\"3421\" class=\"elementor elementor-3421 elementor-2492\" data-elementor-post-type=\"page\">\n\t\t\t\t<div class=\"elementor-element elementor-element-64811e2 e-grid e-con-boxed e-con e-parent\" data-id=\"64811e2\" data-element_type=\"container\" data-e-type=\"container\">\n\t\t\t\t\t<div class=\"e-con-inner\">\n\t\t<div class=\"elementor-element elementor-element-887841a e-con-full e-flex e-con e-child\" data-id=\"887841a\" data-element_type=\"container\" data-e-type=\"container\">\n\t\t\t\t<div class=\"elementor-element elementor-element-267b052 elementor-widget elementor-widget-image\" data-id=\"267b052\" data-element_type=\"widget\" data-e-type=\"widget\" data-widget_type=\"image.default\">\n\t\t\t\t<div class=\"elementor-widget-container\">\n\t\t\t\t\t\t\t\t\t\t\t\t\t\t\t\t<a href=\"#elementor-action%3Aaction%3Dlightbox%26settings%3DeyJ0eXBlIjoidmlkZW8iLCJ2aWRlb1R5cGUiOiJ5b3V0dWJlIiwidXJsIjoiaHR0cHM6XC9cL3d3dy55b3V0dWJlLmNvbVwvZW1iZWRcL1JuNDBzelNUeUljP2ZlYXR1cmU9b2VtYmVkIn0%3D\">\n\t\t\t\t\t\t\t<img fetchpriority=\"high\" decoding=\"async\" width=\"714\" height=\"715\" src=\"https:\/\/jeliebt.de\/wp-content\/uploads\/jeliebt-jesus-leibt-story-teilen-anleitung-thumb-1.webp\" class=\"attachment-large size-large wp-image-3187\" alt>\t\t\t\t\t\t\t\t<\/a>\n\t\t\t\t\t\t\t\t\t\t\t\t\t\t\t<\/div>\n\t\t\t\t<\/div>\n\t\t\t\t<\/div>\n\t\t<div class=\"elementor-element elementor-element-383936a e-con-full e-flex e-con e-child\" data-id=\"383936a\" data-element_type=\"container\" data-e-type=\"container\">\n\t\t\t\t<div class=\"elementor-element elementor-element-3d8719e elementor-widget__width-initial elementor-widget elementor-widget-text-editor\" data-id=\"3d8719e\" data-element_type=\"widget\" data-e-type=\"widget\" data-widget_type=\"text-editor.default\">\n\t\t\t\t<div class=\"elementor-widget-container\">\n\t\t\t\t\t\t\t\t\t<p><strong>JELIEBT hikay\u00ade\u00adni\u00adzi<\/strong> d\u00fcnya ile payla\u015f\u00adt\u0131\u011f\u0131n\u0131z i\u00e7in te\u015fek\u00adk\u00fcr ede\u00adriz. Video\u00adda her \u015fey a\u00e7\u0131klan\u0131yor. <\/p><p>L\u00fct\u00adfen ne t\u00fcr bir hik\u00e2ye payla\u015f\u00admak ist\u00adedi\u011fi\u00adni\u00adzi se\u00e7in:<\/p>\t\t\t\t\t\t\t\t<\/div>\n\t\t\t\t<\/div>\n\t\t\t\t<div class=\"elementor-element elementor-element-e9db5c4 elementor-widget elementor-widget-n-accordion\" data-id=\"e9db5c4\" data-element_type=\"widget\" data-e-type=\"widget\" data-settings=\"{&quot;default_state&quot;:&quot;all_collapsed&quot;,&quot;max_items_expended&quot;:&quot;one&quot;,&quot;n_accordion_animation_duration&quot;:{&quot;unit&quot;:&quot;ms&quot;,&quot;size&quot;:400,&quot;sizes&quot;:[]}}\" data-widget_type=\"nested-accordion.default\">\n\t\t\t\t<div class=\"elementor-widget-container\">\n\t\t\t\t\t\t\t<div class=\"e-n-accordion\" aria-label=\"Accordion. Open links with Enter or Space, close with Escape, and navigate with Arrow Keys\">\n\t\t\t\t\t\t<details id=\"e-n-accordion-item-2450\" class=\"e-n-accordion-item\">\n\t\t\t\t<summary class=\"e-n-accordion-item-title\" data-accordion-index=\"1\" tabindex=\"0\" aria-expanded=\"false\" aria-controls=\"e-n-accordion-item-2450\">\n\t\t\t\t\t<span class=\"e-n-accordion-item-title-header\"><div class=\"e-n-accordion-item-title-text\"> Se\u00e7e\u00adnek 1: JELIEBT hikaye\u00adsi <\/div><\/span>\n\t\t\t\t\t\t\t\t\t<\/summary>\n\t\t\t\t<div role=\"region\" aria-labelledby=\"e-n-accordion-item-2450\" class=\"elementor-element elementor-element-b87dea5 e-con-full e-flex e-con e-child\" data-id=\"b87dea5\" data-element_type=\"container\" data-e-type=\"container\">\n\t\t\t\t<div class=\"elementor-element elementor-element-8809c0a elementor-widget__width-initial elementor-widget elementor-widget-text-editor\" data-id=\"8809c0a\" data-element_type=\"widget\" data-e-type=\"widget\" data-widget_type=\"text-editor.default\">\n\t\t\t\t<div class=\"elementor-widget-container\">\n\t\t\t\t\t\t\t\t\t<p><strong>I\u0307SA\u2019NIN SEVGI\u0307SI\u0307NI\u0307 NASIL \u00d6\u011eRENDI\u0307\u011eI\u0307NI\u0307ZI\u0307 3 ADIMDA ANLATIN:<\/strong><\/p><ol><li>Tan\u00adr\u0131\u2019n\u0131n sev\u00adgi\u00adsi\u00adni tan\u0131\u00adma\u00addan <strong>\u00f6nce<\/strong> ya\u015fam\u0131n\u0131z nas\u0131l\u00add\u0131?  <\/li><li>\u0130sa\u2019n\u0131n sev\u00adgi\u00adsi\u00adni nas\u0131l <strong>\u00f6\u011fren\u00addi\u00adniz<\/strong>?  <\/li><li>Tan\u00adr\u0131\u2019n\u0131n sev\u00adgi\u00adsi\u00adni deney\u00adim\u00adle\u00addik\u00adten <strong>son\u00adra<\/strong> ya\u015fam\u0131n\u0131z nas\u0131l de\u011fi\u015f\u00adti?<\/li><\/ol>\t\t\t\t\t\t\t\t<\/div>\n\t\t\t\t<\/div>\n\t\t\t\t<\/div>\n\t\t\t\t\t<\/details>\n\t\t\t\t\t\t<details id=\"e-n-accordion-item-2451\" class=\"e-n-accordion-item\">\n\t\t\t\t<summary class=\"e-n-accordion-item-title\" data-accordion-index=\"2\" tabindex=\"-1\" aria-expanded=\"false\" aria-controls=\"e-n-accordion-item-2451\">\n\t\t\t\t\t<span class=\"e-n-accordion-item-title-header\"><div class=\"e-n-accordion-item-title-text\"> Se\u00e7e\u00adnek 2: ER-LEBT hikaye\u00adsi <\/div><\/span>\n\t\t\t\t\t\t\t\t\t<\/summary>\n\t\t\t\t<div role=\"region\" aria-labelledby=\"e-n-accordion-item-2451\" class=\"elementor-element elementor-element-99c0d23 e-con-full e-flex e-con e-child\" data-id=\"99c0d23\" data-element_type=\"container\" data-e-type=\"container\">\n\t\t\t\t<div class=\"elementor-element elementor-element-a5c4c66 elementor-widget__width-initial elementor-widget elementor-widget-text-editor\" data-id=\"a5c4c66\" data-element_type=\"widget\" data-e-type=\"widget\" data-widget_type=\"text-editor.default\">\n\t\t\t\t<div class=\"elementor-widget-container\">\n\t\t\t\t\t\t\t\t\t<p><strong>TANRI I\u0307LE YA\u015eADI\u011eINIZ DENEYI\u0307MI\u0307 3 ADIMDA ANLATIN:<\/strong><\/p><ol><li>Tan\u00adr\u0131 m\u00fcdaha\u00adle <strong>etme\u00adden \u00f6nce<\/strong> durum nas\u0131l\u00add\u0131?  <\/li><li>Tan\u00adr\u0131\u2019 <strong>dan<\/strong> nas\u0131l <strong>yar\u00add\u0131m ist\u00adedi\u00adniz<\/strong>?  <\/li><li>Tan\u00adr\u0131 duru\u00admu nas\u0131l <strong>de\u011fi\u015ft\u00adir\u00addi<\/strong>?<\/li><\/ol>\t\t\t\t\t\t\t\t<\/div>\n\t\t\t\t<\/div>\n\t\t\t\t<\/div>\n\t\t\t\t\t<\/details>\n\t\t\t\t\t<\/div>\n\t\t\t\t\t\t<\/div>\n\t\t\t\t<\/div>\n\t\t\t\t<\/div>\n\t\t\t\t\t<\/div>\n\t\t\t\t<\/div>\n\t\t<div class=\"elementor-element elementor-element-4fffbcb e-flex e-con-boxed e-con e-parent\" data-id=\"4fffbcb\" data-element_type=\"container\" data-e-type=\"container\">\n\t\t\t\t\t<div class=\"e-con-inner\">\n\t\t\t\t<div class=\"elementor-element elementor-element-4534c2f elementor-button-align-stretch elementor-widget elementor-widget-form\" data-id=\"4534c2f\" data-element_type=\"widget\" data-e-type=\"widget\" data-settings=\"{&quot;step_next_label&quot;:&quot;daha fazla&quot;,&quot;step_previous_label&quot;:&quot;geri&quot;,&quot;button_width&quot;:&quot;100&quot;,&quot;step_type&quot;:&quot;number_text&quot;,&quot;step_icon_shape&quot;:&quot;circle&quot;}\" data-widget_type=\"form.default\">\n\t\t\t\t<div class=\"elementor-widget-container\">\n\t\t\t\t\t<template id=\"cfef_logic_data_4534c2f\" class=\"cfef_logic_data_js\" data-form-id=\"4534c2f\">{\u201cmessage\u201d:{\u201cdisplay_mode\u201d:\u201chide\u201d,\u201cfire_action\u201d:\u201cAll\u201d,\u201cfile_types\u201d:\u201cpng\u201d,\u201clogic_data\u201d:[{\u201ccfef_logic_field_id\u201d:\u201cwieteilen\u201d,\u201ccfef_logic_field_is\u201d:\u201d==\u201d,\u201ccfef_logic_compare_value\u201d:\u201cVideo\u201d,\u201c_id\u201d:\u201c5b58432\u201d}]},\u201cfield_86389b4\u201d:{\u201cdisplay_mode\u201d:\u201cshow\u201d,\u201cfire_action\u201d:\u201cAll\u201d,\u201cfile_types\u201d:\u201cpng\u201d,\u201clogic_data\u201d:[{\u201ccfef_logic_field_id\u201d:\u201cwieteilen\u201d,\u201ccfef_logic_field_is\u201d:\u201d!=\u201d,\u201ccfef_logic_compare_value\u201d:\u201c1\u201d,\u201c_id\u201d:\u201c011eed9\u201d}]}}<\/template>\t\t<form class=\"elementor-form\" method=\"post\" name=\"Hikaye formunu payla\u015f\" aria-label=\"Hikaye formunu payla\u015f\">\n\t\t\t<input type=\"hidden\" name=\"post_id\" value=\"3421\">\n\t\t\t<input type=\"hidden\" name=\"form_id\" value=\"4534c2f\">\n\t\t\t<input type=\"hidden\" name=\"referer_title\" value=\"Hikayeyi payla\u015f\">\n\n\t\t\t\t\t\t\t<input type=\"hidden\" name=\"queried_id\" value=\"3421\">\n\t\t\t\n\t\t\t<div class=\"elementor-form-fields-wrapper elementor-labels-above\">\n\t\t\t\t\t\t\t\t<div class=\"elementor-field-type-step elementor-field-group elementor-column elementor-field-group-field_48de5fa elementor-col-100\">\n\t\t\t\t\t\t\t<div class=\"e-field-step elementor-hidden\" data-label=\"Sorgu\" data-previousbutton data-nextbutton data-iconurl data-iconlibrary=\"fas fa-star\" data-icon=\"<svg class=&quot;e-font-icon-svg e-fas-star&quot; viewBox=&quot;0 0 576 512&quot; xmlns=&quot;http:\/\/www.w3.org\/2000\/svg&quot;><path d=&quot;M259.3 17.8L194 150.2 47.9 171.5c-26.2 3.8-36.7 36.1-17.7 54.6l105.7 103-25 145.5c-4.5 26.3 23.2 46 46.4 33.7L288 439.6l130.7 68.7c23.2 12.2 50.9-7.4 46.4-33.7l-25-145.5 105.7-103c19-18.5 8.5-50.8-17.7-54.6L382 150.2 316.7 17.8c-11.7-23.6-45.6-23.9-57.4 0z&quot;><\/path><\/svg>\"><\/div>\n\n\t\t\t\t\t\t<\/div>\n\t\t\t\t\t\t\t\t<div class=\"elementor-field-type-radio elementor-field-group elementor-column elementor-field-group-wieteilen elementor-col-100 elementor-field-required elementor-mark-required\">\n\t\t\t\t\t\t\t\t\t\t\t\t<label for=\"form-field-wieteilen\" class=\"elementor-field-label\">\n\t\t\t\t\t\t\t\tJELIEBT hikay\u00ade\u00adni\u00adzi nas\u0131l payla\u015f\u00admak ister\u00adsi\u00adniz?\t\t\t\t\t\t\t<\/label>\n\t\t\t\t\t\t<div class=\"elementor-field-subgroup  \"><span class=\"elementor-field-option\"><input type=\"radio\" value=\"Video\" id=\"form-field-wieteilen-0\" name=\"form_fields[wieteilen]\" required=\"required\"> <label for=\"form-field-wieteilen-0\">Video<\/label><\/span><span class=\"elementor-field-option\"><input type=\"radio\" value=\"Metin\" id=\"form-field-wieteilen-1\" name=\"form_fields[wieteilen]\" required=\"required\"> <label for=\"form-field-wieteilen-1\">Metin<\/label><\/span><span class=\"elementor-field-option\"><input type=\"radio\" value=\"Video ve metin\" id=\"form-field-wieteilen-2\" name=\"form_fields[wieteilen]\" required=\"required\"> <label for=\"form-field-wieteilen-2\">Video ve metin<\/label><\/span><\/div>\t\t\t\t<\/div>\n\t\t\t\t\t\t\t\t<div class=\"elementor-field-type-text elementor-field-group elementor-column elementor-field-group-field_2017167 elementor-col-50 elementor-field-required elementor-mark-required\">\n\t\t\t\t\t\t\t\t\t\t\t\t<label for=\"form-field-field_2017167\" class=\"elementor-field-label\">\n\t\t\t\t\t\t\t\tG\u00f6r\u00fcn\u00fcr isim\t\t\t\t\t\t\t<\/label>\n\t\t\t\t\t\t\t\t\t\t\t\t\t\t<input size=\"1\" type=\"text\" name=\"form_fields[field_2017167]\" id=\"form-field-field_2017167\" class=\"elementor-field elementor-size-sm  elementor-field-textual\" required=\"required\">\n\t\t\t\t\t\t\t\t\t\t\t<\/div>\n\t\t\t\t\t\t\t\t<div class=\"elementor-field-type-upload elementor-field-group elementor-column elementor-field-group-field_ebf7d86 elementor-col-50 elementor-field-required elementor-mark-required\">\n\t\t\t\t\t\t\t\t\t\t\t\t<label for=\"form-field-field_ebf7d86\" class=\"elementor-field-label\">\n\t\t\t\t\t\t\t\tPort\u00adre foto\u00ad\u011fraf\u0131n\u0131z\t\t\t\t\t\t\t<\/label>\n\t\t\t\t\t\t\t\t<input type=\"file\" name=\"form_fields[field_ebf7d86]\" id=\"form-field-field_ebf7d86\" class=\"elementor-field elementor-size-sm  elementor-upload-field\" required=\"required\">\n\n\t\t\t\t\t\t<\/div>\n\t\t\t\t\t\t\t\t<div class=\"elementor-field-type-step elementor-field-group elementor-column elementor-field-group-field_decf92c elementor-col-100\">\n\t\t\t\t\t\t\t<div class=\"e-field-step elementor-hidden\" data-label=\"Medya y\u00fckleme\" data-previousbutton data-nextbutton data-iconurl data-iconlibrary=\"fas fa-star\" data-icon=\"<svg class=&quot;e-font-icon-svg e-fas-star&quot; viewBox=&quot;0 0 576 512&quot; xmlns=&quot;http:\/\/www.w3.org\/2000\/svg&quot;><path d=&quot;M259.3 17.8L194 150.2 47.9 171.5c-26.2 3.8-36.7 36.1-17.7 54.6l105.7 103-25 145.5c-4.5 26.3 23.2 46 46.4 33.7L288 439.6l130.7 68.7c23.2 12.2 50.9-7.4 46.4-33.7l-25-145.5 105.7-103c19-18.5 8.5-50.8-17.7-54.6L382 150.2 316.7 17.8c-11.7-23.6-45.6-23.9-57.4 0z&quot;><\/path><\/svg>\"><\/div>\n\n\t\t\t\t\t\t<\/div>\n\t\t\t\t\t\t\t\t<div class=\"elementor-field-type-textarea elementor-field-group elementor-column elementor-field-group-message elementor-col-100\">\n\t\t\t\t\t\t\t\t\t\t\t\t<label for=\"form-field-message\" class=\"elementor-field-label\">\n\t\t\t\t\t\t\t\tMetin bi\u00e7i\u00admin\u00adde JELIEBT hikay\u00ade\u00adniz\t\t\t\t\t\t\t<\/label>\n\t\t\t\t\t\t<textarea class=\"elementor-field-textual elementor-field  elementor-size-sm\" name=\"form_fields[message]\" id=\"form-field-message\" rows=\"8\" placeholder=\"Hikayenizi metin olarak payla\u015fmak isterseniz, l\u00fctfen buraya ekleyin (en fazla 800 kelime l\u00fctfen)\"><\/textarea>\t\t\t\t<\/div>\n\t\t\t\t\t\t\t\t<div class=\"elementor-field-type-html elementor-field-group elementor-column elementor-field-group-field_86389b4 elementor-col-100\">\n\t\t\t\t\t<p>For\u00admu g\u00f6n\u00adder\u00addik\u00adten son\u00adra videoyu y\u00fckle\u00adme\u00adniz i\u00e7in gere\u00adken ba\u011flan\u00adt\u0131 size e\u2011posta ile g\u00f6n\u00adde\u00adril\u00adecek\u00adtir.<\/p>\t\t\t\t<\/div>\n\t\t\t\t\t\t\t\t<div class=\"elementor-field-type-step elementor-field-group elementor-column elementor-field-group-field_35356f7 elementor-col-100\">\n\t\t\t\t\t\t\t<div class=\"e-field-step elementor-hidden\" data-label=\"Dahili bilgi\" data-previousbutton data-nextbutton data-iconurl data-iconlibrary=\"fas fa-star\" data-icon=\"<svg class=&quot;e-font-icon-svg e-fas-star&quot; viewBox=&quot;0 0 576 512&quot; xmlns=&quot;http:\/\/www.w3.org\/2000\/svg&quot;><path d=&quot;M259.3 17.8L194 150.2 47.9 171.5c-26.2 3.8-36.7 36.1-17.7 54.6l105.7 103-25 145.5c-4.5 26.3 23.2 46 46.4 33.7L288 439.6l130.7 68.7c23.2 12.2 50.9-7.4 46.4-33.7l-25-145.5 105.7-103c19-18.5 8.5-50.8-17.7-54.6L382 150.2 316.7 17.8c-11.7-23.6-45.6-23.9-57.4 0z&quot;><\/path><\/svg>\"><\/div>\n\n\t\t\t\t\t\t<\/div>\n\t\t\t\t\t\t\t\t<div class=\"elementor-field-type-html elementor-field-group elementor-column elementor-field-group-field_16f337e elementor-col-100\">\n\t\t\t\t\t<h4>Bu bilgiler yaln\u0131zca JELIEBT ekibi taraf\u0131ndan g\u00f6r\u00fclebilir. Herhangi bir sorumuz olmas\u0131 durumunda bu bilgilere ihtiyac\u0131m\u0131z var. <\/h4>\t\t\t\t<\/div>\n\t\t\t\t\t\t\t\t<div class=\"elementor-field-type-text elementor-field-group elementor-column elementor-field-group-name elementor-col-50 elementor-field-required elementor-mark-required\">\n\t\t\t\t\t\t\t\t\t\t\t\t<label for=\"form-field-name\" class=\"elementor-field-label\">\n\t\t\t\t\t\t\t\t\u0130lk ad\u0131n\u0131z\t\t\t\t\t\t\t<\/label>\n\t\t\t\t\t\t\t\t\t\t\t\t\t\t<input size=\"1\" type=\"text\" name=\"form_fields[name]\" id=\"form-field-name\" class=\"elementor-field elementor-size-sm  elementor-field-textual\" required=\"required\">\n\t\t\t\t\t\t\t\t\t\t\t<\/div>\n\t\t\t\t\t\t\t\t<div class=\"elementor-field-type-text elementor-field-group elementor-column elementor-field-group-field_45fada3 elementor-col-50\">\n\t\t\t\t\t\t\t\t\t\t\t\t<label for=\"form-field-field_45fada3\" class=\"elementor-field-label\">\n\t\t\t\t\t\t\t\tSoya\u00add\u0131n\u0131z\t\t\t\t\t\t\t<\/label>\n\t\t\t\t\t\t\t\t\t\t\t\t\t\t<input size=\"1\" type=\"text\" name=\"form_fields[field_45fada3]\" id=\"form-field-field_45fada3\" class=\"elementor-field elementor-size-sm  elementor-field-textual\">\n\t\t\t\t\t\t\t\t\t\t\t<\/div>\n\t\t\t\t\t\t\t\t<div class=\"elementor-field-type-email elementor-field-group elementor-column elementor-field-group-email elementor-col-50 elementor-field-required elementor-mark-required\">\n\t\t\t\t\t\t\t\t\t\t\t\t<label for=\"form-field-email\" class=\"elementor-field-label\">\n\t\t\t\t\t\t\t\tE\u2011posta adres\u00adi\u00adniz\t\t\t\t\t\t\t<\/label>\n\t\t\t\t\t\t\t\t\t\t\t\t\t\t<input size=\"1\" type=\"email\" name=\"form_fields[email]\" id=\"form-field-email\" class=\"elementor-field elementor-size-sm  elementor-field-textual\" required=\"required\">\n\t\t\t\t\t\t\t\t\t\t\t<\/div>\n\t\t\t\t\t\t\t\t<div class=\"elementor-field-type-tel elementor-field-group elementor-column elementor-field-group-field_ecbf5ff elementor-col-50\">\n\t\t\t\t\t\t\t\t\t\t\t\t<label for=\"form-field-field_ecbf5ff\" class=\"elementor-field-label\">\n\t\t\t\t\t\t\t\tCep tele\u00adfonu numa\u00adran\u0131z\t\t\t\t\t\t\t<\/label>\n\t\t\t\t\t\t\t\t<input size=\"1\" type=\"tel\" name=\"form_fields[field_ecbf5ff]\" id=\"form-field-field_ecbf5ff\" class=\"elementor-field elementor-size-sm  elementor-field-textual\" pattern=\"[0-9()#&amp;+*-=.]+\" title=\"Only numbers and phone characters (#, -, *, etc) are accepted.\">\n\n\t\t\t\t\t\t<\/div>\n\t\t\t\t\t\t\t\t<div class=\"elementor-field-type-step elementor-field-group elementor-column elementor-field-group-field_8a77fc7 elementor-col-100\">\n\t\t\t\t\t\t\t<div class=\"e-field-step elementor-hidden\" data-label=\"Yay\u0131n\" data-previousbutton data-nextbutton data-iconurl data-iconlibrary=\"fas fa-star\" data-icon=\"<svg class=&quot;e-font-icon-svg e-fas-star&quot; viewBox=&quot;0 0 576 512&quot; xmlns=&quot;http:\/\/www.w3.org\/2000\/svg&quot;><path d=&quot;M259.3 17.8L194 150.2 47.9 171.5c-26.2 3.8-36.7 36.1-17.7 54.6l105.7 103-25 145.5c-4.5 26.3 23.2 46 46.4 33.7L288 439.6l130.7 68.7c23.2 12.2 50.9-7.4 46.4-33.7l-25-145.5 105.7-103c19-18.5 8.5-50.8-17.7-54.6L382 150.2 316.7 17.8c-11.7-23.6-45.6-23.9-57.4 0z&quot;><\/path><\/svg>\"><\/div>\n\n\t\t\t\t\t\t<\/div>\n\t\t\t\t\t\t\t\t<div class=\"elementor-field-type-html elementor-field-group elementor-column elementor-field-group-field_16f337e elementor-col-100\">\n\t\t\t\t\t<h4>JELIEBT hikayenizi nerede yay\u0131nlayabiliriz?<\/h4>\t\t\t\t<\/div>\n\t\t\t\t\t\t\t\t<div class=\"elementor-field-type-radio elementor-field-group elementor-column elementor-field-group-field_bccc4d7 elementor-col-100 elementor-field-required elementor-mark-required\">\n\t\t\t\t\t\t\t\t\t\t\t\t<label for=\"form-field-field_bccc4d7\" class=\"elementor-field-label\">\n\t\t\t\t\t\t\t\tYay\u0131n\u00adlan\u00adma tarihi\t\t\t\t\t\t\t<\/label>\n\t\t\t\t\t\t<div class=\"elementor-field-subgroup  \"><span class=\"elementor-field-option\"><input type=\"radio\" value=\"JELIEBT.de ve sosyal medya\" id=\"form-field-field_bccc4d7-0\" name=\"form_fields[field_bccc4d7]\" required=\"required\"> <label for=\"form-field-field_bccc4d7-0\">JELIEBT.de ve sosy\u00adal medya<\/label><\/span><span class=\"elementor-field-option\"><input type=\"radio\" value=\"JELIEBT.de\" id=\"form-field-field_bccc4d7-1\" name=\"form_fields[field_bccc4d7]\" required=\"required\"> <label for=\"form-field-field_bccc4d7-1\">JELIEBT.de<\/label><\/span><\/div>\t\t\t\t<\/div>\n\t\t\t\t\t\t\t\t<div class=\"elementor-field-type-acceptance elementor-field-group elementor-column elementor-field-group-field_3b97667 elementor-col-100 elementor-field-required elementor-mark-required\">\n\t\t\t\t\t\t\t<div class=\"elementor-field-subgroup\">\n\t\t\t<span class=\"elementor-field-option\">\n\t\t\t\t<input type=\"checkbox\" name=\"form_fields[field_3b97667]\" id=\"form-field-field_3b97667\" class=\"elementor-field elementor-size-sm  elementor-acceptance-field\" required=\"required\">\n\t\t\t\t<label for=\"form-field-field_3b97667\">Ver\u00adi\u00adle\u00adri\u00admin <a href=\"https:\/\/jeliebt.de\/tr\/1779-2\/\">giz\u00adli\u00adlik poli\u00adti\u00adk\u00adas\u0131\u00adna<\/a> uygun ola\u00adrak i\u015flen\u00adme\u00adsi\u00adni kabul edi\u00adyo\u00adrum<\/label>\t\t\t<\/span>\n\t\t<\/div>\n\t\t\t\t\t\t<\/div>\n\t\t\t\t\t\t\t\t<div class=\"elementor-field-group elementor-column elementor-field-type-submit elementor-col-100 e-form__buttons\">\n\t\t\t\t\t<button class=\"elementor-button elementor-size-sm\" type=\"submit\">\n\t\t\t\t\t\t<span class=\"elementor-button-content-wrapper\">\n\t\t\t\t\t\t\t\t\t\t\t\t\t\t\t\t\t\t\t\t\t\t<span class=\"elementor-button-text\">Hikayeyi payla\u015f<\/span>\n\t\t\t\t\t\t\t\t\t\t\t\t\t<\/span>\n\t\t\t\t\t<\/button>\n\t\t\t\t<\/div>\n\t\t\t<\/div>\n\t\t<\/form>\n\t\t\t\t\t\t<\/div>\n\t\t\t\t<\/div>\n\t\t\t\t\t<\/div>\n\t\t\t\t<\/div>\n\t\t\t\t<\/div>\n\t\t","protected":false},"excerpt":{"rendered":"<p>JELIEBT hikay\u00ade\u00adni\u00adzi d\u00fcnya ile payla\u015f\u00adt\u0131\u011f\u0131n\u0131z i\u00e7in te\u015fek\u00adk\u00fcr ede\u00adriz. Video\u00adda her \u015fey a\u00e7\u0131klan\u0131yor. L\u00fct\u00adfen ne t\u00fcr bir hik\u00e2ye payla\u015f\u00admak ist\u00adedi\u011fi\u00adni\u00adzi se\u00e7in: Se\u00e7e\u00adnek 1: JELIEBT hikaye\u00adsi I\u0307SA\u2019NIN SEVGI\u0307SI\u0307NI\u0307 NASIL \u00d6\u011eRENDI\u0307\u011eI\u0307NI\u0307ZI\u0307 3 ADIMDA ANLATIN: Tan\u00adr\u0131\u2019n\u0131n sev\u00adgi\u00adsi\u00adni tan\u0131\u00adma\u00addan \u00f6nce ya\u015fam\u0131n\u0131z nas\u0131l\u00add\u0131? \u0130sa\u2019n\u0131n sev\u00adgi\u00adsi\u00adni nas\u0131l \u00f6\u011fren\u00addi\u00adniz? Tan\u00adr\u0131\u2019n\u0131n sev\u00adgi\u00adsi\u00adni deney\u00adim\u00adle\u00addik\u00adten son\u00adra ya\u015fam\u0131n\u0131z nas\u0131l de\u011fi\u015f\u00adti? Se\u00e7e\u00adnek 2: ER-LEBT hikaye\u00adsi TANRI I\u0307LE YA\u015eADI\u011eINIZ [\u2026]<\/p>\n","protected":false},"author":1,"featured_media":0,"parent":0,"menu_order":0,"comment_status":"closed","ping_status":"closed","template":"","meta":{"_acf_changed":false,"wp_typography_post_enhancements_disabled":false,"footnotes":""},"class_list":["post-3421","page","type-page","status-publish","hentry"],"acf":[],"_links":{"self":[{"href":"https:\/\/jeliebt.de\/tr\/wp-json\/wp\/v2\/pages\/3421","targetHints":{"allow":["GET"]}}],"collection":[{"href":"https:\/\/jeliebt.de\/tr\/wp-json\/wp\/v2\/pages"}],"about":[{"href":"https:\/\/jeliebt.de\/tr\/wp-json\/wp\/v2\/types\/page"}],"author":[{"embeddable":true,"href":"https:\/\/jeliebt.de\/tr\/wp-json\/wp\/v2\/users\/1"}],"replies":[{"embeddable":true,"href":"https:\/\/jeliebt.de\/tr\/wp-json\/wp\/v2\/comments?post=3421"}],"version-history":[{"count":10,"href":"https:\/\/jeliebt.de\/tr\/wp-json\/wp\/v2\/pages\/3421\/revisions"}],"predecessor-version":[{"id":3743,"href":"https:\/\/jeliebt.de\/tr\/wp-json\/wp\/v2\/pages\/3421\/revisions\/3743"}],"wp:attachment":[{"href":"https:\/\/jeliebt.de\/tr\/wp-json\/wp\/v2\/media?parent=3421"}],"curies":[{"name":"wp","href":"https:\/\/api.w.org\/{rel}","templated":true}]}}