{"id":5171,"date":"2025-01-08T09:34:40","date_gmt":"2025-01-08T08:34:40","guid":{"rendered":"https:\/\/jeliebt.de\/nadruk\/"},"modified":"2026-04-15T12:17:08","modified_gmt":"2026-04-15T10:17:08","slug":"nadruk","status":"publish","type":"page","link":"https:\/\/jeliebt.de\/pl\/nadruk\/","title":{"rendered":"Nadruk"},"content":{"rendered":"\t\t<div data-elementor-type=\"wp-page\" data-elementor-id=\"5171\" class=\"elementor elementor-5171 elementor-1621\" data-elementor-post-type=\"page\">\n\t\t\t\t<div class=\"elementor-element elementor-element-0d50561 e-flex e-con-boxed e-con e-parent\" data-id=\"0d50561\" data-element_type=\"container\" data-e-type=\"container\" data-settings=\"{&quot;background_background&quot;:&quot;classic&quot;}\">\n\t\t\t\t\t<div class=\"e-con-inner\">\n\t\t<div class=\"elementor-element elementor-element-3c8b469 e-con-full e-flex e-con e-child\" data-id=\"3c8b469\" data-element_type=\"container\" data-e-type=\"container\">\n\t\t\t\t<div class=\"elementor-element elementor-element-eb21984 elementor-widget elementor-widget-heading\" data-id=\"eb21984\" data-element_type=\"widget\" data-e-type=\"widget\" data-widget_type=\"heading.default\">\n\t\t\t\t<div class=\"elementor-widget-container\">\n\t\t\t\t\t<p class=\"elementor-heading-title elementor-size-default\">Nasz<\/p>\t\t\t\t<\/div>\n\t\t\t\t<\/div>\n\t\t\t\t<div class=\"elementor-element elementor-element-7b35817 elementor-widget elementor-widget-heading\" data-id=\"7b35817\" data-element_type=\"widget\" data-e-type=\"widget\" data-widget_type=\"heading.default\">\n\t\t\t\t<div class=\"elementor-widget-container\">\n\t\t\t\t\t<h1 class=\"elementor-heading-title elementor-size-default\">Nadruk<\/h1>\t\t\t\t<\/div>\n\t\t\t\t<\/div>\n\t\t\t\t<\/div>\n\t\t<div class=\"elementor-element elementor-element-4fcafbc e-con-full e-flex e-con e-child\" data-id=\"4fcafbc\" data-element_type=\"container\" data-e-type=\"container\">\n\t\t\t\t<div class=\"elementor-element elementor-element-e5429b1 elementor-widget__width-initial elementor-widget elementor-widget-text-editor\" data-id=\"e5429b1\" data-element_type=\"widget\" data-e-type=\"widget\" data-widget_type=\"text-editor.default\">\n\t\t\t\t<div class=\"elementor-widget-container\">\n\t\t\t\t\t\t\t\t\t<h2>Operator strony internetowej<\/h2><p>Glau\u00adben\u00adtei\u00adlen e.V.<br>Sch\u00f6\u00adna\u00adgel\u00adstra\u00ad\u00dfe 14<br>12685 Ber\u00adlin<\/p><h2>Osoba kontaktowa<br> i odpowiedzialna za tre\u015b\u0107<\/h2><p>Jona\u00adthan Borau<em>(Zar\u00adz\u0105d<\/em>)<\/p><h2>Skontaktuj si\u0119 z nami<\/h2><p><strong>Tele\u00adfon:<\/strong> +49 176 96237767<br><strong>Faks:<\/strong> +49 30 22185619<br><strong>E\u2011mail:<\/strong> kontakt@glauben-teilen.com<\/p><h2>Wpis do rejestru<\/h2><p>Wpis do rejes\u00adtru sto\u00adwar\u00adzy\u00adsze\u0144<br>S\u0105d rejes\u00adtro\u00adwy: Char\u00adlot\u00adten\u00adburg Local Court<br>Numer rejes\u00adtru: VR 39302<\/p><h2>Rozstrzyganie spor\u00f3w<\/h2><p>Komis\u00adja Euro\u00adpe\u00adjs\u00adka zapew\u00adnia plat\u00adfor\u00adm\u0119 inter\u00adneto\u00adwego roz\u00adstrzy\u00adga\u00adnia spor\u00f3w (OS):<\/p><p>https:\/\/ec.europa.eu\/consumers\/odr<\/p><p>Nasz adres e\u2011mail mo\u017c\u00adna zna\u00adle\u017a\u0107 powy\u017cej w nocie praw\u00adnej.<br>Nie jes\u00adte\u015b\u00admy sk\u0142on\u00adni ani zobo\u00adwi\u0105\u00adza\u00adni do udzia\u0142u w pos\u00adt\u0119\u00adpo\u00adwa\u00adniu roz\u00adstrzy\u00adga\u00adj\u0105\u00adcym spo\u00adry przed komis\u00adj\u0105 arbi\u00adtra\u017co\u00adw\u0105 kon\u00adsu\u00admen\u00adt\u00f3w.<\/p><h2>Odpowiedzialno\u015b\u0107 za tre\u015b\u0107<\/h2><p>Jako dostaw\u00adca us\u0142ug jes\u00adte\u015b\u00admy odpo\u00adwied\u00adzi\u00adal\u00adni za w\u0142as\u00adne tre\u015bci na tych stro\u00adnach zgod\u00adnie z \u00a7 7 (1) TMG <span class=\"caps\">(nie\u00admie\u00adcka usta\u00adwa o tele\u00adme\u00addiach)<\/span> i og\u00f3l\u00adny\u00admi prze\u00adpi\u00adsa\u00admi pra\u00adwa. Zgod\u00adnie z \u00a7\u00a7 8 do 10 <span class=\"caps\">TMG<\/span>, jako us\u0142u\u00adgo\u00addaw\u00adca nie jes\u00adte\u015b\u00admy jed\u00adnak zobo\u00adwi\u0105\u00adza\u00adni do moni\u00adto\u00adro\u00adwa\u00adnia prze\u00adka\u00adzy\u00adwanych lub prz\u00adecho\u00adwy\u00adwanych infor\u00admac\u00adji os\u00f3b trze\u00adcich ani do bad\u00ada\u00adnia oko\u00adlicz\u00adno\u015bci wska\u00adzu\u00adj\u0105\u00adcych na nie\u00adle\u00adgal\u00adn\u0105 dzia\u0142al\u00adno\u015b\u0107.<br>zobo\u00adwi\u0105\u00adza\u00adnia do usuni\u0119cia lub zab\u00adlo\u00adko\u00adwa\u00adnia kor\u00adzysta\u00adnia z infor\u00admac\u00adji zgod\u00adnie z og\u00f3l\u00adny\u00admi prze\u00adpi\u00adsa\u00admi pra\u00adwa pozosta\u00adj\u0105 niena\u00adrus\u00adzo\u00adne. Odpo\u00adwied\u00adzi\u00adal\u00adno\u015b\u0107 w tym zak\u00adre\u00adsie jest jed\u00adnak mo\u017c\u00adli\u00adwa dopie\u00adro od momen\u00adtu uzys\u00adka\u00adnia wied\u00adzy o kon\u00adkret\u00adnym narusze\u00adniu. Gdy tyl\u00adko dowie\u00admy si\u0119 o takich narusze\u00adniach, natych\u00admi\u00adast usunie\u00admy te tre\u015bci.   <\/p><h2>Odpowiedzialno\u015b\u0107 za linki<\/h2><p>Nas\u00adza witry\u00adna inter\u00adneto\u00adwa zawi\u00ade\u00adra \u0142\u0105c\u00adza do zewn\u0119\u00adtrz\u00adnych witryn inter\u00adneto\u00adwych os\u00f3b trze\u00adcich, na kt\u00f3rych tre\u015b\u0107 nie mamy wp\u0142y\u00adwu. W zwi\u0105z\u00adku z tym nie mo\u017ce\u00admy pono\u00adsi\u0107 \u017cad\u00adnej odpo\u00adwied\u00adzi\u00adal\u00adno\u015bci za tre\u015bci stron trze\u00adcich. Odpo\u00adwied\u00adni dostaw\u00adca lub ope\u00adra\u00adtor stron jest zaw\u00ads\u00adze odpo\u00adwied\u00adzi\u00adal\u00adny za tre\u015b\u0107 stron, do kt\u00f3rych pro\u00adwad\u00adz\u0105 lin\u00adki. Po\u0142\u0105c\u00adzo\u00adne stro\u00adny zosta\u0142y sprawd\u00adzo\u00adne pod k\u0105tem mo\u017c\u00adli\u00adwych narus\u00adze\u0144 pra\u00adwa w momen\u00adcie \u0142\u0105c\u00adze\u00adnia. Nie\u00adle\u00adgal\u00adne tre\u015bci nie zosta\u0142y roz\u00adpoz\u00adna\u00adne w momen\u00adcie lin\u00adkowa\u00adnia. Sta\u0142e moni\u00adto\u00adro\u00adwa\u00adnie tre\u015bci stron, do kt\u00f3rych pro\u00adwad\u00adz\u0105 lin\u00adki, nie jest jed\u00adnak uza\u00adsad\u00adnio\u00adne bez kon\u00adkret\u00adnych dowo\u00add\u00f3w narusze\u00adnia pra\u00adwa. Je\u015b\u00adli dowie\u00admy si\u0119 o jakich\u00adkol\u00adwiek narusze\u00adniach pra\u00adwa, natych\u00admi\u00adast usunie\u00admy takie lin\u00adki.      <\/p><h2>Prawa autorskie<\/h2><p>Tre\u015bci i dzie\u0142a stwor\u00adzo\u00adne przez ope\u00adra\u00adtor\u00f3w witryn na tych stro\u00adnach pod\u00adle\u00adga\u00adj\u0105 nie\u00admieckie\u00admu pra\u00adwu autor\u00adskie\u00admu. Powie\u00adla\u00adnie, przet\u00adwarza\u00adnie, roz\u00adpow\u00ads\u00adzech\u00adnia\u00adnie i wszel\u00adkie\u00adgo rod\u00adza\u00adju wykor\u00adzy\u00adsty\u00adwa\u00adnie poza gra\u00adni\u00adca\u00admi pra\u00adwa autor\u00adskie\u00adgo wyma\u00adga pisem\u00adnej zgo\u00addy odpo\u00adwied\u00adnie\u00adgo auto\u00adra lub tw\u00f3r\u00adcy. Pobieranie i kopio\u00adwa\u00adnie tej stro\u00adny jest doz\u00adwo\u00adlo\u00adne wy\u0142\u0105cz\u00adnie do pry\u00adwat\u00adn\u00adego, nie\u00adkom\u00ader\u00adcy\u00adj\u00adn\u00adego u\u017cyt\u00adku. O ile tre\u015bci na tej stro\u00adnie nie zosta\u0142y stwor\u00adzo\u00adne przez ope\u00adra\u00adtora, pra\u00adwa autor\u00adskie os\u00f3b trze\u00adcich s\u0105 przestrz\u00ade\u00adga\u00adne. W szc\u00adze\u00adg\u00f3l\u00adno\u015bci tre\u015bci os\u00f3b trze\u00adcich s\u0105 oznac\u00adzo\u00adne jako takie. Je\u015b\u00adli mimo to dowiesz si\u0119 o narusze\u00adniu praw autor\u00adskich, poin\u00adfor\u00admuj nas o tym. Je\u015b\u00adli dowie\u00admy si\u0119 o jakich\u00adkol\u00adwiek narusze\u00adniach, nie\u00adzw\u0142ocz\u00adnie usunie\u00admy takie tre\u015bci.      <\/p><h2>Polityka prywatno\u015bci<\/h2><p>Nas\u00adz\u0105 poli\u00adty\u00adk\u0119 pry\u00adwat\u00adno\u015bci mo\u017c\u00adna zna\u00adle\u017a\u0107 <a href=\"https:\/\/jeliebt.de\/pl\/ochrona-danych\/\">tutaj<\/a>.<\/p>\t\t\t\t\t\t\t\t<\/div>\n\t\t\t\t<\/div>\n\t\t\t\t<\/div>\n\t\t\t\t\t<\/div>\n\t\t\t\t<\/div>\n\t\t\t\t<\/div>\n\t\t","protected":false},"excerpt":{"rendered":"<p>Nasz Nadruk Ope\u00adra\u00adtor stro\u00adny inter\u00adneto\u00adwej Glau\u00adben\u00adtei\u00adlen e.V.Sch\u00f6\u00adna\u00adgel\u00adstra\u00ad\u00dfe 1412685 Ber\u00adlin Oso\u00adba kon\u00adtakt\u00adowa i odpo\u00adwied\u00adzi\u00adal\u00adna za tre\u015b\u0107 Jona\u00adthan Borau(Zar\u00adz\u0105d) Skon\u00adtak\u00adtuj si\u0119 z nami Tele\u00adfon: +49 176 96237767Faks: +49 30 22185619E\u2011mail: kontakt@glauben-teilen.com Wpis do rejes\u00adtru Wpis do rejes\u00adtru sto\u00adwar\u00adzy\u00adsze\u0144S\u0105d rejes\u00adtro\u00adwy: Char\u00adlot\u00adten\u00adburg Local Court\u00adNu\u00admer rejes\u00adtru: VR 39302 Roz\u00adstrzy\u00adga\u00adnie spor\u00f3w Komis\u00adja Euro\u00adpe\u00adjs\u00adka zapew\u00adnia plat\u00adfor\u00adm\u0119 inter\u00adneto\u00adwego roz\u00adstrzy\u00adga\u00adnia spor\u00f3w (OS): https:\/\/ec.europa.eu\/consumers\/odr Nasz [\u2026]<\/p>\n","protected":false},"author":1,"featured_media":0,"parent":0,"menu_order":0,"comment_status":"closed","ping_status":"closed","template":"","meta":{"_acf_changed":false,"wp_typography_post_enhancements_disabled":false,"footnotes":""},"class_list":["post-5171","page","type-page","status-publish","hentry"],"acf":[],"_links":{"self":[{"href":"https:\/\/jeliebt.de\/pl\/wp-json\/wp\/v2\/pages\/5171","targetHints":{"allow":["GET"]}}],"collection":[{"href":"https:\/\/jeliebt.de\/pl\/wp-json\/wp\/v2\/pages"}],"about":[{"href":"https:\/\/jeliebt.de\/pl\/wp-json\/wp\/v2\/types\/page"}],"author":[{"embeddable":true,"href":"https:\/\/jeliebt.de\/pl\/wp-json\/wp\/v2\/users\/1"}],"replies":[{"embeddable":true,"href":"https:\/\/jeliebt.de\/pl\/wp-json\/wp\/v2\/comments?post=5171"}],"version-history":[{"count":1,"href":"https:\/\/jeliebt.de\/pl\/wp-json\/wp\/v2\/pages\/5171\/revisions"}],"predecessor-version":[{"id":5173,"href":"https:\/\/jeliebt.de\/pl\/wp-json\/wp\/v2\/pages\/5171\/revisions\/5173"}],"wp:attachment":[{"href":"https:\/\/jeliebt.de\/pl\/wp-json\/wp\/v2\/media?parent=5171"}],"curies":[{"name":"wp","href":"https:\/\/api.w.org\/{rel}","templated":true}]}}