{"id":5165,"date":"2026-01-14T09:22:46","date_gmt":"2026-01-14T08:22:46","guid":{"rendered":"https:\/\/jeliebt.de\/elisa\/"},"modified":"2026-04-15T12:17:04","modified_gmt":"2026-04-15T10:17:04","slug":"elisa","status":"publish","type":"page","link":"https:\/\/jeliebt.de\/pl\/elisa\/","title":{"rendered":"Elisa"},"content":{"rendered":"\t\t<div data-elementor-type=\"wp-page\" data-elementor-id=\"5165\" class=\"elementor elementor-5165 elementor-3774\" data-elementor-post-type=\"page\">\n\t\t\t\t<div class=\"elementor-element elementor-element-939132d e-flex e-con-boxed e-con e-parent\" data-id=\"939132d\" data-element_type=\"container\" data-e-type=\"container\" data-settings=\"{&quot;background_background&quot;:&quot;classic&quot;}\">\n\t\t\t\t\t<div class=\"e-con-inner\">\n\t\t<div class=\"elementor-element elementor-element-6fb122b e-con-full e-flex e-con e-child\" data-id=\"6fb122b\" data-element_type=\"container\" data-e-type=\"container\">\n\t\t\t\t<div class=\"elementor-element elementor-element-7c87e26 elementor-widget elementor-widget-heading\" data-id=\"7c87e26\" data-element_type=\"widget\" data-e-type=\"widget\" data-widget_type=\"heading.default\">\n\t\t\t\t<div class=\"elementor-widget-container\">\n\t\t\t\t\t<p class=\"elementor-heading-title elementor-size-default\">Odnalaz\u0142em wewn\u0119\u00adtrz\u00adny <span style=\"color:#e8358a\">spo\u00adk\u00f3j<\/span> <\/p>\t\t\t\t<\/div>\n\t\t\t\t<\/div>\n\t\t\t\t<div class=\"elementor-element elementor-element-aa003ba elementor-widget elementor-widget-heading\" data-id=\"aa003ba\" data-element_type=\"widget\" data-e-type=\"widget\" data-widget_type=\"heading.default\">\n\t\t\t\t<div class=\"elementor-widget-container\">\n\t\t\t\t\t<h1 class=\"elementor-heading-title elementor-size-default\">Historia Elisy<\/h1>\t\t\t\t<\/div>\n\t\t\t\t<\/div>\n\t\t\t\t<\/div>\n\t\t<div class=\"elementor-element elementor-element-7546624 e-con-full e-flex e-con e-child\" data-id=\"7546624\" data-element_type=\"container\" data-e-type=\"container\" data-settings=\"{&quot;background_background&quot;:&quot;classic&quot;}\">\n\t\t<div class=\"elementor-element elementor-element-b1762b9 e-con-full e-grid e-con e-child\" data-id=\"b1762b9\" data-element_type=\"container\" data-e-type=\"container\">\n\t\t<div class=\"elementor-element elementor-element-d22310f e-con-full e-flex e-con e-child\" data-id=\"d22310f\" data-element_type=\"container\" data-e-type=\"container\" data-settings=\"{&quot;background_background&quot;:&quot;classic&quot;}\">\n\t\t\t\t<div class=\"elementor-element elementor-element-b954d30 elementor-widget elementor-widget-heading\" data-id=\"b954d30\" data-element_type=\"widget\" data-e-type=\"widget\" data-widget_type=\"heading.default\">\n\t\t\t\t<div class=\"elementor-widget-container\">\n\t\t\t\t\t<h2 class=\"elementor-heading-title elementor-size-default\">Przed<\/h2>\t\t\t\t<\/div>\n\t\t\t\t<\/div>\n\t\t\t\t<div class=\"elementor-element elementor-element-a3c7759 elementor-widget elementor-widget-text-editor\" data-id=\"a3c7759\" data-element_type=\"widget\" data-e-type=\"widget\" data-widget_type=\"text-editor.default\">\n\t\t\t\t<div class=\"elementor-widget-container\">\n\t\t\t\t\t\t\t\t\t<p>Kie\u00adro\u00adwa\u00adna t\u0119s\u00adkno\u00adt\u0105 za sensem \u017cycia, Eli\u00adsa po uko\u0144c\u00adze\u00adniu szko\u0142y \u015bred\u00adniej uda\u00adje si\u0119 do Indii. Tam poz\u00adna\u00adje ducho\u00adw\u0105 \u015bcie\u017ck\u0119, kt\u00f3ra obie\u00adcu\u00adje jej o\u015bwie\u00adce\u00adnie. Przez 10 lat pr\u00f3\u00adbu\u00adje odna\u00adle\u017a\u0107 trwa\u0142y spo\u00adk\u00f3j i wype\u0142\u00adni\u0107 dzi\u00adur\u0119 w swo\u00adim ser\u00adcu poprzez jog\u0119, medy\u00adt\u00adac\u00adj\u0119, rytua\u0142y i ter\u00ada\u00adpi\u0119. Jed\u00adnak raz po raz popada w powa\u017c\u00adne kry\u00adzy\u00adsy psy\u00adchicz\u00adne, kt\u00f3\u00adre nie\u00admal pro\u00adwad\u00adz\u0105 do jej \u015bmier\u00adci.   <\/p>\t\t\t\t\t\t\t\t<\/div>\n\t\t\t\t<\/div>\n\t\t\t\t<\/div>\n\t\t<div class=\"elementor-element elementor-element-2cb7868 e-con-full e-flex e-con e-child\" data-id=\"2cb7868\" data-element_type=\"container\" data-e-type=\"container\" data-settings=\"{&quot;background_background&quot;:&quot;classic&quot;}\">\n\t\t\t\t<div class=\"elementor-element elementor-element-22c08e9 elementor-widget elementor-widget-shortcode\" data-id=\"22c08e9\" data-element_type=\"widget\" data-e-type=\"widget\" data-widget_type=\"shortcode.default\">\n\t\t\t\t<div class=\"elementor-widget-container\">\n\t\t\t\t\t\t\t<div class=\"elementor-shortcode\">\n\t\t\t\n\t<style type=\"text\/css\">\n\t\t.slider-info-4006.bafg-slider-info .bafg-slider-title {\n\t\t\t\t\t\t\tfont-size:\n\t\t\t\t\t22px\t\t\t\t;\n\t\t\t\n\t\t\t\n\t\t\t\t\t}\n\n\t\t.slider-info-4006.bafg-slider-info .bafg-slider-description {\n\t\t\t\n\t\t\t\n\t\t\t\t\t}\n\t\t\n\t\t\n\t\t.slider-info-4006.bafg-slider-info .bafg_slider_readmore_button {\n\t\t\t\n\t\t\t\n\t\t\t\n\t\t\t\n\t\t\t\n\t\t\ttext-align: center;\n\n\t\t\t\n\t\t\t\n\t\t\t\n\t\t\t\n\t\t\t\t\t}\n\n\t\t.slider-info-4006.bafg-slider-info .bafg_slider_readmore_button:hover {\n\n\t\t\t\n\t\t\t\n\t\t\t\t\t}\n\t<\/style>\n\t\n\t\t\t<div class=\"bafg-twentytwenty-container slider-4006  \" bafg-orientation=\"horizontal\" bafg-default-offset=\"0.5\" bafg-before-label=\"Vorher\" bafg-after-label=\"Nachher\" bafg-overlay=\"1\" bafg-move-slider-on-hover bafg-click-to-move>\n\n\t\t\t\t\t\t\t\t<img class=\"skip-lazy\" data-skip-lazy src=\"https:\/\/jeliebt.de\/wp-content\/uploads\/jeliebt-jesus-liebt-elisa-vorher-1.webp\" alt>\n\t\t\t\t<img class=\"skip-lazy\" data-skip-lazy src=\"https:\/\/jeliebt.de\/wp-content\/uploads\/jeliebt-jesus-liebt-elisa-nachher-1.webp\" alt>\n\n\t\t\t<\/div>\n\n\t\t\t\t<div class=\"bafg-slider-info-wraper\">\n\t\t<div style class=\"slider-info-4006 bafg-slider-info\">\n\t\t\t\t\t<\/div>\n\t<\/div>\n\t\n\t\t\t<style type=\"text\/css\">\n\t\t\t\t\t\t\t\t\t\t\t<\/style>\n\t\t\t<\/div>\n\t\t\t\t\t\t<\/div>\n\t\t\t\t<\/div>\n\t\t\t\t<\/div>\n\t\t<div class=\"elementor-element elementor-element-858647c e-con-full e-flex e-con e-child\" data-id=\"858647c\" data-element_type=\"container\" data-e-type=\"container\" data-settings=\"{&quot;background_background&quot;:&quot;classic&quot;}\">\n\t\t\t\t<div class=\"elementor-element elementor-element-15943b9 elementor-widget elementor-widget-heading\" data-id=\"15943b9\" data-element_type=\"widget\" data-e-type=\"widget\" data-widget_type=\"heading.default\">\n\t\t\t\t<div class=\"elementor-widget-container\">\n\t\t\t\t\t<h2 class=\"elementor-heading-title elementor-size-default\">Nast\u0119pnie<\/h2>\t\t\t\t<\/div>\n\t\t\t\t<\/div>\n\t\t\t\t<div class=\"elementor-element elementor-element-7c241de elementor-widget elementor-widget-text-editor\" data-id=\"7c241de\" data-element_type=\"widget\" data-e-type=\"widget\" data-widget_type=\"text-editor.default\">\n\t\t\t\t<div class=\"elementor-widget-container\">\n\t\t\t\t\t\t\t\t\t<p>W swo\u00adim naj\u00adni\u017cs\u00adzym punk\u00adcie zac\u00adzy\u00adna pyta\u0107 Boga, gdzie On jest i czy j\u0105 s\u0142yszy. Jezus odpo\u00adwied\u00adzia\u0142 jej i podc\u00adz\u00adas piel\u00adgrzym\u00adki spot\u00adka\u0142a Jego mi\u0142o\u015b\u0107 i prze\u00adbac\u00adze\u00adnie, co na zaw\u00ads\u00adze zmi\u00ade\u00adni\u0142o jej \u017cycie. Zosta\u00adje uzd\u00adro\u00adwio\u00adna z cho\u00adro\u00adby psy\u00adchicz\u00adnej, odnaj\u00addu\u00adje g\u0142\u0119\u00adbo\u00adki wewn\u0119\u00adtrz\u00adny spo\u00adk\u00f3j i w ko\u0144\u00adcu wie, kim jest: uko\u00adchan\u0105 c\u00f3r\u00adk\u0105 Boga.  <\/p>\t\t\t\t\t\t\t\t<\/div>\n\t\t\t\t<\/div>\n\t\t\t\t<\/div>\n\t\t\t\t<\/div>\n\t\t\t\t<\/div>\n\t\t<div class=\"elementor-element elementor-element-4670c52 e-con-full e-grid e-con e-child\" data-id=\"4670c52\" data-element_type=\"container\" data-e-type=\"container\">\n\t\t\t\t<div class=\"elementor-element elementor-element-097cf99 elementor-widget elementor-widget-video\" data-id=\"097cf99\" data-element_type=\"widget\" data-e-type=\"widget\" data-settings=\"{&quot;youtube_url&quot;:&quot;https:\\\/\\\/www.youtube.com\\\/watch?v=KY-J4M8BsOI&quot;,&quot;video_type&quot;:&quot;youtube&quot;,&quot;controls&quot;:&quot;yes&quot;}\" data-widget_type=\"video.default\">\n\t\t\t\t<div class=\"elementor-widget-container\">\n\t\t\t\t\t\t\t<div class=\"elementor-wrapper elementor-open-inline\">\n\t\t\t<div class=\"elementor-video\"><\/div>\t\t<\/div>\n\t\t\t\t\t\t<\/div>\n\t\t\t\t<\/div>\n\t\t<div class=\"elementor-element elementor-element-58277af e-con-full e-flex e-con e-child\" data-id=\"58277af\" data-element_type=\"container\" data-e-type=\"container\" data-settings=\"{&quot;background_background&quot;:&quot;classic&quot;}\">\n\t\t\t\t<div class=\"elementor-element elementor-element-11efc06 elementor-widget elementor-widget-heading\" data-id=\"11efc06\" data-element_type=\"widget\" data-e-type=\"widget\" data-widget_type=\"heading.default\">\n\t\t\t\t<div class=\"elementor-widget-container\">\n\t\t\t\t\t<h2 class=\"elementor-heading-title elementor-size-default\">Wideo Elisy<\/h2>\t\t\t\t<\/div>\n\t\t\t\t<\/div>\n\t\t\t\t<div class=\"elementor-element elementor-element-401a706 elementor-widget elementor-widget-text-editor\" data-id=\"401a706\" data-element_type=\"widget\" data-e-type=\"widget\" data-widget_type=\"text-editor.default\">\n\t\t\t\t<div class=\"elementor-widget-container\">\n\t\t\t\t\t\t\t\t\t<p>Dlac\u00adze\u00adgo tu jes\u00adtem, jaki jest sens mojego \u017cycia? Te pyta\u00adnia nie daj\u0105 Eli\u00adsie Rie\u00adse spo\u00adko\u00adju. Sp\u0119d\u00adza mie\u00adsi\u0105ce podr\u00f3\u017cu\u00adj\u0105c po Indiach w pos\u00adzu\u00adki\u00adwa\u00adniu \u201cpraw\u00addy\u201d. Mieszka z guru, anga\u017cu\u00adje si\u0119 w ducho\u00adwe rytua\u0142y i sza\u00adma\u00adnizm oraz god\u00adzina\u00admi medy\u00adtu\u00adje. Jej \u017cycio\u00adwym celem sta\u00adje si\u0119 o\u015bwie\u00adce\u00adnie. Pi\u0119cio\u00adkrot\u00adnie tra\u00adfia jed\u00adnak na oddzia\u0142 psych\u00adia\u00adtrycz\u00adny, raz wier\u00adz\u0105c, \u017ce jest Jezu\u00adsem i pra\u00adwie trac\u0105c \u017cycie. Ale jej zaan\u00adga\u017co\u00adwa\u00adnie w \u201cMis\u00adtrza\u201d Jezu\u00adsa zac\u00adzy\u00adna j\u0105 zmi\u00ade\u00adnia\u0107.      <\/p>\t\t\t\t\t\t\t\t<\/div>\n\t\t\t\t<\/div>\n\t\t\t\t<\/div>\n\t\t\t\t<\/div>\n\t\t<div class=\"elementor-element elementor-element-7a82d3a e-con-full e-flex e-con e-child\" data-id=\"7a82d3a\" data-element_type=\"container\" data-e-type=\"container\">\n\t\t\t\t<div class=\"elementor-element elementor-element-853ec86 elementor-align-center elementor-widget elementor-widget-button\" data-id=\"853ec86\" data-element_type=\"widget\" data-e-type=\"widget\" data-widget_type=\"button.default\">\n\t\t\t\t<div class=\"elementor-widget-container\">\n\t\t\t\t\t\t\t\t\t<div class=\"elementor-button-wrapper\">\n\t\t\t\t\t<a class=\"elementor-button elementor-button-link elementor-size-sm\" href=\"https:\/\/jeliebt.de\/pl\/poznaj-jezusa\/\">\n\t\t\t\t\t\t<span class=\"elementor-button-content-wrapper\">\n\t\t\t\t\t\t<span class=\"elementor-button-icon\">\n\t\t\t\t<svg aria-hidden=\"true\" class=\"e-font-icon-svg e-fas-crown\" viewBox=\"0 0 640 512\"><path d=\"M528 448H112c-8.8 0-16 7.2-16 16v32c0 8.8 7.2 16 16 16h416c8.8 0 16-7.2 16-16v-32c0-8.8-7.2-16-16-16zm64-320c-26.5 0-48 21.5-48 48 0 7.1 1.6 13.7 4.4 19.8L476 239.2c-15.4 9.2-35.3 4-44.2-11.6L350.3 85C361 76.2 368 63 368 48c0-26.5-21.5-48-48-48s-48 21.5-48 48c0 15 7 28.2 17.7 37l-81.5 142.6c-8.9 15.6-28.9 20.8-44.2 11.6l-72.3-43.4c2.7-6 4.4-12.7 4.4-19.8 0-26.5-21.5-48-48-48S0 149.5 0 176s21.5 48 48 48c2.6 0 5.2-.4 7.7-.8L128 416h384l72.3-192.8c2.5.4 5.1.8 7.7.8 26.5 0 48-21.5 48-48s-21.5-48-48-48z\" \/><\/svg>\t\t\t<\/span>\n\t\t\t\t\t\t\t\t\t<span class=\"elementor-button-text\">poz\u00adna\u0107 Jezu\u00adsa<\/span>\n\t\t\t\t\t<\/span>\n\t\t\t\t\t<\/a>\n\t\t\t\t<\/div>\n\t\t\t\t\t\t\t\t<\/div>\n\t\t\t\t<\/div>\n\t\t\t\t<div class=\"elementor-element elementor-element-b614b08 elementor-align-center elementor-widget elementor-widget-button\" data-id=\"b614b08\" data-element_type=\"widget\" data-e-type=\"widget\" data-widget_type=\"button.default\">\n\t\t\t\t<div class=\"elementor-widget-container\">\n\t\t\t\t\t\t\t\t\t<div class=\"elementor-button-wrapper\">\n\t\t\t\t\t<a class=\"elementor-button elementor-button-link elementor-size-sm\" href=\"#elementor-action%3Aaction%3Dpopup%3Aopen%26settings%3DeyJpZCI6NTE3NSwidG9nZ2xlIjpmYWxzZX0%3D\">\n\t\t\t\t\t\t<span class=\"elementor-button-content-wrapper\">\n\t\t\t\t\t\t<span class=\"elementor-button-icon\">\n\t\t\t\t<svg aria-hidden=\"true\" class=\"e-font-icon-svg e-fas-users\" viewBox=\"0 0 640 512\"><path d=\"M96 224c35.3 0 64-28.7 64-64s-28.7-64-64-64-64 28.7-64 64 28.7 64 64 64zm448 0c35.3 0 64-28.7 64-64s-28.7-64-64-64-64 28.7-64 64 28.7 64 64 64zm32 32h-64c-17.6 0-33.5 7.1-45.1 18.6 40.3 22.1 68.9 62 75.1 109.4h66c17.7 0 32-14.3 32-32v-32c0-35.3-28.7-64-64-64zm-256 0c61.9 0 112-50.1 112-112S381.9 32 320 32 208 82.1 208 144s50.1 112 112 112zm76.8 32h-8.3c-20.8 10-43.9 16-68.5 16s-47.6-6-68.5-16h-8.3C179.6 288 128 339.6 128 403.2V432c0 26.5 21.5 48 48 48h288c26.5 0 48-21.5 48-48v-28.8c0-63.6-51.6-115.2-115.2-115.2zm-223.7-13.4C161.5 263.1 145.6 256 128 256H64c-35.3 0-64 28.7-64 64v32c0 17.7 14.3 32 32 32h65.9c6.3-47.4 34.9-87.3 75.2-109.4z\" \/><\/svg>\t\t\t<\/span>\n\t\t\t\t\t\t\t\t\t<span class=\"elementor-button-text\">Skon\u00adtak\u00adtuj si\u0119 z nami<\/span>\n\t\t\t\t\t<\/span>\n\t\t\t\t\t<\/a>\n\t\t\t\t<\/div>\n\t\t\t\t\t\t\t\t<\/div>\n\t\t\t\t<\/div>\n\t\t\t\t<\/div>\n\t\t\t\t\t<\/div>\n\t\t\t\t<\/div>\n\t\t\t\t<\/div>\n\t\t","protected":false},"excerpt":{"rendered":"<p>Odnalaz\u0142em wewn\u0119\u00adtrz\u00adny spo\u00adk\u00f3j His\u00adto\u00adria Eli\u00adsy Przed Kie\u00adro\u00adwa\u00adna t\u0119s\u00adkno\u00adt\u0105 za sensem \u017cycia, Eli\u00adsa po uko\u0144c\u00adze\u00adniu szko\u0142y \u015bred\u00adniej uda\u00adje si\u0119 do Indii. Tam poz\u00adna\u00adje ducho\u00adw\u0105 \u015bcie\u017ck\u0119, kt\u00f3ra obie\u00adcu\u00adje jej o\u015bwie\u00adce\u00adnie. Przez 10 lat pr\u00f3\u00adbu\u00adje odna\u00adle\u017a\u0107 trwa\u0142y spo\u00adk\u00f3j i wype\u0142\u00adni\u0107 dzi\u00adur\u0119 w swo\u00adim ser\u00adcu poprzez jog\u0119, medy\u00adt\u00adac\u00adj\u0119, rytua\u0142y i ter\u00ada\u00adpi\u0119. Jed\u00adnak raz po raz popada w powa\u017c\u00adne kry\u00adzy\u00adsy [\u2026]<\/p>\n","protected":false},"author":1,"featured_media":0,"parent":0,"menu_order":0,"comment_status":"closed","ping_status":"closed","template":"","meta":{"_acf_changed":false,"wp_typography_post_enhancements_disabled":false,"footnotes":""},"class_list":["post-5165","page","type-page","status-publish","hentry"],"acf":[],"_links":{"self":[{"href":"https:\/\/jeliebt.de\/pl\/wp-json\/wp\/v2\/pages\/5165","targetHints":{"allow":["GET"]}}],"collection":[{"href":"https:\/\/jeliebt.de\/pl\/wp-json\/wp\/v2\/pages"}],"about":[{"href":"https:\/\/jeliebt.de\/pl\/wp-json\/wp\/v2\/types\/page"}],"author":[{"embeddable":true,"href":"https:\/\/jeliebt.de\/pl\/wp-json\/wp\/v2\/users\/1"}],"replies":[{"embeddable":true,"href":"https:\/\/jeliebt.de\/pl\/wp-json\/wp\/v2\/comments?post=5165"}],"version-history":[{"count":1,"href":"https:\/\/jeliebt.de\/pl\/wp-json\/wp\/v2\/pages\/5165\/revisions"}],"predecessor-version":[{"id":5166,"href":"https:\/\/jeliebt.de\/pl\/wp-json\/wp\/v2\/pages\/5165\/revisions\/5166"}],"wp:attachment":[{"href":"https:\/\/jeliebt.de\/pl\/wp-json\/wp\/v2\/media?parent=5165"}],"curies":[{"name":"wp","href":"https:\/\/api.w.org\/{rel}","templated":true}]}}