{"id":5156,"date":"2025-01-13T07:38:15","date_gmt":"2025-01-13T06:38:15","guid":{"rendered":"https:\/\/jeliebt.de\/poznaj-jezusa\/"},"modified":"2026-04-15T12:17:03","modified_gmt":"2026-04-15T10:17:03","slug":"poznaj-jezusa","status":"publish","type":"page","link":"https:\/\/jeliebt.de\/pl\/poznaj-jezusa\/","title":{"rendered":"Poznaj Jezusa"},"content":{"rendered":"\t\t<div data-elementor-type=\"wp-page\" data-elementor-id=\"5156\" class=\"elementor elementor-5156 elementor-1922\" data-elementor-post-type=\"page\">\n\t\t\t\t<div class=\"elementor-element elementor-element-5985425 e-flex e-con-boxed e-con e-parent\" data-id=\"5985425\" data-element_type=\"container\" data-e-type=\"container\" data-settings=\"{&quot;background_background&quot;:&quot;classic&quot;}\">\n\t\t\t\t\t<div class=\"e-con-inner\">\n\t\t\t\t\t<\/div>\n\t\t\t\t<\/div>\n\t\t<div class=\"elementor-element elementor-element-a7ad047 e-flex e-con-boxed e-con e-parent\" data-id=\"a7ad047\" data-element_type=\"container\" data-e-type=\"container\" data-settings=\"{&quot;background_background&quot;:&quot;classic&quot;}\">\n\t\t\t\t\t<div class=\"e-con-inner\">\n\t\t<div class=\"elementor-element elementor-element-db92f2c e-con-full e-flex e-con e-child\" data-id=\"db92f2c\" data-element_type=\"container\" data-e-type=\"container\">\n\t\t\t\t<div class=\"elementor-element elementor-element-fd9ae1d elementor-widget elementor-widget-heading\" data-id=\"fd9ae1d\" data-element_type=\"widget\" data-e-type=\"widget\" data-widget_type=\"heading.default\">\n\t\t\t\t<div class=\"elementor-widget-container\">\n\t\t\t\t\t<h1 class=\"elementor-heading-title elementor-size-default\">\nPorozmawiaj z nim\n<\/h1>\t\t\t\t<\/div>\n\t\t\t\t<\/div>\n\t\t\t\t<div class=\"elementor-element elementor-element-b8f3d8a elementor-widget elementor-widget-text-editor\" data-id=\"b8f3d8a\" data-element_type=\"widget\" data-e-type=\"widget\" data-widget_type=\"text-editor.default\">\n\t\t\t\t<div class=\"elementor-widget-container\">\n\t\t\t\t\t\t\t\t\t<p>Je\u015b\u00adli chcesz dowied\u00adzie\u0107 si\u0119, czy Jezus ist\u00adnie\u00adje, mo\u017cesz go po pro\u00ads\u00adtu zapy\u00adta\u0107:<\/p><p><strong>\u201cJezu, je\u015b\u00adli napraw\u00add\u0119 ist\u00adnie\u00adjesz, pros\u00adz\u0119, poka\u017c mi, \u017ce jes\u00adte\u015b i jak bard\u00adzo mnie kochasz\u201d.  <\/strong><\/p><p>W Biblii B\u00f3g wie\u00adlok\u00adrot\u00adnie obie\u00adcu\u00adje: \u201cJe\u015b\u00adli b\u0119d\u00adzie\u00adcie Mnie szu\u00adka\u0107 z ca\u0142e\u00adgo ser\u00adca, znajd\u00adzie\u00adcie Mnie\u201d (Jr 29:13). My sami i wie\u00adlu innych lud\u00adzi na ca\u0142ym \u015bwie\u00adcie ju\u017c tego do\u015b\u00adwiad\u00adc\u00adzy\u0142o. Ty r\u00f3w\u00adnie\u017c mo\u017cesz wypr\u00f3\u00adbo\u00adwa\u0107 t\u0119 obiet\u00adnic\u0119 i prze\u00adko\u00adn\u00ada\u0107 si\u0119, \u017ce Jezus napraw\u00add\u0119 \u017cyje i chce si\u0119 z tob\u0105 spot\u00adka\u0107.  <\/p>\t\t\t\t\t\t\t\t<\/div>\n\t\t\t\t<\/div>\n\t\t\t\t<\/div>\n\t\t<div class=\"elementor-element elementor-element-d084acb e-con-full e-flex e-con e-child\" data-id=\"d084acb\" data-element_type=\"container\" data-e-type=\"container\" data-settings=\"{&quot;background_background&quot;:&quot;classic&quot;}\">\n\t\t\t\t<\/div>\n\t\t\t\t\t<\/div>\n\t\t\t\t<\/div>\n\t\t<div class=\"elementor-element elementor-element-dfd28e3 e-flex e-con-boxed e-con e-parent\" data-id=\"dfd28e3\" data-element_type=\"container\" data-e-type=\"container\" data-settings=\"{&quot;background_background&quot;:&quot;classic&quot;}\">\n\t\t\t\t\t<div class=\"e-con-inner\">\n\t\t<div class=\"elementor-element elementor-element-c896b03 e-con-full e-flex e-con e-child\" data-id=\"c896b03\" data-element_type=\"container\" data-e-type=\"container\" data-settings=\"{&quot;background_background&quot;:&quot;classic&quot;}\">\n\t\t\t\t<\/div>\n\t\t<div class=\"elementor-element elementor-element-e23735b e-con-full e-flex e-con e-child\" data-id=\"e23735b\" data-element_type=\"container\" data-e-type=\"container\">\n\t\t\t\t<div class=\"elementor-element elementor-element-9bcd0be elementor-widget elementor-widget-heading\" data-id=\"9bcd0be\" data-element_type=\"widget\" data-e-type=\"widget\" data-widget_type=\"heading.default\">\n\t\t\t\t<div class=\"elementor-widget-container\">\n\t\t\t\t\t<h1 class=\"elementor-heading-title elementor-size-default\">Jezus ci\u0119 przemienia<\/h1>\t\t\t\t<\/div>\n\t\t\t\t<\/div>\n\t\t\t\t<div class=\"elementor-element elementor-element-965ba12 elementor-widget elementor-widget-text-editor\" data-id=\"965ba12\" data-element_type=\"widget\" data-e-type=\"widget\" data-widget_type=\"text-editor.default\">\n\t\t\t\t<div class=\"elementor-widget-container\">\n\t\t\t\t\t\t\t\t\t<p>Ale je\u015b\u00adli go do\u015b\u00adwiad\u00adc\u00adzy\u0142e\u015b, nie jes\u00adte\u015b jeszc\u00adze z nim auto\u00adma\u00adty\u00adcz\u00adnie po\u0142\u0105c\u00adz\u00ado\u00adny. Dzie\u00adje si\u0119 tak po pro\u00ads\u00adtu dla\u00adte\u00adgo, \u017ce Jezus cze\u00adka, a\u017c \u015bwia\u00addo\u00admie zapro\u00adsisz Go do swo\u00adjego \u017cycia. Kie\u00addy robisz ten krok, decy\u00addu\u00adjesz, \u017ce Jezus mo\u017ce kr\u00f3\u00adlo\u00adwa\u0107 w two\u00adim \u017cyciu od tej chwi\u00adli i pro\u00adwad\u00adzi\u0107 ci\u0119 w \u017cyciu.  <\/p><p>W swo\u00adjej mi\u0142o\u015bci praw\u00addo\u00adpo\u00add\u00adob\u00adnie poka\u017ce ci stop\u00adnio\u00adwo rzec\u00adzy w two\u00adim \u017cyciu, w kt\u00f3rych chce ci\u0119 zmi\u00ade\u00adni\u0107. Ale nie musisz si\u0119 mart\u00adwi\u0107, ponie\u00adwa\u017c nie musisz tego robi\u0107 o w\u0142as\u00adnych si\u0142ach, Jezus dzia\u0142a w tobie i jako tw\u00f3j Stw\u00f3r\u00adca wie, co jest dla cie\u00adbie dob\u00adre. <\/p><p>On jest czy\u00adstym \u017cyciem i z nim znajd\u00adzi\u00adesz wszyst\u00adko, cze\u00adgo napraw\u00add\u0119 potrze\u00adbu\u00adjesz, aby by\u0107 szc\u00adz\u0119\u015b\u00adli\u00adwym i mie\u0107 spe\u0142\u00adnio\u00adne \u017cycie.<\/p>\t\t\t\t\t\t\t\t<\/div>\n\t\t\t\t<\/div>\n\t\t\t\t<\/div>\n\t\t\t\t\t<\/div>\n\t\t\t\t<\/div>\n\t\t<div class=\"elementor-element elementor-element-c2d7e74 e-flex e-con-boxed e-con e-parent\" data-id=\"c2d7e74\" data-element_type=\"container\" data-e-type=\"container\" data-settings=\"{&quot;background_background&quot;:&quot;classic&quot;}\">\n\t\t\t\t\t<div class=\"e-con-inner\">\n\t\t<div class=\"elementor-element elementor-element-0e57596 e-con-full e-flex e-con e-child\" data-id=\"0e57596\" data-element_type=\"container\" data-e-type=\"container\">\n\t\t\t\t<div class=\"elementor-element elementor-element-0207468 elementor-widget elementor-widget-heading\" data-id=\"0207468\" data-element_type=\"widget\" data-e-type=\"widget\" data-widget_type=\"heading.default\">\n\t\t\t\t<div class=\"elementor-widget-container\">\n\t\t\t\t\t<h1 class=\"elementor-heading-title elementor-size-default\">Zapro\u015b Jezusa<\/h1>\t\t\t\t<\/div>\n\t\t\t\t<\/div>\n\t\t\t\t<div class=\"elementor-element elementor-element-3b35f4d elementor-widget elementor-widget-text-editor\" data-id=\"3b35f4d\" data-element_type=\"widget\" data-e-type=\"widget\" data-widget_type=\"text-editor.default\">\n\t\t\t\t<div class=\"elementor-widget-container\">\n\t\t\t\t\t\t\t\t\t<p>Mo\u017cesz zapro\u00adsi\u0107 Jezu\u00adsa tymi lub pod\u00adob\u00adny\u00admi s\u0142o\u00adwa\u00admi:<\/p><p><strong>\u201cPanie Jezu, dzi\u0119\u00adku\u00adj\u0119 Ci, \u017ce poz\u00adwo\u00adli\u0142e\u015b mi przy\u00adj\u015b\u0107 do Cie\u00adbie takim, jakim jes\u00adtem. Dzi\u0119\u00adku\u00adj\u0119 Ci, \u017ce tak bard\u00adzo mnie kochasz i \u017ce ju\u017c zap\u0142a\u00adci\u0142e\u015b kar\u0119 za moje z\u0142e uczyn\u00adki na krzy\u017cu. Pros\u00adz\u0119, prze\u00adbacz mi moj\u0105 win\u0119\u201d  <\/strong><\/p><p>Teraz mo\u017cesz powied\u00adzie\u0107 mu o rzecz\u00adach, w kt\u00f3rych zawi\u00adni\u0142e\u015b przed Bogiem i lud\u017a\u00admi. Jest to koniecz\u00adne, ponie\u00adwa\u017c mo\u017cesz by\u0107 po\u0142\u0105c\u00adz\u00ado\u00adny z Bogiem tyl\u00adko wte\u00addy, gdy Jezus prze\u00adbac\u00adzy\u0142 ci two\u00adj\u0105 win\u0119. <\/p><p><strong>\u201cZapras\u00adzam ci\u0119: Pros\u00adz\u0119, wej\u00add\u017a do mojego \u017cycia. Od teraz moje \u017cycie b\u0119d\u00adzie nale\u017ce\u0107 do Cie\u00adbie i chc\u0119 pod\u0105\u017ca\u0107 za Tob\u0105 we wszyst\u00adkich spra\u00adwach mojego \u017cycia. Pros\u00adz\u0119, nape\u0142\u00adnij mnie swo\u00adim Duchem \u015awi\u0119\u00adtym. Amen.\u201d   <\/strong><\/p>\t\t\t\t\t\t\t\t<\/div>\n\t\t\t\t<\/div>\n\t\t\t\t<\/div>\n\t\t<div class=\"elementor-element elementor-element-7f4790a e-con-full e-flex e-con e-child\" data-id=\"7f4790a\" data-element_type=\"container\" data-e-type=\"container\" data-settings=\"{&quot;background_background&quot;:&quot;classic&quot;}\">\n\t\t\t\t<\/div>\n\t\t\t\t\t<\/div>\n\t\t\t\t<\/div>\n\t\t<div class=\"elementor-element elementor-element-beeb142 e-flex e-con-boxed e-con e-parent\" data-id=\"beeb142\" data-element_type=\"container\" data-e-type=\"container\" data-settings=\"{&quot;background_background&quot;:&quot;classic&quot;}\">\n\t\t\t\t\t<div class=\"e-con-inner\">\n\t\t<div class=\"elementor-element elementor-element-a2e7c07 e-con-full e-flex e-con e-child\" data-id=\"a2e7c07\" data-element_type=\"container\" data-e-type=\"container\" data-settings=\"{&quot;background_background&quot;:&quot;classic&quot;}\">\n\t\t\t\t<\/div>\n\t\t<div class=\"elementor-element elementor-element-0da362c e-con-full e-flex e-con e-child\" data-id=\"0da362c\" data-element_type=\"container\" data-e-type=\"container\">\n\t\t\t\t<div class=\"elementor-element elementor-element-5d8983f elementor-widget elementor-widget-heading\" data-id=\"5d8983f\" data-element_type=\"widget\" data-e-type=\"widget\" data-widget_type=\"heading.default\">\n\t\t\t\t<div class=\"elementor-widget-container\">\n\t\t\t\t\t<h1 class=\"elementor-heading-title elementor-size-default\">Podejmij kolejne kroki<\/h1>\t\t\t\t<\/div>\n\t\t\t\t<\/div>\n\t\t\t\t<div class=\"elementor-element elementor-element-a9fadd0 elementor-widget elementor-widget-text-editor\" data-id=\"a9fadd0\" data-element_type=\"widget\" data-e-type=\"widget\" data-widget_type=\"text-editor.default\">\n\t\t\t\t<div class=\"elementor-widget-container\">\n\t\t\t\t\t\t\t\t\t<p>Aby two\u00adja wia\u00adra mog\u0142a wzrasta\u0107 na dobrym fun\u00adda\u00admen\u00adcie, wa\u017c\u00adne jest, aby\u015b lepiej poz\u00adna\u00adwa\u0142 Boga poprzez czy\u00adta\u00adnie Biblii (z przy\u00adjem\u00adno\u015bci\u0105 wy\u015b\u00adle\u00admy ci Bibli\u0119 bez\u00adp\u0142at\u00adnie) i aby\u015b mia\u0142 lokal\u00adnych chrze\u015bci\u00adjan, kt\u00f3r\u00adzy towar\u00adzy\u00adsz\u0105 ci w wier\u00adze. Tutaj mo\u017cesz zna\u00adle\u017a\u0107 \u017bywy Ko\u015bci\u00f3\u0142 w pob\u00adli\u017cu: <\/p>\t\t\t\t\t\t\t\t<\/div>\n\t\t\t\t<\/div>\n\t\t\t\t<div class=\"elementor-element elementor-element-70ef0f3 elementor-align-left elementor-widget elementor-widget-button\" data-id=\"70ef0f3\" data-element_type=\"widget\" data-e-type=\"widget\" data-settings=\"{&quot;motion_fx_motion_fx_scrolling&quot;:&quot;yes&quot;,&quot;motion_fx_devices&quot;:[&quot;desktop&quot;,&quot;tablet&quot;,&quot;mobile&quot;]}\" data-widget_type=\"button.default\">\n\t\t\t\t<div class=\"elementor-widget-container\">\n\t\t\t\t\t\t\t\t\t<div class=\"elementor-button-wrapper\">\n\t\t\t\t\t<a class=\"elementor-button elementor-button-link elementor-size-sm\" href=\"#elementor-action%3Aaction%3Dpopup%3Aopen%26settings%3DeyJpZCI6NTE3NSwidG9nZ2xlIjp0cnVlfQ%3D%3D\">\n\t\t\t\t\t\t<span class=\"elementor-button-content-wrapper\">\n\t\t\t\t\t\t<span class=\"elementor-button-icon\">\n\t\t\t\t<svg aria-hidden=\"true\" class=\"e-font-icon-svg e-fas-users\" viewBox=\"0 0 640 512\"><path d=\"M96 224c35.3 0 64-28.7 64-64s-28.7-64-64-64-64 28.7-64 64 28.7 64 64 64zm448 0c35.3 0 64-28.7 64-64s-28.7-64-64-64-64 28.7-64 64 28.7 64 64 64zm32 32h-64c-17.6 0-33.5 7.1-45.1 18.6 40.3 22.1 68.9 62 75.1 109.4h66c17.7 0 32-14.3 32-32v-32c0-35.3-28.7-64-64-64zm-256 0c61.9 0 112-50.1 112-112S381.9 32 320 32 208 82.1 208 144s50.1 112 112 112zm76.8 32h-8.3c-20.8 10-43.9 16-68.5 16s-47.6-6-68.5-16h-8.3C179.6 288 128 339.6 128 403.2V432c0 26.5 21.5 48 48 48h288c26.5 0 48-21.5 48-48v-28.8c0-63.6-51.6-115.2-115.2-115.2zm-223.7-13.4C161.5 263.1 145.6 256 128 256H64c-35.3 0-64 28.7-64 64v32c0 17.7 14.3 32 32 32h65.9c6.3-47.4 34.9-87.3 75.2-109.4z\" \/><\/svg>\t\t\t<\/span>\n\t\t\t\t\t\t\t\t\t<span class=\"elementor-button-text\">Skon\u00adtak\u00adtuj si\u0119 z nami<\/span>\n\t\t\t\t\t<\/span>\n\t\t\t\t\t<\/a>\n\t\t\t\t<\/div>\n\t\t\t\t\t\t\t\t<\/div>\n\t\t\t\t<\/div>\n\t\t\t\t<\/div>\n\t\t\t\t\t<\/div>\n\t\t\t\t<\/div>\n\t\t<div class=\"elementor-element elementor-element-9f71084 e-flex e-con-boxed e-con e-parent\" data-id=\"9f71084\" data-element_type=\"container\" data-e-type=\"container\">\n\t\t\t\t\t<div class=\"e-con-inner\">\n\t\t\t\t\t<\/div>\n\t\t\t\t<\/div>\n\t\t\t\t<\/div>\n\t\t","protected":false},"excerpt":{"rendered":"<p>Poroz\u00adma\u00adwiaj z nim Je\u015b\u00adli chcesz dowied\u00adzie\u0107 si\u0119, czy Jezus ist\u00adnie\u00adje, mo\u017cesz go po pro\u00ads\u00adtu zapy\u00adta\u0107: \u201cJezu, je\u015b\u00adli napraw\u00add\u0119 ist\u00adnie\u00adjesz, pros\u00adz\u0119, poka\u017c mi, \u017ce jes\u00adte\u015b i jak bard\u00adzo mnie kochasz\u201d. W Biblii B\u00f3g wie\u00adlok\u00adrot\u00adnie obie\u00adcu\u00adje: \u201cJe\u015b\u00adli b\u0119d\u00adzie\u00adcie Mnie szu\u00adka\u0107 z ca\u0142e\u00adgo ser\u00adca, znajd\u00adzie\u00adcie Mnie\u201d (Jr 29:13). My sami i wie\u00adlu innych lud\u00adzi na ca\u0142ym \u015bwie\u00adcie ju\u017c [\u2026]<\/p>\n","protected":false},"author":1,"featured_media":0,"parent":0,"menu_order":0,"comment_status":"closed","ping_status":"closed","template":"","meta":{"_acf_changed":false,"wp_typography_post_enhancements_disabled":false,"footnotes":""},"class_list":["post-5156","page","type-page","status-publish","hentry"],"acf":[],"_links":{"self":[{"href":"https:\/\/jeliebt.de\/pl\/wp-json\/wp\/v2\/pages\/5156","targetHints":{"allow":["GET"]}}],"collection":[{"href":"https:\/\/jeliebt.de\/pl\/wp-json\/wp\/v2\/pages"}],"about":[{"href":"https:\/\/jeliebt.de\/pl\/wp-json\/wp\/v2\/types\/page"}],"author":[{"embeddable":true,"href":"https:\/\/jeliebt.de\/pl\/wp-json\/wp\/v2\/users\/1"}],"replies":[{"embeddable":true,"href":"https:\/\/jeliebt.de\/pl\/wp-json\/wp\/v2\/comments?post=5156"}],"version-history":[{"count":1,"href":"https:\/\/jeliebt.de\/pl\/wp-json\/wp\/v2\/pages\/5156\/revisions"}],"predecessor-version":[{"id":5164,"href":"https:\/\/jeliebt.de\/pl\/wp-json\/wp\/v2\/pages\/5156\/revisions\/5164"}],"wp:attachment":[{"href":"https:\/\/jeliebt.de\/pl\/wp-json\/wp\/v2\/media?parent=5156"}],"curies":[{"name":"wp","href":"https:\/\/api.w.org\/{rel}","templated":true}]}}