{"id":5146,"date":"2025-02-21T09:05:31","date_gmt":"2025-02-21T08:05:31","guid":{"rendered":"https:\/\/jeliebt.de\/podziel-sie-historia\/"},"modified":"2026-04-15T12:17:03","modified_gmt":"2026-04-15T10:17:03","slug":"podziel-sie-historia","status":"publish","type":"page","link":"https:\/\/jeliebt.de\/pl\/podziel-sie-historia\/","title":{"rendered":"Podziel si\u0119 histori\u0105"},"content":{"rendered":"\t\t<div data-elementor-type=\"wp-page\" data-elementor-id=\"5146\" class=\"elementor elementor-5146 elementor-2492\" data-elementor-post-type=\"page\">\n\t\t\t\t<div class=\"elementor-element elementor-element-64811e2 e-grid e-con-boxed e-con e-parent\" data-id=\"64811e2\" data-element_type=\"container\" data-e-type=\"container\">\n\t\t\t\t\t<div class=\"e-con-inner\">\n\t\t<div class=\"elementor-element elementor-element-887841a e-con-full e-flex e-con e-child\" data-id=\"887841a\" data-element_type=\"container\" data-e-type=\"container\">\n\t\t\t\t<div class=\"elementor-element elementor-element-267b052 elementor-widget elementor-widget-image\" data-id=\"267b052\" data-element_type=\"widget\" data-e-type=\"widget\" data-widget_type=\"image.default\">\n\t\t\t\t<div class=\"elementor-widget-container\">\n\t\t\t\t\t\t\t\t\t\t\t\t\t\t\t\t<a href=\"#elementor-action%3Aaction%3Dlightbox%26settings%3DeyJ0eXBlIjoidmlkZW8iLCJ2aWRlb1R5cGUiOiJ5b3V0dWJlIiwidXJsIjoiaHR0cHM6XC9cL3d3dy55b3V0dWJlLmNvbVwvZW1iZWRcL1JuNDBzelNUeUljP2ZlYXR1cmU9b2VtYmVkIn0%3D\">\n\t\t\t\t\t\t\t<img fetchpriority=\"high\" decoding=\"async\" width=\"714\" height=\"715\" src=\"https:\/\/jeliebt.de\/wp-content\/uploads\/jeliebt-jesus-leibt-story-teilen-anleitung-thumb-1.webp\" class=\"attachment-large size-large wp-image-5147\" alt>\t\t\t\t\t\t\t\t<\/a>\n\t\t\t\t\t\t\t\t\t\t\t\t\t\t\t<\/div>\n\t\t\t\t<\/div>\n\t\t\t\t<\/div>\n\t\t<div class=\"elementor-element elementor-element-383936a e-con-full e-flex e-con e-child\" data-id=\"383936a\" data-element_type=\"container\" data-e-type=\"container\">\n\t\t\t\t<div class=\"elementor-element elementor-element-3d8719e elementor-widget__width-initial elementor-widget elementor-widget-text-editor\" data-id=\"3d8719e\" data-element_type=\"widget\" data-e-type=\"widget\" data-widget_type=\"text-editor.default\">\n\t\t\t\t<div class=\"elementor-widget-container\">\n\t\t\t\t\t\t\t\t\t<p>Dzi\u0119\u00adku\u00adje\u00admy za pod\u00adzie\u00adlenie si\u0119 ze \u015bwia\u00adtem <strong>his\u00adto\u00adri\u0105 JELIEBT<\/strong>. Wszyst\u00adko zosta\u0142o wyja\u015b\u00adnio\u00adne w fil\u00admie. <\/p><p>Wybierz rod\u00adzaj his\u00adto\u00adrii, kt\u00f3r\u0105 chcesz si\u0119 pod\u00adziel\u00adi\u0107:<\/p>\t\t\t\t\t\t\t\t<\/div>\n\t\t\t\t<\/div>\n\t\t\t\t<div class=\"elementor-element elementor-element-e9db5c4 elementor-widget elementor-widget-n-accordion\" data-id=\"e9db5c4\" data-element_type=\"widget\" data-e-type=\"widget\" data-settings=\"{&quot;default_state&quot;:&quot;all_collapsed&quot;,&quot;max_items_expended&quot;:&quot;one&quot;,&quot;n_accordion_animation_duration&quot;:{&quot;unit&quot;:&quot;ms&quot;,&quot;size&quot;:400,&quot;sizes&quot;:[]}}\" data-widget_type=\"nested-accordion.default\">\n\t\t\t\t<div class=\"elementor-widget-container\">\n\t\t\t\t\t\t\t<div class=\"e-n-accordion\" aria-label=\"Accordion. Open links with Enter or Space, close with Escape, and navigate with Arrow Keys\">\n\t\t\t\t\t\t<details id=\"e-n-accordion-item-2450\" class=\"e-n-accordion-item\">\n\t\t\t\t<summary class=\"e-n-accordion-item-title\" data-accordion-index=\"1\" tabindex=\"0\" aria-expanded=\"false\" aria-controls=\"e-n-accordion-item-2450\">\n\t\t\t\t\t<span class=\"e-n-accordion-item-title-header\"><div class=\"e-n-accordion-item-title-text\"> Opc\u00adja 1: His\u00adto\u00adria JELIEBT <\/div><\/span>\n\t\t\t\t\t\t\t\t\t<\/summary>\n\t\t\t\t<div role=\"region\" aria-labelledby=\"e-n-accordion-item-2450\" class=\"elementor-element elementor-element-b87dea5 e-con-full e-flex e-con e-child\" data-id=\"b87dea5\" data-element_type=\"container\" data-e-type=\"container\">\n\t\t\t\t<div class=\"elementor-element elementor-element-8809c0a elementor-widget__width-initial elementor-widget elementor-widget-text-editor\" data-id=\"8809c0a\" data-element_type=\"widget\" data-e-type=\"widget\" data-widget_type=\"text-editor.default\">\n\t\t\t\t<div class=\"elementor-widget-container\">\n\t\t\t\t\t\t\t\t\t<p><strong>OPOWIEDZ NAM W 3 KROKACH, JAK POZNA\u0141E\u015a MI\u0141O\u015a\u0106 JEZUSA:<\/strong><\/p><ol><li>Jak wygl\u0105\u00adda\u0142o two\u00adje \u017cycie <strong>, zanim<\/strong> poz\u00adna\u0142e\u015b mi\u0142o\u015b\u0107 Boga?  <\/li><li>Jak <strong>poz\u00adna\u0142e\u015b<\/strong> mi\u0142o\u015b\u0107 Jezu\u00adsa?  <\/li><li>Jak zmi\u00ade\u00adni\u0142o si\u0119 two\u00adje \u017cycie <strong>po<\/strong> do\u015b\u00adwiad\u00adc\u00adze\u00adniu mi\u0142o\u015bci Boga?<\/li><\/ol>\t\t\t\t\t\t\t\t<\/div>\n\t\t\t\t<\/div>\n\t\t\t\t<\/div>\n\t\t\t\t\t<\/details>\n\t\t\t\t\t\t<details id=\"e-n-accordion-item-2451\" class=\"e-n-accordion-item\">\n\t\t\t\t<summary class=\"e-n-accordion-item-title\" data-accordion-index=\"2\" tabindex=\"-1\" aria-expanded=\"false\" aria-controls=\"e-n-accordion-item-2451\">\n\t\t\t\t\t<span class=\"e-n-accordion-item-title-header\"><div class=\"e-n-accordion-item-title-text\"> Opc\u00adja 2: His\u00adto\u00adria ER-LEBT <\/div><\/span>\n\t\t\t\t\t\t\t\t\t<\/summary>\n\t\t\t\t<div role=\"region\" aria-labelledby=\"e-n-accordion-item-2451\" class=\"elementor-element elementor-element-99c0d23 e-con-full e-flex e-con e-child\" data-id=\"99c0d23\" data-element_type=\"container\" data-e-type=\"container\">\n\t\t\t\t<div class=\"elementor-element elementor-element-a5c4c66 elementor-widget__width-initial elementor-widget elementor-widget-text-editor\" data-id=\"a5c4c66\" data-element_type=\"widget\" data-e-type=\"widget\" data-widget_type=\"text-editor.default\">\n\t\t\t\t<div class=\"elementor-widget-container\">\n\t\t\t\t\t\t\t\t\t<p><strong>OPOWIEDZ O SWOIM DO\u015aWIADCZENIU Z BOGIEM W 3 KROKACH:<\/strong><\/p><ol><li>Jak wygl\u0105\u00adda\u0142a sytu\u00adac\u00adja <strong>przed<\/strong> inter\u00adwen\u00adc\u00adj\u0105 Boga?  <\/li><li>Jak popro\u00adsi\u0142e\u015b Boga <strong>o pomoc<\/strong>?  <\/li><li>Jak B\u00f3g <strong>zmi\u00ade\u00adni\u0142<\/strong> t\u0119 sytu\u00adac\u00adj\u0119?<\/li><\/ol>\t\t\t\t\t\t\t\t<\/div>\n\t\t\t\t<\/div>\n\t\t\t\t<\/div>\n\t\t\t\t\t<\/details>\n\t\t\t\t\t<\/div>\n\t\t\t\t\t\t<\/div>\n\t\t\t\t<\/div>\n\t\t\t\t<\/div>\n\t\t\t\t\t<\/div>\n\t\t\t\t<\/div>\n\t\t<div class=\"elementor-element elementor-element-4fffbcb e-flex e-con-boxed e-con e-parent\" data-id=\"4fffbcb\" data-element_type=\"container\" data-e-type=\"container\">\n\t\t\t\t\t<div class=\"e-con-inner\">\n\t\t\t\t<div class=\"elementor-element elementor-element-4534c2f elementor-button-align-stretch elementor-widget elementor-widget-form\" data-id=\"4534c2f\" data-element_type=\"widget\" data-e-type=\"widget\" data-settings=\"{&quot;step_next_label&quot;:&quot;wi\\u0119cej&quot;,&quot;step_previous_label&quot;:&quot;z powrotem&quot;,&quot;button_width&quot;:&quot;100&quot;,&quot;step_type&quot;:&quot;number_text&quot;,&quot;step_icon_shape&quot;:&quot;circle&quot;}\" data-widget_type=\"form.default\">\n\t\t\t\t<div class=\"elementor-widget-container\">\n\t\t\t\t\t<template id=\"cfef_logic_data_4534c2f\" class=\"cfef_logic_data_js\" data-form-id=\"4534c2f\">{\u201cmessage\u201d:{\u201cdisplay_mode\u201d:\u201chide\u201d,\u201cfire_action\u201d:\u201cAll\u201d,\u201cfile_types\u201d:\u201cpng\u201d,\u201clogic_data\u201d:[{\u201ccfef_logic_field_id\u201d:\u201cwieteilen\u201d,\u201ccfef_logic_field_is\u201d:\u201d==\u201d,\u201ccfef_logic_compare_value\u201d:\u201cVideo\u201d,\u201c_id\u201d:\u201c5b58432\u201d}]},\u201cfield_86389b4\u201d:{\u201cdisplay_mode\u201d:\u201cshow\u201d,\u201cfire_action\u201d:\u201cAll\u201d,\u201cfile_types\u201d:\u201cpng\u201d,\u201clogic_data\u201d:[{\u201ccfef_logic_field_id\u201d:\u201cwieteilen\u201d,\u201ccfef_logic_field_is\u201d:\u201d!=\u201d,\u201ccfef_logic_compare_value\u201d:\u201c1\u201d,\u201c_id\u201d:\u201c011eed9\u201d}]}}<\/template>\t\t<form class=\"elementor-form\" method=\"post\" name=\"Formularz udost\u0119pniania historii\" aria-label=\"Formularz udost\u0119pniania historii\">\n\t\t\t<input type=\"hidden\" name=\"post_id\" value=\"5146\">\n\t\t\t<input type=\"hidden\" name=\"form_id\" value=\"4534c2f\">\n\t\t\t<input type=\"hidden\" name=\"referer_title\" value=\"Podziel si\u0119 histori\u0105\">\n\n\t\t\t\t\t\t\t<input type=\"hidden\" name=\"queried_id\" value=\"5146\">\n\t\t\t\n\t\t\t<div class=\"elementor-form-fields-wrapper elementor-labels-above\">\n\t\t\t\t\t\t\t\t<div class=\"elementor-field-type-step elementor-field-group elementor-column elementor-field-group-field_48de5fa elementor-col-100\">\n\t\t\t\t\t\t\t<div class=\"e-field-step elementor-hidden\" data-label=\"Zapytanie\" data-previousbutton data-nextbutton data-iconurl data-iconlibrary=\"fas fa-star\" data-icon=\"<svg class=&quot;e-font-icon-svg e-fas-star&quot; viewBox=&quot;0 0 576 512&quot; xmlns=&quot;http:\/\/www.w3.org\/2000\/svg&quot;><path d=&quot;M259.3 17.8L194 150.2 47.9 171.5c-26.2 3.8-36.7 36.1-17.7 54.6l105.7 103-25 145.5c-4.5 26.3 23.2 46 46.4 33.7L288 439.6l130.7 68.7c23.2 12.2 50.9-7.4 46.4-33.7l-25-145.5 105.7-103c19-18.5 8.5-50.8-17.7-54.6L382 150.2 316.7 17.8c-11.7-23.6-45.6-23.9-57.4 0z&quot;><\/path><\/svg>\"><\/div>\n\n\t\t\t\t\t\t<\/div>\n\t\t\t\t\t\t\t\t<div class=\"elementor-field-type-radio elementor-field-group elementor-column elementor-field-group-wieteilen elementor-col-100 elementor-field-required elementor-mark-required\">\n\t\t\t\t\t\t\t\t\t\t\t\t<label for=\"form-field-wieteilen\" class=\"elementor-field-label\">\n\t\t\t\t\t\t\t\tJak chcia\u0142\u00adby\u015b pod\u00adziel\u00adi\u0107 si\u0119 swo\u00adj\u0105 his\u00adto\u00adri\u0105 JELIEBT?\t\t\t\t\t\t\t<\/label>\n\t\t\t\t\t\t<div class=\"elementor-field-subgroup  \"><span class=\"elementor-field-option\"><input type=\"radio\" value=\"Wideo\" id=\"form-field-wieteilen-0\" name=\"form_fields[wieteilen]\" required=\"required\"> <label for=\"form-field-wieteilen-0\">Wideo<\/label><\/span><span class=\"elementor-field-option\"><input type=\"radio\" value=\"Tekst\" id=\"form-field-wieteilen-1\" name=\"form_fields[wieteilen]\" required=\"required\"> <label for=\"form-field-wieteilen-1\">Tekst<\/label><\/span><span class=\"elementor-field-option\"><input type=\"radio\" value=\"Wideo i tekst\" id=\"form-field-wieteilen-2\" name=\"form_fields[wieteilen]\" required=\"required\"> <label for=\"form-field-wieteilen-2\">Wideo i tekst<\/label><\/span><\/div>\t\t\t\t<\/div>\n\t\t\t\t\t\t\t\t<div class=\"elementor-field-type-text elementor-field-group elementor-column elementor-field-group-field_2017167 elementor-col-50 elementor-field-required elementor-mark-required\">\n\t\t\t\t\t\t\t\t\t\t\t\t<label for=\"form-field-field_2017167\" class=\"elementor-field-label\">\n\t\t\t\t\t\t\t\tWidocz\u00adna nazwa\t\t\t\t\t\t\t<\/label>\n\t\t\t\t\t\t\t\t\t\t\t\t\t\t<input size=\"1\" type=\"text\" name=\"form_fields[field_2017167]\" id=\"form-field-field_2017167\" class=\"elementor-field elementor-size-sm  elementor-field-textual\" required=\"required\">\n\t\t\t\t\t\t\t\t\t\t\t<\/div>\n\t\t\t\t\t\t\t\t<div class=\"elementor-field-type-upload elementor-field-group elementor-column elementor-field-group-field_ebf7d86 elementor-col-50 elementor-field-required elementor-mark-required\">\n\t\t\t\t\t\t\t\t\t\t\t\t<label for=\"form-field-field_ebf7d86\" class=\"elementor-field-label\">\n\t\t\t\t\t\t\t\tZdj\u0119cie port\u00adre\u00adto\u00adwe\t\t\t\t\t\t\t<\/label>\n\t\t\t\t\t\t\t\t<input type=\"file\" name=\"form_fields[field_ebf7d86]\" id=\"form-field-field_ebf7d86\" class=\"elementor-field elementor-size-sm  elementor-upload-field\" required=\"required\">\n\n\t\t\t\t\t\t<\/div>\n\t\t\t\t\t\t\t\t<div class=\"elementor-field-type-step elementor-field-group elementor-column elementor-field-group-field_decf92c elementor-col-100\">\n\t\t\t\t\t\t\t<div class=\"e-field-step elementor-hidden\" data-label=\"Przesy\u0142anie multimedi\u00f3w\" data-previousbutton data-nextbutton data-iconurl data-iconlibrary=\"fas fa-star\" data-icon=\"<svg class=&quot;e-font-icon-svg e-fas-star&quot; viewBox=&quot;0 0 576 512&quot; xmlns=&quot;http:\/\/www.w3.org\/2000\/svg&quot;><path d=&quot;M259.3 17.8L194 150.2 47.9 171.5c-26.2 3.8-36.7 36.1-17.7 54.6l105.7 103-25 145.5c-4.5 26.3 23.2 46 46.4 33.7L288 439.6l130.7 68.7c23.2 12.2 50.9-7.4 46.4-33.7l-25-145.5 105.7-103c19-18.5 8.5-50.8-17.7-54.6L382 150.2 316.7 17.8c-11.7-23.6-45.6-23.9-57.4 0z&quot;><\/path><\/svg>\"><\/div>\n\n\t\t\t\t\t\t<\/div>\n\t\t\t\t\t\t\t\t<div class=\"elementor-field-type-textarea elementor-field-group elementor-column elementor-field-group-message elementor-col-100\">\n\t\t\t\t\t\t\t\t\t\t\t\t<label for=\"form-field-message\" class=\"elementor-field-label\">\n\t\t\t\t\t\t\t\tHis\u00adto\u00adria JELIEBT w for\u00admie tek\u00ads\u00adto\u00adwej\t\t\t\t\t\t\t<\/label>\n\t\t\t\t\t\t<textarea class=\"elementor-field-textual elementor-field  elementor-size-sm\" name=\"form_fields[message]\" id=\"form-field-message\" rows=\"8\" placeholder=\"Je\u015bli chcesz podzieli\u0107 si\u0119 swoj\u0105 histori\u0105 w formie tekstowej, wstaw j\u0105 tutaj (maksymalnie 800 s\u0142\u00f3w).\"><\/textarea>\t\t\t\t<\/div>\n\t\t\t\t\t\t\t\t<div class=\"elementor-field-type-html elementor-field-group elementor-column elementor-field-group-field_86389b4 elementor-col-100\">\n\t\t\t\t\t<p>Link do przes\u0142a\u00adnia fil\u00admu zosta\u00adnie wys\u0142a\u00adny e\u2011mailem po przes\u0142a\u00adniu for\u00admu\u00adlar\u00adza.<\/p>\t\t\t\t<\/div>\n\t\t\t\t\t\t\t\t<div class=\"elementor-field-type-step elementor-field-group elementor-column elementor-field-group-field_35356f7 elementor-col-100\">\n\t\t\t\t\t\t\t<div class=\"e-field-step elementor-hidden\" data-label=\"Informacje wewn\u0119trzne\" data-previousbutton data-nextbutton data-iconurl data-iconlibrary=\"fas fa-star\" data-icon=\"<svg class=&quot;e-font-icon-svg e-fas-star&quot; viewBox=&quot;0 0 576 512&quot; xmlns=&quot;http:\/\/www.w3.org\/2000\/svg&quot;><path d=&quot;M259.3 17.8L194 150.2 47.9 171.5c-26.2 3.8-36.7 36.1-17.7 54.6l105.7 103-25 145.5c-4.5 26.3 23.2 46 46.4 33.7L288 439.6l130.7 68.7c23.2 12.2 50.9-7.4 46.4-33.7l-25-145.5 105.7-103c19-18.5 8.5-50.8-17.7-54.6L382 150.2 316.7 17.8c-11.7-23.6-45.6-23.9-57.4 0z&quot;><\/path><\/svg>\"><\/div>\n\n\t\t\t\t\t\t<\/div>\n\t\t\t\t\t\t\t\t<div class=\"elementor-field-type-html elementor-field-group elementor-column elementor-field-group-field_16f337e elementor-col-100\">\n\t\t\t\t\t<h4>Informacje te s\u0105 widoczne tylko dla zespo\u0142u JELIEBT. Potrzebujemy tych informacji na wypadek jakichkolwiek pyta\u0144. <\/h4>\t\t\t\t<\/div>\n\t\t\t\t\t\t\t\t<div class=\"elementor-field-type-text elementor-field-group elementor-column elementor-field-group-name elementor-col-50 elementor-field-required elementor-mark-required\">\n\t\t\t\t\t\t\t\t\t\t\t\t<label for=\"form-field-name\" class=\"elementor-field-label\">\n\t\t\t\t\t\t\t\tImi\u0119 i nazwis\u00adko\t\t\t\t\t\t\t<\/label>\n\t\t\t\t\t\t\t\t\t\t\t\t\t\t<input size=\"1\" type=\"text\" name=\"form_fields[name]\" id=\"form-field-name\" class=\"elementor-field elementor-size-sm  elementor-field-textual\" required=\"required\">\n\t\t\t\t\t\t\t\t\t\t\t<\/div>\n\t\t\t\t\t\t\t\t<div class=\"elementor-field-type-text elementor-field-group elementor-column elementor-field-group-field_45fada3 elementor-col-50\">\n\t\t\t\t\t\t\t\t\t\t\t\t<label for=\"form-field-field_45fada3\" class=\"elementor-field-label\">\n\t\t\t\t\t\t\t\tTwo\u00adje nazwis\u00adko\t\t\t\t\t\t\t<\/label>\n\t\t\t\t\t\t\t\t\t\t\t\t\t\t<input size=\"1\" type=\"text\" name=\"form_fields[field_45fada3]\" id=\"form-field-field_45fada3\" class=\"elementor-field elementor-size-sm  elementor-field-textual\">\n\t\t\t\t\t\t\t\t\t\t\t<\/div>\n\t\t\t\t\t\t\t\t<div class=\"elementor-field-type-email elementor-field-group elementor-column elementor-field-group-email elementor-col-50 elementor-field-required elementor-mark-required\">\n\t\t\t\t\t\t\t\t\t\t\t\t<label for=\"form-field-email\" class=\"elementor-field-label\">\n\t\t\t\t\t\t\t\tTw\u00f3j e\u2011mail\t\t\t\t\t\t\t<\/label>\n\t\t\t\t\t\t\t\t\t\t\t\t\t\t<input size=\"1\" type=\"email\" name=\"form_fields[email]\" id=\"form-field-email\" class=\"elementor-field elementor-size-sm  elementor-field-textual\" required=\"required\">\n\t\t\t\t\t\t\t\t\t\t\t<\/div>\n\t\t\t\t\t\t\t\t<div class=\"elementor-field-type-tel elementor-field-group elementor-column elementor-field-group-field_ecbf5ff elementor-col-50\">\n\t\t\t\t\t\t\t\t\t\t\t\t<label for=\"form-field-field_ecbf5ff\" class=\"elementor-field-label\">\n\t\t\t\t\t\t\t\tNumer tele\u00adfonu kom\u00f3r\u00adko\u00adwego\t\t\t\t\t\t\t<\/label>\n\t\t\t\t\t\t\t\t<input size=\"1\" type=\"tel\" name=\"form_fields[field_ecbf5ff]\" id=\"form-field-field_ecbf5ff\" class=\"elementor-field elementor-size-sm  elementor-field-textual\" pattern=\"[0-9()#&amp;+*-=.]+\" title=\"Akceptowane s\u0105 jedynie cyfry i znaki telefoniczne (#,-,*).\">\n\n\t\t\t\t\t\t<\/div>\n\t\t\t\t\t\t\t\t<div class=\"elementor-field-type-step elementor-field-group elementor-column elementor-field-group-field_8a77fc7 elementor-col-100\">\n\t\t\t\t\t\t\t<div class=\"e-field-step elementor-hidden\" data-label=\"Publikacja\" data-previousbutton data-nextbutton data-iconurl data-iconlibrary=\"fas fa-star\" data-icon=\"<svg class=&quot;e-font-icon-svg e-fas-star&quot; viewBox=&quot;0 0 576 512&quot; xmlns=&quot;http:\/\/www.w3.org\/2000\/svg&quot;><path d=&quot;M259.3 17.8L194 150.2 47.9 171.5c-26.2 3.8-36.7 36.1-17.7 54.6l105.7 103-25 145.5c-4.5 26.3 23.2 46 46.4 33.7L288 439.6l130.7 68.7c23.2 12.2 50.9-7.4 46.4-33.7l-25-145.5 105.7-103c19-18.5 8.5-50.8-17.7-54.6L382 150.2 316.7 17.8c-11.7-23.6-45.6-23.9-57.4 0z&quot;><\/path><\/svg>\"><\/div>\n\n\t\t\t\t\t\t<\/div>\n\t\t\t\t\t\t\t\t<div class=\"elementor-field-type-html elementor-field-group elementor-column elementor-field-group-field_16f337e elementor-col-100\">\n\t\t\t\t\t<h4>Gdzie mo\u017cemy opublikowa\u0107 histori\u0119 JELIEBT?<\/h4>\t\t\t\t<\/div>\n\t\t\t\t\t\t\t\t<div class=\"elementor-field-type-radio elementor-field-group elementor-column elementor-field-group-field_bccc4d7 elementor-col-100 elementor-field-required elementor-mark-required\">\n\t\t\t\t\t\t\t\t\t\t\t\t<label for=\"form-field-field_bccc4d7\" class=\"elementor-field-label\">\n\t\t\t\t\t\t\t\tPubli\u00adka\u00adc\u00adja na stro\u00adnie\t\t\t\t\t\t\t<\/label>\n\t\t\t\t\t\t<div class=\"elementor-field-subgroup  \"><span class=\"elementor-field-option\"><input type=\"radio\" value=\"JELIEBT.de i media spo\u0142eczno\u015bciowe\" id=\"form-field-field_bccc4d7-0\" name=\"form_fields[field_bccc4d7]\" required=\"required\"> <label for=\"form-field-field_bccc4d7-0\">JELIEBT.de i media spo\u0142ecz\u00adno\u015bcio\u00adwe<\/label><\/span><span class=\"elementor-field-option\"><input type=\"radio\" value=\"JELIEBT.de\" id=\"form-field-field_bccc4d7-1\" name=\"form_fields[field_bccc4d7]\" required=\"required\"> <label for=\"form-field-field_bccc4d7-1\">JELIEBT.de<\/label><\/span><\/div>\t\t\t\t<\/div>\n\t\t\t\t\t\t\t\t<div class=\"elementor-field-type-acceptance elementor-field-group elementor-column elementor-field-group-field_3b97667 elementor-col-100 elementor-field-required elementor-mark-required\">\n\t\t\t\t\t\t\t<div class=\"elementor-field-subgroup\">\n\t\t\t<span class=\"elementor-field-option\">\n\t\t\t\t<input type=\"checkbox\" name=\"form_fields[field_3b97667]\" id=\"form-field-field_3b97667\" class=\"elementor-field elementor-size-sm  elementor-acceptance-field\" required=\"required\">\n\t\t\t\t<label for=\"form-field-field_3b97667\">Wyra\u017cam zgo\u00add\u0119 na przet\u00adwarza\u00adnie moich danych zgod\u00adnie z <a href=\"https:\/\/jeliebt.de\/datenschutz\/\">poli\u00adty\u00adk\u0105 pry\u00adwat\u00adno\u015bci<\/a>.<\/label>\t\t\t<\/span>\n\t\t<\/div>\n\t\t\t\t\t\t<\/div>\n\t\t\t\t\t\t\t\t<div class=\"elementor-field-group elementor-column elementor-field-type-submit elementor-col-100 e-form__buttons\">\n\t\t\t\t\t<button class=\"elementor-button elementor-size-sm\" type=\"submit\">\n\t\t\t\t\t\t<span class=\"elementor-button-content-wrapper\">\n\t\t\t\t\t\t\t\t\t\t\t\t\t\t\t\t\t\t\t\t\t\t<span class=\"elementor-button-text\">Podziel si\u0119 histori\u0105<\/span>\n\t\t\t\t\t\t\t\t\t\t\t\t\t<\/span>\n\t\t\t\t\t<\/button>\n\t\t\t\t<\/div>\n\t\t\t<\/div>\n\t\t<\/form>\n\t\t\t\t\t\t<\/div>\n\t\t\t\t<\/div>\n\t\t\t\t\t<\/div>\n\t\t\t\t<\/div>\n\t\t\t\t<\/div>\n\t\t","protected":false},"excerpt":{"rendered":"<p>Dzi\u0119\u00adku\u00adje\u00admy za pod\u00adzie\u00adlenie si\u0119 ze \u015bwia\u00adtem his\u00adto\u00adri\u0105 JELIEBT. Wszyst\u00adko zosta\u0142o wyja\u015b\u00adnio\u00adne w fil\u00admie. Wybierz rod\u00adzaj his\u00adto\u00adrii, kt\u00f3r\u0105 chcesz si\u0119 pod\u00adziel\u00adi\u0107: Opc\u00adja 1: His\u00adto\u00adria JELIEBT OPOWIEDZ NAM W 3 KROKACH, JAK POZNA\u0141E\u015a MI\u0141O\u015a\u0106 JEZUSA: Jak wygl\u0105\u00adda\u0142o two\u00adje \u017cycie , zanim poz\u00adna\u0142e\u015b mi\u0142o\u015b\u0107 Boga? Jak poz\u00adna\u0142e\u015b mi\u0142o\u015b\u0107 Jezu\u00adsa? Jak zmi\u00ade\u00adni\u0142o si\u0119 two\u00adje \u017cycie po do\u015b\u00adwiad\u00adc\u00adze\u00adniu mi\u0142o\u015bci Boga? [\u2026]<\/p>\n","protected":false},"author":1,"featured_media":0,"parent":0,"menu_order":0,"comment_status":"closed","ping_status":"closed","template":"","meta":{"_acf_changed":false,"wp_typography_post_enhancements_disabled":false,"footnotes":""},"class_list":["post-5146","page","type-page","status-publish","hentry"],"acf":[],"_links":{"self":[{"href":"https:\/\/jeliebt.de\/pl\/wp-json\/wp\/v2\/pages\/5146","targetHints":{"allow":["GET"]}}],"collection":[{"href":"https:\/\/jeliebt.de\/pl\/wp-json\/wp\/v2\/pages"}],"about":[{"href":"https:\/\/jeliebt.de\/pl\/wp-json\/wp\/v2\/types\/page"}],"author":[{"embeddable":true,"href":"https:\/\/jeliebt.de\/pl\/wp-json\/wp\/v2\/users\/1"}],"replies":[{"embeddable":true,"href":"https:\/\/jeliebt.de\/pl\/wp-json\/wp\/v2\/comments?post=5146"}],"version-history":[{"count":1,"href":"https:\/\/jeliebt.de\/pl\/wp-json\/wp\/v2\/pages\/5146\/revisions"}],"predecessor-version":[{"id":5149,"href":"https:\/\/jeliebt.de\/pl\/wp-json\/wp\/v2\/pages\/5146\/revisions\/5149"}],"wp:attachment":[{"href":"https:\/\/jeliebt.de\/pl\/wp-json\/wp\/v2\/media?parent=5146"}],"curies":[{"name":"wp","href":"https:\/\/api.w.org\/{rel}","templated":true}]}}