{"id":5517,"date":"2025-01-13T07:38:15","date_gmt":"2025-01-13T06:38:15","guid":{"rendered":"https:\/\/jeliebt.de\/connaitre-jesus\/"},"modified":"2026-05-09T13:58:52","modified_gmt":"2026-05-09T11:58:52","slug":"connaitre-jesus","status":"publish","type":"page","link":"https:\/\/jeliebt.de\/fr\/connaitre-jesus\/","title":{"rendered":"Conna\u00eetre J\u00e9sus"},"content":{"rendered":"\t\t<div data-elementor-type=\"wp-page\" data-elementor-id=\"5517\" class=\"elementor elementor-5517 elementor-1922\" data-elementor-post-type=\"page\">\n\t\t\t\t<div class=\"elementor-element elementor-element-5985425 e-flex e-con-boxed e-con e-parent\" data-id=\"5985425\" data-element_type=\"container\" data-e-type=\"container\" data-settings=\"{&quot;background_background&quot;:&quot;classic&quot;}\">\n\t\t\t\t\t<div class=\"e-con-inner\">\n\t\t\t\t\t<\/div>\n\t\t\t\t<\/div>\n\t\t<div class=\"elementor-element elementor-element-a7ad047 e-flex e-con-boxed e-con e-parent\" data-id=\"a7ad047\" data-element_type=\"container\" data-e-type=\"container\" data-settings=\"{&quot;background_background&quot;:&quot;classic&quot;}\">\n\t\t\t\t\t<div class=\"e-con-inner\">\n\t\t<div class=\"elementor-element elementor-element-db92f2c e-con-full e-flex e-con e-child\" data-id=\"db92f2c\" data-element_type=\"container\" data-e-type=\"container\">\n\t\t\t\t<div class=\"elementor-element elementor-element-fd9ae1d elementor-widget elementor-widget-heading\" data-id=\"fd9ae1d\" data-element_type=\"widget\" data-e-type=\"widget\" data-widget_type=\"heading.default\">\n\t\t\t\t<div class=\"elementor-widget-container\">\n\t\t\t\t\t<h1 class=\"elementor-heading-title elementor-size-default\">\nParlez-lui\n<\/h1>\t\t\t\t<\/div>\n\t\t\t\t<\/div>\n\t\t\t\t<div class=\"elementor-element elementor-element-b8f3d8a elementor-widget elementor-widget-text-editor\" data-id=\"b8f3d8a\" data-element_type=\"widget\" data-e-type=\"widget\" data-widget_type=\"text-editor.default\">\n\t\t\t\t<div class=\"elementor-widget-container\">\n\t\t\t\t\t\t\t\t\t<p>Si vous vou\u00adlez essay\u00ader de savoir si J\u00e9sus exis\u00adte, vous pou\u00advez sim\u00adple\u00adment lui deman\u00adder :<\/p><p><strong>\u201cJ\u00e9sus, si tu exis\u00adtes vrai\u00adment, s\u2019il te pla\u00eet, mont\u00adre-moi que tu es l\u00e0 et com\u00adbien tu m\u2019ai\u00admes\u201d.  <\/strong><\/p><p>La Bible con\u00adti\u00adent plu\u00ads\u00adieurs fois la pro\u00admes\u00adse de Dieu : \u201cSi tu me cher\u00adches de tout ton c\u0153ur, tu me trou\u00adve\u00adras\u201d (Jr 29,13). Nous en avons d\u00e9j\u00e0 fait l\u2019exp\u00e9\u00adri\u00adence, nous-m\u00eames et de nombreu\u00adses aut\u00adres per\u00adson\u00adnes dans le mon\u00adde entier. Vous aus\u00adsi, vous pou\u00advez essay\u00ader cet\u00adte pro\u00admes\u00adse et vous con\u00advain\u00adcre que J\u00e9sus est vrai\u00adment vivant et qu\u2019il veut aus\u00adsi vous ren\u00adcon\u00adtrer.  <\/p>\t\t\t\t\t\t\t\t<\/div>\n\t\t\t\t<\/div>\n\t\t\t\t<\/div>\n\t\t<div class=\"elementor-element elementor-element-d084acb e-con-full e-flex e-con e-child\" data-id=\"d084acb\" data-element_type=\"container\" data-e-type=\"container\" data-settings=\"{&quot;background_background&quot;:&quot;classic&quot;}\">\n\t\t\t\t<\/div>\n\t\t\t\t\t<\/div>\n\t\t\t\t<\/div>\n\t\t<div class=\"elementor-element elementor-element-dfd28e3 e-flex e-con-boxed e-con e-parent\" data-id=\"dfd28e3\" data-element_type=\"container\" data-e-type=\"container\" data-settings=\"{&quot;background_background&quot;:&quot;classic&quot;}\">\n\t\t\t\t\t<div class=\"e-con-inner\">\n\t\t<div class=\"elementor-element elementor-element-c896b03 e-con-full e-flex e-con e-child\" data-id=\"c896b03\" data-element_type=\"container\" data-e-type=\"container\" data-settings=\"{&quot;background_background&quot;:&quot;classic&quot;}\">\n\t\t\t\t<\/div>\n\t\t<div class=\"elementor-element elementor-element-e23735b e-con-full e-flex e-con e-child\" data-id=\"e23735b\" data-element_type=\"container\" data-e-type=\"container\">\n\t\t\t\t<div class=\"elementor-element elementor-element-9bcd0be elementor-widget elementor-widget-heading\" data-id=\"9bcd0be\" data-element_type=\"widget\" data-e-type=\"widget\" data-widget_type=\"heading.default\">\n\t\t\t\t<div class=\"elementor-widget-container\">\n\t\t\t\t\t<h1 class=\"elementor-heading-title elementor-size-default\">J\u00e9sus vous transforme<\/h1>\t\t\t\t<\/div>\n\t\t\t\t<\/div>\n\t\t\t\t<div class=\"elementor-element elementor-element-965ba12 elementor-widget elementor-widget-text-editor\" data-id=\"965ba12\" data-element_type=\"widget\" data-e-type=\"widget\" data-widget_type=\"text-editor.default\">\n\t\t\t\t<div class=\"elementor-widget-container\">\n\t\t\t\t\t\t\t\t\t<p>Si vous l\u2019a\u00advez v\u00e9cu, vous n\u2019\u00eates pas auto\u00adma\u00adti\u00adquement con\u00adnec\u00adt\u00e9 \u00e0 lui. C\u2019est tout sim\u00adple\u00adment par\u00adce qu\u2019il attend que vous l\u2019in\u00advi\u00adtiez con\u00adsciem\u00adment dans vot\u00adre vie. Si vous fai\u00adtes ce pas, vous d\u00e9ci\u00addez qu\u2019\u00e0 par\u00adtir de ce moment, J\u00e9sus pour\u00adra r\u00e9g\u00adner dans vot\u00adre vie et vous gui\u00adder dans vot\u00adre vie.  <\/p><p>Il est pro\u00adba\u00adble que, dans son amour, il vous mon\u00adtrera petit \u00e0 petit les cho\u00adses qu\u2019il veut chan\u00adger dans vot\u00adre vie. Mais ici, vous n\u2019a\u00advez pas \u00e0 vous inqui\u00e9\u00adter, car vous ne devez pas le fai\u00adre par vos pro\u00adpres moy\u00adens, mais J\u00e9sus agit en vous et, en tant que vot\u00adre Cr\u00e9\u00ada\u00adteur, il sait aus\u00adsi ce qui est bon pour vous. <\/p><p>Il est la vie \u00e0 l\u2019\u00e9\u00adtat pur et avec lui, vous trou\u00adverez tout ce dont vous avez vrai\u00adment beso\u00adin pour \u00eatre heu\u00adreux et avoir une vie \u00e9panou\u00adie.<\/p>\t\t\t\t\t\t\t\t<\/div>\n\t\t\t\t<\/div>\n\t\t\t\t<\/div>\n\t\t\t\t\t<\/div>\n\t\t\t\t<\/div>\n\t\t<div class=\"elementor-element elementor-element-c2d7e74 e-flex e-con-boxed e-con e-parent\" data-id=\"c2d7e74\" data-element_type=\"container\" data-e-type=\"container\" data-settings=\"{&quot;background_background&quot;:&quot;classic&quot;}\">\n\t\t\t\t\t<div class=\"e-con-inner\">\n\t\t<div class=\"elementor-element elementor-element-0e57596 e-con-full e-flex e-con e-child\" data-id=\"0e57596\" data-element_type=\"container\" data-e-type=\"container\">\n\t\t\t\t<div class=\"elementor-element elementor-element-0207468 elementor-widget elementor-widget-heading\" data-id=\"0207468\" data-element_type=\"widget\" data-e-type=\"widget\" data-widget_type=\"heading.default\">\n\t\t\t\t<div class=\"elementor-widget-container\">\n\t\t\t\t\t<h1 class=\"elementor-heading-title elementor-size-default\">Inviter J\u00e9sus<\/h1>\t\t\t\t<\/div>\n\t\t\t\t<\/div>\n\t\t\t\t<div class=\"elementor-element elementor-element-3b35f4d elementor-widget elementor-widget-text-editor\" data-id=\"3b35f4d\" data-element_type=\"widget\" data-e-type=\"widget\" data-widget_type=\"text-editor.default\">\n\t\t\t\t<div class=\"elementor-widget-container\">\n\t\t\t\t\t\t\t\t\t<p>C\u2019est avec ces mots ou des mots simi\u00adlai\u00adres que vous pou\u00advez invi\u00adter J\u00e9sus :<\/p><p><strong>\u201cSei\u00adgneur J\u00e9sus, mer\u00adci de me per\u00admett\u00adre de venir \u00e0 Toi tel que je suis. Mer\u00adci de m\u2019ai\u00admer autant et d\u2019a\u00advoir d\u00e9j\u00e0 pay\u00e9 sur la croix la pei\u00adne pour mes mau\u00advai\u00adses actions. S\u2019il te pla\u00eet, par\u00addon\u00adne-moi ma fau\u00adte\u201d  <\/strong><\/p><p>Main\u00adten\u00adant, vous pou\u00advez lui \u00e9nu\u00adm\u00e9\u00adrer les cho\u00adses pour les\u00adquel\u00adles vous \u00eates cou\u00adpa\u00adble devant Dieu et les hom\u00admes. Cela est n\u00e9ces\u00adsaire par\u00adce que vous ne pou\u00advez \u00eatre con\u00adnec\u00adt\u00e9 \u00e0 Dieu que si J\u00e9sus a par\u00addon\u00adn\u00e9 vot\u00adre fau\u00adte. <\/p><p><strong>\u201cJe vous invi\u00adte : S\u2019il te pla\u00eet, ent\u00adre dans ma vie. A par\u00adtir de main\u00adten\u00adant, ma vie t\u2019ap\u00adpar\u00adtien\u00addra et je veux te sui\u00adv\u00adre dans tou\u00adtes les cho\u00adses de ma vie. S\u2019il te pla\u00eet, rem\u00adp\u00adlis-moi de Ton Saint Esprit. Amen\u201d.   <\/strong><\/p>\t\t\t\t\t\t\t\t<\/div>\n\t\t\t\t<\/div>\n\t\t\t\t<\/div>\n\t\t<div class=\"elementor-element elementor-element-7f4790a e-con-full e-flex e-con e-child\" data-id=\"7f4790a\" data-element_type=\"container\" data-e-type=\"container\" data-settings=\"{&quot;background_background&quot;:&quot;classic&quot;}\">\n\t\t\t\t<\/div>\n\t\t\t\t\t<\/div>\n\t\t\t\t<\/div>\n\t\t<div class=\"elementor-element elementor-element-beeb142 e-flex e-con-boxed e-con e-parent\" data-id=\"beeb142\" data-element_type=\"container\" data-e-type=\"container\" data-settings=\"{&quot;background_background&quot;:&quot;classic&quot;}\">\n\t\t\t\t\t<div class=\"e-con-inner\">\n\t\t<div class=\"elementor-element elementor-element-a2e7c07 e-con-full e-flex e-con e-child\" data-id=\"a2e7c07\" data-element_type=\"container\" data-e-type=\"container\" data-settings=\"{&quot;background_background&quot;:&quot;classic&quot;}\">\n\t\t\t\t<\/div>\n\t\t<div class=\"elementor-element elementor-element-0da362c e-con-full e-flex e-con e-child\" data-id=\"0da362c\" data-element_type=\"container\" data-e-type=\"container\">\n\t\t\t\t<div class=\"elementor-element elementor-element-5d8983f elementor-widget elementor-widget-heading\" data-id=\"5d8983f\" data-element_type=\"widget\" data-e-type=\"widget\" data-widget_type=\"heading.default\">\n\t\t\t\t<div class=\"elementor-widget-container\">\n\t\t\t\t\t<h1 class=\"elementor-heading-title elementor-size-default\">Passez aux \u00e9tapes suivantes<\/h1>\t\t\t\t<\/div>\n\t\t\t\t<\/div>\n\t\t\t\t<div class=\"elementor-element elementor-element-a9fadd0 elementor-widget elementor-widget-text-editor\" data-id=\"a9fadd0\" data-element_type=\"widget\" data-e-type=\"widget\" data-widget_type=\"text-editor.default\">\n\t\t\t\t<div class=\"elementor-widget-container\">\n\t\t\t\t\t\t\t\t\t<p>Pour que vot\u00adre foi puis\u00adse se d\u00e9ve\u00adlo\u00adp\u00adper sur de bon\u00adnes bases, il est important que vous app\u00adre\u00adniez \u00e0 mieux con\u00adna\u00eet\u00adre Dieu en lisant la Bible (nous pou\u00advons vous en envoy\u00ader une gra\u00adtui\u00adte\u00adment) et que vous ayez des chr\u00e9\u00adti\u00adens locaux qui vous accom\u00adpagn\u00adent dans vot\u00adre foi. Vous trou\u00adverez ici une \u00c9gli\u00adse vivan\u00adte pr\u00e8s de chez vous : <\/p>\t\t\t\t\t\t\t\t<\/div>\n\t\t\t\t<\/div>\n\t\t\t\t<div class=\"elementor-element elementor-element-70ef0f3 elementor-align-left elementor-widget elementor-widget-button\" data-id=\"70ef0f3\" data-element_type=\"widget\" data-e-type=\"widget\" data-settings=\"{&quot;motion_fx_motion_fx_scrolling&quot;:&quot;yes&quot;,&quot;motion_fx_devices&quot;:[&quot;desktop&quot;,&quot;tablet&quot;,&quot;mobile&quot;]}\" data-widget_type=\"button.default\">\n\t\t\t\t<div class=\"elementor-widget-container\">\n\t\t\t\t\t\t\t\t\t<div class=\"elementor-button-wrapper\">\n\t\t\t\t\t<a class=\"elementor-button elementor-button-link elementor-size-sm\" href=\"#elementor-action%3Aaction%3Dpopup%3Aopen%26settings%3DeyJpZCI6NTQwNCwidG9nZ2xlIjp0cnVlfQ%3D%3D\">\n\t\t\t\t\t\t<span class=\"elementor-button-content-wrapper\">\n\t\t\t\t\t\t<span class=\"elementor-button-icon\">\n\t\t\t\t<svg aria-hidden=\"true\" class=\"e-font-icon-svg e-fas-users\" viewBox=\"0 0 640 512\"><path d=\"M96 224c35.3 0 64-28.7 64-64s-28.7-64-64-64-64 28.7-64 64 28.7 64 64 64zm448 0c35.3 0 64-28.7 64-64s-28.7-64-64-64-64 28.7-64 64 28.7 64 64 64zm32 32h-64c-17.6 0-33.5 7.1-45.1 18.6 40.3 22.1 68.9 62 75.1 109.4h66c17.7 0 32-14.3 32-32v-32c0-35.3-28.7-64-64-64zm-256 0c61.9 0 112-50.1 112-112S381.9 32 320 32 208 82.1 208 144s50.1 112 112 112zm76.8 32h-8.3c-20.8 10-43.9 16-68.5 16s-47.6-6-68.5-16h-8.3C179.6 288 128 339.6 128 403.2V432c0 26.5 21.5 48 48 48h288c26.5 0 48-21.5 48-48v-28.8c0-63.6-51.6-115.2-115.2-115.2zm-223.7-13.4C161.5 263.1 145.6 256 128 256H64c-35.3 0-64 28.7-64 64v32c0 17.7 14.3 32 32 32h65.9c6.3-47.4 34.9-87.3 75.2-109.4z\" \/><\/svg>\t\t\t<\/span>\n\t\t\t\t\t\t\t\t\t<span class=\"elementor-button-text\">Prend\u00adre cont\u00adact<\/span>\n\t\t\t\t\t<\/span>\n\t\t\t\t\t<\/a>\n\t\t\t\t<\/div>\n\t\t\t\t\t\t\t\t<\/div>\n\t\t\t\t<\/div>\n\t\t\t\t<\/div>\n\t\t\t\t\t<\/div>\n\t\t\t\t<\/div>\n\t\t<div class=\"elementor-element elementor-element-9f71084 e-flex e-con-boxed e-con e-parent\" data-id=\"9f71084\" data-element_type=\"container\" data-e-type=\"container\">\n\t\t\t\t\t<div class=\"e-con-inner\">\n\t\t\t\t\t<\/div>\n\t\t\t\t<\/div>\n\t\t\t\t<\/div>\n\t\t","protected":false},"excerpt":{"rendered":"<p>Par\u00adlez-lui Si vous vou\u00adlez essay\u00ader de savoir si J\u00e9sus exis\u00adte, vous pou\u00advez sim\u00adple\u00adment lui deman\u00adder : \u201cJ\u00e9sus, si tu exis\u00adtes vrai\u00adment, s\u2019il te pla\u00eet, mon\u00adt\u00ad\u00adre-moi que tu es l\u00e0 et com\u00adbien tu m\u2019ai\u00admes\u201d. La Bible con\u00adti\u00adent plu\u00ads\u00adieurs fois la pro\u00admes\u00adse de Dieu : \u201cSi tu me cher\u00adches de tout ton c\u0153ur, tu me trou\u00adve\u00adras\u201d (Jr [\u2026]<\/p>\n","protected":false},"author":1,"featured_media":0,"parent":0,"menu_order":0,"comment_status":"closed","ping_status":"closed","template":"","meta":{"_acf_changed":false,"wp_typography_post_enhancements_disabled":false,"footnotes":""},"class_list":["post-5517","page","type-page","status-publish","hentry"],"acf":[],"_links":{"self":[{"href":"https:\/\/jeliebt.de\/fr\/wp-json\/wp\/v2\/pages\/5517","targetHints":{"allow":["GET"]}}],"collection":[{"href":"https:\/\/jeliebt.de\/fr\/wp-json\/wp\/v2\/pages"}],"about":[{"href":"https:\/\/jeliebt.de\/fr\/wp-json\/wp\/v2\/types\/page"}],"author":[{"embeddable":true,"href":"https:\/\/jeliebt.de\/fr\/wp-json\/wp\/v2\/users\/1"}],"replies":[{"embeddable":true,"href":"https:\/\/jeliebt.de\/fr\/wp-json\/wp\/v2\/comments?post=5517"}],"version-history":[{"count":1,"href":"https:\/\/jeliebt.de\/fr\/wp-json\/wp\/v2\/pages\/5517\/revisions"}],"predecessor-version":[{"id":5525,"href":"https:\/\/jeliebt.de\/fr\/wp-json\/wp\/v2\/pages\/5517\/revisions\/5525"}],"wp:attachment":[{"href":"https:\/\/jeliebt.de\/fr\/wp-json\/wp\/v2\/media?parent=5517"}],"curies":[{"name":"wp","href":"https:\/\/api.w.org\/{rel}","templated":true}]}}