{"id":5507,"date":"2025-02-21T09:05:31","date_gmt":"2025-02-21T08:05:31","guid":{"rendered":"https:\/\/jeliebt.de\/partager-une-histoire\/"},"modified":"2026-05-09T13:58:52","modified_gmt":"2026-05-09T11:58:52","slug":"partager-une-histoire","status":"publish","type":"page","link":"https:\/\/jeliebt.de\/fr\/partager-une-histoire\/","title":{"rendered":"Partager une histoire"},"content":{"rendered":"\t\t<div data-elementor-type=\"wp-page\" data-elementor-id=\"5507\" class=\"elementor elementor-5507 elementor-2492\" data-elementor-post-type=\"page\">\n\t\t\t\t<div class=\"elementor-element elementor-element-64811e2 e-grid e-con-boxed e-con e-parent\" data-id=\"64811e2\" data-element_type=\"container\" data-e-type=\"container\">\n\t\t\t\t\t<div class=\"e-con-inner\">\n\t\t<div class=\"elementor-element elementor-element-887841a e-con-full e-flex e-con e-child\" data-id=\"887841a\" data-element_type=\"container\" data-e-type=\"container\">\n\t\t\t\t<div class=\"elementor-element elementor-element-267b052 elementor-widget elementor-widget-image\" data-id=\"267b052\" data-element_type=\"widget\" data-e-type=\"widget\" data-widget_type=\"image.default\">\n\t\t\t\t<div class=\"elementor-widget-container\">\n\t\t\t\t\t\t\t\t\t\t\t\t\t\t\t\t<a href=\"#elementor-action%3Aaction%3Dlightbox%26settings%3DeyJ0eXBlIjoidmlkZW8iLCJ2aWRlb1R5cGUiOiJ5b3V0dWJlIiwidXJsIjoiaHR0cHM6XC9cL3d3dy55b3V0dWJlLmNvbVwvZW1iZWRcL1JuNDBzelNUeUljP2ZlYXR1cmU9b2VtYmVkIn0%3D\">\n\t\t\t\t\t\t\t<img fetchpriority=\"high\" decoding=\"async\" width=\"714\" height=\"715\" src=\"https:\/\/jeliebt.de\/wp-content\/uploads\/jeliebt-jesus-leibt-story-teilen-anleitung-thumb-1.webp\" class=\"attachment-large size-large wp-image-5511\" alt>\t\t\t\t\t\t\t\t<\/a>\n\t\t\t\t\t\t\t\t\t\t\t\t\t\t\t<\/div>\n\t\t\t\t<\/div>\n\t\t\t\t<\/div>\n\t\t<div class=\"elementor-element elementor-element-383936a e-con-full e-flex e-con e-child\" data-id=\"383936a\" data-element_type=\"container\" data-e-type=\"container\">\n\t\t\t\t<div class=\"elementor-element elementor-element-3d8719e elementor-widget__width-initial elementor-widget elementor-widget-text-editor\" data-id=\"3d8719e\" data-element_type=\"widget\" data-e-type=\"widget\" data-widget_type=\"text-editor.default\">\n\t\t\t\t<div class=\"elementor-widget-container\">\n\t\t\t\t\t\t\t\t\t<p>Mer\u00adci de par\u00adta\u00adger vot\u00adre <strong>his\u00adtoire d\u2019AI\u00adM\u00c9<\/strong> avec le mon\u00adde. La vid\u00e9o vous expli\u00adque tout. <\/p><p>Veuil\u00adlez choi\u00adsir le type d\u2019his\u00adtoire que vous sou\u00adhai\u00adtez par\u00adta\u00adger :<\/p>\t\t\t\t\t\t\t\t<\/div>\n\t\t\t\t<\/div>\n\t\t\t\t<div class=\"elementor-element elementor-element-e9db5c4 elementor-widget elementor-widget-n-accordion\" data-id=\"e9db5c4\" data-element_type=\"widget\" data-e-type=\"widget\" data-settings=\"{&quot;default_state&quot;:&quot;all_collapsed&quot;,&quot;max_items_expended&quot;:&quot;one&quot;,&quot;n_accordion_animation_duration&quot;:{&quot;unit&quot;:&quot;ms&quot;,&quot;size&quot;:400,&quot;sizes&quot;:[]}}\" data-widget_type=\"nested-accordion.default\">\n\t\t\t\t<div class=\"elementor-widget-container\">\n\t\t\t\t\t\t\t<div class=\"e-n-accordion\" aria-label=\"Accordion. Open links with Enter or Space, close with Escape, and navigate with Arrow Keys\">\n\t\t\t\t\t\t<details id=\"e-n-accordion-item-2450\" class=\"e-n-accordion-item\">\n\t\t\t\t<summary class=\"e-n-accordion-item-title\" data-accordion-index=\"1\" tabindex=\"0\" aria-expanded=\"false\" aria-controls=\"e-n-accordion-item-2450\">\n\t\t\t\t\t<span class=\"e-n-accordion-item-title-header\"><div class=\"e-n-accordion-item-title-text\"> Opti\u00adon 1 : his\u00adtoire d\u2019A\u00adMOUR <\/div><\/span>\n\t\t\t\t\t\t\t\t\t<\/summary>\n\t\t\t\t<div role=\"region\" aria-labelledby=\"e-n-accordion-item-2450\" class=\"elementor-element elementor-element-b87dea5 e-con-full e-flex e-con e-child\" data-id=\"b87dea5\" data-element_type=\"container\" data-e-type=\"container\">\n\t\t\t\t<div class=\"elementor-element elementor-element-8809c0a elementor-widget__width-initial elementor-widget elementor-widget-text-editor\" data-id=\"8809c0a\" data-element_type=\"widget\" data-e-type=\"widget\" data-widget_type=\"text-editor.default\">\n\t\t\t\t<div class=\"elementor-widget-container\">\n\t\t\t\t\t\t\t\t\t<p><strong>RACONTEZ EN 3 \u00c9TAPES COMMENT VOUS AVEZ CONNU L\u2019AMOUR DE J\u00c9SUS :<\/strong><\/p><ol><li>Com\u00adment \u00e9tait vot\u00adre vie <strong>avant<\/strong> de con\u00adna\u00eet\u00adre l\u2019a\u00admour de Dieu ?  <\/li><li>Com\u00adment avez-vous <strong>con\u00adnu<\/strong> l\u2019a\u00admour de J\u00e9sus ?  <\/li><li>Com\u00adment vot\u00adre vie a\u2011t-elle chan\u00adg\u00e9 <strong>apr\u00e8s<\/strong> avoir fait l\u2019exp\u00e9\u00adri\u00adence de l\u2019a\u00admour de Dieu ?<\/li><\/ol>\t\t\t\t\t\t\t\t<\/div>\n\t\t\t\t<\/div>\n\t\t\t\t<\/div>\n\t\t\t\t\t<\/details>\n\t\t\t\t\t\t<details id=\"e-n-accordion-item-2451\" class=\"e-n-accordion-item\">\n\t\t\t\t<summary class=\"e-n-accordion-item-title\" data-accordion-index=\"2\" tabindex=\"-1\" aria-expanded=\"false\" aria-controls=\"e-n-accordion-item-2451\">\n\t\t\t\t\t<span class=\"e-n-accordion-item-title-header\"><div class=\"e-n-accordion-item-title-text\"> Opti\u00adon 2 : his\u00adtoire d\u2019ER-LEBT <\/div><\/span>\n\t\t\t\t\t\t\t\t\t<\/summary>\n\t\t\t\t<div role=\"region\" aria-labelledby=\"e-n-accordion-item-2451\" class=\"elementor-element elementor-element-99c0d23 e-con-full e-flex e-con e-child\" data-id=\"99c0d23\" data-element_type=\"container\" data-e-type=\"container\">\n\t\t\t\t<div class=\"elementor-element elementor-element-a5c4c66 elementor-widget__width-initial elementor-widget elementor-widget-text-editor\" data-id=\"a5c4c66\" data-element_type=\"widget\" data-e-type=\"widget\" data-widget_type=\"text-editor.default\">\n\t\t\t\t<div class=\"elementor-widget-container\">\n\t\t\t\t\t\t\t\t\t<p><strong>RACONTEZ VOTRE EXP\u00c9RIENCE AVEC DIEU EN 3 \u00c9TAPES :<\/strong><\/p><ol><li>Quel\u00adle \u00e9tait la situa\u00adti\u00adon <strong>avant que<\/strong> Dieu n\u2019in\u00adter\u00advi\u00aden\u00adne ?  <\/li><li>Com\u00adment avez-vous <strong>deman\u00add\u00e9<\/strong> l <strong>\u2018aide de<\/strong> Dieu ?  <\/li><li>Com\u00adment Dieu a\u2011t-il <strong>chan\u00adg\u00e9<\/strong> la situa\u00adti\u00adon ?<\/li><\/ol>\t\t\t\t\t\t\t\t<\/div>\n\t\t\t\t<\/div>\n\t\t\t\t<\/div>\n\t\t\t\t\t<\/details>\n\t\t\t\t\t<\/div>\n\t\t\t\t\t\t<\/div>\n\t\t\t\t<\/div>\n\t\t\t\t<\/div>\n\t\t\t\t\t<\/div>\n\t\t\t\t<\/div>\n\t\t<div class=\"elementor-element elementor-element-4fffbcb e-flex e-con-boxed e-con e-parent\" data-id=\"4fffbcb\" data-element_type=\"container\" data-e-type=\"container\">\n\t\t\t\t\t<div class=\"e-con-inner\">\n\t\t\t\t<div class=\"elementor-element elementor-element-4534c2f elementor-button-align-stretch elementor-widget elementor-widget-form\" data-id=\"4534c2f\" data-element_type=\"widget\" data-e-type=\"widget\" data-settings=\"{&quot;step_next_label&quot;:&quot;continuer&quot;,&quot;step_previous_label&quot;:&quot;retour&quot;,&quot;button_width&quot;:&quot;100&quot;,&quot;step_type&quot;:&quot;number_text&quot;,&quot;step_icon_shape&quot;:&quot;circle&quot;}\" data-widget_type=\"form.default\">\n\t\t\t\t<div class=\"elementor-widget-container\">\n\t\t\t\t\t<template id=\"cfef_logic_data_4534c2f\" class=\"cfef_logic_data_js\" data-form-id=\"4534c2f\">{\u201cmessage\u201d:{\u201cdisplay_mode\u201d:\u201chide\u201d,\u201cfire_action\u201d:\u201cAll\u201d,\u201cfile_types\u201d:\u201cpng\u201d,\u201clogic_data\u201d:[{\u201ccfef_logic_field_id\u201d:\u201cwieteilen\u201d,\u201ccfef_logic_field_is\u201d:\u201d==\u201d,\u201ccfef_logic_compare_value\u201d:\u201cVideo\u201d,\u201c_id\u201d:\u201c5b58432\u201d}]},\u201cfield_86389b4\u201d:{\u201cdisplay_mode\u201d:\u201cshow\u201d,\u201cfire_action\u201d:\u201cAll\u201d,\u201cfile_types\u201d:\u201cpng\u201d,\u201clogic_data\u201d:[{\u201ccfef_logic_field_id\u201d:\u201cwieteilen\u201d,\u201ccfef_logic_field_is\u201d:\u201d!=\u201d,\u201ccfef_logic_compare_value\u201d:\u201c1\u201d,\u201c_id\u201d:\u201c011eed9\u201d}]}}<\/template>\t\t<form class=\"elementor-form\" method=\"post\" name=\"Formulaire de partage d'histoire\" aria-label=\"Formulaire de partage d'histoire\">\n\t\t\t<input type=\"hidden\" name=\"post_id\" value=\"5507\">\n\t\t\t<input type=\"hidden\" name=\"form_id\" value=\"4534c2f\">\n\t\t\t<input type=\"hidden\" name=\"referer_title\" value=\"Partager une histoire\">\n\n\t\t\t\t\t\t\t<input type=\"hidden\" name=\"queried_id\" value=\"5507\">\n\t\t\t\n\t\t\t<div class=\"elementor-form-fields-wrapper elementor-labels-above\">\n\t\t\t\t\t\t\t\t<div class=\"elementor-field-type-step elementor-field-group elementor-column elementor-field-group-field_48de5fa elementor-col-100\">\n\t\t\t\t\t\t\t<div class=\"e-field-step elementor-hidden\" data-label=\"Requ\u00eate\" data-previousbutton data-nextbutton data-iconurl data-iconlibrary=\"fas fa-star\" data-icon=\"<svg class=&quot;e-font-icon-svg e-fas-star&quot; viewBox=&quot;0 0 576 512&quot; xmlns=&quot;http:\/\/www.w3.org\/2000\/svg&quot;><path d=&quot;M259.3 17.8L194 150.2 47.9 171.5c-26.2 3.8-36.7 36.1-17.7 54.6l105.7 103-25 145.5c-4.5 26.3 23.2 46 46.4 33.7L288 439.6l130.7 68.7c23.2 12.2 50.9-7.4 46.4-33.7l-25-145.5 105.7-103c19-18.5 8.5-50.8-17.7-54.6L382 150.2 316.7 17.8c-11.7-23.6-45.6-23.9-57.4 0z&quot;><\/path><\/svg>\"><\/div>\n\n\t\t\t\t\t\t<\/div>\n\t\t\t\t\t\t\t\t<div class=\"elementor-field-type-radio elementor-field-group elementor-column elementor-field-group-wieteilen elementor-col-100 elementor-field-required elementor-mark-required\">\n\t\t\t\t\t\t\t\t\t\t\t\t<label for=\"form-field-wieteilen\" class=\"elementor-field-label\">\n\t\t\t\t\t\t\t\tCom\u00adment sou\u00adhai\u00adtez-vous par\u00adta\u00adger vot\u00adre his\u00adtoire d\u2019AI\u00adM\u00c9 ?\t\t\t\t\t\t\t<\/label>\n\t\t\t\t\t\t<div class=\"elementor-field-subgroup  \"><span class=\"elementor-field-option\"><input type=\"radio\" value=\"Vid\u00e9o\" id=\"form-field-wieteilen-0\" name=\"form_fields[wieteilen]\" required=\"required\"> <label for=\"form-field-wieteilen-0\">Vid\u00e9o<\/label><\/span><span class=\"elementor-field-option\"><input type=\"radio\" value=\"Texte\" id=\"form-field-wieteilen-1\" name=\"form_fields[wieteilen]\" required=\"required\"> <label for=\"form-field-wieteilen-1\">Tex\u00adte<\/label><\/span><span class=\"elementor-field-option\"><input type=\"radio\" value=\"Vid\u00e9o et texte\" id=\"form-field-wieteilen-2\" name=\"form_fields[wieteilen]\" required=\"required\"> <label for=\"form-field-wieteilen-2\">Vid\u00e9o et tex\u00adte<\/label><\/span><\/div>\t\t\t\t<\/div>\n\t\t\t\t\t\t\t\t<div class=\"elementor-field-type-text elementor-field-group elementor-column elementor-field-group-field_2017167 elementor-col-50 elementor-field-required elementor-mark-required\">\n\t\t\t\t\t\t\t\t\t\t\t\t<label for=\"form-field-field_2017167\" class=\"elementor-field-label\">\n\t\t\t\t\t\t\t\tNom visi\u00adble\t\t\t\t\t\t\t<\/label>\n\t\t\t\t\t\t\t\t\t\t\t\t\t\t<input size=\"1\" type=\"text\" name=\"form_fields[field_2017167]\" id=\"form-field-field_2017167\" class=\"elementor-field elementor-size-sm  elementor-field-textual\" required=\"required\">\n\t\t\t\t\t\t\t\t\t\t\t<\/div>\n\t\t\t\t\t\t\t\t<div class=\"elementor-field-type-upload elementor-field-group elementor-column elementor-field-group-field_ebf7d86 elementor-col-50 elementor-field-required elementor-mark-required\">\n\t\t\t\t\t\t\t\t\t\t\t\t<label for=\"form-field-field_ebf7d86\" class=\"elementor-field-label\">\n\t\t\t\t\t\t\t\tPho\u00adto por\u00adtrait de vous\t\t\t\t\t\t\t<\/label>\n\t\t\t\t\t\t\t\t<input type=\"file\" name=\"form_fields[field_ebf7d86]\" id=\"form-field-field_ebf7d86\" class=\"elementor-field elementor-size-sm  elementor-upload-field\" required=\"required\">\n\n\t\t\t\t\t\t<\/div>\n\t\t\t\t\t\t\t\t<div class=\"elementor-field-type-step elementor-field-group elementor-column elementor-field-group-field_decf92c elementor-col-100\">\n\t\t\t\t\t\t\t<div class=\"e-field-step elementor-hidden\" data-label=\"T\u00e9l\u00e9chargement de m\u00e9dias\" data-previousbutton data-nextbutton data-iconurl data-iconlibrary=\"fas fa-star\" data-icon=\"<svg class=&quot;e-font-icon-svg e-fas-star&quot; viewBox=&quot;0 0 576 512&quot; xmlns=&quot;http:\/\/www.w3.org\/2000\/svg&quot;><path d=&quot;M259.3 17.8L194 150.2 47.9 171.5c-26.2 3.8-36.7 36.1-17.7 54.6l105.7 103-25 145.5c-4.5 26.3 23.2 46 46.4 33.7L288 439.6l130.7 68.7c23.2 12.2 50.9-7.4 46.4-33.7l-25-145.5 105.7-103c19-18.5 8.5-50.8-17.7-54.6L382 150.2 316.7 17.8c-11.7-23.6-45.6-23.9-57.4 0z&quot;><\/path><\/svg>\"><\/div>\n\n\t\t\t\t\t\t<\/div>\n\t\t\t\t\t\t\t\t<div class=\"elementor-field-type-textarea elementor-field-group elementor-column elementor-field-group-message elementor-col-100\">\n\t\t\t\t\t\t\t\t\t\t\t\t<label for=\"form-field-message\" class=\"elementor-field-label\">\n\t\t\t\t\t\t\t\tVot\u00adre his\u00adtoire JELIEBT sous for\u00adme de tex\u00adte\t\t\t\t\t\t\t<\/label>\n\t\t\t\t\t\t<textarea class=\"elementor-field-textual elementor-field  elementor-size-sm\" name=\"form_fields[message]\" id=\"form-field-message\" rows=\"8\" placeholder=\"Si vous souhaitez partager votre histoire sous forme de texte, veuillez l'ins\u00e9rer ici (800 mots maximum)\"><\/textarea>\t\t\t\t<\/div>\n\t\t\t\t\t\t\t\t<div class=\"elementor-field-type-html elementor-field-group elementor-column elementor-field-group-field_86389b4 elementor-col-100\">\n\t\t\t\t\t<p>Le lien pour le t\u00e9l\u00e9\u00adchar\u00adge\u00adment de la vid\u00e9o vous sera envoy\u00e9 par e\u2011mail apr\u00e8s que vous ayez envoy\u00e9 le for\u00admu\u00adlai\u00adre.<\/p>\t\t\t\t<\/div>\n\t\t\t\t\t\t\t\t<div class=\"elementor-field-type-step elementor-field-group elementor-column elementor-field-group-field_35356f7 elementor-col-100\">\n\t\t\t\t\t\t\t<div class=\"e-field-step elementor-hidden\" data-label=\"Donn\u00e9es internes\" data-previousbutton data-nextbutton data-iconurl data-iconlibrary=\"fas fa-star\" data-icon=\"<svg class=&quot;e-font-icon-svg e-fas-star&quot; viewBox=&quot;0 0 576 512&quot; xmlns=&quot;http:\/\/www.w3.org\/2000\/svg&quot;><path d=&quot;M259.3 17.8L194 150.2 47.9 171.5c-26.2 3.8-36.7 36.1-17.7 54.6l105.7 103-25 145.5c-4.5 26.3 23.2 46 46.4 33.7L288 439.6l130.7 68.7c23.2 12.2 50.9-7.4 46.4-33.7l-25-145.5 105.7-103c19-18.5 8.5-50.8-17.7-54.6L382 150.2 316.7 17.8c-11.7-23.6-45.6-23.9-57.4 0z&quot;><\/path><\/svg>\"><\/div>\n\n\t\t\t\t\t\t<\/div>\n\t\t\t\t\t\t\t\t<div class=\"elementor-field-type-html elementor-field-group elementor-column elementor-field-group-field_16f337e elementor-col-100\">\n\t\t\t\t\t<h4>Ces informations ne sont visibles que par l\u2019\u00e9quipe JELIEBT. Nous avons besoin de ces informations au cas o\u00f9 nous aurions d\u2019autres questions. <\/h4>\t\t\t\t<\/div>\n\t\t\t\t\t\t\t\t<div class=\"elementor-field-type-text elementor-field-group elementor-column elementor-field-group-name elementor-col-50 elementor-field-required elementor-mark-required\">\n\t\t\t\t\t\t\t\t\t\t\t\t<label for=\"form-field-name\" class=\"elementor-field-label\">\n\t\t\t\t\t\t\t\tVot\u00adre pr\u00e9\u00adnom\t\t\t\t\t\t\t<\/label>\n\t\t\t\t\t\t\t\t\t\t\t\t\t\t<input size=\"1\" type=\"text\" name=\"form_fields[name]\" id=\"form-field-name\" class=\"elementor-field elementor-size-sm  elementor-field-textual\" required=\"required\">\n\t\t\t\t\t\t\t\t\t\t\t<\/div>\n\t\t\t\t\t\t\t\t<div class=\"elementor-field-type-text elementor-field-group elementor-column elementor-field-group-field_45fada3 elementor-col-50\">\n\t\t\t\t\t\t\t\t\t\t\t\t<label for=\"form-field-field_45fada3\" class=\"elementor-field-label\">\n\t\t\t\t\t\t\t\tVot\u00adre nom de famil\u00adle\t\t\t\t\t\t\t<\/label>\n\t\t\t\t\t\t\t\t\t\t\t\t\t\t<input size=\"1\" type=\"text\" name=\"form_fields[field_45fada3]\" id=\"form-field-field_45fada3\" class=\"elementor-field elementor-size-sm  elementor-field-textual\">\n\t\t\t\t\t\t\t\t\t\t\t<\/div>\n\t\t\t\t\t\t\t\t<div class=\"elementor-field-type-email elementor-field-group elementor-column elementor-field-group-email elementor-col-50 elementor-field-required elementor-mark-required\">\n\t\t\t\t\t\t\t\t\t\t\t\t<label for=\"form-field-email\" class=\"elementor-field-label\">\n\t\t\t\t\t\t\t\tVot\u00adre e\u2011mail\t\t\t\t\t\t\t<\/label>\n\t\t\t\t\t\t\t\t\t\t\t\t\t\t<input size=\"1\" type=\"email\" name=\"form_fields[email]\" id=\"form-field-email\" class=\"elementor-field elementor-size-sm  elementor-field-textual\" required=\"required\">\n\t\t\t\t\t\t\t\t\t\t\t<\/div>\n\t\t\t\t\t\t\t\t<div class=\"elementor-field-type-tel elementor-field-group elementor-column elementor-field-group-field_ecbf5ff elementor-col-50\">\n\t\t\t\t\t\t\t\t\t\t\t\t<label for=\"form-field-field_ecbf5ff\" class=\"elementor-field-label\">\n\t\t\t\t\t\t\t\tVot\u00adre num\u00e9\u00adro de t\u00e9l\u00e9\u00adpho\u00adne por\u00adta\u00adble\t\t\t\t\t\t\t<\/label>\n\t\t\t\t\t\t\t\t<input size=\"1\" type=\"tel\" name=\"form_fields[field_ecbf5ff]\" id=\"form-field-field_ecbf5ff\" class=\"elementor-field elementor-size-sm  elementor-field-textual\" pattern=\"[0-9()#&amp;+*-=.]+\" title=\"Seuls les caract\u00e8res de num\u00e9ros de t\u00e9l\u00e9phone (#, -, *, etc.) sont accept\u00e9s.\">\n\n\t\t\t\t\t\t<\/div>\n\t\t\t\t\t\t\t\t<div class=\"elementor-field-type-step elementor-field-group elementor-column elementor-field-group-field_8a77fc7 elementor-col-100\">\n\t\t\t\t\t\t\t<div class=\"e-field-step elementor-hidden\" data-label=\"Publication\" data-previousbutton data-nextbutton data-iconurl data-iconlibrary=\"fas fa-star\" data-icon=\"<svg class=&quot;e-font-icon-svg e-fas-star&quot; viewBox=&quot;0 0 576 512&quot; xmlns=&quot;http:\/\/www.w3.org\/2000\/svg&quot;><path d=&quot;M259.3 17.8L194 150.2 47.9 171.5c-26.2 3.8-36.7 36.1-17.7 54.6l105.7 103-25 145.5c-4.5 26.3 23.2 46 46.4 33.7L288 439.6l130.7 68.7c23.2 12.2 50.9-7.4 46.4-33.7l-25-145.5 105.7-103c19-18.5 8.5-50.8-17.7-54.6L382 150.2 316.7 17.8c-11.7-23.6-45.6-23.9-57.4 0z&quot;><\/path><\/svg>\"><\/div>\n\n\t\t\t\t\t\t<\/div>\n\t\t\t\t\t\t\t\t<div class=\"elementor-field-type-html elementor-field-group elementor-column elementor-field-group-field_16f337e elementor-col-100\">\n\t\t\t\t\t<h4>O\u00f9 pouvons-nous publier votre histoire d\u2019AIM\u00c9 ?<\/h4>\t\t\t\t<\/div>\n\t\t\t\t\t\t\t\t<div class=\"elementor-field-type-radio elementor-field-group elementor-column elementor-field-group-field_bccc4d7 elementor-col-100 elementor-field-required elementor-mark-required\">\n\t\t\t\t\t\t\t\t\t\t\t\t<label for=\"form-field-field_bccc4d7\" class=\"elementor-field-label\">\n\t\t\t\t\t\t\t\tPubli\u00adca\u00adti\u00adon sur\t\t\t\t\t\t\t<\/label>\n\t\t\t\t\t\t<div class=\"elementor-field-subgroup  \"><span class=\"elementor-field-option\"><input type=\"radio\" value=\"JELIEBT.fr et les m\u00e9dias sociaux\" id=\"form-field-field_bccc4d7-0\" name=\"form_fields[field_bccc4d7]\" required=\"required\"> <label for=\"form-field-field_bccc4d7-0\">JELIEBT.fr et les m\u00e9di\u00adas sociaux<\/label><\/span><span class=\"elementor-field-option\"><input type=\"radio\" value=\"JELIEBT.fr\" id=\"form-field-field_bccc4d7-1\" name=\"form_fields[field_bccc4d7]\" required=\"required\"> <label for=\"form-field-field_bccc4d7-1\">JELIEBT.fr<\/label><\/span><\/div>\t\t\t\t<\/div>\n\t\t\t\t\t\t\t\t<div class=\"elementor-field-type-acceptance elementor-field-group elementor-column elementor-field-group-field_3b97667 elementor-col-100 elementor-field-required elementor-mark-required\">\n\t\t\t\t\t\t\t<div class=\"elementor-field-subgroup\">\n\t\t\t<span class=\"elementor-field-option\">\n\t\t\t\t<input type=\"checkbox\" name=\"form_fields[field_3b97667]\" id=\"form-field-field_3b97667\" class=\"elementor-field elementor-size-sm  elementor-acceptance-field\" required=\"required\">\n\t\t\t\t<label for=\"form-field-field_3b97667\">J\u2019ac\u00adcep\u00adte que mes don\u00adn\u00e9es soi\u00adent trai\u00adt\u00e9es con\u00adfor\u00adm\u00e9\u00adment \u00e0 la <a href=\"https:\/\/jeliebt.de\/fr\/protection-des-donnees\/\">d\u00e9cla\u00adra\u00adti\u00adon de con\u00adfi\u00adden\u00adtia\u00adli\u00adt\u00e9<\/a> <\/label>\t\t\t<\/span>\n\t\t<\/div>\n\t\t\t\t\t\t<\/div>\n\t\t\t\t\t\t\t\t<div class=\"elementor-field-group elementor-column elementor-field-type-submit elementor-col-100 e-form__buttons\">\n\t\t\t\t\t<button class=\"elementor-button elementor-size-sm\" type=\"submit\">\n\t\t\t\t\t\t<span class=\"elementor-button-content-wrapper\">\n\t\t\t\t\t\t\t\t\t\t\t\t\t\t\t\t\t\t\t\t\t\t<span class=\"elementor-button-text\">Partager une histoire<\/span>\n\t\t\t\t\t\t\t\t\t\t\t\t\t<\/span>\n\t\t\t\t\t<\/button>\n\t\t\t\t<\/div>\n\t\t\t<\/div>\n\t\t<\/form>\n\t\t\t\t\t\t<\/div>\n\t\t\t\t<\/div>\n\t\t\t\t\t<\/div>\n\t\t\t\t<\/div>\n\t\t\t\t<\/div>\n\t\t","protected":false},"excerpt":{"rendered":"<p>Mer\u00adci de par\u00adta\u00adger vot\u00adre his\u00adtoire d\u2019AI\u00adM\u00c9 avec le mon\u00adde. La vid\u00e9o vous expli\u00adque tout. Veuil\u00adlez choi\u00adsir le type d\u2019his\u00adtoire que vous sou\u00adhai\u00adtez par\u00adta\u00adger : Opti\u00adon 1 : his\u00adtoire d\u2019A\u00adMOUR RACONTEZ EN 3 \u00c9TAPES COMMENT VOUS AVEZ CONNU L\u2019AMOUR DE J\u00c9SUS : Com\u00adment \u00e9tait vot\u00adre vie avant de con\u00adna\u00eet\u00adre l\u2019a\u00admour de Dieu ? Com\u00adment avez-vous con\u00adnu [\u2026]<\/p>\n","protected":false},"author":1,"featured_media":0,"parent":0,"menu_order":0,"comment_status":"closed","ping_status":"closed","template":"","meta":{"_acf_changed":false,"wp_typography_post_enhancements_disabled":false,"footnotes":""},"class_list":["post-5507","page","type-page","status-publish","hentry"],"acf":[],"_links":{"self":[{"href":"https:\/\/jeliebt.de\/fr\/wp-json\/wp\/v2\/pages\/5507","targetHints":{"allow":["GET"]}}],"collection":[{"href":"https:\/\/jeliebt.de\/fr\/wp-json\/wp\/v2\/pages"}],"about":[{"href":"https:\/\/jeliebt.de\/fr\/wp-json\/wp\/v2\/types\/page"}],"author":[{"embeddable":true,"href":"https:\/\/jeliebt.de\/fr\/wp-json\/wp\/v2\/users\/1"}],"replies":[{"embeddable":true,"href":"https:\/\/jeliebt.de\/fr\/wp-json\/wp\/v2\/comments?post=5507"}],"version-history":[{"count":1,"href":"https:\/\/jeliebt.de\/fr\/wp-json\/wp\/v2\/pages\/5507\/revisions"}],"predecessor-version":[{"id":5513,"href":"https:\/\/jeliebt.de\/fr\/wp-json\/wp\/v2\/pages\/5507\/revisions\/5513"}],"wp:attachment":[{"href":"https:\/\/jeliebt.de\/fr\/wp-json\/wp\/v2\/media?parent=5507"}],"curies":[{"name":"wp","href":"https:\/\/api.w.org\/{rel}","templated":true}]}}