{"id":5490,"date":"2025-01-08T09:34:40","date_gmt":"2025-01-08T08:34:40","guid":{"rendered":"https:\/\/jeliebt.de\/mentions-legales\/"},"modified":"2026-05-09T13:58:50","modified_gmt":"2026-05-09T11:58:50","slug":"mentions-legales","status":"publish","type":"page","link":"https:\/\/jeliebt.de\/fr\/mentions-legales\/","title":{"rendered":"Mentions l\u00e9gales"},"content":{"rendered":"\t\t<div data-elementor-type=\"wp-page\" data-elementor-id=\"5490\" class=\"elementor elementor-5490 elementor-1621\" data-elementor-post-type=\"page\">\n\t\t\t\t<div class=\"elementor-element elementor-element-0d50561 e-flex e-con-boxed e-con e-parent\" data-id=\"0d50561\" data-element_type=\"container\" data-e-type=\"container\" data-settings=\"{&quot;background_background&quot;:&quot;classic&quot;}\">\n\t\t\t\t\t<div class=\"e-con-inner\">\n\t\t<div class=\"elementor-element elementor-element-3c8b469 e-con-full e-flex e-con e-child\" data-id=\"3c8b469\" data-element_type=\"container\" data-e-type=\"container\">\n\t\t\t\t<div class=\"elementor-element elementor-element-eb21984 elementor-widget elementor-widget-heading\" data-id=\"eb21984\" data-element_type=\"widget\" data-e-type=\"widget\" data-widget_type=\"heading.default\">\n\t\t\t\t<div class=\"elementor-widget-container\">\n\t\t\t\t\t<p class=\"elementor-heading-title elementor-size-default\">Not\u00adre<\/p>\t\t\t\t<\/div>\n\t\t\t\t<\/div>\n\t\t\t\t<div class=\"elementor-element elementor-element-7b35817 elementor-widget elementor-widget-heading\" data-id=\"7b35817\" data-element_type=\"widget\" data-e-type=\"widget\" data-widget_type=\"heading.default\">\n\t\t\t\t<div class=\"elementor-widget-container\">\n\t\t\t\t\t<h1 class=\"elementor-heading-title elementor-size-default\">Mentions l\u00e9gales<\/h1>\t\t\t\t<\/div>\n\t\t\t\t<\/div>\n\t\t\t\t<\/div>\n\t\t<div class=\"elementor-element elementor-element-4fcafbc e-con-full e-flex e-con e-child\" data-id=\"4fcafbc\" data-element_type=\"container\" data-e-type=\"container\">\n\t\t\t\t<div class=\"elementor-element elementor-element-e5429b1 elementor-widget__width-initial elementor-widget elementor-widget-text-editor\" data-id=\"e5429b1\" data-element_type=\"widget\" data-e-type=\"widget\" data-widget_type=\"text-editor.default\">\n\t\t\t\t<div class=\"elementor-widget-container\">\n\t\t\t\t\t\t\t\t\t<h2>Op\u00e9rateur de site web<\/h2><p>Glau\u00adben\u00adtei\u00adlen e.V.<br>Sch\u00f6\u00adna\u00adgel\u00adstra\u00ad\u00dfe 14<br>12685 Ber\u00adlin<\/p><h2>Contact<br>&amp; responsable du contenu<\/h2><p>Jona\u00adthan Borau<em>(Con\u00adseil d\u2019ad\u00admi\u00adnis\u00adtra\u00adti\u00adon<\/em>)<\/p><h2>Contact<\/h2><p><strong>T\u00e9l\u00e9\u00adpho\u00adne :<\/strong> +49 176 96237767<br><strong>Fax :<\/strong> +49 30 22185619<br><strong>E\u2011mail :<\/strong> kontakt@glauben-teilen.com<\/p><h2>Inscription au registre<\/h2><p>Inscrip\u00adti\u00adon au regist\u00adre des asso\u00adcia\u00adti\u00adons<br>Tri\u00adbu\u00adnal d\u2019en\u00adre\u00adgis\u00adtre\u00adment : tri\u00adbu\u00adnal d\u2019in\u00ads\u00adtance de Char\u00adlot\u00adten\u00adburg<br>Num\u00e9\u00adro d\u2019en\u00adre\u00adgis\u00adtre\u00adment : VR 39302<\/p><h2>R\u00e8glement des litiges<\/h2><p>La Com\u00admis\u00adsi\u00adon euro\u00adp\u00e9\u00aden\u00adne met \u00e0 dis\u00adpo\u00adsi\u00adti\u00adon une pla\u00adte\u00adfor\u00adme de r\u00e8gle\u00adment en ligne des liti\u00adges (RLL) :<\/p><p>https:\/\/ec.europa.eu\/consumers\/odr<\/p><p>Vous trou\u00adverez not\u00adre adres\u00adse e\u2011mail dans les men\u00adti\u00adons l\u00e9ga\u00adles ci-des\u00adsus.<br>Nous ne som\u00admes pas dis\u00adpo\u00ads\u00e9s ou obli\u00adg\u00e9s de par\u00adti\u00adci\u00adper \u00e0 des pro\u00adc\u00e9\u00addu\u00adres de r\u00e8gle\u00adment des liti\u00adges devant un orga\u00adnis\u00adme de con\u00adci\u00adlia\u00adti\u00adon des con\u00adsom\u00adma\u00adteurs.<\/p><h2>Responsabilit\u00e9 du contenu<\/h2><p>En tant que presta\u00adtai\u00adre de ser\u00advices, nous som\u00admes respons\u00adables, con\u00adfor\u00adm\u00e9\u00adment au \u00a7 7 ali\u00adn\u00e9a 1 <span class=\"caps\">de la loi alle\u00adman\u00adde sur les t\u00e9l\u00e9\u00adm\u00e9\u00addi\u00adas (TMG<\/span> ), de nos pro\u00adpres con\u00adte\u00adnus sur ces pages selon les lois g\u00e9n\u00e9\u00adra\u00adles. Con\u00adfor\u00adm\u00e9\u00adment aux \u00a7\u00a7 8 \u00e0 10 <span class=\"caps\">de la TMG<\/span>, nous ne som\u00admes tou\u00adte\u00adfois pas tenus, en tant que presta\u00adtai\u00adre de ser\u00advices, de sur\u00adveil\u00adler les infor\u00adma\u00adti\u00adons exter\u00adnes trans\u00admi\u00adses ou enre\u00adgis\u00adtr\u00e9es ou de recher\u00adcher des cir\u00adcon\u00ads\u00adtances indi\u00adquant une acti\u00advi\u00adt\u00e9 ill\u00e9\u00adga\u00adle.<br>Les obli\u00adga\u00adti\u00adons de sup\u00adp\u00adri\u00admer ou de blo\u00adquer l\u2019uti\u00adli\u00adsa\u00adti\u00adon d\u2019in\u00adfor\u00adma\u00adti\u00adons con\u00adfor\u00adm\u00e9\u00adment aux lois g\u00e9n\u00e9\u00adra\u00adles restent inchan\u00adg\u00e9es. Une responsa\u00adbi\u00adli\u00adt\u00e9 \u00e0 cet \u00e9gard n\u2019est tou\u00adte\u00adfois pos\u00adsi\u00adble qu\u2019\u00e0 par\u00adtir du moment o\u00f9 une vio\u00adla\u00adti\u00adon con\u00adcr\u00e8\u00adte de la loi est con\u00adnue. D\u00e8s la pri\u00adse de con\u00adnais\u00adsance d\u2019u\u00adne tel\u00adle vio\u00adla\u00adti\u00adon, nous sup\u00adp\u00adri\u00adme\u00adrons imm\u00e9\u00addia\u00adte\u00adment le con\u00adtenu en ques\u00adti\u00adon.   <\/p><h2>Responsabilit\u00e9 des liens<\/h2><p>Not\u00adre off\u00adre con\u00adti\u00adent des liens vers des sites Web exter\u00adnes de tiers, sur les\u00adquels nous n\u2019a\u00advons aucu\u00adne influence. Nous ne pou\u00advons donc pas nous por\u00adter garants de ces con\u00adte\u00adnus exter\u00adnes. Le four\u00adnis\u00adseur ou l\u2019ex\u00adplo\u00aditant des pages li\u00e9es est tou\u00adjours responsable du con\u00adtenu de ces pages. Les pages li\u00e9es ont \u00e9t\u00e9 v\u00e9ri\u00adfi\u00e9es au moment de la cr\u00e9a\u00adti\u00adon du lien afin de s\u2019assurer qu\u2019el\u00adles n\u2019en\u00adfreig\u00adnaient pas la loi. Aucun con\u00adtenu ill\u00e9\u00adgal n\u2019a \u00e9t\u00e9 iden\u00adti\u00adfi\u00e9 au moment de la cr\u00e9a\u00adti\u00adon du lien. Un con\u00adtr\u00f4\u00adle per\u00adma\u00adnent du con\u00adtenu des pages li\u00e9es n\u2019est cepen\u00addant pas exi\u00adgi\u00adble sans indi\u00adces con\u00adcrets d\u2019u\u00adne vio\u00adla\u00adti\u00adon de la loi. Si nous pre\u00adnons con\u00adnais\u00adsance de vio\u00adla\u00adti\u00adons de la loi, nous sup\u00adp\u00adri\u00adme\u00adrons imm\u00e9\u00addia\u00adte\u00adment les liens con\u00adcer\u00adn\u00e9s.      <\/p><h2>Droit d\u2019auteur<\/h2><p>Les con\u00adte\u00adnus et \u0153uvres cr\u00e9\u00ad\u00e9s par les explo\u00aditants de ces pages sont sou\u00admis au droit d\u2019au\u00adteur alle\u00admand. La repro\u00adduc\u00adtion, le trai\u00adte\u00adment, la dif\u00adfu\u00adsi\u00adon et tout type d\u2019ex\u00adplo\u00adita\u00adti\u00adon en dehors des limi\u00adtes du droit d\u2019au\u00adteur requi\u00e8\u00adrent l\u2019ac\u00adcord \u00e9crit de l\u2019au\u00adteur ou du cr\u00e9\u00ada\u00adteur con\u00adcer\u00adn\u00e9. Les t\u00e9l\u00e9\u00adchar\u00adge\u00adments et les copies de ce site ne sont auto\u00adri\u00ads\u00e9s que pour un usa\u00adge pri\u00adv\u00e9 et non com\u00admer\u00adcial. Dans la mesu\u00adre o\u00f9 les con\u00adte\u00adnus de ce site n\u2019ont pas \u00e9t\u00e9 cr\u00e9\u00ad\u00e9s par l\u2019ex\u00adplo\u00aditant, les droits d\u2019au\u00adteur de tiers sont respec\u00adt\u00e9s. En par\u00adti\u00adcu\u00adlier, les con\u00adte\u00adnus de tiers sont iden\u00adti\u00adfi\u00e9s com\u00adme tels. Si vous deviez n\u00e9an\u00admo\u00adins con\u00adstater une vio\u00adla\u00adti\u00adon des droits d\u2019au\u00adteur, nous vous pri\u00ado\u00adns de nous en infor\u00admer. D\u00e8s que nous aurons con\u00adnais\u00adsance d\u2019u\u00adne vio\u00adla\u00adti\u00adon de la loi, nous sup\u00adp\u00adri\u00adme\u00adrons imm\u00e9\u00addia\u00adte\u00adment le con\u00adtenu en ques\u00adti\u00adon.      <\/p><h2>D\u00e9claration de confidentialit\u00e9<\/h2><p>Vous trou\u00adverez <a href=\"https:\/\/jeliebt.de\/fr\/protection-des-donnees\/\">ici<\/a> not\u00adre d\u00e9cla\u00adra\u00adti\u00adon de con\u00adfi\u00adden\u00adtia\u00adli\u00adt\u00e9.<\/p>\t\t\t\t\t\t\t\t<\/div>\n\t\t\t\t<\/div>\n\t\t\t\t<\/div>\n\t\t\t\t\t<\/div>\n\t\t\t\t<\/div>\n\t\t\t\t<\/div>\n\t\t","protected":false},"excerpt":{"rendered":"<p>Not\u00adre Men\u00adti\u00adons l\u00e9ga\u00adles Op\u00e9\u00adra\u00adteur de site web Glau\u00adben\u00adtei\u00adlen e.V.Sch\u00f6\u00adna\u00adgel\u00adstra\u00ad\u00dfe 1412685 Ber\u00adlin Contact&amp; responsable du con\u00adtenu Jona\u00adthan Borau(Con\u00adseil d\u2019ad\u00admi\u00adnis\u00adtra\u00adti\u00adon) Cont\u00adact T\u00e9l\u00e9\u00adpho\u00adne : +49 176 96237767Fax : +49 30 22185619E\u2011mail : kontakt@glauben-teilen.com Inscrip\u00adti\u00adon au regist\u00adre Inscrip\u00adti\u00adon au regist\u00adre des asso\u00adcia\u00adti\u00adonsTri\u00adbu\u00adnal d\u2019en\u00adre\u00adgis\u00adtre\u00adment : tri\u00adbu\u00adnal d\u2019in\u00ads\u00adtance de Char\u00adlot\u00adten\u00adburgNum\u00e9\u00adro d\u2019en\u00adre\u00adgis\u00adtre\u00adment : VR 39302 R\u00e8gle\u00adment des liti\u00adges La Com\u00admis\u00adsi\u00adon euro\u00adp\u00e9\u00aden\u00adne met [\u2026]<\/p>\n","protected":false},"author":1,"featured_media":0,"parent":0,"menu_order":0,"comment_status":"closed","ping_status":"closed","template":"","meta":{"_acf_changed":false,"wp_typography_post_enhancements_disabled":false,"footnotes":""},"class_list":["post-5490","page","type-page","status-publish","hentry"],"acf":[],"_links":{"self":[{"href":"https:\/\/jeliebt.de\/fr\/wp-json\/wp\/v2\/pages\/5490","targetHints":{"allow":["GET"]}}],"collection":[{"href":"https:\/\/jeliebt.de\/fr\/wp-json\/wp\/v2\/pages"}],"about":[{"href":"https:\/\/jeliebt.de\/fr\/wp-json\/wp\/v2\/types\/page"}],"author":[{"embeddable":true,"href":"https:\/\/jeliebt.de\/fr\/wp-json\/wp\/v2\/users\/1"}],"replies":[{"embeddable":true,"href":"https:\/\/jeliebt.de\/fr\/wp-json\/wp\/v2\/comments?post=5490"}],"version-history":[{"count":1,"href":"https:\/\/jeliebt.de\/fr\/wp-json\/wp\/v2\/pages\/5490\/revisions"}],"predecessor-version":[{"id":5491,"href":"https:\/\/jeliebt.de\/fr\/wp-json\/wp\/v2\/pages\/5490\/revisions\/5491"}],"wp:attachment":[{"href":"https:\/\/jeliebt.de\/fr\/wp-json\/wp\/v2\/media?parent=5490"}],"curies":[{"name":"wp","href":"https:\/\/api.w.org\/{rel}","templated":true}]}}