{"id":5347,"date":"2025-01-13T07:38:15","date_gmt":"2025-01-13T06:38:15","guid":{"rendered":"https:\/\/jeliebt.de\/conoce-a-jesus\/"},"modified":"2026-04-29T00:45:48","modified_gmt":"2026-04-28T22:45:48","slug":"conoce-a-jesus","status":"publish","type":"page","link":"https:\/\/jeliebt.de\/es\/conoce-a-jesus\/","title":{"rendered":"Conoce a Jes\u00fas"},"content":{"rendered":"\t\t<div data-elementor-type=\"wp-page\" data-elementor-id=\"5347\" class=\"elementor elementor-5347 elementor-1922\" data-elementor-post-type=\"page\">\n\t\t\t\t<div class=\"elementor-element elementor-element-5985425 e-flex e-con-boxed e-con e-parent\" data-id=\"5985425\" data-element_type=\"container\" data-e-type=\"container\" data-settings=\"{&quot;background_background&quot;:&quot;classic&quot;}\">\n\t\t\t\t\t<div class=\"e-con-inner\">\n\t\t\t\t\t<\/div>\n\t\t\t\t<\/div>\n\t\t<div class=\"elementor-element elementor-element-a7ad047 e-flex e-con-boxed e-con e-parent\" data-id=\"a7ad047\" data-element_type=\"container\" data-e-type=\"container\" data-settings=\"{&quot;background_background&quot;:&quot;classic&quot;}\">\n\t\t\t\t\t<div class=\"e-con-inner\">\n\t\t<div class=\"elementor-element elementor-element-db92f2c e-con-full e-flex e-con e-child\" data-id=\"db92f2c\" data-element_type=\"container\" data-e-type=\"container\">\n\t\t\t\t<div class=\"elementor-element elementor-element-fd9ae1d elementor-widget elementor-widget-heading\" data-id=\"fd9ae1d\" data-element_type=\"widget\" data-e-type=\"widget\" data-widget_type=\"heading.default\">\n\t\t\t\t<div class=\"elementor-widget-container\">\n\t\t\t\t\t<h1 class=\"elementor-heading-title elementor-size-default\">\nHabla con \u00e9l\n<\/h1>\t\t\t\t<\/div>\n\t\t\t\t<\/div>\n\t\t\t\t<div class=\"elementor-element elementor-element-b8f3d8a elementor-widget elementor-widget-text-editor\" data-id=\"b8f3d8a\" data-element_type=\"widget\" data-e-type=\"widget\" data-widget_type=\"text-editor.default\">\n\t\t\t\t<div class=\"elementor-widget-container\">\n\t\t\t\t\t\t\t\t\t<p>Si quie\u00adres saber si Jes\u00fas exis\u00adte, s\u00f3lo tien\u00ades que preg\u00adun\u00adt\u00e1r\u00adse\u00adlo:<\/p><p><strong>\u201cJes\u00fas, si real\u00admen\u00adte exis\u00adtes, por favor, mu\u00e9\u00ads\u00adtra\u00adme que est\u00e1s ah\u00ed y cu\u00e1n\u00adto me amas\u201d.  <\/strong><\/p><p>En la Biblia, Dios pro\u00adme\u00adte vari\u00adas veces: \u201cSi me busc\u00e1\u00adis de todo cora\u00adz\u00f3n, me encon\u00adtra\u00adr\u00e9\u00adis\u201d (Jer 29,13). Noso\u00adtros mis\u00admos y much\u00adas otras per\u00adso\u00adnas de todo el mun\u00addo ya lo hemos expe\u00adri\u00admen\u00adta\u00addo. T\u00fa tam\u00adbi\u00e9n pue\u00addes pro\u00adbar esta pro\u00adme\u00adsa y con\u00adven\u00adcer\u00adte de que Jes\u00fas vive de ver\u00addad y tam\u00adbi\u00e9n quie\u00adre encon\u00adtrar\u00adse con\u00adti\u00adgo.  <\/p>\t\t\t\t\t\t\t\t<\/div>\n\t\t\t\t<\/div>\n\t\t\t\t<\/div>\n\t\t<div class=\"elementor-element elementor-element-d084acb e-con-full e-flex e-con e-child\" data-id=\"d084acb\" data-element_type=\"container\" data-e-type=\"container\" data-settings=\"{&quot;background_background&quot;:&quot;classic&quot;}\">\n\t\t\t\t<\/div>\n\t\t\t\t\t<\/div>\n\t\t\t\t<\/div>\n\t\t<div class=\"elementor-element elementor-element-dfd28e3 e-flex e-con-boxed e-con e-parent\" data-id=\"dfd28e3\" data-element_type=\"container\" data-e-type=\"container\" data-settings=\"{&quot;background_background&quot;:&quot;classic&quot;}\">\n\t\t\t\t\t<div class=\"e-con-inner\">\n\t\t<div class=\"elementor-element elementor-element-c896b03 e-con-full e-flex e-con e-child\" data-id=\"c896b03\" data-element_type=\"container\" data-e-type=\"container\" data-settings=\"{&quot;background_background&quot;:&quot;classic&quot;}\">\n\t\t\t\t<\/div>\n\t\t<div class=\"elementor-element elementor-element-e23735b e-con-full e-flex e-con e-child\" data-id=\"e23735b\" data-element_type=\"container\" data-e-type=\"container\">\n\t\t\t\t<div class=\"elementor-element elementor-element-9bcd0be elementor-widget elementor-widget-heading\" data-id=\"9bcd0be\" data-element_type=\"widget\" data-e-type=\"widget\" data-widget_type=\"heading.default\">\n\t\t\t\t<div class=\"elementor-widget-container\">\n\t\t\t\t\t<h1 class=\"elementor-heading-title elementor-size-default\">Jes\u00fas te transforma<\/h1>\t\t\t\t<\/div>\n\t\t\t\t<\/div>\n\t\t\t\t<div class=\"elementor-element elementor-element-965ba12 elementor-widget elementor-widget-text-editor\" data-id=\"965ba12\" data-element_type=\"widget\" data-e-type=\"widget\" data-widget_type=\"text-editor.default\">\n\t\t\t\t<div class=\"elementor-widget-container\">\n\t\t\t\t\t\t\t\t\t<p>Pero si lo has expe\u00adri\u00admen\u00adta\u00addo, toda\u00adv\u00eda no est\u00e1s conec\u00adta\u00addo autom\u00e1\u00adti\u00adca\u00admen\u00adte a \u00e9l. Esto se debe sen\u00adcil\u00adla\u00admen\u00adte a que est\u00e1 espe\u00adran\u00addo a que le invi\u00adtes con\u00adsci\u00aden\u00adte\u00admen\u00adte a ent\u00adrar en tu vida. Cuan\u00addo das este paso, deci\u00addes que Jes\u00fas pue\u00adde rei\u00adnar en tu vida a par\u00adtir de este momen\u00adto y guiar\u00adte en la vida.  <\/p><p>En su amor, pro\u00adba\u00adblem\u00aden\u00adte te mostrar\u00e1 poco a poco las cosas de tu vida en las que quie\u00adre cam\u00adbiar\u00adte. Pero en esto no debes preo\u00adcu\u00adp\u00adar\u00adte, por\u00adque no tien\u00ades que hacer\u00adlo con tus pro\u00adpi\u00adas fuerz\u00adas, Jes\u00fas est\u00e1 obran\u00addo en ti y, como tu Cre\u00ada\u00addor, tam\u00adbi\u00e9n sabe lo que es bue\u00adno para ti. <\/p><p>\u00c9l es pura vida y con \u00e9l encon\u00adtrar\u00e1s todo lo que real\u00admen\u00adte nece\u00adsi\u00adtas para ser feliz y tener una vida ple\u00adna.<\/p>\t\t\t\t\t\t\t\t<\/div>\n\t\t\t\t<\/div>\n\t\t\t\t<\/div>\n\t\t\t\t\t<\/div>\n\t\t\t\t<\/div>\n\t\t<div class=\"elementor-element elementor-element-c2d7e74 e-flex e-con-boxed e-con e-parent\" data-id=\"c2d7e74\" data-element_type=\"container\" data-e-type=\"container\" data-settings=\"{&quot;background_background&quot;:&quot;classic&quot;}\">\n\t\t\t\t\t<div class=\"e-con-inner\">\n\t\t<div class=\"elementor-element elementor-element-0e57596 e-con-full e-flex e-con e-child\" data-id=\"0e57596\" data-element_type=\"container\" data-e-type=\"container\">\n\t\t\t\t<div class=\"elementor-element elementor-element-0207468 elementor-widget elementor-widget-heading\" data-id=\"0207468\" data-element_type=\"widget\" data-e-type=\"widget\" data-widget_type=\"heading.default\">\n\t\t\t\t<div class=\"elementor-widget-container\">\n\t\t\t\t\t<h1 class=\"elementor-heading-title elementor-size-default\">Invita a Jes\u00fas<\/h1>\t\t\t\t<\/div>\n\t\t\t\t<\/div>\n\t\t\t\t<div class=\"elementor-element elementor-element-3b35f4d elementor-widget elementor-widget-text-editor\" data-id=\"3b35f4d\" data-element_type=\"widget\" data-e-type=\"widget\" data-widget_type=\"text-editor.default\">\n\t\t\t\t<div class=\"elementor-widget-container\">\n\t\t\t\t\t\t\t\t\t<p>Pue\u00addes invi\u00adtar a Jes\u00fas con estas pala\u00adbras u otras pare\u00adci\u00addas:<\/p><p><strong>\u201cSe\u00f1or Jes\u00fas, gra\u00adci\u00adas por per\u00admi\u00adtir\u00adme venir a Ti tal como soy. Gra\u00adci\u00adas por\u00adque me amas tan\u00adto y por\u00adque ya has pag\u00adado la pena por mis malas accio\u00adnes en la cruz. Por favor, per\u00addo\u00adna mi cul\u00adpa\u201d.  <\/strong><\/p><p>Aho\u00adra pue\u00addes enu\u00adme\u00adrar\u00adle las cosas de las que te has hecho cul\u00adpa\u00adble ante Dios y ante los dem\u00e1s. Esto es nece\u00adsa\u00adrio por\u00adque s\u00f3lo pue\u00addes estar conec\u00adta\u00addo con Dios si Jes\u00fas ha per\u00addo\u00adna\u00addo tu cul\u00adpa. <\/p><p><strong>\u201cTe estoy invi\u00adtan\u00addo: Por favor, entra en mi vida. A par\u00adtir de aho\u00adra, mi vida te per\u00adte\u00adn\u00ade\u00adcer\u00e1 y quie\u00adro seguir\u00adte en todas las cosas de mi vida. Por favor, ll\u00e9\u00adna\u00adme de Tu Esp\u00ed\u00adri\u00adtu San\u00adto. Am\u00e9n\u201d.   <\/strong><\/p>\t\t\t\t\t\t\t\t<\/div>\n\t\t\t\t<\/div>\n\t\t\t\t<\/div>\n\t\t<div class=\"elementor-element elementor-element-7f4790a e-con-full e-flex e-con e-child\" data-id=\"7f4790a\" data-element_type=\"container\" data-e-type=\"container\" data-settings=\"{&quot;background_background&quot;:&quot;classic&quot;}\">\n\t\t\t\t<\/div>\n\t\t\t\t\t<\/div>\n\t\t\t\t<\/div>\n\t\t<div class=\"elementor-element elementor-element-beeb142 e-flex e-con-boxed e-con e-parent\" data-id=\"beeb142\" data-element_type=\"container\" data-e-type=\"container\" data-settings=\"{&quot;background_background&quot;:&quot;classic&quot;}\">\n\t\t\t\t\t<div class=\"e-con-inner\">\n\t\t<div class=\"elementor-element elementor-element-a2e7c07 e-con-full e-flex e-con e-child\" data-id=\"a2e7c07\" data-element_type=\"container\" data-e-type=\"container\" data-settings=\"{&quot;background_background&quot;:&quot;classic&quot;}\">\n\t\t\t\t<\/div>\n\t\t<div class=\"elementor-element elementor-element-0da362c e-con-full e-flex e-con e-child\" data-id=\"0da362c\" data-element_type=\"container\" data-e-type=\"container\">\n\t\t\t\t<div class=\"elementor-element elementor-element-5d8983f elementor-widget elementor-widget-heading\" data-id=\"5d8983f\" data-element_type=\"widget\" data-e-type=\"widget\" data-widget_type=\"heading.default\">\n\t\t\t\t<div class=\"elementor-widget-container\">\n\t\t\t\t\t<h1 class=\"elementor-heading-title elementor-size-default\">Da los siguientes pasos<\/h1>\t\t\t\t<\/div>\n\t\t\t\t<\/div>\n\t\t\t\t<div class=\"elementor-element elementor-element-a9fadd0 elementor-widget elementor-widget-text-editor\" data-id=\"a9fadd0\" data-element_type=\"widget\" data-e-type=\"widget\" data-widget_type=\"text-editor.default\">\n\t\t\t\t<div class=\"elementor-widget-container\">\n\t\t\t\t\t\t\t\t\t<p>Para que tu fe crez\u00adca sob\u00adre una bue\u00adna base, es importan\u00adte que conoz\u00adcas mejor a Dios ley\u00aden\u00addo la Biblia (estare\u00admos encan\u00adta\u00addos de envi\u00adar\u00adte una Biblia gra\u00adtui\u00adta\u00admen\u00adte) y que ten\u00adgas cris\u00adtia\u00adnos loca\u00adles que te acom\u00adpa\u00ad\u00f1en en tu fe. Aqu\u00ed pue\u00addes encon\u00adtrar una Igle\u00adsia Viva cer\u00adca de ti: <\/p>\t\t\t\t\t\t\t\t<\/div>\n\t\t\t\t<\/div>\n\t\t\t\t<div class=\"elementor-element elementor-element-70ef0f3 elementor-align-left elementor-widget elementor-widget-button\" data-id=\"70ef0f3\" data-element_type=\"widget\" data-e-type=\"widget\" data-settings=\"{&quot;motion_fx_motion_fx_scrolling&quot;:&quot;yes&quot;,&quot;motion_fx_devices&quot;:[&quot;desktop&quot;,&quot;tablet&quot;,&quot;mobile&quot;]}\" data-widget_type=\"button.default\">\n\t\t\t\t<div class=\"elementor-widget-container\">\n\t\t\t\t\t\t\t\t\t<div class=\"elementor-button-wrapper\">\n\t\t\t\t\t<a class=\"elementor-button elementor-button-link elementor-size-sm\" href=\"#elementor-action%3Aaction%3Dpopup%3Aopen%26settings%3DeyJpZCI6NTI3OCwidG9nZ2xlIjp0cnVlfQ%3D%3D\">\n\t\t\t\t\t\t<span class=\"elementor-button-content-wrapper\">\n\t\t\t\t\t\t<span class=\"elementor-button-icon\">\n\t\t\t\t<svg aria-hidden=\"true\" class=\"e-font-icon-svg e-fas-users\" viewBox=\"0 0 640 512\"><path d=\"M96 224c35.3 0 64-28.7 64-64s-28.7-64-64-64-64 28.7-64 64 28.7 64 64 64zm448 0c35.3 0 64-28.7 64-64s-28.7-64-64-64-64 28.7-64 64 28.7 64 64 64zm32 32h-64c-17.6 0-33.5 7.1-45.1 18.6 40.3 22.1 68.9 62 75.1 109.4h66c17.7 0 32-14.3 32-32v-32c0-35.3-28.7-64-64-64zm-256 0c61.9 0 112-50.1 112-112S381.9 32 320 32 208 82.1 208 144s50.1 112 112 112zm76.8 32h-8.3c-20.8 10-43.9 16-68.5 16s-47.6-6-68.5-16h-8.3C179.6 288 128 339.6 128 403.2V432c0 26.5 21.5 48 48 48h288c26.5 0 48-21.5 48-48v-28.8c0-63.6-51.6-115.2-115.2-115.2zm-223.7-13.4C161.5 263.1 145.6 256 128 256H64c-35.3 0-64 28.7-64 64v32c0 17.7 14.3 32 32 32h65.9c6.3-47.4 34.9-87.3 75.2-109.4z\" \/><\/svg>\t\t\t<\/span>\n\t\t\t\t\t\t\t\t\t<span class=\"elementor-button-text\">Cont\u00adac\u00adta con noso\u00adtros<\/span>\n\t\t\t\t\t<\/span>\n\t\t\t\t\t<\/a>\n\t\t\t\t<\/div>\n\t\t\t\t\t\t\t\t<\/div>\n\t\t\t\t<\/div>\n\t\t\t\t<\/div>\n\t\t\t\t\t<\/div>\n\t\t\t\t<\/div>\n\t\t<div class=\"elementor-element elementor-element-9f71084 e-flex e-con-boxed e-con e-parent\" data-id=\"9f71084\" data-element_type=\"container\" data-e-type=\"container\">\n\t\t\t\t\t<div class=\"e-con-inner\">\n\t\t\t\t\t<\/div>\n\t\t\t\t<\/div>\n\t\t\t\t<\/div>\n\t\t","protected":false},"excerpt":{"rendered":"<p>Hab\u00adla con \u00e9l Si quie\u00adres saber si Jes\u00fas exis\u00adte, s\u00f3lo tien\u00ades que preg\u00adun\u00adt\u00e1r\u00adse\u00adlo: \u201cJes\u00fas, si real\u00admen\u00adte exis\u00adtes, por favor, mu\u00e9\u00ads\u00adtra\u00adme que est\u00e1s ah\u00ed y cu\u00e1n\u00adto me amas\u201d. En la Biblia, Dios pro\u00adme\u00adte vari\u00adas veces: \u201cSi me busc\u00e1\u00adis de todo cora\u00adz\u00f3n, me encon\u00adtra\u00adr\u00e9\u00adis\u201d (Jer 29,13). Noso\u00adtros mis\u00admos y much\u00adas otras per\u00adso\u00adnas de todo el mun\u00addo ya [\u2026]<\/p>\n","protected":false},"author":1,"featured_media":0,"parent":0,"menu_order":0,"comment_status":"closed","ping_status":"closed","template":"","meta":{"_acf_changed":false,"wp_typography_post_enhancements_disabled":false,"footnotes":""},"class_list":["post-5347","page","type-page","status-publish","hentry"],"acf":[],"_links":{"self":[{"href":"https:\/\/jeliebt.de\/es\/wp-json\/wp\/v2\/pages\/5347","targetHints":{"allow":["GET"]}}],"collection":[{"href":"https:\/\/jeliebt.de\/es\/wp-json\/wp\/v2\/pages"}],"about":[{"href":"https:\/\/jeliebt.de\/es\/wp-json\/wp\/v2\/types\/page"}],"author":[{"embeddable":true,"href":"https:\/\/jeliebt.de\/es\/wp-json\/wp\/v2\/users\/1"}],"replies":[{"embeddable":true,"href":"https:\/\/jeliebt.de\/es\/wp-json\/wp\/v2\/comments?post=5347"}],"version-history":[{"count":1,"href":"https:\/\/jeliebt.de\/es\/wp-json\/wp\/v2\/pages\/5347\/revisions"}],"predecessor-version":[{"id":5355,"href":"https:\/\/jeliebt.de\/es\/wp-json\/wp\/v2\/pages\/5347\/revisions\/5355"}],"wp:attachment":[{"href":"https:\/\/jeliebt.de\/es\/wp-json\/wp\/v2\/media?parent=5347"}],"curies":[{"name":"wp","href":"https:\/\/api.w.org\/{rel}","templated":true}]}}