{"id":5341,"date":"2025-02-21T09:05:31","date_gmt":"2025-02-21T08:05:31","guid":{"rendered":"https:\/\/jeliebt.de\/compartir-historia\/"},"modified":"2026-04-29T00:45:43","modified_gmt":"2026-04-28T22:45:43","slug":"compartir-historia","status":"publish","type":"page","link":"https:\/\/jeliebt.de\/es\/compartir-historia\/","title":{"rendered":"Compartir historia"},"content":{"rendered":"\t\t<div data-elementor-type=\"wp-page\" data-elementor-id=\"5341\" class=\"elementor elementor-5341 elementor-2492\" data-elementor-post-type=\"page\">\n\t\t\t\t<div class=\"elementor-element elementor-element-64811e2 e-grid e-con-boxed e-con e-parent\" data-id=\"64811e2\" data-element_type=\"container\" data-e-type=\"container\">\n\t\t\t\t\t<div class=\"e-con-inner\">\n\t\t<div class=\"elementor-element elementor-element-887841a e-con-full e-flex e-con e-child\" data-id=\"887841a\" data-element_type=\"container\" data-e-type=\"container\">\n\t\t\t\t<div class=\"elementor-element elementor-element-267b052 elementor-widget elementor-widget-image\" data-id=\"267b052\" data-element_type=\"widget\" data-e-type=\"widget\" data-widget_type=\"image.default\">\n\t\t\t\t<div class=\"elementor-widget-container\">\n\t\t\t\t\t\t\t\t\t\t\t\t\t\t\t\t<a href=\"#elementor-action%3Aaction%3Dlightbox%26settings%3DeyJ0eXBlIjoidmlkZW8iLCJ2aWRlb1R5cGUiOiJ5b3V0dWJlIiwidXJsIjoiaHR0cHM6XC9cL3d3dy55b3V0dWJlLmNvbVwvZW1iZWRcL1JuNDBzelNUeUljP2ZlYXR1cmU9b2VtYmVkIn0%3D\">\n\t\t\t\t\t\t\t<img fetchpriority=\"high\" decoding=\"async\" width=\"714\" height=\"715\" src=\"https:\/\/jeliebt.de\/wp-content\/uploads\/jeliebt-jesus-leibt-story-teilen-anleitung-thumb-1.webp\" class=\"attachment-large size-large wp-image-5342\" alt>\t\t\t\t\t\t\t\t<\/a>\n\t\t\t\t\t\t\t\t\t\t\t\t\t\t\t<\/div>\n\t\t\t\t<\/div>\n\t\t\t\t<\/div>\n\t\t<div class=\"elementor-element elementor-element-383936a e-con-full e-flex e-con e-child\" data-id=\"383936a\" data-element_type=\"container\" data-e-type=\"container\">\n\t\t\t\t<div class=\"elementor-element elementor-element-3d8719e elementor-widget__width-initial elementor-widget elementor-widget-text-editor\" data-id=\"3d8719e\" data-element_type=\"widget\" data-e-type=\"widget\" data-widget_type=\"text-editor.default\">\n\t\t\t\t<div class=\"elementor-widget-container\">\n\t\t\t\t\t\t\t\t\t<p>Gra\u00adci\u00adas por com\u00adpar\u00adtir tu <strong>his\u00adto\u00adria JELIEBT<\/strong> con el mun\u00addo. Todo est\u00e1 expli\u00adca\u00addo en el v\u00eddeo. <\/p><p>Por favor, eli\u00adge qu\u00e9 tipo de his\u00adto\u00adria quie\u00adres com\u00adpar\u00adtir:<\/p>\t\t\t\t\t\t\t\t<\/div>\n\t\t\t\t<\/div>\n\t\t\t\t<div class=\"elementor-element elementor-element-e9db5c4 elementor-widget elementor-widget-n-accordion\" data-id=\"e9db5c4\" data-element_type=\"widget\" data-e-type=\"widget\" data-settings=\"{&quot;default_state&quot;:&quot;all_collapsed&quot;,&quot;max_items_expended&quot;:&quot;one&quot;,&quot;n_accordion_animation_duration&quot;:{&quot;unit&quot;:&quot;ms&quot;,&quot;size&quot;:400,&quot;sizes&quot;:[]}}\" data-widget_type=\"nested-accordion.default\">\n\t\t\t\t<div class=\"elementor-widget-container\">\n\t\t\t\t\t\t\t<div class=\"e-n-accordion\" aria-label=\"Accordion. Open links with Enter or Space, close with Escape, and navigate with Arrow Keys\">\n\t\t\t\t\t\t<details id=\"e-n-accordion-item-2450\" class=\"e-n-accordion-item\">\n\t\t\t\t<summary class=\"e-n-accordion-item-title\" data-accordion-index=\"1\" tabindex=\"0\" aria-expanded=\"false\" aria-controls=\"e-n-accordion-item-2450\">\n\t\t\t\t\t<span class=\"e-n-accordion-item-title-header\"><div class=\"e-n-accordion-item-title-text\"> Opci\u00f3n 1: His\u00adto\u00adria de JELIEBT <\/div><\/span>\n\t\t\t\t\t\t\t\t\t<\/summary>\n\t\t\t\t<div role=\"region\" aria-labelledby=\"e-n-accordion-item-2450\" class=\"elementor-element elementor-element-b87dea5 e-con-full e-flex e-con e-child\" data-id=\"b87dea5\" data-element_type=\"container\" data-e-type=\"container\">\n\t\t\t\t<div class=\"elementor-element elementor-element-8809c0a elementor-widget__width-initial elementor-widget elementor-widget-text-editor\" data-id=\"8809c0a\" data-element_type=\"widget\" data-e-type=\"widget\" data-widget_type=\"text-editor.default\">\n\t\t\t\t<div class=\"elementor-widget-container\">\n\t\t\t\t\t\t\t\t\t<p><strong>CU\u00c9NTANOS EN 3 PASOS C\u00d3MO LLEGASTE A CONOCER EL AMOR DE JES\u00daS:<\/strong><\/p><ol><li>\u00bfC\u00f3mo era tu vida <strong>antes de<\/strong> cono\u00adcer el amor de Dios?  <\/li><li>\u00bfC\u00f3mo <strong>cono\u00adcis\u00adte<\/strong> el amor de Jes\u00fas?  <\/li><li>\u00bfC\u00f3mo ha cam\u00adbia\u00addo tu vida <strong>des\u00adpu\u00e9s de<\/strong> expe\u00adri\u00admen\u00adtar el amor de Dios?<\/li><\/ol>\t\t\t\t\t\t\t\t<\/div>\n\t\t\t\t<\/div>\n\t\t\t\t<\/div>\n\t\t\t\t\t<\/details>\n\t\t\t\t\t\t<details id=\"e-n-accordion-item-2451\" class=\"e-n-accordion-item\">\n\t\t\t\t<summary class=\"e-n-accordion-item-title\" data-accordion-index=\"2\" tabindex=\"-1\" aria-expanded=\"false\" aria-controls=\"e-n-accordion-item-2451\">\n\t\t\t\t\t<span class=\"e-n-accordion-item-title-header\"><div class=\"e-n-accordion-item-title-text\"> Opci\u00f3n 2: His\u00adto\u00adria ER-LEBT <\/div><\/span>\n\t\t\t\t\t\t\t\t\t<\/summary>\n\t\t\t\t<div role=\"region\" aria-labelledby=\"e-n-accordion-item-2451\" class=\"elementor-element elementor-element-99c0d23 e-con-full e-flex e-con e-child\" data-id=\"99c0d23\" data-element_type=\"container\" data-e-type=\"container\">\n\t\t\t\t<div class=\"elementor-element elementor-element-a5c4c66 elementor-widget__width-initial elementor-widget elementor-widget-text-editor\" data-id=\"a5c4c66\" data-element_type=\"widget\" data-e-type=\"widget\" data-widget_type=\"text-editor.default\">\n\t\t\t\t<div class=\"elementor-widget-container\">\n\t\t\t\t\t\t\t\t\t<p><strong>CUENTA TU EXPERIENCIA CON DIOS EN 3 PASOS:<\/strong><\/p><ol><li>\u00bfC\u00f3mo era la situ\u00adaci\u00f3n <strong>antes de que<\/strong> Dios inter\u00advi\u00adnie\u00adra?  <\/li><li>\u00bfC\u00f3mo <strong>pedis\u00adte ayu\u00adda a<\/strong> Dios?  <\/li><li>\u00bfC\u00f3mo ha <strong>cam\u00adbia\u00addo Dios<\/strong> la situ\u00adaci\u00f3n?<\/li><\/ol>\t\t\t\t\t\t\t\t<\/div>\n\t\t\t\t<\/div>\n\t\t\t\t<\/div>\n\t\t\t\t\t<\/details>\n\t\t\t\t\t<\/div>\n\t\t\t\t\t\t<\/div>\n\t\t\t\t<\/div>\n\t\t\t\t<\/div>\n\t\t\t\t\t<\/div>\n\t\t\t\t<\/div>\n\t\t<div class=\"elementor-element elementor-element-4fffbcb e-flex e-con-boxed e-con e-parent\" data-id=\"4fffbcb\" data-element_type=\"container\" data-e-type=\"container\">\n\t\t\t\t\t<div class=\"e-con-inner\">\n\t\t\t\t<div class=\"elementor-element elementor-element-4534c2f elementor-button-align-stretch elementor-widget elementor-widget-form\" data-id=\"4534c2f\" data-element_type=\"widget\" data-e-type=\"widget\" data-settings=\"{&quot;step_next_label&quot;:&quot;m\\u00e1s&quot;,&quot;step_previous_label&quot;:&quot;volver&quot;,&quot;button_width&quot;:&quot;100&quot;,&quot;step_type&quot;:&quot;number_text&quot;,&quot;step_icon_shape&quot;:&quot;circle&quot;}\" data-widget_type=\"form.default\">\n\t\t\t\t<div class=\"elementor-widget-container\">\n\t\t\t\t\t<template id=\"cfef_logic_data_4534c2f\" class=\"cfef_logic_data_js\" data-form-id=\"4534c2f\">{\u201cmessage\u201d:{\u201cdisplay_mode\u201d:\u201chide\u201d,\u201cfire_action\u201d:\u201cAll\u201d,\u201cfile_types\u201d:\u201cpng\u201d,\u201clogic_data\u201d:[{\u201ccfef_logic_field_id\u201d:\u201cwieteilen\u201d,\u201ccfef_logic_field_is\u201d:\u201d==\u201d,\u201ccfef_logic_compare_value\u201d:\u201cVideo\u201d,\u201c_id\u201d:\u201c5b58432\u201d}]},\u201cfield_86389b4\u201d:{\u201cdisplay_mode\u201d:\u201cshow\u201d,\u201cfire_action\u201d:\u201cAll\u201d,\u201cfile_types\u201d:\u201cpng\u201d,\u201clogic_data\u201d:[{\u201ccfef_logic_field_id\u201d:\u201cwieteilen\u201d,\u201ccfef_logic_field_is\u201d:\u201d!=\u201d,\u201ccfef_logic_compare_value\u201d:\u201c1\u201d,\u201c_id\u201d:\u201c011eed9\u201d}]}}<\/template>\t\t<form class=\"elementor-form\" method=\"post\" name=\"Formulario para compartir historias\" aria-label=\"Formulario para compartir historias\">\n\t\t\t<input type=\"hidden\" name=\"post_id\" value=\"5341\">\n\t\t\t<input type=\"hidden\" name=\"form_id\" value=\"4534c2f\">\n\t\t\t<input type=\"hidden\" name=\"referer_title\" value=\"Compartir historia\">\n\n\t\t\t\t\t\t\t<input type=\"hidden\" name=\"queried_id\" value=\"5341\">\n\t\t\t\n\t\t\t<div class=\"elementor-form-fields-wrapper elementor-labels-above\">\n\t\t\t\t\t\t\t\t<div class=\"elementor-field-type-step elementor-field-group elementor-column elementor-field-group-field_48de5fa elementor-col-100\">\n\t\t\t\t\t\t\t<div class=\"e-field-step elementor-hidden\" data-label=\"Consulta\" data-previousbutton data-nextbutton data-iconurl data-iconlibrary=\"fas fa-star\" data-icon=\"<svg class=&quot;e-font-icon-svg e-fas-star&quot; viewBox=&quot;0 0 576 512&quot; xmlns=&quot;http:\/\/www.w3.org\/2000\/svg&quot;><path d=&quot;M259.3 17.8L194 150.2 47.9 171.5c-26.2 3.8-36.7 36.1-17.7 54.6l105.7 103-25 145.5c-4.5 26.3 23.2 46 46.4 33.7L288 439.6l130.7 68.7c23.2 12.2 50.9-7.4 46.4-33.7l-25-145.5 105.7-103c19-18.5 8.5-50.8-17.7-54.6L382 150.2 316.7 17.8c-11.7-23.6-45.6-23.9-57.4 0z&quot;><\/path><\/svg>\"><\/div>\n\n\t\t\t\t\t\t<\/div>\n\t\t\t\t\t\t\t\t<div class=\"elementor-field-type-radio elementor-field-group elementor-column elementor-field-group-wieteilen elementor-col-100 elementor-field-required elementor-mark-required\">\n\t\t\t\t\t\t\t\t\t\t\t\t<label for=\"form-field-wieteilen\" class=\"elementor-field-label\">\n\t\t\t\t\t\t\t\t\u00bfTe gusta\u00adr\u00eda com\u00adpar\u00adtir tu his\u00adto\u00adria JELIEBT?\t\t\t\t\t\t\t<\/label>\n\t\t\t\t\t\t<div class=\"elementor-field-subgroup  \"><span class=\"elementor-field-option\"><input type=\"radio\" value=\"V\u00eddeo\" id=\"form-field-wieteilen-0\" name=\"form_fields[wieteilen]\" required=\"required\"> <label for=\"form-field-wieteilen-0\">V\u00eddeo<\/label><\/span><span class=\"elementor-field-option\"><input type=\"radio\" value=\"Texto\" id=\"form-field-wieteilen-1\" name=\"form_fields[wieteilen]\" required=\"required\"> <label for=\"form-field-wieteilen-1\">Tex\u00adto<\/label><\/span><span class=\"elementor-field-option\"><input type=\"radio\" value=\"V\u00eddeo y texto\" id=\"form-field-wieteilen-2\" name=\"form_fields[wieteilen]\" required=\"required\"> <label for=\"form-field-wieteilen-2\">V\u00eddeo y tex\u00adto<\/label><\/span><\/div>\t\t\t\t<\/div>\n\t\t\t\t\t\t\t\t<div class=\"elementor-field-type-text elementor-field-group elementor-column elementor-field-group-field_2017167 elementor-col-50 elementor-field-required elementor-mark-required\">\n\t\t\t\t\t\t\t\t\t\t\t\t<label for=\"form-field-field_2017167\" class=\"elementor-field-label\">\n\t\t\t\t\t\t\t\tNombre visi\u00adble\t\t\t\t\t\t\t<\/label>\n\t\t\t\t\t\t\t\t\t\t\t\t\t\t<input size=\"1\" type=\"text\" name=\"form_fields[field_2017167]\" id=\"form-field-field_2017167\" class=\"elementor-field elementor-size-sm  elementor-field-textual\" required=\"required\">\n\t\t\t\t\t\t\t\t\t\t\t<\/div>\n\t\t\t\t\t\t\t\t<div class=\"elementor-field-type-upload elementor-field-group elementor-column elementor-field-group-field_ebf7d86 elementor-col-50 elementor-field-required elementor-mark-required\">\n\t\t\t\t\t\t\t\t\t\t\t\t<label for=\"form-field-field_ebf7d86\" class=\"elementor-field-label\">\n\t\t\t\t\t\t\t\tFoto retra\u00adto tuyo\t\t\t\t\t\t\t<\/label>\n\t\t\t\t\t\t\t\t<input type=\"file\" name=\"form_fields[field_ebf7d86]\" id=\"form-field-field_ebf7d86\" class=\"elementor-field elementor-size-sm  elementor-upload-field\" required=\"required\">\n\n\t\t\t\t\t\t<\/div>\n\t\t\t\t\t\t\t\t<div class=\"elementor-field-type-step elementor-field-group elementor-column elementor-field-group-field_decf92c elementor-col-100\">\n\t\t\t\t\t\t\t<div class=\"e-field-step elementor-hidden\" data-label=\"Carga de medios\" data-previousbutton data-nextbutton data-iconurl data-iconlibrary=\"fas fa-star\" data-icon=\"<svg class=&quot;e-font-icon-svg e-fas-star&quot; viewBox=&quot;0 0 576 512&quot; xmlns=&quot;http:\/\/www.w3.org\/2000\/svg&quot;><path d=&quot;M259.3 17.8L194 150.2 47.9 171.5c-26.2 3.8-36.7 36.1-17.7 54.6l105.7 103-25 145.5c-4.5 26.3 23.2 46 46.4 33.7L288 439.6l130.7 68.7c23.2 12.2 50.9-7.4 46.4-33.7l-25-145.5 105.7-103c19-18.5 8.5-50.8-17.7-54.6L382 150.2 316.7 17.8c-11.7-23.6-45.6-23.9-57.4 0z&quot;><\/path><\/svg>\"><\/div>\n\n\t\t\t\t\t\t<\/div>\n\t\t\t\t\t\t\t\t<div class=\"elementor-field-type-textarea elementor-field-group elementor-column elementor-field-group-message elementor-col-100\">\n\t\t\t\t\t\t\t\t\t\t\t\t<label for=\"form-field-message\" class=\"elementor-field-label\">\n\t\t\t\t\t\t\t\tTu his\u00adto\u00adria JELIEBT en for\u00adma de tex\u00adto\t\t\t\t\t\t\t<\/label>\n\t\t\t\t\t\t<textarea class=\"elementor-field-textual elementor-field  elementor-size-sm\" name=\"form_fields[message]\" id=\"form-field-message\" rows=\"8\" placeholder=\"Si quieres compartir tu historia en forma de texto, ins\u00e9rtalo aqu\u00ed (m\u00e1x. 800 palabras, por favor)\"><\/textarea>\t\t\t\t<\/div>\n\t\t\t\t\t\t\t\t<div class=\"elementor-field-type-html elementor-field-group elementor-column elementor-field-group-field_86389b4 elementor-col-100\">\n\t\t\t\t\t<p>El enlace para subir el v\u00eddeo se te envi\u00adar\u00e1 por cor\u00adreo elec\u00adtr\u00f3\u00adni\u00adco des\u00adpu\u00e9s de que hayas envia\u00addo el for\u00admu\u00adla\u00adrio.<\/p>\t\t\t\t<\/div>\n\t\t\t\t\t\t\t\t<div class=\"elementor-field-type-step elementor-field-group elementor-column elementor-field-group-field_35356f7 elementor-col-100\">\n\t\t\t\t\t\t\t<div class=\"e-field-step elementor-hidden\" data-label=\"Informaci\u00f3n interna\" data-previousbutton data-nextbutton data-iconurl data-iconlibrary=\"fas fa-star\" data-icon=\"<svg class=&quot;e-font-icon-svg e-fas-star&quot; viewBox=&quot;0 0 576 512&quot; xmlns=&quot;http:\/\/www.w3.org\/2000\/svg&quot;><path d=&quot;M259.3 17.8L194 150.2 47.9 171.5c-26.2 3.8-36.7 36.1-17.7 54.6l105.7 103-25 145.5c-4.5 26.3 23.2 46 46.4 33.7L288 439.6l130.7 68.7c23.2 12.2 50.9-7.4 46.4-33.7l-25-145.5 105.7-103c19-18.5 8.5-50.8-17.7-54.6L382 150.2 316.7 17.8c-11.7-23.6-45.6-23.9-57.4 0z&quot;><\/path><\/svg>\"><\/div>\n\n\t\t\t\t\t\t<\/div>\n\t\t\t\t\t\t\t\t<div class=\"elementor-field-type-html elementor-field-group elementor-column elementor-field-group-field_16f337e elementor-col-100\">\n\t\t\t\t\t<h4>Esta informaci\u00f3n s\u00f3lo es visible para el equipo de JELIEBT. Necesitamos esta informaci\u00f3n por si tenemos alguna duda. <\/h4>\t\t\t\t<\/div>\n\t\t\t\t\t\t\t\t<div class=\"elementor-field-type-text elementor-field-group elementor-column elementor-field-group-name elementor-col-50 elementor-field-required elementor-mark-required\">\n\t\t\t\t\t\t\t\t\t\t\t\t<label for=\"form-field-name\" class=\"elementor-field-label\">\n\t\t\t\t\t\t\t\tTu nombre\t\t\t\t\t\t\t<\/label>\n\t\t\t\t\t\t\t\t\t\t\t\t\t\t<input size=\"1\" type=\"text\" name=\"form_fields[name]\" id=\"form-field-name\" class=\"elementor-field elementor-size-sm  elementor-field-textual\" required=\"required\">\n\t\t\t\t\t\t\t\t\t\t\t<\/div>\n\t\t\t\t\t\t\t\t<div class=\"elementor-field-type-text elementor-field-group elementor-column elementor-field-group-field_45fada3 elementor-col-50\">\n\t\t\t\t\t\t\t\t\t\t\t\t<label for=\"form-field-field_45fada3\" class=\"elementor-field-label\">\n\t\t\t\t\t\t\t\tTu apell\u00adi\u00addo\t\t\t\t\t\t\t<\/label>\n\t\t\t\t\t\t\t\t\t\t\t\t\t\t<input size=\"1\" type=\"text\" name=\"form_fields[field_45fada3]\" id=\"form-field-field_45fada3\" class=\"elementor-field elementor-size-sm  elementor-field-textual\">\n\t\t\t\t\t\t\t\t\t\t\t<\/div>\n\t\t\t\t\t\t\t\t<div class=\"elementor-field-type-email elementor-field-group elementor-column elementor-field-group-email elementor-col-50 elementor-field-required elementor-mark-required\">\n\t\t\t\t\t\t\t\t\t\t\t\t<label for=\"form-field-email\" class=\"elementor-field-label\">\n\t\t\t\t\t\t\t\tTu e\u2011mail\t\t\t\t\t\t\t<\/label>\n\t\t\t\t\t\t\t\t\t\t\t\t\t\t<input size=\"1\" type=\"email\" name=\"form_fields[email]\" id=\"form-field-email\" class=\"elementor-field elementor-size-sm  elementor-field-textual\" required=\"required\">\n\t\t\t\t\t\t\t\t\t\t\t<\/div>\n\t\t\t\t\t\t\t\t<div class=\"elementor-field-type-tel elementor-field-group elementor-column elementor-field-group-field_ecbf5ff elementor-col-50\">\n\t\t\t\t\t\t\t\t\t\t\t\t<label for=\"form-field-field_ecbf5ff\" class=\"elementor-field-label\">\n\t\t\t\t\t\t\t\tTu n\u00fame\u00adro de tel\u00e9\u00adfo\u00adno m\u00f3vil\t\t\t\t\t\t\t<\/label>\n\t\t\t\t\t\t\t\t<input size=\"1\" type=\"tel\" name=\"form_fields[field_ecbf5ff]\" id=\"form-field-field_ecbf5ff\" class=\"elementor-field elementor-size-sm  elementor-field-textual\" pattern=\"[0-9()#&amp;+*-=.]+\" title=\"Solo se aceptan n\u00fameros y caracteres de tel\u00e9fono (#,-,*,etc).\">\n\n\t\t\t\t\t\t<\/div>\n\t\t\t\t\t\t\t\t<div class=\"elementor-field-type-step elementor-field-group elementor-column elementor-field-group-field_8a77fc7 elementor-col-100\">\n\t\t\t\t\t\t\t<div class=\"e-field-step elementor-hidden\" data-label=\"Publicaci\u00f3n\" data-previousbutton data-nextbutton data-iconurl data-iconlibrary=\"fas fa-star\" data-icon=\"<svg class=&quot;e-font-icon-svg e-fas-star&quot; viewBox=&quot;0 0 576 512&quot; xmlns=&quot;http:\/\/www.w3.org\/2000\/svg&quot;><path d=&quot;M259.3 17.8L194 150.2 47.9 171.5c-26.2 3.8-36.7 36.1-17.7 54.6l105.7 103-25 145.5c-4.5 26.3 23.2 46 46.4 33.7L288 439.6l130.7 68.7c23.2 12.2 50.9-7.4 46.4-33.7l-25-145.5 105.7-103c19-18.5 8.5-50.8-17.7-54.6L382 150.2 316.7 17.8c-11.7-23.6-45.6-23.9-57.4 0z&quot;><\/path><\/svg>\"><\/div>\n\n\t\t\t\t\t\t<\/div>\n\t\t\t\t\t\t\t\t<div class=\"elementor-field-type-html elementor-field-group elementor-column elementor-field-group-field_16f337e elementor-col-100\">\n\t\t\t\t\t<h4>\u00bfD\u00f3nde podemos publicar tu historia JELIEBT?<\/h4>\t\t\t\t<\/div>\n\t\t\t\t\t\t\t\t<div class=\"elementor-field-type-radio elementor-field-group elementor-column elementor-field-group-field_bccc4d7 elementor-col-100 elementor-field-required elementor-mark-required\">\n\t\t\t\t\t\t\t\t\t\t\t\t<label for=\"form-field-field_bccc4d7\" class=\"elementor-field-label\">\n\t\t\t\t\t\t\t\tPubli\u00adca\u00adci\u00f3n en\t\t\t\t\t\t\t<\/label>\n\t\t\t\t\t\t<div class=\"elementor-field-subgroup  \"><span class=\"elementor-field-option\"><input type=\"radio\" value=\"JELIEBT.de y los medios sociales\" id=\"form-field-field_bccc4d7-0\" name=\"form_fields[field_bccc4d7]\" required=\"required\"> <label for=\"form-field-field_bccc4d7-0\">JELIEBT.de y los medi\u00ados socia\u00adles<\/label><\/span><span class=\"elementor-field-option\"><input type=\"radio\" value=\"JELIEBT.de\" id=\"form-field-field_bccc4d7-1\" name=\"form_fields[field_bccc4d7]\" required=\"required\"> <label for=\"form-field-field_bccc4d7-1\">JELIEBT.de<\/label><\/span><\/div>\t\t\t\t<\/div>\n\t\t\t\t\t\t\t\t<div class=\"elementor-field-type-acceptance elementor-field-group elementor-column elementor-field-group-field_3b97667 elementor-col-100 elementor-field-required elementor-mark-required\">\n\t\t\t\t\t\t\t<div class=\"elementor-field-subgroup\">\n\t\t\t<span class=\"elementor-field-option\">\n\t\t\t\t<input type=\"checkbox\" name=\"form_fields[field_3b97667]\" id=\"form-field-field_3b97667\" class=\"elementor-field elementor-size-sm  elementor-acceptance-field\" required=\"required\">\n\t\t\t\t<label for=\"form-field-field_3b97667\">Acep\u00adto el tra\u00adta\u00admi\u00aden\u00adto de mis datos de acuer\u00addo con la <a href=\"https:\/\/jeliebt.de\/datenschutz\/\">pol\u00ed\u00adti\u00adca de pri\u00adva\u00adci\u00addad<\/a> <\/label>\t\t\t<\/span>\n\t\t<\/div>\n\t\t\t\t\t\t<\/div>\n\t\t\t\t\t\t\t\t<div class=\"elementor-field-group elementor-column elementor-field-type-submit elementor-col-100 e-form__buttons\">\n\t\t\t\t\t<button class=\"elementor-button elementor-size-sm\" type=\"submit\">\n\t\t\t\t\t\t<span class=\"elementor-button-content-wrapper\">\n\t\t\t\t\t\t\t\t\t\t\t\t\t\t\t\t\t\t\t\t\t\t<span class=\"elementor-button-text\">Compartir historia<\/span>\n\t\t\t\t\t\t\t\t\t\t\t\t\t<\/span>\n\t\t\t\t\t<\/button>\n\t\t\t\t<\/div>\n\t\t\t<\/div>\n\t\t<\/form>\n\t\t\t\t\t\t<\/div>\n\t\t\t\t<\/div>\n\t\t\t\t\t<\/div>\n\t\t\t\t<\/div>\n\t\t\t\t<\/div>\n\t\t","protected":false},"excerpt":{"rendered":"<p>Gra\u00adci\u00adas por com\u00adpar\u00adtir tu his\u00adto\u00adria JELIEBT con el mun\u00addo. Todo est\u00e1 expli\u00adca\u00addo en el v\u00eddeo. Por favor, eli\u00adge qu\u00e9 tipo de his\u00adto\u00adria quie\u00adres com\u00adpar\u00adtir: Opci\u00f3n 1: His\u00adto\u00adria de JELIEBT CU\u00c9NTANOS EN 3 PASOS C\u00d3MO LLEGASTE A CONOCER EL AMOR DE JES\u00daS: \u00bfC\u00f3mo era tu vida antes de cono\u00adcer el amor de Dios? \u00bfC\u00f3mo cono\u00adcis\u00adte el [\u2026]<\/p>\n","protected":false},"author":1,"featured_media":0,"parent":0,"menu_order":0,"comment_status":"closed","ping_status":"closed","template":"","meta":{"_acf_changed":false,"wp_typography_post_enhancements_disabled":false,"footnotes":""},"class_list":["post-5341","page","type-page","status-publish","hentry"],"acf":[],"_links":{"self":[{"href":"https:\/\/jeliebt.de\/es\/wp-json\/wp\/v2\/pages\/5341","targetHints":{"allow":["GET"]}}],"collection":[{"href":"https:\/\/jeliebt.de\/es\/wp-json\/wp\/v2\/pages"}],"about":[{"href":"https:\/\/jeliebt.de\/es\/wp-json\/wp\/v2\/types\/page"}],"author":[{"embeddable":true,"href":"https:\/\/jeliebt.de\/es\/wp-json\/wp\/v2\/users\/1"}],"replies":[{"embeddable":true,"href":"https:\/\/jeliebt.de\/es\/wp-json\/wp\/v2\/comments?post=5341"}],"version-history":[{"count":1,"href":"https:\/\/jeliebt.de\/es\/wp-json\/wp\/v2\/pages\/5341\/revisions"}],"predecessor-version":[{"id":5343,"href":"https:\/\/jeliebt.de\/es\/wp-json\/wp\/v2\/pages\/5341\/revisions\/5343"}],"wp:attachment":[{"href":"https:\/\/jeliebt.de\/es\/wp-json\/wp\/v2\/media?parent=5341"}],"curies":[{"name":"wp","href":"https:\/\/api.w.org\/{rel}","templated":true}]}}