{"id":4658,"date":"2026-01-14T09:22:46","date_gmt":"2026-01-14T08:22:46","guid":{"rendered":"https:\/\/jeliebt.de\/elisa\/"},"modified":"2026-02-27T14:00:32","modified_gmt":"2026-02-27T13:00:32","slug":"elisa","status":"publish","type":"page","link":"https:\/\/jeliebt.de\/cs\/elisa\/","title":{"rendered":"Elisa"},"content":{"rendered":"\t\t<div data-elementor-type=\"wp-page\" data-elementor-id=\"4658\" class=\"elementor elementor-4658 elementor-3774\" data-elementor-post-type=\"page\">\n\t\t\t\t<div class=\"elementor-element elementor-element-939132d e-flex e-con-boxed e-con e-parent\" data-id=\"939132d\" data-element_type=\"container\" data-e-type=\"container\" data-settings=\"{&quot;background_background&quot;:&quot;classic&quot;}\">\n\t\t\t\t\t<div class=\"e-con-inner\">\n\t\t<div class=\"elementor-element elementor-element-6fb122b e-con-full e-flex e-con e-child\" data-id=\"6fb122b\" data-element_type=\"container\" data-e-type=\"container\">\n\t\t\t\t<div class=\"elementor-element elementor-element-7c87e26 elementor-widget elementor-widget-heading\" data-id=\"7c87e26\" data-element_type=\"widget\" data-e-type=\"widget\" data-widget_type=\"heading.default\">\n\t\t\t\t<div class=\"elementor-widget-container\">\n\t\t\t\t\t<p class=\"elementor-heading-title elementor-size-default\">Nale\u00adzen\u00fd vni\u00adt\u0159n\u00ed <span style=\"color:#e8358a\">klid<\/span> <\/p>\t\t\t\t<\/div>\n\t\t\t\t<\/div>\n\t\t\t\t<div class=\"elementor-element elementor-element-aa003ba elementor-widget elementor-widget-heading\" data-id=\"aa003ba\" data-element_type=\"widget\" data-e-type=\"widget\" data-widget_type=\"heading.default\">\n\t\t\t\t<div class=\"elementor-widget-container\">\n\t\t\t\t\t<h1 class=\"elementor-heading-title elementor-size-default\">P\u0159\u00edb\u011bh Elisy<\/h1>\t\t\t\t<\/div>\n\t\t\t\t<\/div>\n\t\t\t\t<\/div>\n\t\t<div class=\"elementor-element elementor-element-7546624 e-con-full e-flex e-con e-child\" data-id=\"7546624\" data-element_type=\"container\" data-e-type=\"container\" data-settings=\"{&quot;background_background&quot;:&quot;classic&quot;}\">\n\t\t<div class=\"elementor-element elementor-element-b1762b9 e-con-full e-grid e-con e-child\" data-id=\"b1762b9\" data-element_type=\"container\" data-e-type=\"container\">\n\t\t<div class=\"elementor-element elementor-element-d22310f e-con-full e-flex e-con e-child\" data-id=\"d22310f\" data-element_type=\"container\" data-e-type=\"container\" data-settings=\"{&quot;background_background&quot;:&quot;classic&quot;}\">\n\t\t\t\t<div class=\"elementor-element elementor-element-b954d30 elementor-widget elementor-widget-heading\" data-id=\"b954d30\" data-element_type=\"widget\" data-e-type=\"widget\" data-widget_type=\"heading.default\">\n\t\t\t\t<div class=\"elementor-widget-container\">\n\t\t\t\t\t<h2 class=\"elementor-heading-title elementor-size-default\">P\u0159ed<\/h2>\t\t\t\t<\/div>\n\t\t\t\t<\/div>\n\t\t\t\t<div class=\"elementor-element elementor-element-a3c7759 elementor-widget elementor-widget-text-editor\" data-id=\"a3c7759\" data-element_type=\"widget\" data-e-type=\"widget\" data-widget_type=\"text-editor.default\">\n\t\t\t\t<div class=\"elementor-widget-container\">\n\t\t\t\t\t\t\t\t\t<p>Eli\u00adsa se po absol\u00advo\u00adv\u00e1\u00adn\u00ed st\u0159ed\u00adn\u00ed \u0161koly vyd\u00ada\u00adla do Indie, kde tou\u017ei\u00adla naj\u00edt smysl \u017eivo\u00adta. Tam poz\u00adn\u00e1\u00adv\u00e1 duchov\u00adn\u00ed ces\u00adtu, kter\u00e1 j\u00ed slibu\u00adje osv\u00ed\u00adcen\u00ed. Deset let se sna\u017e\u00ed naj\u00edt trval\u00fd klid a zapl\u00adnit d\u00edru ve sv\u00e9m srdci pomoc\u00ed j\u00f3gy, medit\u00adace, ritu\u00e1\u00adl\u016f a ter\u00ada\u00adpie. Zno\u00advu a zno\u00advu v\u0161ak upa\u00add\u00e1 do t\u011b\u017ek\u00fdch psy\u00adchick\u00fdch kri\u00adz\u00ed, kte\u00adr\u00e9 ji m\u00e1lem dove\u00addou a\u017e k smrti.   <\/p>\t\t\t\t\t\t\t\t<\/div>\n\t\t\t\t<\/div>\n\t\t\t\t<\/div>\n\t\t<div class=\"elementor-element elementor-element-2cb7868 e-con-full e-flex e-con e-child\" data-id=\"2cb7868\" data-element_type=\"container\" data-e-type=\"container\" data-settings=\"{&quot;background_background&quot;:&quot;classic&quot;}\">\n\t\t\t\t<div class=\"elementor-element elementor-element-22c08e9 elementor-widget elementor-widget-shortcode\" data-id=\"22c08e9\" data-element_type=\"widget\" data-e-type=\"widget\" data-widget_type=\"shortcode.default\">\n\t\t\t\t<div class=\"elementor-widget-container\">\n\t\t\t\t\t\t\t<div class=\"elementor-shortcode\">\n\t\t\t\n\t<style type=\"text\/css\">\n\t\t.slider-info-4006.bafg-slider-info .bafg-slider-title {\n\t\t\t\t\t\t\tfont-size:\n\t\t\t\t\t22px\t\t\t\t;\n\t\t\t\n\t\t\t\n\t\t\t\t\t}\n\n\t\t.slider-info-4006.bafg-slider-info .bafg-slider-description {\n\t\t\t\n\t\t\t\n\t\t\t\t\t}\n\t\t\n\t\t\n\t\t.slider-info-4006.bafg-slider-info .bafg_slider_readmore_button {\n\t\t\t\n\t\t\t\n\t\t\t\n\t\t\t\n\t\t\t\n\t\t\ttext-align: center;\n\n\t\t\t\n\t\t\t\n\t\t\t\n\t\t\t\n\t\t\t\t\t}\n\n\t\t.slider-info-4006.bafg-slider-info .bafg_slider_readmore_button:hover {\n\n\t\t\t\n\t\t\t\n\t\t\t\t\t}\n\t<\/style>\n\t\n\t\t\t<div class=\"bafg-twentytwenty-container slider-4006  \" bafg-orientation=\"horizontal\" bafg-default-offset=\"0.5\" bafg-before-label=\"Vorher\" bafg-after-label=\"Nachher\" bafg-overlay=\"1\" bafg-move-slider-on-hover bafg-click-to-move>\n\n\t\t\t\t\t\t\t\t<img class=\"skip-lazy\" data-skip-lazy src=\"https:\/\/jeliebt.de\/wp-content\/uploads\/jeliebt-jesus-liebt-elisa-vorher-1.webp\" alt>\n\t\t\t\t<img class=\"skip-lazy\" data-skip-lazy src=\"https:\/\/jeliebt.de\/wp-content\/uploads\/jeliebt-jesus-liebt-elisa-nachher-1.webp\" alt>\n\n\t\t\t<\/div>\n\n\t\t\t\t<div class=\"bafg-slider-info-wraper\">\n\t\t<div style class=\"slider-info-4006 bafg-slider-info\">\n\t\t\t\t\t<\/div>\n\t<\/div>\n\t\n\t\t\t<style type=\"text\/css\">\n\t\t\t\t\t\t\t\t\t\t\t<\/style>\n\t\t\t<\/div>\n\t\t\t\t\t\t<\/div>\n\t\t\t\t<\/div>\n\t\t\t\t<\/div>\n\t\t<div class=\"elementor-element elementor-element-858647c e-con-full e-flex e-con e-child\" data-id=\"858647c\" data-element_type=\"container\" data-e-type=\"container\" data-settings=\"{&quot;background_background&quot;:&quot;classic&quot;}\">\n\t\t\t\t<div class=\"elementor-element elementor-element-15943b9 elementor-widget elementor-widget-heading\" data-id=\"15943b9\" data-element_type=\"widget\" data-e-type=\"widget\" data-widget_type=\"heading.default\">\n\t\t\t\t<div class=\"elementor-widget-container\">\n\t\t\t\t\t<h2 class=\"elementor-heading-title elementor-size-default\">Pot\u00e9<\/h2>\t\t\t\t<\/div>\n\t\t\t\t<\/div>\n\t\t\t\t<div class=\"elementor-element elementor-element-7c241de elementor-widget elementor-widget-text-editor\" data-id=\"7c241de\" data-element_type=\"widget\" data-e-type=\"widget\" data-widget_type=\"text-editor.default\">\n\t\t\t\t<div class=\"elementor-widget-container\">\n\t\t\t\t\t\t\t\t\t<p>Ve chv\u00ed\u00adli, kdy je na dn\u011b, se za\u010d\u00adne pt\u00e1t Boha, kde je a zda ji sly\u0161\u00ed. Je\u017e\u00ed\u0161 j\u00ed odpo\u00adv\u00ed a ona se na pou\u00adti set\u00adk\u00e1\u00adv\u00e1 s jeho l\u00e1s\u00adkou a odpu\u0161\u00adt\u011bn\u00edm, co\u017e nav\u017e\u00addy zm\u011bn\u00ed jej\u00ed \u017eivot. Je uzdra\u00adve\u00adna ze sv\u00e9 du\u0161ev\u00adn\u00ed nemo\u00adci, nach\u00e1\u00adz\u00ed hlub\u00ado\u00adk\u00fd vni\u00adt\u0159n\u00ed pokoj a kon\u00ade\u010dn\u011b v\u00ed, k\u00fdm je: mil\u00ado\u00adva\u00adnou Bo\u017e\u00ed dce\u00adrou.  <\/p>\t\t\t\t\t\t\t\t<\/div>\n\t\t\t\t<\/div>\n\t\t\t\t<\/div>\n\t\t\t\t<\/div>\n\t\t\t\t<\/div>\n\t\t<div class=\"elementor-element elementor-element-4670c52 e-con-full e-grid e-con e-child\" data-id=\"4670c52\" data-element_type=\"container\" data-e-type=\"container\">\n\t\t\t\t<div class=\"elementor-element elementor-element-097cf99 elementor-widget elementor-widget-video\" data-id=\"097cf99\" data-element_type=\"widget\" data-e-type=\"widget\" data-settings=\"{&quot;youtube_url&quot;:&quot;https:\\\/\\\/www.youtube.com\\\/watch?v=KY-J4M8BsOI&quot;,&quot;video_type&quot;:&quot;youtube&quot;,&quot;controls&quot;:&quot;yes&quot;}\" data-widget_type=\"video.default\">\n\t\t\t\t<div class=\"elementor-widget-container\">\n\t\t\t\t\t\t\t<div class=\"elementor-wrapper elementor-open-inline\">\n\t\t\t<div class=\"elementor-video\"><\/div>\t\t<\/div>\n\t\t\t\t\t\t<\/div>\n\t\t\t\t<\/div>\n\t\t<div class=\"elementor-element elementor-element-58277af e-con-full e-flex e-con e-child\" data-id=\"58277af\" data-element_type=\"container\" data-e-type=\"container\" data-settings=\"{&quot;background_background&quot;:&quot;classic&quot;}\">\n\t\t\t\t<div class=\"elementor-element elementor-element-11efc06 elementor-widget elementor-widget-heading\" data-id=\"11efc06\" data-element_type=\"widget\" data-e-type=\"widget\" data-widget_type=\"heading.default\">\n\t\t\t\t<div class=\"elementor-widget-container\">\n\t\t\t\t\t<h2 class=\"elementor-heading-title elementor-size-default\">Elisino video<\/h2>\t\t\t\t<\/div>\n\t\t\t\t<\/div>\n\t\t\t\t<div class=\"elementor-element elementor-element-401a706 elementor-widget elementor-widget-text-editor\" data-id=\"401a706\" data-element_type=\"widget\" data-e-type=\"widget\" data-widget_type=\"text-editor.default\">\n\t\t\t\t<div class=\"elementor-widget-container\">\n\t\t\t\t\t\t\t\t\t<p>Pro\u010d jsem tady, jak\u00fd je smysl m\u00e9ho \u017eivo\u00adta? Tyto ot\u00e1z\u00adky nen\u00adech\u00e1\u00adva\u00adj\u00ed Eli\u00adsu Rie\u00adseo\u00advou v kli\u00addu. Str\u00e1\u00adv\u00ed m\u011bs\u00ed\u00adce ces\u00adto\u00adv\u00e1\u00adn\u00edm po Indii a hle\u00add\u00e1\u00adn\u00edm \u201cprav\u00addy\u201d. \u017dije s guruem, v\u011bnu\u00adje se duchov\u00adn\u00edm ritu\u00e1\u00adl\u016fm a \u0161ama\u00adnis\u00admu a cel\u00e9 hodi\u00adny medit\u00adu\u00adje. Jej\u00edm \u017eivot\u00adn\u00edm c\u00edlem se st\u00e1\u00adv\u00e1 osv\u00ed\u00adcen\u00ed. P\u011bt\u00adkr\u00e1t v\u0161ak skon\u00ad\u010d\u00ed na psych\u00adia\u00adtrii, jed\u00adnou uv\u011b\u0159\u00ed, \u017ee je Je\u017e\u00ed\u0161, a m\u00e1lem p\u0159ij\u00adde o \u017eivot. Jej\u00ed set\u00adk\u00e1\u00adn\u00ed s \u201cMis\u00adtrem\u201d Je\u017e\u00ed\u00ad\u0161em ji v\u0161ak za\u010d\u00adne m\u011bnit.      <\/p>\t\t\t\t\t\t\t\t<\/div>\n\t\t\t\t<\/div>\n\t\t\t\t<\/div>\n\t\t\t\t<\/div>\n\t\t<div class=\"elementor-element elementor-element-7a82d3a e-con-full e-flex e-con e-child\" data-id=\"7a82d3a\" data-element_type=\"container\" data-e-type=\"container\">\n\t\t\t\t<div class=\"elementor-element elementor-element-853ec86 elementor-align-center elementor-widget elementor-widget-button\" data-id=\"853ec86\" data-element_type=\"widget\" data-e-type=\"widget\" data-widget_type=\"button.default\">\n\t\t\t\t<div class=\"elementor-widget-container\">\n\t\t\t\t\t\t\t\t\t<div class=\"elementor-button-wrapper\">\n\t\t\t\t\t<a class=\"elementor-button elementor-button-link elementor-size-sm\" href=\"https:\/\/jeliebt.de\/cs\/poznejte-jezise\/\">\n\t\t\t\t\t\t<span class=\"elementor-button-content-wrapper\">\n\t\t\t\t\t\t<span class=\"elementor-button-icon\">\n\t\t\t\t<svg aria-hidden=\"true\" class=\"e-font-icon-svg e-fas-crown\" viewBox=\"0 0 640 512\"><path d=\"M528 448H112c-8.8 0-16 7.2-16 16v32c0 8.8 7.2 16 16 16h416c8.8 0 16-7.2 16-16v-32c0-8.8-7.2-16-16-16zm64-320c-26.5 0-48 21.5-48 48 0 7.1 1.6 13.7 4.4 19.8L476 239.2c-15.4 9.2-35.3 4-44.2-11.6L350.3 85C361 76.2 368 63 368 48c0-26.5-21.5-48-48-48s-48 21.5-48 48c0 15 7 28.2 17.7 37l-81.5 142.6c-8.9 15.6-28.9 20.8-44.2 11.6l-72.3-43.4c2.7-6 4.4-12.7 4.4-19.8 0-26.5-21.5-48-48-48S0 149.5 0 176s21.5 48 48 48c2.6 0 5.2-.4 7.7-.8L128 416h384l72.3-192.8c2.5.4 5.1.8 7.7.8 26.5 0 48-21.5 48-48s-21.5-48-48-48z\" \/><\/svg>\t\t\t<\/span>\n\t\t\t\t\t\t\t\t\t<span class=\"elementor-button-text\">poz\u00adnat Je\u017e\u00ed\u00ad\u0161e<\/span>\n\t\t\t\t\t<\/span>\n\t\t\t\t\t<\/a>\n\t\t\t\t<\/div>\n\t\t\t\t\t\t\t\t<\/div>\n\t\t\t\t<\/div>\n\t\t\t\t<div class=\"elementor-element elementor-element-b614b08 elementor-align-center elementor-widget elementor-widget-button\" data-id=\"b614b08\" data-element_type=\"widget\" data-e-type=\"widget\" data-widget_type=\"button.default\">\n\t\t\t\t<div class=\"elementor-widget-container\">\n\t\t\t\t\t\t\t\t\t<div class=\"elementor-button-wrapper\">\n\t\t\t\t\t<a class=\"elementor-button elementor-button-link elementor-size-sm\" href=\"#elementor-action%3Aaction%3Dpopup%3Aopen%26settings%3DeyJpZCI6NDY2NywidG9nZ2xlIjpmYWxzZX0%3D\">\n\t\t\t\t\t\t<span class=\"elementor-button-content-wrapper\">\n\t\t\t\t\t\t<span class=\"elementor-button-icon\">\n\t\t\t\t<svg aria-hidden=\"true\" class=\"e-font-icon-svg e-fas-users\" viewBox=\"0 0 640 512\"><path d=\"M96 224c35.3 0 64-28.7 64-64s-28.7-64-64-64-64 28.7-64 64 28.7 64 64 64zm448 0c35.3 0 64-28.7 64-64s-28.7-64-64-64-64 28.7-64 64 28.7 64 64 64zm32 32h-64c-17.6 0-33.5 7.1-45.1 18.6 40.3 22.1 68.9 62 75.1 109.4h66c17.7 0 32-14.3 32-32v-32c0-35.3-28.7-64-64-64zm-256 0c61.9 0 112-50.1 112-112S381.9 32 320 32 208 82.1 208 144s50.1 112 112 112zm76.8 32h-8.3c-20.8 10-43.9 16-68.5 16s-47.6-6-68.5-16h-8.3C179.6 288 128 339.6 128 403.2V432c0 26.5 21.5 48 48 48h288c26.5 0 48-21.5 48-48v-28.8c0-63.6-51.6-115.2-115.2-115.2zm-223.7-13.4C161.5 263.1 145.6 256 128 256H64c-35.3 0-64 28.7-64 64v32c0 17.7 14.3 32 32 32h65.9c6.3-47.4 34.9-87.3 75.2-109.4z\" \/><\/svg>\t\t\t<\/span>\n\t\t\t\t\t\t\t\t\t<span class=\"elementor-button-text\">Kon\u00adtak\u00adtuj\u00adte n\u00e1s<\/span>\n\t\t\t\t\t<\/span>\n\t\t\t\t\t<\/a>\n\t\t\t\t<\/div>\n\t\t\t\t\t\t\t\t<\/div>\n\t\t\t\t<\/div>\n\t\t\t\t<\/div>\n\t\t\t\t\t<\/div>\n\t\t\t\t<\/div>\n\t\t\t\t<\/div>\n\t\t","protected":false},"excerpt":{"rendered":"<p>Nale\u00adzen\u00fd vni\u00adt\u0159n\u00ed klid P\u0159\u00ed\u00adb\u011bh Eli\u00adsy P\u0159ed Eli\u00adsa se po absol\u00advo\u00adv\u00e1\u00adn\u00ed st\u0159ed\u00adn\u00ed \u0161koly vyd\u00ada\u00adla do Indie, kde tou\u017ei\u00adla naj\u00edt smysl \u017eivo\u00adta. Tam poz\u00adn\u00e1\u00adv\u00e1 duchov\u00adn\u00ed ces\u00adtu, kter\u00e1 j\u00ed slibu\u00adje osv\u00ed\u00adcen\u00ed. Deset let se sna\u017e\u00ed naj\u00edt trval\u00fd klid a zapl\u00adnit d\u00edru ve sv\u00e9m srdci pomoc\u00ed j\u00f3gy, medit\u00adace, ritu\u00e1\u00adl\u016f a ter\u00ada\u00adpie. Zno\u00advu a zno\u00advu v\u0161ak upa\u00add\u00e1 do t\u011b\u017ek\u00fdch psy\u00adchick\u00fdch [\u2026]<\/p>\n","protected":false},"author":1,"featured_media":0,"parent":0,"menu_order":0,"comment_status":"closed","ping_status":"closed","template":"","meta":{"_acf_changed":false,"wp_typography_post_enhancements_disabled":false,"footnotes":""},"class_list":["post-4658","page","type-page","status-publish","hentry"],"acf":[],"_links":{"self":[{"href":"https:\/\/jeliebt.de\/cs\/wp-json\/wp\/v2\/pages\/4658","targetHints":{"allow":["GET"]}}],"collection":[{"href":"https:\/\/jeliebt.de\/cs\/wp-json\/wp\/v2\/pages"}],"about":[{"href":"https:\/\/jeliebt.de\/cs\/wp-json\/wp\/v2\/types\/page"}],"author":[{"embeddable":true,"href":"https:\/\/jeliebt.de\/cs\/wp-json\/wp\/v2\/users\/1"}],"replies":[{"embeddable":true,"href":"https:\/\/jeliebt.de\/cs\/wp-json\/wp\/v2\/comments?post=4658"}],"version-history":[{"count":1,"href":"https:\/\/jeliebt.de\/cs\/wp-json\/wp\/v2\/pages\/4658\/revisions"}],"predecessor-version":[{"id":4659,"href":"https:\/\/jeliebt.de\/cs\/wp-json\/wp\/v2\/pages\/4658\/revisions\/4659"}],"wp:attachment":[{"href":"https:\/\/jeliebt.de\/cs\/wp-json\/wp\/v2\/media?parent=4658"}],"curies":[{"name":"wp","href":"https:\/\/api.w.org\/{rel}","templated":true}]}}