{"id":3649,"date":"2025-01-13T07:38:15","date_gmt":"2025-01-13T06:38:15","guid":{"rendered":"https:\/\/jeliebt.de\/poznejte-jezise\/"},"modified":"2025-11-26T11:39:56","modified_gmt":"2025-11-26T10:39:56","slug":"poznejte-jezise","status":"publish","type":"page","link":"https:\/\/jeliebt.de\/cs\/poznejte-jezise\/","title":{"rendered":"Poznejte Je\u017e\u00ed\u0161e"},"content":{"rendered":"\t\t<div data-elementor-type=\"wp-page\" data-elementor-id=\"3649\" class=\"elementor elementor-3649 elementor-1922\" data-elementor-post-type=\"page\">\n\t\t\t\t<div class=\"elementor-element elementor-element-5985425 e-flex e-con-boxed e-con e-parent\" data-id=\"5985425\" data-element_type=\"container\" data-e-type=\"container\" data-settings=\"{&quot;background_background&quot;:&quot;classic&quot;}\">\n\t\t\t\t\t<div class=\"e-con-inner\">\n\t\t\t\t\t<\/div>\n\t\t\t\t<\/div>\n\t\t<div class=\"elementor-element elementor-element-a7ad047 e-flex e-con-boxed e-con e-parent\" data-id=\"a7ad047\" data-element_type=\"container\" data-e-type=\"container\" data-settings=\"{&quot;background_background&quot;:&quot;classic&quot;}\">\n\t\t\t\t\t<div class=\"e-con-inner\">\n\t\t<div class=\"elementor-element elementor-element-db92f2c e-con-full e-flex e-con e-child\" data-id=\"db92f2c\" data-element_type=\"container\" data-e-type=\"container\">\n\t\t\t\t<div class=\"elementor-element elementor-element-fd9ae1d elementor-widget elementor-widget-heading\" data-id=\"fd9ae1d\" data-element_type=\"widget\" data-e-type=\"widget\" data-widget_type=\"heading.default\">\n\t\t\t\t<div class=\"elementor-widget-container\">\n\t\t\t\t\t<h1 class=\"elementor-heading-title elementor-size-default\">\nPromluvte si s n\u00edm\n<\/h1>\t\t\t\t<\/div>\n\t\t\t\t<\/div>\n\t\t\t\t<div class=\"elementor-element elementor-element-b8f3d8a elementor-widget elementor-widget-text-editor\" data-id=\"b8f3d8a\" data-element_type=\"widget\" data-e-type=\"widget\" data-widget_type=\"text-editor.default\">\n\t\t\t\t<div class=\"elementor-widget-container\">\n\t\t\t\t\t\t\t\t\t<p>Pokud chce\u00adte zjis\u00adtit, zda Je\u017e\u00ed\u0161 exis\u00adtu\u00adje, m\u016f\u017ee\u00adte se ho jed\u00adno\u00addu\u0161e zeptat:<\/p><p><strong>\u201cJe\u017e\u00ed\u00ad\u0161i, jes\u00adt\u00adli oprav\u00addu exis\u00adtu\u00adje\u0161, uka\u017e mi pro\u00ads\u00edm, \u017ee jsi a jak moc m\u011b miluje\u0161.\u201d  <\/strong><\/p><p>V Bib\u00adli B\u016fh n\u011bko\u00adli\u00adkr\u00e1t zas\u00adli\u00adbu\u00adje: \u201cBude\u00adte-li m\u011b hle\u00addat cel\u00fdm sv\u00fdm srdcem, naj\u00adde\u00adte m\u011b\u201d (Jer 29,13). My sami a mno\u00adho dal\u0161\u00edch lid\u00ed na cel\u00e9m sv\u011b\u00adt\u011b jsme to ji\u017e za\u017ei\u00adli. I vy si m\u016f\u017ee\u00adte toto zas\u00adl\u00ed\u00adben\u00ed vyz\u00adkou\u0161et a p\u0159es\u00adv\u011b\u00add\u010dit se, \u017ee Je\u017e\u00ed\u0161 sku\u00adte\u010dn\u011b \u017eije a chce se set\u00adkat i s v\u00e1mi.  <\/p>\t\t\t\t\t\t\t\t<\/div>\n\t\t\t\t<\/div>\n\t\t\t\t<\/div>\n\t\t<div class=\"elementor-element elementor-element-d084acb e-con-full e-flex e-con e-child\" data-id=\"d084acb\" data-element_type=\"container\" data-e-type=\"container\" data-settings=\"{&quot;background_background&quot;:&quot;classic&quot;}\">\n\t\t\t\t<\/div>\n\t\t\t\t\t<\/div>\n\t\t\t\t<\/div>\n\t\t<div class=\"elementor-element elementor-element-dfd28e3 e-flex e-con-boxed e-con e-parent\" data-id=\"dfd28e3\" data-element_type=\"container\" data-e-type=\"container\" data-settings=\"{&quot;background_background&quot;:&quot;classic&quot;}\">\n\t\t\t\t\t<div class=\"e-con-inner\">\n\t\t<div class=\"elementor-element elementor-element-c896b03 e-con-full e-flex e-con e-child\" data-id=\"c896b03\" data-element_type=\"container\" data-e-type=\"container\" data-settings=\"{&quot;background_background&quot;:&quot;classic&quot;}\">\n\t\t\t\t<\/div>\n\t\t<div class=\"elementor-element elementor-element-e23735b e-con-full e-flex e-con e-child\" data-id=\"e23735b\" data-element_type=\"container\" data-e-type=\"container\">\n\t\t\t\t<div class=\"elementor-element elementor-element-9bcd0be elementor-widget elementor-widget-heading\" data-id=\"9bcd0be\" data-element_type=\"widget\" data-e-type=\"widget\" data-widget_type=\"heading.default\">\n\t\t\t\t<div class=\"elementor-widget-container\">\n\t\t\t\t\t<h1 class=\"elementor-heading-title elementor-size-default\">Je\u017e\u00ed\u0161 t\u011b prom\u011b\u0148uje<\/h1>\t\t\t\t<\/div>\n\t\t\t\t<\/div>\n\t\t\t\t<div class=\"elementor-element elementor-element-965ba12 elementor-widget elementor-widget-text-editor\" data-id=\"965ba12\" data-element_type=\"widget\" data-e-type=\"widget\" data-widget_type=\"text-editor.default\">\n\t\t\t\t<div class=\"elementor-widget-container\">\n\t\t\t\t\t\t\t\t\t<p>Pokud jste ji v\u0161ak za\u017ei\u00adli, nejs\u00adte s n\u00ed je\u0161\u00adt\u011b auto\u00adma\u00adti\u00adcky spo\u00adje\u00adni. Je to jed\u00adno\u00addu\u0161e pro\u00adto, \u017ee \u010dek\u00e1, a\u017e ho v\u011bdom\u011b poz\u00adve\u00adte do sv\u00e9\u00adho \u017eivo\u00adta. Kdy\u017e ten\u00adto krok u\u010din\u00ed\u00adte, roz\u00adhod\u00adne\u00adte se, \u017ee Je\u017e\u00ed\u0161 m\u016f\u017ee od t\u00e9to chv\u00ed\u00adle vl\u00e1dn\u00adout ve va\u0161em \u017eivo\u00adt\u011b a v\u00e9st v\u00e1s \u017eivo\u00adtem.  <\/p><p>Ve sv\u00e9 l\u00e1s\u00adce v\u00e1m prav\u00add\u011b\u00adpo\u00add\u00adob\u00adn\u011b bude pos\u00adtup\u00adn\u011b uka\u00adzo\u00advat v\u011bci ve va\u0161em \u017eivo\u00adt\u011b, ve kter\u00fdch v\u00e1s chce zm\u011b\u00adnit. Zde si v\u0161ak nemu\u00ads\u00ed\u00adte d\u011blat sta\u00adros\u00adti, pro\u00adto\u017ee to nemu\u00ads\u00ed\u00adte d\u011blat vlast\u00adn\u00ed\u00admi sila\u00admi, Je\u017e\u00ed\u0161 ve v\u00e1s p\u016fs\u00ado\u00adb\u00ed a jako v\u00e1\u0161 Stvo\u0159i\u00adtel tak\u00e9 v\u00ed, co je pro v\u00e1s dob\u00adr\u00e9. <\/p><p>Je \u010dis\u00adt\u00fdm \u017eivo\u00adtem a naj\u00adde\u00adte u n\u011bj v\u0161e, co sku\u00adte\u010dn\u011b pot\u0159e\u00adbu\u00adjete ke \u0161t\u011bs\u00adt\u00ed a napln\u011b\u00adn\u00e9\u00admu \u017eivo\u00adtu.<\/p>\t\t\t\t\t\t\t\t<\/div>\n\t\t\t\t<\/div>\n\t\t\t\t<\/div>\n\t\t\t\t\t<\/div>\n\t\t\t\t<\/div>\n\t\t<div class=\"elementor-element elementor-element-c2d7e74 e-flex e-con-boxed e-con e-parent\" data-id=\"c2d7e74\" data-element_type=\"container\" data-e-type=\"container\" data-settings=\"{&quot;background_background&quot;:&quot;classic&quot;}\">\n\t\t\t\t\t<div class=\"e-con-inner\">\n\t\t<div class=\"elementor-element elementor-element-0e57596 e-con-full e-flex e-con e-child\" data-id=\"0e57596\" data-element_type=\"container\" data-e-type=\"container\">\n\t\t\t\t<div class=\"elementor-element elementor-element-0207468 elementor-widget elementor-widget-heading\" data-id=\"0207468\" data-element_type=\"widget\" data-e-type=\"widget\" data-widget_type=\"heading.default\">\n\t\t\t\t<div class=\"elementor-widget-container\">\n\t\t\t\t\t<h1 class=\"elementor-heading-title elementor-size-default\">Pozv\u011bte Je\u017e\u00ed\u0161e<\/h1>\t\t\t\t<\/div>\n\t\t\t\t<\/div>\n\t\t\t\t<div class=\"elementor-element elementor-element-3b35f4d elementor-widget elementor-widget-text-editor\" data-id=\"3b35f4d\" data-element_type=\"widget\" data-e-type=\"widget\" data-widget_type=\"text-editor.default\">\n\t\t\t\t<div class=\"elementor-widget-container\">\n\t\t\t\t\t\t\t\t\t<p>Je\u017e\u00ed\u00ad\u0161e m\u016f\u017ee\u00adte poz\u00advat t\u011bmi\u00adto nebo pod\u00adob\u00adn\u00fd\u00admi slo\u00advy:<\/p><p><strong>\u201cPane Je\u017e\u00ed\u00ad\u0161i, d\u011bku\u00adji ti, \u017ee jsi mi dovo\u00adlil p\u0159i\u00adj\u00edt k tob\u011b tako\u00adv\u00fd, jak\u00fd jsem. D\u011bku\u00adji Ti, \u017ee m\u011b m\u00e1\u0161 tak r\u00e1d a \u017ee jsi ji\u017e zapla\u00adtil trest za m\u00e9 \u0161pat\u00adn\u00e9 skut\u00adky na k\u0159\u00ed\u00ad\u017ei. Pro\u00ads\u00edm, odpus\u0165 mi mou vinu.\u201d  <\/strong><\/p><p>Nyn\u00ed mu m\u016f\u017ee\u00adte vyj\u00adme\u00adno\u00advat v\u011bci, kter\u00fd\u00admi jste se pro\u00advi\u00adni\u00adli p\u0159ed Bohem a lid\u00admi. Je to nut\u00adn\u00e9, pro\u00adto\u017ee s Bohem m\u016f\u017ee\u00adte b\u00fdt spo\u00adje\u00adni pou\u00adze teh\u00addy, pokud v\u00e1m Je\u017e\u00ed\u0161 odpu\u00adstil vinu. <\/p><p><strong>\u201cZvu v\u00e1s: Pro\u00ads\u00edm, vstup\u00adte do m\u00e9ho \u017eivo\u00adta. Od t\u00e9to chv\u00ed\u00adle bude m\u016fj \u017eivot pat\u0159it Tob\u011b a chci T\u011b n\u00e1s\u00adle\u00addo\u00advat ve v\u0161ech v\u011bcech sv\u00e9\u00adho \u017eivo\u00adta. Pro\u00ads\u00edm, napl\u0148 m\u011b sv\u00fdm Duchem sva\u00adt\u00fdm. Amen.\u201d   <\/strong><\/p>\t\t\t\t\t\t\t\t<\/div>\n\t\t\t\t<\/div>\n\t\t\t\t<\/div>\n\t\t<div class=\"elementor-element elementor-element-7f4790a e-con-full e-flex e-con e-child\" data-id=\"7f4790a\" data-element_type=\"container\" data-e-type=\"container\" data-settings=\"{&quot;background_background&quot;:&quot;classic&quot;}\">\n\t\t\t\t<\/div>\n\t\t\t\t\t<\/div>\n\t\t\t\t<\/div>\n\t\t<div class=\"elementor-element elementor-element-beeb142 e-flex e-con-boxed e-con e-parent\" data-id=\"beeb142\" data-element_type=\"container\" data-e-type=\"container\" data-settings=\"{&quot;background_background&quot;:&quot;classic&quot;}\">\n\t\t\t\t\t<div class=\"e-con-inner\">\n\t\t<div class=\"elementor-element elementor-element-a2e7c07 e-con-full e-flex e-con e-child\" data-id=\"a2e7c07\" data-element_type=\"container\" data-e-type=\"container\" data-settings=\"{&quot;background_background&quot;:&quot;classic&quot;}\">\n\t\t\t\t<\/div>\n\t\t<div class=\"elementor-element elementor-element-0da362c e-con-full e-flex e-con e-child\" data-id=\"0da362c\" data-element_type=\"container\" data-e-type=\"container\">\n\t\t\t\t<div class=\"elementor-element elementor-element-5d8983f elementor-widget elementor-widget-heading\" data-id=\"5d8983f\" data-element_type=\"widget\" data-e-type=\"widget\" data-widget_type=\"heading.default\">\n\t\t\t\t<div class=\"elementor-widget-container\">\n\t\t\t\t\t<h1 class=\"elementor-heading-title elementor-size-default\">Podnikn\u011bte dal\u0161\u00ed kroky<\/h1>\t\t\t\t<\/div>\n\t\t\t\t<\/div>\n\t\t\t\t<div class=\"elementor-element elementor-element-a9fadd0 elementor-widget elementor-widget-text-editor\" data-id=\"a9fadd0\" data-element_type=\"widget\" data-e-type=\"widget\" data-widget_type=\"text-editor.default\">\n\t\t\t\t<div class=\"elementor-widget-container\">\n\t\t\t\t\t\t\t\t\t<p>Aby va\u0161e v\u00edra rost\u00adla na dob\u00adr\u00e9m z\u00e1kla\u00add\u011b, je d\u016fle\u017ei\u00adt\u00e9, abys\u00adte l\u00e9pe poz\u00adna\u00adli Boha \u010det\u00adbou Bible (r\u00e1di v\u00e1m zdar\u00adma za\u0161\u00adle\u00adme Bib\u00adli) a aby v\u00e1s ve v\u00ed\u0159e dopro\u00adv\u00e1\u00adze\u00adli m\u00edst\u00adn\u00ed k\u0159es\u0165a\u00adn\u00e9. Zde m\u016f\u017ee\u00adte naj\u00edt \u017divou c\u00edr\u00adkev ve sv\u00e9m okol\u00ed: <\/p>\t\t\t\t\t\t\t\t<\/div>\n\t\t\t\t<\/div>\n\t\t\t\t<div class=\"elementor-element elementor-element-70ef0f3 elementor-align-left elementor-widget elementor-widget-button\" data-id=\"70ef0f3\" data-element_type=\"widget\" data-e-type=\"widget\" data-settings=\"{&quot;motion_fx_motion_fx_scrolling&quot;:&quot;yes&quot;,&quot;motion_fx_devices&quot;:[&quot;desktop&quot;,&quot;tablet&quot;,&quot;mobile&quot;]}\" data-widget_type=\"button.default\">\n\t\t\t\t<div class=\"elementor-widget-container\">\n\t\t\t\t\t\t\t\t\t<div class=\"elementor-button-wrapper\">\n\t\t\t\t\t<a class=\"elementor-button elementor-button-link elementor-size-sm\" href=\"#elementor-action%3Aaction%3Dpopup%3Aopen%26settings%3DeyJpZCI6NDY2NywidG9nZ2xlIjp0cnVlfQ%3D%3D\">\n\t\t\t\t\t\t<span class=\"elementor-button-content-wrapper\">\n\t\t\t\t\t\t<span class=\"elementor-button-icon\">\n\t\t\t\t<svg aria-hidden=\"true\" class=\"e-font-icon-svg e-fas-users\" viewBox=\"0 0 640 512\"><path d=\"M96 224c35.3 0 64-28.7 64-64s-28.7-64-64-64-64 28.7-64 64 28.7 64 64 64zm448 0c35.3 0 64-28.7 64-64s-28.7-64-64-64-64 28.7-64 64 28.7 64 64 64zm32 32h-64c-17.6 0-33.5 7.1-45.1 18.6 40.3 22.1 68.9 62 75.1 109.4h66c17.7 0 32-14.3 32-32v-32c0-35.3-28.7-64-64-64zm-256 0c61.9 0 112-50.1 112-112S381.9 32 320 32 208 82.1 208 144s50.1 112 112 112zm76.8 32h-8.3c-20.8 10-43.9 16-68.5 16s-47.6-6-68.5-16h-8.3C179.6 288 128 339.6 128 403.2V432c0 26.5 21.5 48 48 48h288c26.5 0 48-21.5 48-48v-28.8c0-63.6-51.6-115.2-115.2-115.2zm-223.7-13.4C161.5 263.1 145.6 256 128 256H64c-35.3 0-64 28.7-64 64v32c0 17.7 14.3 32 32 32h65.9c6.3-47.4 34.9-87.3 75.2-109.4z\" \/><\/svg>\t\t\t<\/span>\n\t\t\t\t\t\t\t\t\t<span class=\"elementor-button-text\">Kon\u00adtak\u00adtuj\u00adte n\u00e1s<\/span>\n\t\t\t\t\t<\/span>\n\t\t\t\t\t<\/a>\n\t\t\t\t<\/div>\n\t\t\t\t\t\t\t\t<\/div>\n\t\t\t\t<\/div>\n\t\t\t\t<\/div>\n\t\t\t\t\t<\/div>\n\t\t\t\t<\/div>\n\t\t<div class=\"elementor-element elementor-element-9f71084 e-flex e-con-boxed e-con e-parent\" data-id=\"9f71084\" data-element_type=\"container\" data-e-type=\"container\">\n\t\t\t\t\t<div class=\"e-con-inner\">\n\t\t\t\t\t<\/div>\n\t\t\t\t<\/div>\n\t\t\t\t<\/div>\n\t\t","protected":false},"excerpt":{"rendered":"<p>Prom\u00adluv\u00adte si s n\u00edm Pokud chce\u00adte zjis\u00adtit, zda Je\u017e\u00ed\u0161 exis\u00adtu\u00adje, m\u016f\u017ee\u00adte se ho jed\u00adno\u00addu\u0161e zeptat: \u201cJe\u017e\u00ed\u00ad\u0161i, jes\u00adt\u00adli oprav\u00addu exis\u00adtu\u00adje\u0161, uka\u017e mi pro\u00ads\u00edm, \u017ee jsi a jak moc m\u011b miluje\u0161.\u201d V Bib\u00adli B\u016fh n\u011bko\u00adli\u00adkr\u00e1t zas\u00adli\u00adbu\u00adje: \u201cBude\u00ad\u00adte-li m\u011b hle\u00addat cel\u00fdm sv\u00fdm srdcem, naj\u00adde\u00adte m\u011b\u201d (Jer 29,13). My sami a mno\u00adho dal\u0161\u00edch lid\u00ed na cel\u00e9m sv\u011b\u00adt\u011b jsme to [\u2026]<\/p>\n","protected":false},"author":1,"featured_media":0,"parent":0,"menu_order":0,"comment_status":"closed","ping_status":"closed","template":"","meta":{"_acf_changed":false,"wp_typography_post_enhancements_disabled":false,"footnotes":""},"class_list":["post-3649","page","type-page","status-publish","hentry"],"acf":[],"_links":{"self":[{"href":"https:\/\/jeliebt.de\/cs\/wp-json\/wp\/v2\/pages\/3649","targetHints":{"allow":["GET"]}}],"collection":[{"href":"https:\/\/jeliebt.de\/cs\/wp-json\/wp\/v2\/pages"}],"about":[{"href":"https:\/\/jeliebt.de\/cs\/wp-json\/wp\/v2\/types\/page"}],"author":[{"embeddable":true,"href":"https:\/\/jeliebt.de\/cs\/wp-json\/wp\/v2\/users\/1"}],"replies":[{"embeddable":true,"href":"https:\/\/jeliebt.de\/cs\/wp-json\/wp\/v2\/comments?post=3649"}],"version-history":[{"count":1,"href":"https:\/\/jeliebt.de\/cs\/wp-json\/wp\/v2\/pages\/3649\/revisions"}],"predecessor-version":[{"id":3659,"href":"https:\/\/jeliebt.de\/cs\/wp-json\/wp\/v2\/pages\/3649\/revisions\/3659"}],"wp:attachment":[{"href":"https:\/\/jeliebt.de\/cs\/wp-json\/wp\/v2\/media?parent=3649"}],"curies":[{"name":"wp","href":"https:\/\/api.w.org\/{rel}","templated":true}]}}